{"id":9900,"date":"2022-11-18T16:27:06","date_gmt":"2022-11-18T16:27:06","guid":{"rendered":"https:\/\/hannacosmetica.com\/?post_type=product&#038;p=9900"},"modified":"2023-08-22T16:19:34","modified_gmt":"2023-08-22T16:19:34","slug":"secador-de-pelo-furious-eurostil","status":"publish","type":"product","link":"https:\/\/hannacosmetica.com\/fr\/tienda\/peluqueria\/complementos-peluqueria\/secador-de-pelo-furious-eurostil\/","title":{"rendered":"Secador de Pelo Furious Eurostil"},"content":{"rendered":"<p>Secador de\u00a0 Pelo<\/p>\n<p><b>Eurostil Furious<\/b><\/p>\n<p><b>Potencia 2200w<\/b><\/p>\n<p><b>Motor compacto de larga duraci\u00f3n AC<\/b><\/p>\n<p><b>Caudal de aire 74m3\/hora<\/b><\/p>\n<p><b>2 velocidades<\/b><\/p>\n<p><b>3 temperaturas<\/b><\/p>\n<p><b>2 boquillas :1 ancha 1 estrecha<\/b><\/p>\n<p><b>Filtro extraible<\/b><\/p>\n<p><b>Termoestato de seguridad<\/b><\/p>\n<p><b>Cable con anilla para colgar<\/b><\/p>\n<p><b>Voltaje 220-240V<\/b><\/p>\n<p><b>Frecuencia 60hz<\/b><\/p>\n<p><b>Embellecedor plateado<\/b><\/p>\n<p><b>Compratible con difusor 04346<\/b><\/p>","protected":false},"excerpt":{"rendered":"<p>Secador de\u00a0 Pelo Eurostil Furious Potencia 2200w Motor compacto de larga duraci\u00f3n AC Caudal de aire 74m3\/hora 2 velocidades 3 temperaturas 2&hellip;<\/p>","protected":false},"featured_media":9897,"comment_status":"open","ping_status":"closed","template":"","meta":[],"product_cat":[152,83],"product_tag":[],"yoast_head":"<!-- This site is optimized with the Yoast SEO plugin v19.9 - https:\/\/yoast.com\/wordpress\/plugins\/seo\/ -->\n<title>Secador de Pelo Furious Eurostil - Hanna Cosm\u00e9tica<\/title>\n<meta name=\"robots\" content=\"index, follow, max-snippet:-1, max-image-preview:large, max-video-preview:-1\" \/>\n<link rel=\"canonical\" href=\"https:\/\/hannacosmetica.com\/fr\/tienda\/peluqueria\/complementos-peluqueria\/secador-de-pelo-furious-eurostil\/\" \/>\n<meta property=\"og:locale\" content=\"fr_FR\" \/>\n<meta property=\"og:type\" content=\"article\" \/>\n<meta property=\"og:title\" content=\"Secador de Pelo Furious Eurostil - Hanna Cosm\u00e9tica\" \/>\n<meta property=\"og:description\" content=\"Secador de\u00a0 Pelo Eurostil Furious Potencia 2200w Motor compacto de larga duraci\u00f3n AC Caudal de aire 74m3\/hora 2 velocidades 3 temperaturas 2&hellip;\" \/>\n<meta property=\"og:url\" content=\"https:\/\/hannacosmetica.com\/fr\/tienda\/peluqueria\/complementos-peluqueria\/secador-de-pelo-furious-eurostil\/\" \/>\n<meta property=\"og:site_name\" content=\"Hanna Cosm\u00e9tica\" \/>\n<meta property=\"article:modified_time\" content=\"2023-08-22T16:19:34+00:00\" \/>\n<meta property=\"og:image\" content=\"https:\/\/hannacosmetica.com\/wp-content\/uploads\/2022\/11\/o\u00a1rta-tips-2022-11-18T171923.506-760x760.png\" \/>\n\t<meta property=\"og:image:width\" content=\"760\" \/>\n\t<meta property=\"og:image:height\" content=\"760\" \/>\n\t<meta property=\"og:image:type\" content=\"image\/png\" \/>\n<meta name=\"twitter:card\" content=\"summary_large_image\" \/>\n<script type=\"application\/ld+json\" class=\"yoast-schema-graph\">{\"@context\":\"https:\/\/schema.org\",\"@graph\":[{\"@type\":\"WebPage\",\"@id\":\"https:\/\/hannacosmetica.com\/tienda\/peluqueria\/complementos-peluqueria\/secador-de-pelo-furious-eurostil\/\",\"url\":\"https:\/\/hannacosmetica.com\/tienda\/peluqueria\/complementos-peluqueria\/secador-de-pelo-furious-eurostil\/\",\"name\":\"Secador de Pelo Furious Eurostil - Hanna Cosm\u00e9tica\",\"isPartOf\":{\"@id\":\"https:\/\/hannacosmetica.com\/#website\"},\"datePublished\":\"2022-11-18T16:27:06+00:00\",\"dateModified\":\"2023-08-22T16:19:34+00:00\",\"breadcrumb\":{\"@id\":\"https:\/\/hannacosmetica.com\/tienda\/peluqueria\/complementos-peluqueria\/secador-de-pelo-furious-eurostil\/#breadcrumb\"},\"inLanguage\":\"fr-FR\",\"potentialAction\":[{\"@type\":\"ReadAction\",\"target\":[\"https:\/\/hannacosmetica.com\/tienda\/peluqueria\/complementos-peluqueria\/secador-de-pelo-furious-eurostil\/\"]}]},{\"@type\":\"BreadcrumbList\",\"@id\":\"https:\/\/hannacosmetica.com\/tienda\/peluqueria\/complementos-peluqueria\/secador-de-pelo-furious-eurostil\/#breadcrumb\",\"itemListElement\":[{\"@type\":\"ListItem\",\"position\":1,\"name\":\"Portada\",\"item\":\"https:\/\/hannacosmetica.com\/\"},{\"@type\":\"ListItem\",\"position\":2,\"name\":\"Tienda\",\"item\":\"https:\/\/hannacosmetica.com\/shop\/\"},{\"@type\":\"ListItem\",\"position\":3,\"name\":\"Secador de Pelo Furious Eurostil\"}]},{\"@type\":\"WebSite\",\"@id\":\"https:\/\/hannacosmetica.com\/#website\",\"url\":\"https:\/\/hannacosmetica.com\/\",\"name\":\"Hanna Cosm\u00e9tica\",\"description\":\"Tienda de productos u\u00f1as, bellezas y peluquer\u00edas\",\"publisher\":{\"@id\":\"https:\/\/hannacosmetica.com\/#organization\"},\"potentialAction\":[{\"@type\":\"SearchAction\",\"target\":{\"@type\":\"EntryPoint\",\"urlTemplate\":\"https:\/\/hannacosmetica.com\/?s={search_term_string}\"},\"query-input\":\"required name=search_term_string\"}],\"inLanguage\":\"fr-FR\"},{\"@type\":\"Organization\",\"@id\":\"https:\/\/hannacosmetica.com\/#organization\",\"name\":\"Hanna Cosm\u00e9tica\",\"url\":\"https:\/\/hannacosmetica.com\/\",\"logo\":{\"@type\":\"ImageObject\",\"inLanguage\":\"fr-FR\",\"@id\":\"https:\/\/hannacosmetica.com\/#\/schema\/logo\/image\/\",\"url\":\"https:\/\/hannacosmetica.com\/wp-content\/uploads\/2022\/07\/Logo-Joyeria-Femenino-Floral-Negro.png\",\"contentUrl\":\"https:\/\/hannacosmetica.com\/wp-content\/uploads\/2022\/07\/Logo-Joyeria-Femenino-Floral-Negro.png\",\"width\":361,\"height\":126,\"caption\":\"Hanna Cosm\u00e9tica\"},\"image\":{\"@id\":\"https:\/\/hannacosmetica.com\/#\/schema\/logo\/image\/\"}}]}<\/script>\n<!-- \/ Yoast SEO plugin. -->","yoast_head_json":{"title":"Secador de Pelo Furious Eurostil - Hanna Cosm\u00e9tica","robots":{"index":"index","follow":"follow","max-snippet":"max-snippet:-1","max-image-preview":"max-image-preview:large","max-video-preview":"max-video-preview:-1"},"canonical":"https:\/\/hannacosmetica.com\/fr\/tienda\/peluqueria\/complementos-peluqueria\/secador-de-pelo-furious-eurostil\/","og_locale":"fr_FR","og_type":"article","og_title":"Secador de Pelo Furious Eurostil - Hanna Cosm\u00e9tica","og_description":"Secador de\u00a0 Pelo Eurostil Furious Potencia 2200w Motor compacto de larga duraci\u00f3n AC Caudal de aire 74m3\/hora 2 velocidades 3 temperaturas 2&hellip;","og_url":"https:\/\/hannacosmetica.com\/fr\/tienda\/peluqueria\/complementos-peluqueria\/secador-de-pelo-furious-eurostil\/","og_site_name":"Hanna Cosm\u00e9tica","article_modified_time":"2023-08-22T16:19:34+00:00","og_image":[{"width":760,"height":760,"url":"https:\/\/hannacosmetica.com\/wp-content\/uploads\/2022\/11\/o\u00a1rta-tips-2022-11-18T171923.506-760x760.png","type":"image\/png"}],"twitter_card":"summary_large_image","schema":{"@context":"https:\/\/schema.org","@graph":[{"@type":"WebPage","@id":"https:\/\/hannacosmetica.com\/tienda\/peluqueria\/complementos-peluqueria\/secador-de-pelo-furious-eurostil\/","url":"https:\/\/hannacosmetica.com\/tienda\/peluqueria\/complementos-peluqueria\/secador-de-pelo-furious-eurostil\/","name":"Secador de Pelo Furious Eurostil - Hanna Cosm\u00e9tica","isPartOf":{"@id":"https:\/\/hannacosmetica.com\/#website"},"datePublished":"2022-11-18T16:27:06+00:00","dateModified":"2023-08-22T16:19:34+00:00","breadcrumb":{"@id":"https:\/\/hannacosmetica.com\/tienda\/peluqueria\/complementos-peluqueria\/secador-de-pelo-furious-eurostil\/#breadcrumb"},"inLanguage":"fr-FR","potentialAction":[{"@type":"ReadAction","target":["https:\/\/hannacosmetica.com\/tienda\/peluqueria\/complementos-peluqueria\/secador-de-pelo-furious-eurostil\/"]}]},{"@type":"BreadcrumbList","@id":"https:\/\/hannacosmetica.com\/tienda\/peluqueria\/complementos-peluqueria\/secador-de-pelo-furious-eurostil\/#breadcrumb","itemListElement":[{"@type":"ListItem","position":1,"name":"Portada","item":"https:\/\/hannacosmetica.com\/"},{"@type":"ListItem","position":2,"name":"Tienda","item":"https:\/\/hannacosmetica.com\/shop\/"},{"@type":"ListItem","position":3,"name":"Secador de Pelo Furious Eurostil"}]},{"@type":"WebSite","@id":"https:\/\/hannacosmetica.com\/#website","url":"https:\/\/hannacosmetica.com\/","name":"Hanna Cosm\u00e9tica","description":"Tienda de productos u\u00f1as, bellezas y peluquer\u00edas","publisher":{"@id":"https:\/\/hannacosmetica.com\/#organization"},"potentialAction":[{"@type":"SearchAction","target":{"@type":"EntryPoint","urlTemplate":"https:\/\/hannacosmetica.com\/?s={search_term_string}"},"query-input":"required name=search_term_string"}],"inLanguage":"fr-FR"},{"@type":"Organization","@id":"https:\/\/hannacosmetica.com\/#organization","name":"Hanna Cosm\u00e9tica","url":"https:\/\/hannacosmetica.com\/","logo":{"@type":"ImageObject","inLanguage":"fr-FR","@id":"https:\/\/hannacosmetica.com\/#\/schema\/logo\/image\/","url":"https:\/\/hannacosmetica.com\/wp-content\/uploads\/2022\/07\/Logo-Joyeria-Femenino-Floral-Negro.png","contentUrl":"https:\/\/hannacosmetica.com\/wp-content\/uploads\/2022\/07\/Logo-Joyeria-Femenino-Floral-Negro.png","width":361,"height":126,"caption":"Hanna Cosm\u00e9tica"},"image":{"@id":"https:\/\/hannacosmetica.com\/#\/schema\/logo\/image\/"}}]}},"_links":{"self":[{"href":"https:\/\/hannacosmetica.com\/fr\/wp-json\/wp\/v2\/product\/9900"}],"collection":[{"href":"https:\/\/hannacosmetica.com\/fr\/wp-json\/wp\/v2\/product"}],"about":[{"href":"https:\/\/hannacosmetica.com\/fr\/wp-json\/wp\/v2\/types\/product"}],"replies":[{"embeddable":true,"href":"https:\/\/hannacosmetica.com\/fr\/wp-json\/wp\/v2\/comments?post=9900"}],"version-history":[{"count":1,"href":"https:\/\/hannacosmetica.com\/fr\/wp-json\/wp\/v2\/product\/9900\/revisions"}],"predecessor-version":[{"id":9901,"href":"https:\/\/hannacosmetica.com\/fr\/wp-json\/wp\/v2\/product\/9900\/revisions\/9901"}],"wp:featuredmedia":[{"embeddable":true,"href":"https:\/\/hannacosmetica.com\/fr\/wp-json\/wp\/v2\/media\/9897"}],"wp:attachment":[{"href":"https:\/\/hannacosmetica.com\/fr\/wp-json\/wp\/v2\/media?parent=9900"}],"wp:term":[{"taxonomy":"product_cat","embeddable":true,"href":"https:\/\/hannacosmetica.com\/fr\/wp-json\/wp\/v2\/product_cat?post=9900"},{"taxonomy":"product_tag","embeddable":true,"href":"https:\/\/hannacosmetica.com\/fr\/wp-json\/wp\/v2\/product_tag?post=9900"}],"curies":[{"name":"wp","href":"https:\/\/api.w.org\/{rel}","templated":true}]}}