{"id":9856,"date":"2022-11-18T13:52:36","date_gmt":"2022-11-18T13:52:36","guid":{"rendered":"https:\/\/hannacosmetica.com\/?post_type=product&#038;p=9856"},"modified":"2023-08-22T16:22:41","modified_gmt":"2023-08-22T16:22:41","slug":"cortadora-de-pelo-inalambricas-maquina-de-corte-de-pelo","status":"publish","type":"product","link":"https:\/\/hannacosmetica.com\/fr\/tienda\/peluqueria\/barberia-caballero\/cortadora-de-pelo-inalambricas-maquina-de-corte-de-pelo\/","title":{"rendered":"Cortadora de Pelo Inal\u00e1mbricas \/ Maquina de Corte de Pelo"},"content":{"rendered":"<p><span class=\"attr-name J-attr-name\" title=\"Fuente de energ\u00eda\">Fuente de energ\u00eda:<\/span><\/p>\n<ul>\n<li class=\"text-ellipsis\" title=\"Usb, Bater\u00eda, Electricidad\">Usb, Bater\u00eda, Electricidad<\/li>\n<\/ul>\n<p>M\u00e1ximo de tiempo de ejecuci\u00f3n:<\/p>\n<ul>\n<li><span style=\"font-family: inherit; font-size: inherit; font-style: inherit; font-variant-ligatures: inherit; font-variant-caps: inherit; font-weight: inherit; white-space: nowrap;\">&gt; 90min<\/span><\/li>\n<\/ul>\n<p><span class=\"attr-name J-attr-name\" title=\"Fuente de alimentaci\u00f3n\">Fuente de alimentaci\u00f3n:<\/span><\/p>\n<ul>\n<li>El\u00e9ctrico<\/li>\n<\/ul>\n<div class=\"text-ellipsis\" title=\"Guangdong, China\" data-spm-anchor-id=\"a2700.wholesale.0.i5.38921d07r63Rre\">Marca:<\/div>\n<ul>\n<li class=\"text-ellipsis\" title=\"Cera Magic\">Cera Magic<\/li>\n<\/ul>\n<p><span class=\"attr-name J-attr-name\" title=\"N\u00famero de Modelo\">N\u00famero de Modelo:<\/span><\/p>\n<ul>\n<li>A67<\/li>\n<\/ul>\n<div class=\"text-ellipsis\" title=\"The hair trimmer\">Color:<\/div>\n<ul>\n<li class=\"text-ellipsis\" title=\"Golden\">Golden<\/li>\n<\/ul>\n<p><span class=\"attr-name J-attr-name\" title=\"Material\">Material:<\/span><\/p>\n<ul>\n<li class=\"text-ellipsis\" title=\"Titanium Alloy\">Titanium Alloy<\/li>\n<\/ul>\n<dl class=\"do-entry-item\"><\/dl>\n<div class=\"text-ellipsis\" title=\"CE\">Blade:<\/div>\n<ul>\n<li class=\"text-ellipsis\" title=\"440C Steel Blade\">440C Steel Blade<\/li>\n<\/ul>\n<dl class=\"do-entry-item\"><\/dl>\n<p><span class=\"attr-name J-attr-name\" title=\"Battery\">Battery:<\/span><\/p>\n<ul>\n<li class=\"text-ellipsis\" title=\"2000mAh Lithium Battery\">2000mAh Lithium Battery<\/li>\n<\/ul>\n<div class=\"text-ellipsis\" title=\"Customize\">Using time:<\/div>\n<ul>\n<li class=\"text-ellipsis\" title=\"6 hours\">6 hours<\/li>\n<\/ul>","protected":false},"excerpt":{"rendered":"<p>Fuente de energ\u00eda: Usb, Bater\u00eda, Electricidad M\u00e1ximo de tiempo de ejecuci\u00f3n: &gt; 90min Fuente de alimentaci\u00f3n: El\u00e9ctrico Marca: Cera Magic N\u00famero de&hellip;<\/p>","protected":false},"featured_media":9840,"comment_status":"open","ping_status":"closed","template":"","meta":[],"product_cat":[153,112],"product_tag":[],"yoast_head":"<!-- This site is optimized with the Yoast SEO plugin v19.9 - https:\/\/yoast.com\/wordpress\/plugins\/seo\/ -->\n<title>Cortadora de Pelo Inal\u00e1mbricas \/ Maquina de Corte de Pelo - Hanna Cosm\u00e9tica<\/title>\n<meta name=\"robots\" content=\"index, follow, max-snippet:-1, max-image-preview:large, max-video-preview:-1\" \/>\n<link rel=\"canonical\" href=\"https:\/\/hannacosmetica.com\/fr\/tienda\/peluqueria\/barberia-caballero\/cortadora-de-pelo-inalambricas-maquina-de-corte-de-pelo\/\" \/>\n<meta property=\"og:locale\" content=\"fr_FR\" \/>\n<meta property=\"og:type\" content=\"article\" \/>\n<meta property=\"og:title\" content=\"Cortadora de Pelo Inal\u00e1mbricas \/ Maquina de Corte de Pelo - Hanna Cosm\u00e9tica\" \/>\n<meta property=\"og:description\" content=\"Fuente de energ\u00eda: Usb, Bater\u00eda, Electricidad M\u00e1ximo de tiempo de ejecuci\u00f3n: &gt; 90min Fuente de alimentaci\u00f3n: El\u00e9ctrico Marca: Cera Magic N\u00famero de&hellip;\" \/>\n<meta property=\"og:url\" content=\"https:\/\/hannacosmetica.com\/fr\/tienda\/peluqueria\/barberia-caballero\/cortadora-de-pelo-inalambricas-maquina-de-corte-de-pelo\/\" \/>\n<meta property=\"og:site_name\" content=\"Hanna Cosm\u00e9tica\" \/>\n<meta property=\"article:modified_time\" content=\"2023-08-22T16:22:41+00:00\" \/>\n<meta property=\"og:image\" content=\"https:\/\/hannacosmetica.com\/wp-content\/uploads\/2022\/11\/o\u00a1rta-tips-2022-11-18T114237.643.png\" \/>\n\t<meta property=\"og:image:width\" content=\"1600\" \/>\n\t<meta property=\"og:image:height\" content=\"1600\" \/>\n\t<meta property=\"og:image:type\" content=\"image\/png\" \/>\n<meta name=\"twitter:card\" content=\"summary_large_image\" \/>\n<script type=\"application\/ld+json\" class=\"yoast-schema-graph\">{\"@context\":\"https:\/\/schema.org\",\"@graph\":[{\"@type\":\"WebPage\",\"@id\":\"https:\/\/hannacosmetica.com\/tienda\/peluqueria\/barberia-caballero\/cortadora-de-pelo-inalambricas-maquina-de-corte-de-pelo\/\",\"url\":\"https:\/\/hannacosmetica.com\/tienda\/peluqueria\/barberia-caballero\/cortadora-de-pelo-inalambricas-maquina-de-corte-de-pelo\/\",\"name\":\"Cortadora de Pelo Inal\u00e1mbricas \/ Maquina de Corte de Pelo - Hanna Cosm\u00e9tica\",\"isPartOf\":{\"@id\":\"https:\/\/hannacosmetica.com\/#website\"},\"datePublished\":\"2022-11-18T13:52:36+00:00\",\"dateModified\":\"2023-08-22T16:22:41+00:00\",\"breadcrumb\":{\"@id\":\"https:\/\/hannacosmetica.com\/tienda\/peluqueria\/barberia-caballero\/cortadora-de-pelo-inalambricas-maquina-de-corte-de-pelo\/#breadcrumb\"},\"inLanguage\":\"fr-FR\",\"potentialAction\":[{\"@type\":\"ReadAction\",\"target\":[\"https:\/\/hannacosmetica.com\/tienda\/peluqueria\/barberia-caballero\/cortadora-de-pelo-inalambricas-maquina-de-corte-de-pelo\/\"]}]},{\"@type\":\"BreadcrumbList\",\"@id\":\"https:\/\/hannacosmetica.com\/tienda\/peluqueria\/barberia-caballero\/cortadora-de-pelo-inalambricas-maquina-de-corte-de-pelo\/#breadcrumb\",\"itemListElement\":[{\"@type\":\"ListItem\",\"position\":1,\"name\":\"Portada\",\"item\":\"https:\/\/hannacosmetica.com\/\"},{\"@type\":\"ListItem\",\"position\":2,\"name\":\"Tienda\",\"item\":\"https:\/\/hannacosmetica.com\/shop\/\"},{\"@type\":\"ListItem\",\"position\":3,\"name\":\"Cortadora de Pelo Inal\u00e1mbricas \/ Maquina de Corte de Pelo\"}]},{\"@type\":\"WebSite\",\"@id\":\"https:\/\/hannacosmetica.com\/#website\",\"url\":\"https:\/\/hannacosmetica.com\/\",\"name\":\"Hanna Cosm\u00e9tica\",\"description\":\"Tienda de productos u\u00f1as, bellezas y peluquer\u00edas\",\"publisher\":{\"@id\":\"https:\/\/hannacosmetica.com\/#organization\"},\"potentialAction\":[{\"@type\":\"SearchAction\",\"target\":{\"@type\":\"EntryPoint\",\"urlTemplate\":\"https:\/\/hannacosmetica.com\/?s={search_term_string}\"},\"query-input\":\"required name=search_term_string\"}],\"inLanguage\":\"fr-FR\"},{\"@type\":\"Organization\",\"@id\":\"https:\/\/hannacosmetica.com\/#organization\",\"name\":\"Hanna Cosm\u00e9tica\",\"url\":\"https:\/\/hannacosmetica.com\/\",\"logo\":{\"@type\":\"ImageObject\",\"inLanguage\":\"fr-FR\",\"@id\":\"https:\/\/hannacosmetica.com\/#\/schema\/logo\/image\/\",\"url\":\"https:\/\/hannacosmetica.com\/wp-content\/uploads\/2022\/07\/Logo-Joyeria-Femenino-Floral-Negro.png\",\"contentUrl\":\"https:\/\/hannacosmetica.com\/wp-content\/uploads\/2022\/07\/Logo-Joyeria-Femenino-Floral-Negro.png\",\"width\":361,\"height\":126,\"caption\":\"Hanna Cosm\u00e9tica\"},\"image\":{\"@id\":\"https:\/\/hannacosmetica.com\/#\/schema\/logo\/image\/\"}}]}<\/script>\n<!-- \/ Yoast SEO plugin. -->","yoast_head_json":{"title":"Cortadora de Pelo Inal\u00e1mbricas \/ Maquina de Corte de Pelo - Hanna Cosm\u00e9tica","robots":{"index":"index","follow":"follow","max-snippet":"max-snippet:-1","max-image-preview":"max-image-preview:large","max-video-preview":"max-video-preview:-1"},"canonical":"https:\/\/hannacosmetica.com\/fr\/tienda\/peluqueria\/barberia-caballero\/cortadora-de-pelo-inalambricas-maquina-de-corte-de-pelo\/","og_locale":"fr_FR","og_type":"article","og_title":"Cortadora de Pelo Inal\u00e1mbricas \/ Maquina de Corte de Pelo - Hanna Cosm\u00e9tica","og_description":"Fuente de energ\u00eda: Usb, Bater\u00eda, Electricidad M\u00e1ximo de tiempo de ejecuci\u00f3n: &gt; 90min Fuente de alimentaci\u00f3n: El\u00e9ctrico Marca: Cera Magic N\u00famero de&hellip;","og_url":"https:\/\/hannacosmetica.com\/fr\/tienda\/peluqueria\/barberia-caballero\/cortadora-de-pelo-inalambricas-maquina-de-corte-de-pelo\/","og_site_name":"Hanna Cosm\u00e9tica","article_modified_time":"2023-08-22T16:22:41+00:00","og_image":[{"width":1600,"height":1600,"url":"https:\/\/hannacosmetica.com\/wp-content\/uploads\/2022\/11\/o\u00a1rta-tips-2022-11-18T114237.643.png","type":"image\/png"}],"twitter_card":"summary_large_image","schema":{"@context":"https:\/\/schema.org","@graph":[{"@type":"WebPage","@id":"https:\/\/hannacosmetica.com\/tienda\/peluqueria\/barberia-caballero\/cortadora-de-pelo-inalambricas-maquina-de-corte-de-pelo\/","url":"https:\/\/hannacosmetica.com\/tienda\/peluqueria\/barberia-caballero\/cortadora-de-pelo-inalambricas-maquina-de-corte-de-pelo\/","name":"Cortadora de Pelo Inal\u00e1mbricas \/ Maquina de Corte de Pelo - Hanna Cosm\u00e9tica","isPartOf":{"@id":"https:\/\/hannacosmetica.com\/#website"},"datePublished":"2022-11-18T13:52:36+00:00","dateModified":"2023-08-22T16:22:41+00:00","breadcrumb":{"@id":"https:\/\/hannacosmetica.com\/tienda\/peluqueria\/barberia-caballero\/cortadora-de-pelo-inalambricas-maquina-de-corte-de-pelo\/#breadcrumb"},"inLanguage":"fr-FR","potentialAction":[{"@type":"ReadAction","target":["https:\/\/hannacosmetica.com\/tienda\/peluqueria\/barberia-caballero\/cortadora-de-pelo-inalambricas-maquina-de-corte-de-pelo\/"]}]},{"@type":"BreadcrumbList","@id":"https:\/\/hannacosmetica.com\/tienda\/peluqueria\/barberia-caballero\/cortadora-de-pelo-inalambricas-maquina-de-corte-de-pelo\/#breadcrumb","itemListElement":[{"@type":"ListItem","position":1,"name":"Portada","item":"https:\/\/hannacosmetica.com\/"},{"@type":"ListItem","position":2,"name":"Tienda","item":"https:\/\/hannacosmetica.com\/shop\/"},{"@type":"ListItem","position":3,"name":"Cortadora de Pelo Inal\u00e1mbricas \/ Maquina de Corte de Pelo"}]},{"@type":"WebSite","@id":"https:\/\/hannacosmetica.com\/#website","url":"https:\/\/hannacosmetica.com\/","name":"Hanna Cosm\u00e9tica","description":"Tienda de productos u\u00f1as, bellezas y peluquer\u00edas","publisher":{"@id":"https:\/\/hannacosmetica.com\/#organization"},"potentialAction":[{"@type":"SearchAction","target":{"@type":"EntryPoint","urlTemplate":"https:\/\/hannacosmetica.com\/?s={search_term_string}"},"query-input":"required name=search_term_string"}],"inLanguage":"fr-FR"},{"@type":"Organization","@id":"https:\/\/hannacosmetica.com\/#organization","name":"Hanna Cosm\u00e9tica","url":"https:\/\/hannacosmetica.com\/","logo":{"@type":"ImageObject","inLanguage":"fr-FR","@id":"https:\/\/hannacosmetica.com\/#\/schema\/logo\/image\/","url":"https:\/\/hannacosmetica.com\/wp-content\/uploads\/2022\/07\/Logo-Joyeria-Femenino-Floral-Negro.png","contentUrl":"https:\/\/hannacosmetica.com\/wp-content\/uploads\/2022\/07\/Logo-Joyeria-Femenino-Floral-Negro.png","width":361,"height":126,"caption":"Hanna Cosm\u00e9tica"},"image":{"@id":"https:\/\/hannacosmetica.com\/#\/schema\/logo\/image\/"}}]}},"_links":{"self":[{"href":"https:\/\/hannacosmetica.com\/fr\/wp-json\/wp\/v2\/product\/9856"}],"collection":[{"href":"https:\/\/hannacosmetica.com\/fr\/wp-json\/wp\/v2\/product"}],"about":[{"href":"https:\/\/hannacosmetica.com\/fr\/wp-json\/wp\/v2\/types\/product"}],"replies":[{"embeddable":true,"href":"https:\/\/hannacosmetica.com\/fr\/wp-json\/wp\/v2\/comments?post=9856"}],"version-history":[{"count":1,"href":"https:\/\/hannacosmetica.com\/fr\/wp-json\/wp\/v2\/product\/9856\/revisions"}],"predecessor-version":[{"id":9857,"href":"https:\/\/hannacosmetica.com\/fr\/wp-json\/wp\/v2\/product\/9856\/revisions\/9857"}],"wp:featuredmedia":[{"embeddable":true,"href":"https:\/\/hannacosmetica.com\/fr\/wp-json\/wp\/v2\/media\/9840"}],"wp:attachment":[{"href":"https:\/\/hannacosmetica.com\/fr\/wp-json\/wp\/v2\/media?parent=9856"}],"wp:term":[{"taxonomy":"product_cat","embeddable":true,"href":"https:\/\/hannacosmetica.com\/fr\/wp-json\/wp\/v2\/product_cat?post=9856"},{"taxonomy":"product_tag","embeddable":true,"href":"https:\/\/hannacosmetica.com\/fr\/wp-json\/wp\/v2\/product_tag?post=9856"}],"curies":[{"name":"wp","href":"https:\/\/api.w.org\/{rel}","templated":true}]}}