{"id":9757,"date":"2022-11-17T15:40:19","date_gmt":"2022-11-17T15:40:19","guid":{"rendered":"https:\/\/hannacosmetica.com\/?post_type=product&#038;p=9757"},"modified":"2023-08-22T16:26:56","modified_gmt":"2023-08-22T16:26:56","slug":"cepillo-termico-de-ceramica-pack-5-unidades-termix","status":"publish","type":"product","link":"https:\/\/hannacosmetica.com\/fr\/tienda\/peluqueria\/complementos-peluqueria\/cepillo-termico-de-ceramica-pack-5-unidades-termix\/","title":{"rendered":"Cepillo T\u00e9rmico de Cer\u00e1mica Pack 5 unidades Termix"},"content":{"rendered":"<ul class=\"a-unordered-list a-vertical a-spacing-mini\">\n<li><span class=\"a-list-item\">Combina la tecnolog\u00eda cer\u00e1mica e i\u00f3nica para aportar m\u00e1ximo brillo al cabello, realizar peinados duraderos, sin R, sin da\u00f1os y sin signos De encrespamiento<\/span><\/li>\n<li><span class=\"a-list-item\">Gracias a la tecnolog\u00eda de cer\u00e1mica, el cepillo t\u00e9rmico conserva la temperatura y la reparte de manera uniforme, reduciendo el tiempo en el secado y mejorando la duraci\u00f3n y calidad del peinado<\/span><\/li>\n<li><span class=\"a-list-item\">Fibras de alto rendimiento que resisten el calor y tienen mayor capacidad de recuperaci\u00f3n evitando que se deformen con el uso<\/span><\/li>\n<li><span class=\"a-list-item\">El mango est\u00e1 hecho de polipropileno, un material muy resistente y antiadherente que evita que el cabello se pegue al mango. Adem\u00e1s, incorpora en la parte inferior una p\u00faa, que sirve para separar mechones de cabello con el mismo cepillo mientras moldea<\/span><\/li>\n<li><span class=\"a-list-item\">El pack est\u00e1 compuesto por 5 cepillos de pelo t\u00e9rmicos de los siguientes di\u00e1metros: \u00d817, \u00d823, \u00d828, \u00d832 y \u00d843<\/span><\/li>\n<\/ul>","protected":false},"excerpt":{"rendered":"<p>Combina la tecnolog\u00eda cer\u00e1mica e i\u00f3nica para aportar m\u00e1ximo brillo al cabello, realizar peinados duraderos, sin R, sin da\u00f1os y sin signos&hellip;<\/p>","protected":false},"featured_media":9763,"comment_status":"open","ping_status":"closed","template":"","meta":[],"product_cat":[152,83],"product_tag":[],"yoast_head":"<!-- This site is optimized with the Yoast SEO plugin v19.9 - https:\/\/yoast.com\/wordpress\/plugins\/seo\/ -->\n<title>Cepillo T\u00e9rmico de Cer\u00e1mica Pack 5 unidades Termix - Hanna Cosm\u00e9tica<\/title>\n<meta name=\"robots\" content=\"index, follow, max-snippet:-1, max-image-preview:large, max-video-preview:-1\" \/>\n<link rel=\"canonical\" href=\"https:\/\/hannacosmetica.com\/fr\/tienda\/peluqueria\/complementos-peluqueria\/cepillo-termico-de-ceramica-pack-5-unidades-termix\/\" \/>\n<meta property=\"og:locale\" content=\"fr_FR\" \/>\n<meta property=\"og:type\" content=\"article\" \/>\n<meta property=\"og:title\" content=\"Cepillo T\u00e9rmico de Cer\u00e1mica Pack 5 unidades Termix - Hanna Cosm\u00e9tica\" \/>\n<meta property=\"og:description\" content=\"Combina la tecnolog\u00eda cer\u00e1mica e i\u00f3nica para aportar m\u00e1ximo brillo al cabello, realizar peinados duraderos, sin R, sin da\u00f1os y sin signos&hellip;\" \/>\n<meta property=\"og:url\" content=\"https:\/\/hannacosmetica.com\/fr\/tienda\/peluqueria\/complementos-peluqueria\/cepillo-termico-de-ceramica-pack-5-unidades-termix\/\" \/>\n<meta property=\"og:site_name\" content=\"Hanna Cosm\u00e9tica\" \/>\n<meta property=\"article:modified_time\" content=\"2023-08-22T16:26:56+00:00\" \/>\n<meta property=\"og:image\" content=\"https:\/\/hannacosmetica.com\/wp-content\/uploads\/2022\/11\/o\u00a1rta-tips-2022-11-17T163010.464-1520x1520.png\" \/>\n\t<meta property=\"og:image:width\" content=\"1520\" \/>\n\t<meta property=\"og:image:height\" content=\"1520\" \/>\n\t<meta property=\"og:image:type\" content=\"image\/png\" \/>\n<meta name=\"twitter:card\" content=\"summary_large_image\" \/>\n<script type=\"application\/ld+json\" class=\"yoast-schema-graph\">{\"@context\":\"https:\/\/schema.org\",\"@graph\":[{\"@type\":\"WebPage\",\"@id\":\"https:\/\/hannacosmetica.com\/tienda\/peluqueria\/complementos-peluqueria\/cepillo-termico-de-ceramica-pack-5-unidades-termix\/\",\"url\":\"https:\/\/hannacosmetica.com\/tienda\/peluqueria\/complementos-peluqueria\/cepillo-termico-de-ceramica-pack-5-unidades-termix\/\",\"name\":\"Cepillo T\u00e9rmico de Cer\u00e1mica Pack 5 unidades Termix - Hanna Cosm\u00e9tica\",\"isPartOf\":{\"@id\":\"https:\/\/hannacosmetica.com\/#website\"},\"datePublished\":\"2022-11-17T15:40:19+00:00\",\"dateModified\":\"2023-08-22T16:26:56+00:00\",\"breadcrumb\":{\"@id\":\"https:\/\/hannacosmetica.com\/tienda\/peluqueria\/complementos-peluqueria\/cepillo-termico-de-ceramica-pack-5-unidades-termix\/#breadcrumb\"},\"inLanguage\":\"fr-FR\",\"potentialAction\":[{\"@type\":\"ReadAction\",\"target\":[\"https:\/\/hannacosmetica.com\/tienda\/peluqueria\/complementos-peluqueria\/cepillo-termico-de-ceramica-pack-5-unidades-termix\/\"]}]},{\"@type\":\"BreadcrumbList\",\"@id\":\"https:\/\/hannacosmetica.com\/tienda\/peluqueria\/complementos-peluqueria\/cepillo-termico-de-ceramica-pack-5-unidades-termix\/#breadcrumb\",\"itemListElement\":[{\"@type\":\"ListItem\",\"position\":1,\"name\":\"Portada\",\"item\":\"https:\/\/hannacosmetica.com\/\"},{\"@type\":\"ListItem\",\"position\":2,\"name\":\"Tienda\",\"item\":\"https:\/\/hannacosmetica.com\/shop\/\"},{\"@type\":\"ListItem\",\"position\":3,\"name\":\"Cepillo T\u00e9rmico de Cer\u00e1mica Pack 5 unidades Termix\"}]},{\"@type\":\"WebSite\",\"@id\":\"https:\/\/hannacosmetica.com\/#website\",\"url\":\"https:\/\/hannacosmetica.com\/\",\"name\":\"Hanna Cosm\u00e9tica\",\"description\":\"Tienda de productos u\u00f1as, bellezas y peluquer\u00edas\",\"publisher\":{\"@id\":\"https:\/\/hannacosmetica.com\/#organization\"},\"potentialAction\":[{\"@type\":\"SearchAction\",\"target\":{\"@type\":\"EntryPoint\",\"urlTemplate\":\"https:\/\/hannacosmetica.com\/?s={search_term_string}\"},\"query-input\":\"required name=search_term_string\"}],\"inLanguage\":\"fr-FR\"},{\"@type\":\"Organization\",\"@id\":\"https:\/\/hannacosmetica.com\/#organization\",\"name\":\"Hanna Cosm\u00e9tica\",\"url\":\"https:\/\/hannacosmetica.com\/\",\"logo\":{\"@type\":\"ImageObject\",\"inLanguage\":\"fr-FR\",\"@id\":\"https:\/\/hannacosmetica.com\/#\/schema\/logo\/image\/\",\"url\":\"https:\/\/hannacosmetica.com\/wp-content\/uploads\/2022\/07\/Logo-Joyeria-Femenino-Floral-Negro.png\",\"contentUrl\":\"https:\/\/hannacosmetica.com\/wp-content\/uploads\/2022\/07\/Logo-Joyeria-Femenino-Floral-Negro.png\",\"width\":361,\"height\":126,\"caption\":\"Hanna Cosm\u00e9tica\"},\"image\":{\"@id\":\"https:\/\/hannacosmetica.com\/#\/schema\/logo\/image\/\"}}]}<\/script>\n<!-- \/ Yoast SEO plugin. -->","yoast_head_json":{"title":"Cepillo T\u00e9rmico de Cer\u00e1mica Pack 5 unidades Termix - Hanna Cosm\u00e9tica","robots":{"index":"index","follow":"follow","max-snippet":"max-snippet:-1","max-image-preview":"max-image-preview:large","max-video-preview":"max-video-preview:-1"},"canonical":"https:\/\/hannacosmetica.com\/fr\/tienda\/peluqueria\/complementos-peluqueria\/cepillo-termico-de-ceramica-pack-5-unidades-termix\/","og_locale":"fr_FR","og_type":"article","og_title":"Cepillo T\u00e9rmico de Cer\u00e1mica Pack 5 unidades Termix - Hanna Cosm\u00e9tica","og_description":"Combina la tecnolog\u00eda cer\u00e1mica e i\u00f3nica para aportar m\u00e1ximo brillo al cabello, realizar peinados duraderos, sin R, sin da\u00f1os y sin signos&hellip;","og_url":"https:\/\/hannacosmetica.com\/fr\/tienda\/peluqueria\/complementos-peluqueria\/cepillo-termico-de-ceramica-pack-5-unidades-termix\/","og_site_name":"Hanna Cosm\u00e9tica","article_modified_time":"2023-08-22T16:26:56+00:00","og_image":[{"width":1520,"height":1520,"url":"https:\/\/hannacosmetica.com\/wp-content\/uploads\/2022\/11\/o\u00a1rta-tips-2022-11-17T163010.464-1520x1520.png","type":"image\/png"}],"twitter_card":"summary_large_image","schema":{"@context":"https:\/\/schema.org","@graph":[{"@type":"WebPage","@id":"https:\/\/hannacosmetica.com\/tienda\/peluqueria\/complementos-peluqueria\/cepillo-termico-de-ceramica-pack-5-unidades-termix\/","url":"https:\/\/hannacosmetica.com\/tienda\/peluqueria\/complementos-peluqueria\/cepillo-termico-de-ceramica-pack-5-unidades-termix\/","name":"Cepillo T\u00e9rmico de Cer\u00e1mica Pack 5 unidades Termix - Hanna Cosm\u00e9tica","isPartOf":{"@id":"https:\/\/hannacosmetica.com\/#website"},"datePublished":"2022-11-17T15:40:19+00:00","dateModified":"2023-08-22T16:26:56+00:00","breadcrumb":{"@id":"https:\/\/hannacosmetica.com\/tienda\/peluqueria\/complementos-peluqueria\/cepillo-termico-de-ceramica-pack-5-unidades-termix\/#breadcrumb"},"inLanguage":"fr-FR","potentialAction":[{"@type":"ReadAction","target":["https:\/\/hannacosmetica.com\/tienda\/peluqueria\/complementos-peluqueria\/cepillo-termico-de-ceramica-pack-5-unidades-termix\/"]}]},{"@type":"BreadcrumbList","@id":"https:\/\/hannacosmetica.com\/tienda\/peluqueria\/complementos-peluqueria\/cepillo-termico-de-ceramica-pack-5-unidades-termix\/#breadcrumb","itemListElement":[{"@type":"ListItem","position":1,"name":"Portada","item":"https:\/\/hannacosmetica.com\/"},{"@type":"ListItem","position":2,"name":"Tienda","item":"https:\/\/hannacosmetica.com\/shop\/"},{"@type":"ListItem","position":3,"name":"Cepillo T\u00e9rmico de Cer\u00e1mica Pack 5 unidades Termix"}]},{"@type":"WebSite","@id":"https:\/\/hannacosmetica.com\/#website","url":"https:\/\/hannacosmetica.com\/","name":"Hanna Cosm\u00e9tica","description":"Tienda de productos u\u00f1as, bellezas y peluquer\u00edas","publisher":{"@id":"https:\/\/hannacosmetica.com\/#organization"},"potentialAction":[{"@type":"SearchAction","target":{"@type":"EntryPoint","urlTemplate":"https:\/\/hannacosmetica.com\/?s={search_term_string}"},"query-input":"required name=search_term_string"}],"inLanguage":"fr-FR"},{"@type":"Organization","@id":"https:\/\/hannacosmetica.com\/#organization","name":"Hanna Cosm\u00e9tica","url":"https:\/\/hannacosmetica.com\/","logo":{"@type":"ImageObject","inLanguage":"fr-FR","@id":"https:\/\/hannacosmetica.com\/#\/schema\/logo\/image\/","url":"https:\/\/hannacosmetica.com\/wp-content\/uploads\/2022\/07\/Logo-Joyeria-Femenino-Floral-Negro.png","contentUrl":"https:\/\/hannacosmetica.com\/wp-content\/uploads\/2022\/07\/Logo-Joyeria-Femenino-Floral-Negro.png","width":361,"height":126,"caption":"Hanna Cosm\u00e9tica"},"image":{"@id":"https:\/\/hannacosmetica.com\/#\/schema\/logo\/image\/"}}]}},"_links":{"self":[{"href":"https:\/\/hannacosmetica.com\/fr\/wp-json\/wp\/v2\/product\/9757"}],"collection":[{"href":"https:\/\/hannacosmetica.com\/fr\/wp-json\/wp\/v2\/product"}],"about":[{"href":"https:\/\/hannacosmetica.com\/fr\/wp-json\/wp\/v2\/types\/product"}],"replies":[{"embeddable":true,"href":"https:\/\/hannacosmetica.com\/fr\/wp-json\/wp\/v2\/comments?post=9757"}],"version-history":[{"count":1,"href":"https:\/\/hannacosmetica.com\/fr\/wp-json\/wp\/v2\/product\/9757\/revisions"}],"predecessor-version":[{"id":9764,"href":"https:\/\/hannacosmetica.com\/fr\/wp-json\/wp\/v2\/product\/9757\/revisions\/9764"}],"wp:featuredmedia":[{"embeddable":true,"href":"https:\/\/hannacosmetica.com\/fr\/wp-json\/wp\/v2\/media\/9763"}],"wp:attachment":[{"href":"https:\/\/hannacosmetica.com\/fr\/wp-json\/wp\/v2\/media?parent=9757"}],"wp:term":[{"taxonomy":"product_cat","embeddable":true,"href":"https:\/\/hannacosmetica.com\/fr\/wp-json\/wp\/v2\/product_cat?post=9757"},{"taxonomy":"product_tag","embeddable":true,"href":"https:\/\/hannacosmetica.com\/fr\/wp-json\/wp\/v2\/product_tag?post=9757"}],"curies":[{"name":"wp","href":"https:\/\/api.w.org\/{rel}","templated":true}]}}