{"id":9702,"date":"2022-11-17T13:06:36","date_gmt":"2022-11-17T13:06:36","guid":{"rendered":"https:\/\/hannacosmetica.com\/?post_type=product&#038;p=9702"},"modified":"2023-08-23T08:52:01","modified_gmt":"2023-08-23T08:52:01","slug":"esterilizador-de-herramientas-de-manicura-sterilizer-jar","status":"publish","type":"product","link":"https:\/\/hannacosmetica.com\/fr\/tienda\/manicura\/complementos\/esterilizador-de-herramientas-de-manicura-sterilizer-jar\/","title":{"rendered":"Esterilizador de Herramientas  de Manicura,  Sterilizer Jar"},"content":{"rendered":"<ul class=\"a-unordered-list a-vertical a-spacing-mini\">\n<li><span class=\"a-list-item\">Alta calidad: la tapa de acero inoxidable tiene una fuerte resistencia a la suciedad, al \u00e1cido y a la corrosi\u00f3n. Desag\u00fce de la cesta de reciclaje para evitar que los dedos se coloquen en el dep\u00f3sito de esterilizaci\u00f3n.<\/span><\/li>\n<li>material: cristal y acero inoxidable .<\/li>\n<li><span class=\"a-list-item\">Estable y duradero: resistente al desgaste y duradero, se puede limpiar en su conjunto, respetuoso con el medio ambiente e ins\u00edpido.<\/span><\/li>\n<li><span class=\"a-list-item\">Uso intensivo. Herramientas de manicura y peinado utilizadas para la desinfecci\u00f3n. Adecuado para uso profesional o personal.<\/span><\/li>\n<li><span class=\"a-list-item\">F\u00e1cil de transportar: ligero y port\u00e1til, ideal para el hogar, la oficina o los viajes al aire libre.<\/span><\/li>\n<\/ul>","protected":false},"excerpt":{"rendered":"<p>Alta calidad: la tapa de acero inoxidable tiene una fuerte resistencia a la suciedad, al \u00e1cido y a la corrosi\u00f3n. Desag\u00fce de&hellip;<\/p>","protected":false},"featured_media":9693,"comment_status":"open","ping_status":"closed","template":"","meta":[],"product_cat":[82,101],"product_tag":[],"yoast_head":"<!-- This site is optimized with the Yoast SEO plugin v19.9 - https:\/\/yoast.com\/wordpress\/plugins\/seo\/ -->\n<title>Esterilizador de Herramientas de Manicura, Sterilizer Jar - Hanna Cosm\u00e9tica<\/title>\n<meta name=\"robots\" content=\"index, follow, max-snippet:-1, max-image-preview:large, max-video-preview:-1\" \/>\n<link rel=\"canonical\" href=\"https:\/\/hannacosmetica.com\/fr\/tienda\/manicura\/complementos\/esterilizador-de-herramientas-de-manicura-sterilizer-jar\/\" \/>\n<meta property=\"og:locale\" content=\"fr_FR\" \/>\n<meta property=\"og:type\" content=\"article\" \/>\n<meta property=\"og:title\" content=\"Esterilizador de Herramientas de Manicura, Sterilizer Jar - Hanna Cosm\u00e9tica\" \/>\n<meta property=\"og:description\" content=\"Alta calidad: la tapa de acero inoxidable tiene una fuerte resistencia a la suciedad, al \u00e1cido y a la corrosi\u00f3n. Desag\u00fce de&hellip;\" \/>\n<meta property=\"og:url\" content=\"https:\/\/hannacosmetica.com\/fr\/tienda\/manicura\/complementos\/esterilizador-de-herramientas-de-manicura-sterilizer-jar\/\" \/>\n<meta property=\"og:site_name\" content=\"Hanna Cosm\u00e9tica\" \/>\n<meta property=\"article:modified_time\" content=\"2023-08-23T08:52:01+00:00\" \/>\n<meta property=\"og:image\" content=\"https:\/\/hannacosmetica.com\/wp-content\/uploads\/2022\/11\/o\u00a1rta-tips-2022-11-17T124741.196-1520x1520.png\" \/>\n\t<meta property=\"og:image:width\" content=\"1520\" \/>\n\t<meta property=\"og:image:height\" content=\"1520\" \/>\n\t<meta property=\"og:image:type\" content=\"image\/png\" \/>\n<meta name=\"twitter:card\" content=\"summary_large_image\" \/>\n<script type=\"application\/ld+json\" class=\"yoast-schema-graph\">{\"@context\":\"https:\/\/schema.org\",\"@graph\":[{\"@type\":\"WebPage\",\"@id\":\"https:\/\/hannacosmetica.com\/tienda\/manicura\/complementos\/esterilizador-de-herramientas-de-manicura-sterilizer-jar\/\",\"url\":\"https:\/\/hannacosmetica.com\/tienda\/manicura\/complementos\/esterilizador-de-herramientas-de-manicura-sterilizer-jar\/\",\"name\":\"Esterilizador de Herramientas de Manicura, Sterilizer Jar - Hanna Cosm\u00e9tica\",\"isPartOf\":{\"@id\":\"https:\/\/hannacosmetica.com\/#website\"},\"datePublished\":\"2022-11-17T13:06:36+00:00\",\"dateModified\":\"2023-08-23T08:52:01+00:00\",\"breadcrumb\":{\"@id\":\"https:\/\/hannacosmetica.com\/tienda\/manicura\/complementos\/esterilizador-de-herramientas-de-manicura-sterilizer-jar\/#breadcrumb\"},\"inLanguage\":\"fr-FR\",\"potentialAction\":[{\"@type\":\"ReadAction\",\"target\":[\"https:\/\/hannacosmetica.com\/tienda\/manicura\/complementos\/esterilizador-de-herramientas-de-manicura-sterilizer-jar\/\"]}]},{\"@type\":\"BreadcrumbList\",\"@id\":\"https:\/\/hannacosmetica.com\/tienda\/manicura\/complementos\/esterilizador-de-herramientas-de-manicura-sterilizer-jar\/#breadcrumb\",\"itemListElement\":[{\"@type\":\"ListItem\",\"position\":1,\"name\":\"Portada\",\"item\":\"https:\/\/hannacosmetica.com\/\"},{\"@type\":\"ListItem\",\"position\":2,\"name\":\"Tienda\",\"item\":\"https:\/\/hannacosmetica.com\/shop\/\"},{\"@type\":\"ListItem\",\"position\":3,\"name\":\"Esterilizador de Herramientas de Manicura, Sterilizer Jar\"}]},{\"@type\":\"WebSite\",\"@id\":\"https:\/\/hannacosmetica.com\/#website\",\"url\":\"https:\/\/hannacosmetica.com\/\",\"name\":\"Hanna Cosm\u00e9tica\",\"description\":\"Tienda de productos u\u00f1as, bellezas y peluquer\u00edas\",\"publisher\":{\"@id\":\"https:\/\/hannacosmetica.com\/#organization\"},\"potentialAction\":[{\"@type\":\"SearchAction\",\"target\":{\"@type\":\"EntryPoint\",\"urlTemplate\":\"https:\/\/hannacosmetica.com\/?s={search_term_string}\"},\"query-input\":\"required name=search_term_string\"}],\"inLanguage\":\"fr-FR\"},{\"@type\":\"Organization\",\"@id\":\"https:\/\/hannacosmetica.com\/#organization\",\"name\":\"Hanna Cosm\u00e9tica\",\"url\":\"https:\/\/hannacosmetica.com\/\",\"logo\":{\"@type\":\"ImageObject\",\"inLanguage\":\"fr-FR\",\"@id\":\"https:\/\/hannacosmetica.com\/#\/schema\/logo\/image\/\",\"url\":\"https:\/\/hannacosmetica.com\/wp-content\/uploads\/2022\/07\/Logo-Joyeria-Femenino-Floral-Negro.png\",\"contentUrl\":\"https:\/\/hannacosmetica.com\/wp-content\/uploads\/2022\/07\/Logo-Joyeria-Femenino-Floral-Negro.png\",\"width\":361,\"height\":126,\"caption\":\"Hanna Cosm\u00e9tica\"},\"image\":{\"@id\":\"https:\/\/hannacosmetica.com\/#\/schema\/logo\/image\/\"}}]}<\/script>\n<!-- \/ Yoast SEO plugin. -->","yoast_head_json":{"title":"Esterilizador de Herramientas de Manicura, Sterilizer Jar - Hanna Cosm\u00e9tica","robots":{"index":"index","follow":"follow","max-snippet":"max-snippet:-1","max-image-preview":"max-image-preview:large","max-video-preview":"max-video-preview:-1"},"canonical":"https:\/\/hannacosmetica.com\/fr\/tienda\/manicura\/complementos\/esterilizador-de-herramientas-de-manicura-sterilizer-jar\/","og_locale":"fr_FR","og_type":"article","og_title":"Esterilizador de Herramientas de Manicura, Sterilizer Jar - Hanna Cosm\u00e9tica","og_description":"Alta calidad: la tapa de acero inoxidable tiene una fuerte resistencia a la suciedad, al \u00e1cido y a la corrosi\u00f3n. Desag\u00fce de&hellip;","og_url":"https:\/\/hannacosmetica.com\/fr\/tienda\/manicura\/complementos\/esterilizador-de-herramientas-de-manicura-sterilizer-jar\/","og_site_name":"Hanna Cosm\u00e9tica","article_modified_time":"2023-08-23T08:52:01+00:00","og_image":[{"width":1520,"height":1520,"url":"https:\/\/hannacosmetica.com\/wp-content\/uploads\/2022\/11\/o\u00a1rta-tips-2022-11-17T124741.196-1520x1520.png","type":"image\/png"}],"twitter_card":"summary_large_image","schema":{"@context":"https:\/\/schema.org","@graph":[{"@type":"WebPage","@id":"https:\/\/hannacosmetica.com\/tienda\/manicura\/complementos\/esterilizador-de-herramientas-de-manicura-sterilizer-jar\/","url":"https:\/\/hannacosmetica.com\/tienda\/manicura\/complementos\/esterilizador-de-herramientas-de-manicura-sterilizer-jar\/","name":"Esterilizador de Herramientas de Manicura, Sterilizer Jar - Hanna Cosm\u00e9tica","isPartOf":{"@id":"https:\/\/hannacosmetica.com\/#website"},"datePublished":"2022-11-17T13:06:36+00:00","dateModified":"2023-08-23T08:52:01+00:00","breadcrumb":{"@id":"https:\/\/hannacosmetica.com\/tienda\/manicura\/complementos\/esterilizador-de-herramientas-de-manicura-sterilizer-jar\/#breadcrumb"},"inLanguage":"fr-FR","potentialAction":[{"@type":"ReadAction","target":["https:\/\/hannacosmetica.com\/tienda\/manicura\/complementos\/esterilizador-de-herramientas-de-manicura-sterilizer-jar\/"]}]},{"@type":"BreadcrumbList","@id":"https:\/\/hannacosmetica.com\/tienda\/manicura\/complementos\/esterilizador-de-herramientas-de-manicura-sterilizer-jar\/#breadcrumb","itemListElement":[{"@type":"ListItem","position":1,"name":"Portada","item":"https:\/\/hannacosmetica.com\/"},{"@type":"ListItem","position":2,"name":"Tienda","item":"https:\/\/hannacosmetica.com\/shop\/"},{"@type":"ListItem","position":3,"name":"Esterilizador de Herramientas de Manicura, Sterilizer Jar"}]},{"@type":"WebSite","@id":"https:\/\/hannacosmetica.com\/#website","url":"https:\/\/hannacosmetica.com\/","name":"Hanna Cosm\u00e9tica","description":"Tienda de productos u\u00f1as, bellezas y peluquer\u00edas","publisher":{"@id":"https:\/\/hannacosmetica.com\/#organization"},"potentialAction":[{"@type":"SearchAction","target":{"@type":"EntryPoint","urlTemplate":"https:\/\/hannacosmetica.com\/?s={search_term_string}"},"query-input":"required name=search_term_string"}],"inLanguage":"fr-FR"},{"@type":"Organization","@id":"https:\/\/hannacosmetica.com\/#organization","name":"Hanna Cosm\u00e9tica","url":"https:\/\/hannacosmetica.com\/","logo":{"@type":"ImageObject","inLanguage":"fr-FR","@id":"https:\/\/hannacosmetica.com\/#\/schema\/logo\/image\/","url":"https:\/\/hannacosmetica.com\/wp-content\/uploads\/2022\/07\/Logo-Joyeria-Femenino-Floral-Negro.png","contentUrl":"https:\/\/hannacosmetica.com\/wp-content\/uploads\/2022\/07\/Logo-Joyeria-Femenino-Floral-Negro.png","width":361,"height":126,"caption":"Hanna Cosm\u00e9tica"},"image":{"@id":"https:\/\/hannacosmetica.com\/#\/schema\/logo\/image\/"}}]}},"_links":{"self":[{"href":"https:\/\/hannacosmetica.com\/fr\/wp-json\/wp\/v2\/product\/9702"}],"collection":[{"href":"https:\/\/hannacosmetica.com\/fr\/wp-json\/wp\/v2\/product"}],"about":[{"href":"https:\/\/hannacosmetica.com\/fr\/wp-json\/wp\/v2\/types\/product"}],"replies":[{"embeddable":true,"href":"https:\/\/hannacosmetica.com\/fr\/wp-json\/wp\/v2\/comments?post=9702"}],"version-history":[{"count":1,"href":"https:\/\/hannacosmetica.com\/fr\/wp-json\/wp\/v2\/product\/9702\/revisions"}],"predecessor-version":[{"id":9703,"href":"https:\/\/hannacosmetica.com\/fr\/wp-json\/wp\/v2\/product\/9702\/revisions\/9703"}],"wp:featuredmedia":[{"embeddable":true,"href":"https:\/\/hannacosmetica.com\/fr\/wp-json\/wp\/v2\/media\/9693"}],"wp:attachment":[{"href":"https:\/\/hannacosmetica.com\/fr\/wp-json\/wp\/v2\/media?parent=9702"}],"wp:term":[{"taxonomy":"product_cat","embeddable":true,"href":"https:\/\/hannacosmetica.com\/fr\/wp-json\/wp\/v2\/product_cat?post=9702"},{"taxonomy":"product_tag","embeddable":true,"href":"https:\/\/hannacosmetica.com\/fr\/wp-json\/wp\/v2\/product_tag?post=9702"}],"curies":[{"name":"wp","href":"https:\/\/api.w.org\/{rel}","templated":true}]}}