{"id":9540,"date":"2022-11-16T11:24:00","date_gmt":"2022-11-16T11:24:00","guid":{"rendered":"https:\/\/hannacosmetica.com\/?post_type=product&#038;p=9540"},"modified":"2023-08-23T09:03:10","modified_gmt":"2023-08-23T09:03:10","slug":"cristal-para-pestanas-soporte-de-pestanas-paleta-de-pestanas-para-pegamento","status":"publish","type":"product","link":"https:\/\/hannacosmetica.com\/fr\/tienda\/pestanas\/complementos-pestanas\/cristal-para-pestanas-soporte-de-pestanas-paleta-de-pestanas-para-pegamento\/","title":{"rendered":"Cristal Para Pesta\u00f1as, Soporte de Pesta\u00f1as, Paleta  de Pesta\u00f1as para  Pegamento"},"content":{"rendered":"<ul class=\"a-unordered-list a-vertical a-spacing-mini\">\n<li><span class=\"a-list-item\">Resistente: esta plataforma de cristal para extensi\u00f3n de pesta\u00f1as est\u00e1 hecha de cristal blanco, que es pesado, reutilizable, lavable, no corrosivo y duradero<\/span><\/li>\n<li><span class=\"a-list-item\">C\u00f3modo de usar: la bandeja de pegamento para pesta\u00f1as es m\u00e1s grande, grande y pesada para evitar ca\u00eddas que no se mover\u00e1n en todo el proceso y es m\u00e1s f\u00e1cil para usted recoger las pesta\u00f1as postizas<\/span><\/li>\n<li><span class=\"a-list-item\">F\u00e1cil de distinguir: el soporte adhesivo para pesta\u00f1as est\u00e1 dise\u00f1ado con 9 l\u00edneas de escala claras y precisas de 7 mm a 15 mm, que son m\u00e1s convenientes para encontrar pesta\u00f1as postizas y conocer la longitud de las pesta\u00f1as, lo que facilita y agiliza la realizaci\u00f3n de la extensi\u00f3n de pesta\u00f1as. procedimiento<\/span><\/li>\n<li><span class=\"a-list-item\">Reutilizable: este tipo de bandeja de pesta\u00f1as postizas se puede usar una y otra vez despu\u00e9s de un que pesa m\u00e1s<\/span><\/li>\n<li><span class=\"a-list-item\">Soporte de pegamento: hay un peque\u00f1o lugar hueco en la parte inferior de la bandeja de pesta\u00f1as que mide aproximadamente 10,5 mm y es m\u00e1s conveniente para usar para extensiones de pesta\u00f1as y f\u00e1cil de limpiar y usar, ahorrando tiempo y energ\u00eda en el proceso.<\/span><\/li>\n<\/ul>","protected":false},"excerpt":{"rendered":"<p>Resistente: esta plataforma de cristal para extensi\u00f3n de pesta\u00f1as est\u00e1 hecha de cristal blanco, que es pesado, reutilizable, lavable, no corrosivo y&hellip;<\/p>","protected":false},"featured_media":9541,"comment_status":"open","ping_status":"closed","template":"","meta":[],"product_cat":[85,117],"product_tag":[],"yoast_head":"<!-- This site is optimized with the Yoast SEO plugin v19.9 - https:\/\/yoast.com\/wordpress\/plugins\/seo\/ -->\n<title>Cristal Para Pesta\u00f1as, Soporte de Pesta\u00f1as, Paleta de Pesta\u00f1as para Pegamento - Hanna Cosm\u00e9tica<\/title>\n<meta name=\"robots\" content=\"index, follow, max-snippet:-1, max-image-preview:large, max-video-preview:-1\" \/>\n<link rel=\"canonical\" href=\"https:\/\/hannacosmetica.com\/fr\/tienda\/pestanas\/complementos-pestanas\/cristal-para-pestanas-soporte-de-pestanas-paleta-de-pestanas-para-pegamento\/\" \/>\n<meta property=\"og:locale\" content=\"fr_FR\" \/>\n<meta property=\"og:type\" content=\"article\" \/>\n<meta property=\"og:title\" content=\"Cristal Para Pesta\u00f1as, Soporte de Pesta\u00f1as, Paleta de Pesta\u00f1as para Pegamento - Hanna Cosm\u00e9tica\" \/>\n<meta property=\"og:description\" content=\"Resistente: esta plataforma de cristal para extensi\u00f3n de pesta\u00f1as est\u00e1 hecha de cristal blanco, que es pesado, reutilizable, lavable, no corrosivo y&hellip;\" \/>\n<meta property=\"og:url\" content=\"https:\/\/hannacosmetica.com\/fr\/tienda\/pestanas\/complementos-pestanas\/cristal-para-pestanas-soporte-de-pestanas-paleta-de-pestanas-para-pegamento\/\" \/>\n<meta property=\"og:site_name\" content=\"Hanna Cosm\u00e9tica\" \/>\n<meta property=\"article:modified_time\" content=\"2023-08-23T09:03:10+00:00\" \/>\n<meta property=\"og:image\" content=\"https:\/\/hannacosmetica.com\/wp-content\/uploads\/2022\/11\/paleta-cristal.jpg\" \/>\n\t<meta property=\"og:image:width\" content=\"489\" \/>\n\t<meta property=\"og:image:height\" content=\"890\" \/>\n\t<meta property=\"og:image:type\" content=\"image\/jpeg\" \/>\n<meta name=\"twitter:card\" content=\"summary_large_image\" \/>\n<script type=\"application\/ld+json\" class=\"yoast-schema-graph\">{\"@context\":\"https:\/\/schema.org\",\"@graph\":[{\"@type\":\"WebPage\",\"@id\":\"https:\/\/hannacosmetica.com\/tienda\/pestanas\/complementos-pestanas\/cristal-para-pestanas-soporte-de-pestanas-paleta-de-pestanas-para-pegamento\/\",\"url\":\"https:\/\/hannacosmetica.com\/tienda\/pestanas\/complementos-pestanas\/cristal-para-pestanas-soporte-de-pestanas-paleta-de-pestanas-para-pegamento\/\",\"name\":\"Cristal Para Pesta\u00f1as, Soporte de Pesta\u00f1as, Paleta de Pesta\u00f1as para Pegamento - Hanna Cosm\u00e9tica\",\"isPartOf\":{\"@id\":\"https:\/\/hannacosmetica.com\/#website\"},\"datePublished\":\"2022-11-16T11:24:00+00:00\",\"dateModified\":\"2023-08-23T09:03:10+00:00\",\"breadcrumb\":{\"@id\":\"https:\/\/hannacosmetica.com\/tienda\/pestanas\/complementos-pestanas\/cristal-para-pestanas-soporte-de-pestanas-paleta-de-pestanas-para-pegamento\/#breadcrumb\"},\"inLanguage\":\"fr-FR\",\"potentialAction\":[{\"@type\":\"ReadAction\",\"target\":[\"https:\/\/hannacosmetica.com\/tienda\/pestanas\/complementos-pestanas\/cristal-para-pestanas-soporte-de-pestanas-paleta-de-pestanas-para-pegamento\/\"]}]},{\"@type\":\"BreadcrumbList\",\"@id\":\"https:\/\/hannacosmetica.com\/tienda\/pestanas\/complementos-pestanas\/cristal-para-pestanas-soporte-de-pestanas-paleta-de-pestanas-para-pegamento\/#breadcrumb\",\"itemListElement\":[{\"@type\":\"ListItem\",\"position\":1,\"name\":\"Portada\",\"item\":\"https:\/\/hannacosmetica.com\/\"},{\"@type\":\"ListItem\",\"position\":2,\"name\":\"Tienda\",\"item\":\"https:\/\/hannacosmetica.com\/shop\/\"},{\"@type\":\"ListItem\",\"position\":3,\"name\":\"Cristal Para Pesta\u00f1as, Soporte de Pesta\u00f1as, Paleta de Pesta\u00f1as para Pegamento\"}]},{\"@type\":\"WebSite\",\"@id\":\"https:\/\/hannacosmetica.com\/#website\",\"url\":\"https:\/\/hannacosmetica.com\/\",\"name\":\"Hanna Cosm\u00e9tica\",\"description\":\"Tienda de productos u\u00f1as, bellezas y peluquer\u00edas\",\"publisher\":{\"@id\":\"https:\/\/hannacosmetica.com\/#organization\"},\"potentialAction\":[{\"@type\":\"SearchAction\",\"target\":{\"@type\":\"EntryPoint\",\"urlTemplate\":\"https:\/\/hannacosmetica.com\/?s={search_term_string}\"},\"query-input\":\"required name=search_term_string\"}],\"inLanguage\":\"fr-FR\"},{\"@type\":\"Organization\",\"@id\":\"https:\/\/hannacosmetica.com\/#organization\",\"name\":\"Hanna Cosm\u00e9tica\",\"url\":\"https:\/\/hannacosmetica.com\/\",\"logo\":{\"@type\":\"ImageObject\",\"inLanguage\":\"fr-FR\",\"@id\":\"https:\/\/hannacosmetica.com\/#\/schema\/logo\/image\/\",\"url\":\"https:\/\/hannacosmetica.com\/wp-content\/uploads\/2022\/07\/Logo-Joyeria-Femenino-Floral-Negro.png\",\"contentUrl\":\"https:\/\/hannacosmetica.com\/wp-content\/uploads\/2022\/07\/Logo-Joyeria-Femenino-Floral-Negro.png\",\"width\":361,\"height\":126,\"caption\":\"Hanna Cosm\u00e9tica\"},\"image\":{\"@id\":\"https:\/\/hannacosmetica.com\/#\/schema\/logo\/image\/\"}}]}<\/script>\n<!-- \/ Yoast SEO plugin. -->","yoast_head_json":{"title":"Cristal Para Pesta\u00f1as, Soporte de Pesta\u00f1as, Paleta de Pesta\u00f1as para Pegamento - Hanna Cosm\u00e9tica","robots":{"index":"index","follow":"follow","max-snippet":"max-snippet:-1","max-image-preview":"max-image-preview:large","max-video-preview":"max-video-preview:-1"},"canonical":"https:\/\/hannacosmetica.com\/fr\/tienda\/pestanas\/complementos-pestanas\/cristal-para-pestanas-soporte-de-pestanas-paleta-de-pestanas-para-pegamento\/","og_locale":"fr_FR","og_type":"article","og_title":"Cristal Para Pesta\u00f1as, Soporte de Pesta\u00f1as, Paleta de Pesta\u00f1as para Pegamento - Hanna Cosm\u00e9tica","og_description":"Resistente: esta plataforma de cristal para extensi\u00f3n de pesta\u00f1as est\u00e1 hecha de cristal blanco, que es pesado, reutilizable, lavable, no corrosivo y&hellip;","og_url":"https:\/\/hannacosmetica.com\/fr\/tienda\/pestanas\/complementos-pestanas\/cristal-para-pestanas-soporte-de-pestanas-paleta-de-pestanas-para-pegamento\/","og_site_name":"Hanna Cosm\u00e9tica","article_modified_time":"2023-08-23T09:03:10+00:00","og_image":[{"width":489,"height":890,"url":"https:\/\/hannacosmetica.com\/wp-content\/uploads\/2022\/11\/paleta-cristal.jpg","type":"image\/jpeg"}],"twitter_card":"summary_large_image","schema":{"@context":"https:\/\/schema.org","@graph":[{"@type":"WebPage","@id":"https:\/\/hannacosmetica.com\/tienda\/pestanas\/complementos-pestanas\/cristal-para-pestanas-soporte-de-pestanas-paleta-de-pestanas-para-pegamento\/","url":"https:\/\/hannacosmetica.com\/tienda\/pestanas\/complementos-pestanas\/cristal-para-pestanas-soporte-de-pestanas-paleta-de-pestanas-para-pegamento\/","name":"Cristal Para Pesta\u00f1as, Soporte de Pesta\u00f1as, Paleta de Pesta\u00f1as para Pegamento - Hanna Cosm\u00e9tica","isPartOf":{"@id":"https:\/\/hannacosmetica.com\/#website"},"datePublished":"2022-11-16T11:24:00+00:00","dateModified":"2023-08-23T09:03:10+00:00","breadcrumb":{"@id":"https:\/\/hannacosmetica.com\/tienda\/pestanas\/complementos-pestanas\/cristal-para-pestanas-soporte-de-pestanas-paleta-de-pestanas-para-pegamento\/#breadcrumb"},"inLanguage":"fr-FR","potentialAction":[{"@type":"ReadAction","target":["https:\/\/hannacosmetica.com\/tienda\/pestanas\/complementos-pestanas\/cristal-para-pestanas-soporte-de-pestanas-paleta-de-pestanas-para-pegamento\/"]}]},{"@type":"BreadcrumbList","@id":"https:\/\/hannacosmetica.com\/tienda\/pestanas\/complementos-pestanas\/cristal-para-pestanas-soporte-de-pestanas-paleta-de-pestanas-para-pegamento\/#breadcrumb","itemListElement":[{"@type":"ListItem","position":1,"name":"Portada","item":"https:\/\/hannacosmetica.com\/"},{"@type":"ListItem","position":2,"name":"Tienda","item":"https:\/\/hannacosmetica.com\/shop\/"},{"@type":"ListItem","position":3,"name":"Cristal Para Pesta\u00f1as, Soporte de Pesta\u00f1as, Paleta de Pesta\u00f1as para Pegamento"}]},{"@type":"WebSite","@id":"https:\/\/hannacosmetica.com\/#website","url":"https:\/\/hannacosmetica.com\/","name":"Hanna Cosm\u00e9tica","description":"Tienda de productos u\u00f1as, bellezas y peluquer\u00edas","publisher":{"@id":"https:\/\/hannacosmetica.com\/#organization"},"potentialAction":[{"@type":"SearchAction","target":{"@type":"EntryPoint","urlTemplate":"https:\/\/hannacosmetica.com\/?s={search_term_string}"},"query-input":"required name=search_term_string"}],"inLanguage":"fr-FR"},{"@type":"Organization","@id":"https:\/\/hannacosmetica.com\/#organization","name":"Hanna Cosm\u00e9tica","url":"https:\/\/hannacosmetica.com\/","logo":{"@type":"ImageObject","inLanguage":"fr-FR","@id":"https:\/\/hannacosmetica.com\/#\/schema\/logo\/image\/","url":"https:\/\/hannacosmetica.com\/wp-content\/uploads\/2022\/07\/Logo-Joyeria-Femenino-Floral-Negro.png","contentUrl":"https:\/\/hannacosmetica.com\/wp-content\/uploads\/2022\/07\/Logo-Joyeria-Femenino-Floral-Negro.png","width":361,"height":126,"caption":"Hanna Cosm\u00e9tica"},"image":{"@id":"https:\/\/hannacosmetica.com\/#\/schema\/logo\/image\/"}}]}},"_links":{"self":[{"href":"https:\/\/hannacosmetica.com\/fr\/wp-json\/wp\/v2\/product\/9540"}],"collection":[{"href":"https:\/\/hannacosmetica.com\/fr\/wp-json\/wp\/v2\/product"}],"about":[{"href":"https:\/\/hannacosmetica.com\/fr\/wp-json\/wp\/v2\/types\/product"}],"replies":[{"embeddable":true,"href":"https:\/\/hannacosmetica.com\/fr\/wp-json\/wp\/v2\/comments?post=9540"}],"version-history":[{"count":1,"href":"https:\/\/hannacosmetica.com\/fr\/wp-json\/wp\/v2\/product\/9540\/revisions"}],"predecessor-version":[{"id":9545,"href":"https:\/\/hannacosmetica.com\/fr\/wp-json\/wp\/v2\/product\/9540\/revisions\/9545"}],"wp:featuredmedia":[{"embeddable":true,"href":"https:\/\/hannacosmetica.com\/fr\/wp-json\/wp\/v2\/media\/9541"}],"wp:attachment":[{"href":"https:\/\/hannacosmetica.com\/fr\/wp-json\/wp\/v2\/media?parent=9540"}],"wp:term":[{"taxonomy":"product_cat","embeddable":true,"href":"https:\/\/hannacosmetica.com\/fr\/wp-json\/wp\/v2\/product_cat?post=9540"},{"taxonomy":"product_tag","embeddable":true,"href":"https:\/\/hannacosmetica.com\/fr\/wp-json\/wp\/v2\/product_tag?post=9540"}],"curies":[{"name":"wp","href":"https:\/\/api.w.org\/{rel}","templated":true}]}}