{"id":9515,"date":"2022-11-15T11:55:57","date_gmt":"2022-11-15T11:55:57","guid":{"rendered":"https:\/\/hannacosmetica.com\/?post_type=product&#038;p=9515"},"modified":"2023-08-23T09:05:57","modified_gmt":"2023-08-23T09:05:57","slug":"pinza-metal-de-peluqueria-de-doble-punta-pinzas-de-cocodrilo-pinza-de-rizo","status":"publish","type":"product","link":"https:\/\/hannacosmetica.com\/fr\/tienda\/peluqueria\/complementos-peluqueria\/pinza-metal-de-peluqueria-de-doble-punta-pinzas-de-cocodrilo-pinza-de-rizo\/","title":{"rendered":"Pinza Metal de Peluquer\u00eda De Doble Punta \/Pinzas de Cocodrilo\/  Pinza de Rizo"},"content":{"rendered":"<ul class=\"a-unordered-list a-vertical a-spacing-mini\">\n<li><span class=\"a-list-item\">Material: hecho del metal niquelado con la superficie lisa, resistente al moho, y durable para la aplicaci\u00f3n a largo plazo; Adecuado para lograr rizos magn\u00edficos pin<\/span><\/li>\n<li><span class=\"a-list-item\">Clips caracter\u00edstica: 2 dientes para un agarre duradero, ronda, doble puntas permiten clip para deslizarse a trav\u00e9s del cabello f\u00e1cilmente, se puede aplicar para asegurar los rodillos en el cabello<\/span><\/li>\n<li><span class=\"a-list-item\">C\u00f3mo utilizar: crear una parte lateral profunda mientras que el pelo es medio seco, entonces, comience en los extremos del pelo, enrolle la secci\u00f3n en una posici\u00f3n de las agujas del reloj alrededor del dedo, y ponga los clips cerca de su cuero cabelludo como sea posible<\/span><\/li>\n<li><span class=\"a-list-item\">Uso con un rodillo de pelo: quitar estos clips suavemente despu\u00e9s de que su pelo est\u00e9 seco, seleccione un bloqueo de cabello y envolverlo alrededor del rodillo de los extremos a las ra\u00edces, peine suavemente sus rizos para lograr un aspecto glamoroso<\/span><\/li>\n<\/ul>","protected":false},"excerpt":{"rendered":"<p>Material: hecho del metal niquelado con la superficie lisa, resistente al moho, y durable para la aplicaci\u00f3n a largo plazo; Adecuado para&hellip;<\/p>","protected":false},"featured_media":9509,"comment_status":"open","ping_status":"closed","template":"","meta":[],"product_cat":[152,83],"product_tag":[],"yoast_head":"<!-- This site is optimized with the Yoast SEO plugin v19.9 - https:\/\/yoast.com\/wordpress\/plugins\/seo\/ -->\n<title>Pinza Metal de Peluquer\u00eda De Doble Punta \/Pinzas de Cocodrilo\/ Pinza de Rizo - Hanna Cosm\u00e9tica<\/title>\n<meta name=\"robots\" content=\"index, follow, max-snippet:-1, max-image-preview:large, max-video-preview:-1\" \/>\n<link rel=\"canonical\" href=\"https:\/\/hannacosmetica.com\/fr\/tienda\/peluqueria\/complementos-peluqueria\/pinza-metal-de-peluqueria-de-doble-punta-pinzas-de-cocodrilo-pinza-de-rizo\/\" \/>\n<meta property=\"og:locale\" content=\"fr_FR\" \/>\n<meta property=\"og:type\" content=\"article\" \/>\n<meta property=\"og:title\" content=\"Pinza Metal de Peluquer\u00eda De Doble Punta \/Pinzas de Cocodrilo\/ Pinza de Rizo - Hanna Cosm\u00e9tica\" \/>\n<meta property=\"og:description\" content=\"Material: hecho del metal niquelado con la superficie lisa, resistente al moho, y durable para la aplicaci\u00f3n a largo plazo; Adecuado para&hellip;\" \/>\n<meta property=\"og:url\" content=\"https:\/\/hannacosmetica.com\/fr\/tienda\/peluqueria\/complementos-peluqueria\/pinza-metal-de-peluqueria-de-doble-punta-pinzas-de-cocodrilo-pinza-de-rizo\/\" \/>\n<meta property=\"og:site_name\" content=\"Hanna Cosm\u00e9tica\" \/>\n<meta property=\"article:modified_time\" content=\"2023-08-23T09:05:57+00:00\" \/>\n<meta property=\"og:image\" content=\"https:\/\/hannacosmetica.com\/wp-content\/uploads\/2022\/11\/o\u00a1rta-tips-2022-11-15T123246.985-1520x1520.png\" \/>\n\t<meta property=\"og:image:width\" content=\"1520\" \/>\n\t<meta property=\"og:image:height\" content=\"1520\" \/>\n\t<meta property=\"og:image:type\" content=\"image\/png\" \/>\n<meta name=\"twitter:card\" content=\"summary_large_image\" \/>\n<script type=\"application\/ld+json\" class=\"yoast-schema-graph\">{\"@context\":\"https:\/\/schema.org\",\"@graph\":[{\"@type\":\"WebPage\",\"@id\":\"https:\/\/hannacosmetica.com\/tienda\/peluqueria\/complementos-peluqueria\/pinza-metal-de-peluqueria-de-doble-punta-pinzas-de-cocodrilo-pinza-de-rizo\/\",\"url\":\"https:\/\/hannacosmetica.com\/tienda\/peluqueria\/complementos-peluqueria\/pinza-metal-de-peluqueria-de-doble-punta-pinzas-de-cocodrilo-pinza-de-rizo\/\",\"name\":\"Pinza Metal de Peluquer\u00eda De Doble Punta \/Pinzas de Cocodrilo\/ Pinza de Rizo - Hanna Cosm\u00e9tica\",\"isPartOf\":{\"@id\":\"https:\/\/hannacosmetica.com\/#website\"},\"datePublished\":\"2022-11-15T11:55:57+00:00\",\"dateModified\":\"2023-08-23T09:05:57+00:00\",\"breadcrumb\":{\"@id\":\"https:\/\/hannacosmetica.com\/tienda\/peluqueria\/complementos-peluqueria\/pinza-metal-de-peluqueria-de-doble-punta-pinzas-de-cocodrilo-pinza-de-rizo\/#breadcrumb\"},\"inLanguage\":\"fr-FR\",\"potentialAction\":[{\"@type\":\"ReadAction\",\"target\":[\"https:\/\/hannacosmetica.com\/tienda\/peluqueria\/complementos-peluqueria\/pinza-metal-de-peluqueria-de-doble-punta-pinzas-de-cocodrilo-pinza-de-rizo\/\"]}]},{\"@type\":\"BreadcrumbList\",\"@id\":\"https:\/\/hannacosmetica.com\/tienda\/peluqueria\/complementos-peluqueria\/pinza-metal-de-peluqueria-de-doble-punta-pinzas-de-cocodrilo-pinza-de-rizo\/#breadcrumb\",\"itemListElement\":[{\"@type\":\"ListItem\",\"position\":1,\"name\":\"Portada\",\"item\":\"https:\/\/hannacosmetica.com\/\"},{\"@type\":\"ListItem\",\"position\":2,\"name\":\"Tienda\",\"item\":\"https:\/\/hannacosmetica.com\/shop\/\"},{\"@type\":\"ListItem\",\"position\":3,\"name\":\"Pinza Metal de Peluquer\u00eda De Doble Punta \/Pinzas de Cocodrilo\/ Pinza de Rizo\"}]},{\"@type\":\"WebSite\",\"@id\":\"https:\/\/hannacosmetica.com\/#website\",\"url\":\"https:\/\/hannacosmetica.com\/\",\"name\":\"Hanna Cosm\u00e9tica\",\"description\":\"Tienda de productos u\u00f1as, bellezas y peluquer\u00edas\",\"publisher\":{\"@id\":\"https:\/\/hannacosmetica.com\/#organization\"},\"potentialAction\":[{\"@type\":\"SearchAction\",\"target\":{\"@type\":\"EntryPoint\",\"urlTemplate\":\"https:\/\/hannacosmetica.com\/?s={search_term_string}\"},\"query-input\":\"required name=search_term_string\"}],\"inLanguage\":\"fr-FR\"},{\"@type\":\"Organization\",\"@id\":\"https:\/\/hannacosmetica.com\/#organization\",\"name\":\"Hanna Cosm\u00e9tica\",\"url\":\"https:\/\/hannacosmetica.com\/\",\"logo\":{\"@type\":\"ImageObject\",\"inLanguage\":\"fr-FR\",\"@id\":\"https:\/\/hannacosmetica.com\/#\/schema\/logo\/image\/\",\"url\":\"https:\/\/hannacosmetica.com\/wp-content\/uploads\/2022\/07\/Logo-Joyeria-Femenino-Floral-Negro.png\",\"contentUrl\":\"https:\/\/hannacosmetica.com\/wp-content\/uploads\/2022\/07\/Logo-Joyeria-Femenino-Floral-Negro.png\",\"width\":361,\"height\":126,\"caption\":\"Hanna Cosm\u00e9tica\"},\"image\":{\"@id\":\"https:\/\/hannacosmetica.com\/#\/schema\/logo\/image\/\"}}]}<\/script>\n<!-- \/ Yoast SEO plugin. -->","yoast_head_json":{"title":"Pinza Metal de Peluquer\u00eda De Doble Punta \/Pinzas de Cocodrilo\/ Pinza de Rizo - Hanna Cosm\u00e9tica","robots":{"index":"index","follow":"follow","max-snippet":"max-snippet:-1","max-image-preview":"max-image-preview:large","max-video-preview":"max-video-preview:-1"},"canonical":"https:\/\/hannacosmetica.com\/fr\/tienda\/peluqueria\/complementos-peluqueria\/pinza-metal-de-peluqueria-de-doble-punta-pinzas-de-cocodrilo-pinza-de-rizo\/","og_locale":"fr_FR","og_type":"article","og_title":"Pinza Metal de Peluquer\u00eda De Doble Punta \/Pinzas de Cocodrilo\/ Pinza de Rizo - Hanna Cosm\u00e9tica","og_description":"Material: hecho del metal niquelado con la superficie lisa, resistente al moho, y durable para la aplicaci\u00f3n a largo plazo; Adecuado para&hellip;","og_url":"https:\/\/hannacosmetica.com\/fr\/tienda\/peluqueria\/complementos-peluqueria\/pinza-metal-de-peluqueria-de-doble-punta-pinzas-de-cocodrilo-pinza-de-rizo\/","og_site_name":"Hanna Cosm\u00e9tica","article_modified_time":"2023-08-23T09:05:57+00:00","og_image":[{"width":1520,"height":1520,"url":"https:\/\/hannacosmetica.com\/wp-content\/uploads\/2022\/11\/o\u00a1rta-tips-2022-11-15T123246.985-1520x1520.png","type":"image\/png"}],"twitter_card":"summary_large_image","schema":{"@context":"https:\/\/schema.org","@graph":[{"@type":"WebPage","@id":"https:\/\/hannacosmetica.com\/tienda\/peluqueria\/complementos-peluqueria\/pinza-metal-de-peluqueria-de-doble-punta-pinzas-de-cocodrilo-pinza-de-rizo\/","url":"https:\/\/hannacosmetica.com\/tienda\/peluqueria\/complementos-peluqueria\/pinza-metal-de-peluqueria-de-doble-punta-pinzas-de-cocodrilo-pinza-de-rizo\/","name":"Pinza Metal de Peluquer\u00eda De Doble Punta \/Pinzas de Cocodrilo\/ Pinza de Rizo - Hanna Cosm\u00e9tica","isPartOf":{"@id":"https:\/\/hannacosmetica.com\/#website"},"datePublished":"2022-11-15T11:55:57+00:00","dateModified":"2023-08-23T09:05:57+00:00","breadcrumb":{"@id":"https:\/\/hannacosmetica.com\/tienda\/peluqueria\/complementos-peluqueria\/pinza-metal-de-peluqueria-de-doble-punta-pinzas-de-cocodrilo-pinza-de-rizo\/#breadcrumb"},"inLanguage":"fr-FR","potentialAction":[{"@type":"ReadAction","target":["https:\/\/hannacosmetica.com\/tienda\/peluqueria\/complementos-peluqueria\/pinza-metal-de-peluqueria-de-doble-punta-pinzas-de-cocodrilo-pinza-de-rizo\/"]}]},{"@type":"BreadcrumbList","@id":"https:\/\/hannacosmetica.com\/tienda\/peluqueria\/complementos-peluqueria\/pinza-metal-de-peluqueria-de-doble-punta-pinzas-de-cocodrilo-pinza-de-rizo\/#breadcrumb","itemListElement":[{"@type":"ListItem","position":1,"name":"Portada","item":"https:\/\/hannacosmetica.com\/"},{"@type":"ListItem","position":2,"name":"Tienda","item":"https:\/\/hannacosmetica.com\/shop\/"},{"@type":"ListItem","position":3,"name":"Pinza Metal de Peluquer\u00eda De Doble Punta \/Pinzas de Cocodrilo\/ Pinza de Rizo"}]},{"@type":"WebSite","@id":"https:\/\/hannacosmetica.com\/#website","url":"https:\/\/hannacosmetica.com\/","name":"Hanna Cosm\u00e9tica","description":"Tienda de productos u\u00f1as, bellezas y peluquer\u00edas","publisher":{"@id":"https:\/\/hannacosmetica.com\/#organization"},"potentialAction":[{"@type":"SearchAction","target":{"@type":"EntryPoint","urlTemplate":"https:\/\/hannacosmetica.com\/?s={search_term_string}"},"query-input":"required name=search_term_string"}],"inLanguage":"fr-FR"},{"@type":"Organization","@id":"https:\/\/hannacosmetica.com\/#organization","name":"Hanna Cosm\u00e9tica","url":"https:\/\/hannacosmetica.com\/","logo":{"@type":"ImageObject","inLanguage":"fr-FR","@id":"https:\/\/hannacosmetica.com\/#\/schema\/logo\/image\/","url":"https:\/\/hannacosmetica.com\/wp-content\/uploads\/2022\/07\/Logo-Joyeria-Femenino-Floral-Negro.png","contentUrl":"https:\/\/hannacosmetica.com\/wp-content\/uploads\/2022\/07\/Logo-Joyeria-Femenino-Floral-Negro.png","width":361,"height":126,"caption":"Hanna Cosm\u00e9tica"},"image":{"@id":"https:\/\/hannacosmetica.com\/#\/schema\/logo\/image\/"}}]}},"_links":{"self":[{"href":"https:\/\/hannacosmetica.com\/fr\/wp-json\/wp\/v2\/product\/9515"}],"collection":[{"href":"https:\/\/hannacosmetica.com\/fr\/wp-json\/wp\/v2\/product"}],"about":[{"href":"https:\/\/hannacosmetica.com\/fr\/wp-json\/wp\/v2\/types\/product"}],"replies":[{"embeddable":true,"href":"https:\/\/hannacosmetica.com\/fr\/wp-json\/wp\/v2\/comments?post=9515"}],"version-history":[{"count":1,"href":"https:\/\/hannacosmetica.com\/fr\/wp-json\/wp\/v2\/product\/9515\/revisions"}],"predecessor-version":[{"id":9516,"href":"https:\/\/hannacosmetica.com\/fr\/wp-json\/wp\/v2\/product\/9515\/revisions\/9516"}],"wp:featuredmedia":[{"embeddable":true,"href":"https:\/\/hannacosmetica.com\/fr\/wp-json\/wp\/v2\/media\/9509"}],"wp:attachment":[{"href":"https:\/\/hannacosmetica.com\/fr\/wp-json\/wp\/v2\/media?parent=9515"}],"wp:term":[{"taxonomy":"product_cat","embeddable":true,"href":"https:\/\/hannacosmetica.com\/fr\/wp-json\/wp\/v2\/product_cat?post=9515"},{"taxonomy":"product_tag","embeddable":true,"href":"https:\/\/hannacosmetica.com\/fr\/wp-json\/wp\/v2\/product_tag?post=9515"}],"curies":[{"name":"wp","href":"https:\/\/api.w.org\/{rel}","templated":true}]}}