{"id":9513,"date":"2022-11-15T11:51:16","date_gmt":"2022-11-15T11:51:16","guid":{"rendered":"https:\/\/hannacosmetica.com\/?post_type=product&#038;p=9513"},"modified":"2023-08-23T09:06:42","modified_gmt":"2023-08-23T09:06:42","slug":"pinza-metalica-de-cocodrilo-clips-de-rizo-pinza-de-pico-de-pato","status":"publish","type":"product","link":"https:\/\/hannacosmetica.com\/fr\/tienda\/peluqueria\/complementos-peluqueria\/pinza-metalica-de-cocodrilo-clips-de-rizo-pinza-de-pico-de-pato\/","title":{"rendered":"Pinza Met\u00e1lica de Cocodrilo\/ Clips de Rizo\/ Pinza de Pico de Pato"},"content":{"rendered":"<ul class=\"a-unordered-list a-vertical a-spacing-mini\">\n<li><span class=\"a-list-item\">\u3010Pinzas para el cabello profesionales\u3011 12 pinzas para peluquer\u00eda plateadas con dientes flexibles \u00fanicos a lo largo de los bordes. La parte inferior de metal de las pinzas para el cabello es delgada pero fuerte. Estos clips funcionan bien para seccionar el cabello y crear hermosos rizos.<\/span><\/li>\n<li><span class=\"a-list-item\">\u3010Material de alta calidad\u3011 Las pinzas para el cabello de pico de pato est\u00e1n hechas de aluminio anodizado con una superficie lisa. Son resistentes y no se oxidan f\u00e1cilmente, son duraderos y reutilizables, se pueden usar durante mucho tiempo.<\/span><\/li>\n<\/ul>","protected":false},"excerpt":{"rendered":"<p>\u3010Pinzas para el cabello profesionales\u3011 12 pinzas para peluquer\u00eda plateadas con dientes flexibles \u00fanicos a lo largo de los bordes. La parte&hellip;<\/p>","protected":false},"featured_media":9507,"comment_status":"open","ping_status":"closed","template":"","meta":[],"product_cat":[152,83],"product_tag":[],"yoast_head":"<!-- This site is optimized with the Yoast SEO plugin v19.9 - https:\/\/yoast.com\/wordpress\/plugins\/seo\/ -->\n<title>Pinza Met\u00e1lica de Cocodrilo\/ Clips de Rizo\/ Pinza de Pico de Pato - Hanna Cosm\u00e9tica<\/title>\n<meta name=\"robots\" content=\"index, follow, max-snippet:-1, max-image-preview:large, max-video-preview:-1\" \/>\n<link rel=\"canonical\" href=\"https:\/\/hannacosmetica.com\/fr\/tienda\/peluqueria\/complementos-peluqueria\/pinza-metalica-de-cocodrilo-clips-de-rizo-pinza-de-pico-de-pato\/\" \/>\n<meta property=\"og:locale\" content=\"fr_FR\" \/>\n<meta property=\"og:type\" content=\"article\" \/>\n<meta property=\"og:title\" content=\"Pinza Met\u00e1lica de Cocodrilo\/ Clips de Rizo\/ Pinza de Pico de Pato - Hanna Cosm\u00e9tica\" \/>\n<meta property=\"og:description\" content=\"\u3010Pinzas para el cabello profesionales\u3011 12 pinzas para peluquer\u00eda plateadas con dientes flexibles \u00fanicos a lo largo de los bordes. La parte&hellip;\" \/>\n<meta property=\"og:url\" content=\"https:\/\/hannacosmetica.com\/fr\/tienda\/peluqueria\/complementos-peluqueria\/pinza-metalica-de-cocodrilo-clips-de-rizo-pinza-de-pico-de-pato\/\" \/>\n<meta property=\"og:site_name\" content=\"Hanna Cosm\u00e9tica\" \/>\n<meta property=\"article:modified_time\" content=\"2023-08-23T09:06:42+00:00\" \/>\n<meta property=\"og:image\" content=\"https:\/\/hannacosmetica.com\/wp-content\/uploads\/2022\/11\/o\u00a1rta-tips-2022-11-15T120946.507-760x760.png\" \/>\n\t<meta property=\"og:image:width\" content=\"760\" \/>\n\t<meta property=\"og:image:height\" content=\"760\" \/>\n\t<meta property=\"og:image:type\" content=\"image\/png\" \/>\n<meta name=\"twitter:card\" content=\"summary_large_image\" \/>\n<script type=\"application\/ld+json\" class=\"yoast-schema-graph\">{\"@context\":\"https:\/\/schema.org\",\"@graph\":[{\"@type\":\"WebPage\",\"@id\":\"https:\/\/hannacosmetica.com\/tienda\/peluqueria\/complementos-peluqueria\/pinza-metalica-de-cocodrilo-clips-de-rizo-pinza-de-pico-de-pato\/\",\"url\":\"https:\/\/hannacosmetica.com\/tienda\/peluqueria\/complementos-peluqueria\/pinza-metalica-de-cocodrilo-clips-de-rizo-pinza-de-pico-de-pato\/\",\"name\":\"Pinza Met\u00e1lica de Cocodrilo\/ Clips de Rizo\/ Pinza de Pico de Pato - Hanna Cosm\u00e9tica\",\"isPartOf\":{\"@id\":\"https:\/\/hannacosmetica.com\/#website\"},\"datePublished\":\"2022-11-15T11:51:16+00:00\",\"dateModified\":\"2023-08-23T09:06:42+00:00\",\"breadcrumb\":{\"@id\":\"https:\/\/hannacosmetica.com\/tienda\/peluqueria\/complementos-peluqueria\/pinza-metalica-de-cocodrilo-clips-de-rizo-pinza-de-pico-de-pato\/#breadcrumb\"},\"inLanguage\":\"fr-FR\",\"potentialAction\":[{\"@type\":\"ReadAction\",\"target\":[\"https:\/\/hannacosmetica.com\/tienda\/peluqueria\/complementos-peluqueria\/pinza-metalica-de-cocodrilo-clips-de-rizo-pinza-de-pico-de-pato\/\"]}]},{\"@type\":\"BreadcrumbList\",\"@id\":\"https:\/\/hannacosmetica.com\/tienda\/peluqueria\/complementos-peluqueria\/pinza-metalica-de-cocodrilo-clips-de-rizo-pinza-de-pico-de-pato\/#breadcrumb\",\"itemListElement\":[{\"@type\":\"ListItem\",\"position\":1,\"name\":\"Portada\",\"item\":\"https:\/\/hannacosmetica.com\/\"},{\"@type\":\"ListItem\",\"position\":2,\"name\":\"Tienda\",\"item\":\"https:\/\/hannacosmetica.com\/shop\/\"},{\"@type\":\"ListItem\",\"position\":3,\"name\":\"Pinza Met\u00e1lica de Cocodrilo\/ Clips de Rizo\/ Pinza de Pico de Pato\"}]},{\"@type\":\"WebSite\",\"@id\":\"https:\/\/hannacosmetica.com\/#website\",\"url\":\"https:\/\/hannacosmetica.com\/\",\"name\":\"Hanna Cosm\u00e9tica\",\"description\":\"Tienda de productos u\u00f1as, bellezas y peluquer\u00edas\",\"publisher\":{\"@id\":\"https:\/\/hannacosmetica.com\/#organization\"},\"potentialAction\":[{\"@type\":\"SearchAction\",\"target\":{\"@type\":\"EntryPoint\",\"urlTemplate\":\"https:\/\/hannacosmetica.com\/?s={search_term_string}\"},\"query-input\":\"required name=search_term_string\"}],\"inLanguage\":\"fr-FR\"},{\"@type\":\"Organization\",\"@id\":\"https:\/\/hannacosmetica.com\/#organization\",\"name\":\"Hanna Cosm\u00e9tica\",\"url\":\"https:\/\/hannacosmetica.com\/\",\"logo\":{\"@type\":\"ImageObject\",\"inLanguage\":\"fr-FR\",\"@id\":\"https:\/\/hannacosmetica.com\/#\/schema\/logo\/image\/\",\"url\":\"https:\/\/hannacosmetica.com\/wp-content\/uploads\/2022\/07\/Logo-Joyeria-Femenino-Floral-Negro.png\",\"contentUrl\":\"https:\/\/hannacosmetica.com\/wp-content\/uploads\/2022\/07\/Logo-Joyeria-Femenino-Floral-Negro.png\",\"width\":361,\"height\":126,\"caption\":\"Hanna Cosm\u00e9tica\"},\"image\":{\"@id\":\"https:\/\/hannacosmetica.com\/#\/schema\/logo\/image\/\"}}]}<\/script>\n<!-- \/ Yoast SEO plugin. -->","yoast_head_json":{"title":"Pinza Met\u00e1lica de Cocodrilo\/ Clips de Rizo\/ Pinza de Pico de Pato - Hanna Cosm\u00e9tica","robots":{"index":"index","follow":"follow","max-snippet":"max-snippet:-1","max-image-preview":"max-image-preview:large","max-video-preview":"max-video-preview:-1"},"canonical":"https:\/\/hannacosmetica.com\/fr\/tienda\/peluqueria\/complementos-peluqueria\/pinza-metalica-de-cocodrilo-clips-de-rizo-pinza-de-pico-de-pato\/","og_locale":"fr_FR","og_type":"article","og_title":"Pinza Met\u00e1lica de Cocodrilo\/ Clips de Rizo\/ Pinza de Pico de Pato - Hanna Cosm\u00e9tica","og_description":"\u3010Pinzas para el cabello profesionales\u3011 12 pinzas para peluquer\u00eda plateadas con dientes flexibles \u00fanicos a lo largo de los bordes. La parte&hellip;","og_url":"https:\/\/hannacosmetica.com\/fr\/tienda\/peluqueria\/complementos-peluqueria\/pinza-metalica-de-cocodrilo-clips-de-rizo-pinza-de-pico-de-pato\/","og_site_name":"Hanna Cosm\u00e9tica","article_modified_time":"2023-08-23T09:06:42+00:00","og_image":[{"width":760,"height":760,"url":"https:\/\/hannacosmetica.com\/wp-content\/uploads\/2022\/11\/o\u00a1rta-tips-2022-11-15T120946.507-760x760.png","type":"image\/png"}],"twitter_card":"summary_large_image","schema":{"@context":"https:\/\/schema.org","@graph":[{"@type":"WebPage","@id":"https:\/\/hannacosmetica.com\/tienda\/peluqueria\/complementos-peluqueria\/pinza-metalica-de-cocodrilo-clips-de-rizo-pinza-de-pico-de-pato\/","url":"https:\/\/hannacosmetica.com\/tienda\/peluqueria\/complementos-peluqueria\/pinza-metalica-de-cocodrilo-clips-de-rizo-pinza-de-pico-de-pato\/","name":"Pinza Met\u00e1lica de Cocodrilo\/ Clips de Rizo\/ Pinza de Pico de Pato - Hanna Cosm\u00e9tica","isPartOf":{"@id":"https:\/\/hannacosmetica.com\/#website"},"datePublished":"2022-11-15T11:51:16+00:00","dateModified":"2023-08-23T09:06:42+00:00","breadcrumb":{"@id":"https:\/\/hannacosmetica.com\/tienda\/peluqueria\/complementos-peluqueria\/pinza-metalica-de-cocodrilo-clips-de-rizo-pinza-de-pico-de-pato\/#breadcrumb"},"inLanguage":"fr-FR","potentialAction":[{"@type":"ReadAction","target":["https:\/\/hannacosmetica.com\/tienda\/peluqueria\/complementos-peluqueria\/pinza-metalica-de-cocodrilo-clips-de-rizo-pinza-de-pico-de-pato\/"]}]},{"@type":"BreadcrumbList","@id":"https:\/\/hannacosmetica.com\/tienda\/peluqueria\/complementos-peluqueria\/pinza-metalica-de-cocodrilo-clips-de-rizo-pinza-de-pico-de-pato\/#breadcrumb","itemListElement":[{"@type":"ListItem","position":1,"name":"Portada","item":"https:\/\/hannacosmetica.com\/"},{"@type":"ListItem","position":2,"name":"Tienda","item":"https:\/\/hannacosmetica.com\/shop\/"},{"@type":"ListItem","position":3,"name":"Pinza Met\u00e1lica de Cocodrilo\/ Clips de Rizo\/ Pinza de Pico de Pato"}]},{"@type":"WebSite","@id":"https:\/\/hannacosmetica.com\/#website","url":"https:\/\/hannacosmetica.com\/","name":"Hanna Cosm\u00e9tica","description":"Tienda de productos u\u00f1as, bellezas y peluquer\u00edas","publisher":{"@id":"https:\/\/hannacosmetica.com\/#organization"},"potentialAction":[{"@type":"SearchAction","target":{"@type":"EntryPoint","urlTemplate":"https:\/\/hannacosmetica.com\/?s={search_term_string}"},"query-input":"required name=search_term_string"}],"inLanguage":"fr-FR"},{"@type":"Organization","@id":"https:\/\/hannacosmetica.com\/#organization","name":"Hanna Cosm\u00e9tica","url":"https:\/\/hannacosmetica.com\/","logo":{"@type":"ImageObject","inLanguage":"fr-FR","@id":"https:\/\/hannacosmetica.com\/#\/schema\/logo\/image\/","url":"https:\/\/hannacosmetica.com\/wp-content\/uploads\/2022\/07\/Logo-Joyeria-Femenino-Floral-Negro.png","contentUrl":"https:\/\/hannacosmetica.com\/wp-content\/uploads\/2022\/07\/Logo-Joyeria-Femenino-Floral-Negro.png","width":361,"height":126,"caption":"Hanna Cosm\u00e9tica"},"image":{"@id":"https:\/\/hannacosmetica.com\/#\/schema\/logo\/image\/"}}]}},"_links":{"self":[{"href":"https:\/\/hannacosmetica.com\/fr\/wp-json\/wp\/v2\/product\/9513"}],"collection":[{"href":"https:\/\/hannacosmetica.com\/fr\/wp-json\/wp\/v2\/product"}],"about":[{"href":"https:\/\/hannacosmetica.com\/fr\/wp-json\/wp\/v2\/types\/product"}],"replies":[{"embeddable":true,"href":"https:\/\/hannacosmetica.com\/fr\/wp-json\/wp\/v2\/comments?post=9513"}],"version-history":[{"count":1,"href":"https:\/\/hannacosmetica.com\/fr\/wp-json\/wp\/v2\/product\/9513\/revisions"}],"predecessor-version":[{"id":9514,"href":"https:\/\/hannacosmetica.com\/fr\/wp-json\/wp\/v2\/product\/9513\/revisions\/9514"}],"wp:featuredmedia":[{"embeddable":true,"href":"https:\/\/hannacosmetica.com\/fr\/wp-json\/wp\/v2\/media\/9507"}],"wp:attachment":[{"href":"https:\/\/hannacosmetica.com\/fr\/wp-json\/wp\/v2\/media?parent=9513"}],"wp:term":[{"taxonomy":"product_cat","embeddable":true,"href":"https:\/\/hannacosmetica.com\/fr\/wp-json\/wp\/v2\/product_cat?post=9513"},{"taxonomy":"product_tag","embeddable":true,"href":"https:\/\/hannacosmetica.com\/fr\/wp-json\/wp\/v2\/product_tag?post=9513"}],"curies":[{"name":"wp","href":"https:\/\/api.w.org\/{rel}","templated":true}]}}