{"id":9433,"date":"2022-11-14T15:34:09","date_gmt":"2022-11-14T15:34:09","guid":{"rendered":"https:\/\/hannacosmetica.com\/?post_type=product&#038;p=9433"},"modified":"2023-08-23T09:13:09","modified_gmt":"2023-08-23T09:13:09","slug":"tijeras-profesional-de-corte-eurostil","status":"publish","type":"product","link":"https:\/\/hannacosmetica.com\/fr\/tienda\/peluqueria\/barberia-caballero\/tijeras-profesional-de-corte-eurostil\/","title":{"rendered":"Tijeras  Profesional de  Corte 6\u00bb Eurostil"},"content":{"rendered":"<p><em><strong>Tijeras profesionales de corte \u00a06&#8243; evolute line Eurostil para peluquer\u00eda y barber\u00eda.<\/strong><\/em><\/p>\n<p>Material: acero martens\u00edtico 4Cr<\/p>\n<p>\u2022 Dureza: 51-52HRC- Acabado: mate<\/p>\n<p>\u2022 Apoya dedos extra\u00edble.<\/p>\n<p>Hoja convexa<\/p>\n<p>incluye bote de aceite<\/p>","protected":false},"excerpt":{"rendered":"<p>Tijeras profesionales de corte \u00a06&#8243; evolute line Eurostil para peluquer\u00eda y barber\u00eda. Material: acero martens\u00edtico 4Cr \u2022 Dureza: 51-52HRC- Acabado: mate \u2022&hellip;<\/p>","protected":false},"featured_media":9434,"comment_status":"open","ping_status":"closed","template":"","meta":[],"product_cat":[153,152,83,112],"product_tag":[],"yoast_head":"<!-- This site is optimized with the Yoast SEO plugin v19.9 - https:\/\/yoast.com\/wordpress\/plugins\/seo\/ -->\n<title>Tijeras Profesional de Corte 6&#039;&#039; Eurostil - Hanna Cosm\u00e9tica<\/title>\n<meta name=\"robots\" content=\"index, follow, max-snippet:-1, max-image-preview:large, max-video-preview:-1\" \/>\n<link rel=\"canonical\" href=\"https:\/\/hannacosmetica.com\/fr\/tienda\/peluqueria\/barberia-caballero\/tijeras-profesional-de-corte-eurostil\/\" \/>\n<meta property=\"og:locale\" content=\"fr_FR\" \/>\n<meta property=\"og:type\" content=\"article\" \/>\n<meta property=\"og:title\" content=\"Tijeras Profesional de Corte 6&#039;&#039; Eurostil - Hanna Cosm\u00e9tica\" \/>\n<meta property=\"og:description\" content=\"Tijeras profesionales de corte \u00a06&#8243; evolute line Eurostil para peluquer\u00eda y barber\u00eda. Material: acero martens\u00edtico 4Cr \u2022 Dureza: 51-52HRC- Acabado: mate \u2022&hellip;\" \/>\n<meta property=\"og:url\" content=\"https:\/\/hannacosmetica.com\/fr\/tienda\/peluqueria\/barberia-caballero\/tijeras-profesional-de-corte-eurostil\/\" \/>\n<meta property=\"og:site_name\" content=\"Hanna Cosm\u00e9tica\" \/>\n<meta property=\"article:modified_time\" content=\"2023-08-23T09:13:09+00:00\" \/>\n<meta property=\"og:image\" content=\"https:\/\/hannacosmetica.com\/wp-content\/uploads\/2022\/11\/o\u00a1rta-tips-2022-11-14T162921.997-1520x1520.png\" \/>\n\t<meta property=\"og:image:width\" content=\"1520\" \/>\n\t<meta property=\"og:image:height\" content=\"1520\" \/>\n\t<meta property=\"og:image:type\" content=\"image\/png\" \/>\n<meta name=\"twitter:card\" content=\"summary_large_image\" \/>\n<script type=\"application\/ld+json\" class=\"yoast-schema-graph\">{\"@context\":\"https:\/\/schema.org\",\"@graph\":[{\"@type\":\"WebPage\",\"@id\":\"https:\/\/hannacosmetica.com\/tienda\/peluqueria\/barberia-caballero\/tijeras-profesional-de-corte-eurostil\/\",\"url\":\"https:\/\/hannacosmetica.com\/tienda\/peluqueria\/barberia-caballero\/tijeras-profesional-de-corte-eurostil\/\",\"name\":\"Tijeras Profesional de Corte 6'' Eurostil - Hanna Cosm\u00e9tica\",\"isPartOf\":{\"@id\":\"https:\/\/hannacosmetica.com\/#website\"},\"datePublished\":\"2022-11-14T15:34:09+00:00\",\"dateModified\":\"2023-08-23T09:13:09+00:00\",\"breadcrumb\":{\"@id\":\"https:\/\/hannacosmetica.com\/tienda\/peluqueria\/barberia-caballero\/tijeras-profesional-de-corte-eurostil\/#breadcrumb\"},\"inLanguage\":\"fr-FR\",\"potentialAction\":[{\"@type\":\"ReadAction\",\"target\":[\"https:\/\/hannacosmetica.com\/tienda\/peluqueria\/barberia-caballero\/tijeras-profesional-de-corte-eurostil\/\"]}]},{\"@type\":\"BreadcrumbList\",\"@id\":\"https:\/\/hannacosmetica.com\/tienda\/peluqueria\/barberia-caballero\/tijeras-profesional-de-corte-eurostil\/#breadcrumb\",\"itemListElement\":[{\"@type\":\"ListItem\",\"position\":1,\"name\":\"Portada\",\"item\":\"https:\/\/hannacosmetica.com\/\"},{\"@type\":\"ListItem\",\"position\":2,\"name\":\"Tienda\",\"item\":\"https:\/\/hannacosmetica.com\/shop\/\"},{\"@type\":\"ListItem\",\"position\":3,\"name\":\"Tijeras Profesional de Corte 6\u00bb Eurostil\"}]},{\"@type\":\"WebSite\",\"@id\":\"https:\/\/hannacosmetica.com\/#website\",\"url\":\"https:\/\/hannacosmetica.com\/\",\"name\":\"Hanna Cosm\u00e9tica\",\"description\":\"Tienda de productos u\u00f1as, bellezas y peluquer\u00edas\",\"publisher\":{\"@id\":\"https:\/\/hannacosmetica.com\/#organization\"},\"potentialAction\":[{\"@type\":\"SearchAction\",\"target\":{\"@type\":\"EntryPoint\",\"urlTemplate\":\"https:\/\/hannacosmetica.com\/?s={search_term_string}\"},\"query-input\":\"required name=search_term_string\"}],\"inLanguage\":\"fr-FR\"},{\"@type\":\"Organization\",\"@id\":\"https:\/\/hannacosmetica.com\/#organization\",\"name\":\"Hanna Cosm\u00e9tica\",\"url\":\"https:\/\/hannacosmetica.com\/\",\"logo\":{\"@type\":\"ImageObject\",\"inLanguage\":\"fr-FR\",\"@id\":\"https:\/\/hannacosmetica.com\/#\/schema\/logo\/image\/\",\"url\":\"https:\/\/hannacosmetica.com\/wp-content\/uploads\/2022\/07\/Logo-Joyeria-Femenino-Floral-Negro.png\",\"contentUrl\":\"https:\/\/hannacosmetica.com\/wp-content\/uploads\/2022\/07\/Logo-Joyeria-Femenino-Floral-Negro.png\",\"width\":361,\"height\":126,\"caption\":\"Hanna Cosm\u00e9tica\"},\"image\":{\"@id\":\"https:\/\/hannacosmetica.com\/#\/schema\/logo\/image\/\"}}]}<\/script>\n<!-- \/ Yoast SEO plugin. -->","yoast_head_json":{"title":"Tijeras Profesional de Corte 6'' Eurostil - Hanna Cosm\u00e9tica","robots":{"index":"index","follow":"follow","max-snippet":"max-snippet:-1","max-image-preview":"max-image-preview:large","max-video-preview":"max-video-preview:-1"},"canonical":"https:\/\/hannacosmetica.com\/fr\/tienda\/peluqueria\/barberia-caballero\/tijeras-profesional-de-corte-eurostil\/","og_locale":"fr_FR","og_type":"article","og_title":"Tijeras Profesional de Corte 6'' Eurostil - Hanna Cosm\u00e9tica","og_description":"Tijeras profesionales de corte \u00a06&#8243; evolute line Eurostil para peluquer\u00eda y barber\u00eda. Material: acero martens\u00edtico 4Cr \u2022 Dureza: 51-52HRC- Acabado: mate \u2022&hellip;","og_url":"https:\/\/hannacosmetica.com\/fr\/tienda\/peluqueria\/barberia-caballero\/tijeras-profesional-de-corte-eurostil\/","og_site_name":"Hanna Cosm\u00e9tica","article_modified_time":"2023-08-23T09:13:09+00:00","og_image":[{"width":1520,"height":1520,"url":"https:\/\/hannacosmetica.com\/wp-content\/uploads\/2022\/11\/o\u00a1rta-tips-2022-11-14T162921.997-1520x1520.png","type":"image\/png"}],"twitter_card":"summary_large_image","schema":{"@context":"https:\/\/schema.org","@graph":[{"@type":"WebPage","@id":"https:\/\/hannacosmetica.com\/tienda\/peluqueria\/barberia-caballero\/tijeras-profesional-de-corte-eurostil\/","url":"https:\/\/hannacosmetica.com\/tienda\/peluqueria\/barberia-caballero\/tijeras-profesional-de-corte-eurostil\/","name":"Tijeras Profesional de Corte 6'' Eurostil - Hanna Cosm\u00e9tica","isPartOf":{"@id":"https:\/\/hannacosmetica.com\/#website"},"datePublished":"2022-11-14T15:34:09+00:00","dateModified":"2023-08-23T09:13:09+00:00","breadcrumb":{"@id":"https:\/\/hannacosmetica.com\/tienda\/peluqueria\/barberia-caballero\/tijeras-profesional-de-corte-eurostil\/#breadcrumb"},"inLanguage":"fr-FR","potentialAction":[{"@type":"ReadAction","target":["https:\/\/hannacosmetica.com\/tienda\/peluqueria\/barberia-caballero\/tijeras-profesional-de-corte-eurostil\/"]}]},{"@type":"BreadcrumbList","@id":"https:\/\/hannacosmetica.com\/tienda\/peluqueria\/barberia-caballero\/tijeras-profesional-de-corte-eurostil\/#breadcrumb","itemListElement":[{"@type":"ListItem","position":1,"name":"Portada","item":"https:\/\/hannacosmetica.com\/"},{"@type":"ListItem","position":2,"name":"Tienda","item":"https:\/\/hannacosmetica.com\/shop\/"},{"@type":"ListItem","position":3,"name":"Tijeras Profesional de Corte 6\u00bb Eurostil"}]},{"@type":"WebSite","@id":"https:\/\/hannacosmetica.com\/#website","url":"https:\/\/hannacosmetica.com\/","name":"Hanna Cosm\u00e9tica","description":"Tienda de productos u\u00f1as, bellezas y peluquer\u00edas","publisher":{"@id":"https:\/\/hannacosmetica.com\/#organization"},"potentialAction":[{"@type":"SearchAction","target":{"@type":"EntryPoint","urlTemplate":"https:\/\/hannacosmetica.com\/?s={search_term_string}"},"query-input":"required name=search_term_string"}],"inLanguage":"fr-FR"},{"@type":"Organization","@id":"https:\/\/hannacosmetica.com\/#organization","name":"Hanna Cosm\u00e9tica","url":"https:\/\/hannacosmetica.com\/","logo":{"@type":"ImageObject","inLanguage":"fr-FR","@id":"https:\/\/hannacosmetica.com\/#\/schema\/logo\/image\/","url":"https:\/\/hannacosmetica.com\/wp-content\/uploads\/2022\/07\/Logo-Joyeria-Femenino-Floral-Negro.png","contentUrl":"https:\/\/hannacosmetica.com\/wp-content\/uploads\/2022\/07\/Logo-Joyeria-Femenino-Floral-Negro.png","width":361,"height":126,"caption":"Hanna Cosm\u00e9tica"},"image":{"@id":"https:\/\/hannacosmetica.com\/#\/schema\/logo\/image\/"}}]}},"_links":{"self":[{"href":"https:\/\/hannacosmetica.com\/fr\/wp-json\/wp\/v2\/product\/9433"}],"collection":[{"href":"https:\/\/hannacosmetica.com\/fr\/wp-json\/wp\/v2\/product"}],"about":[{"href":"https:\/\/hannacosmetica.com\/fr\/wp-json\/wp\/v2\/types\/product"}],"replies":[{"embeddable":true,"href":"https:\/\/hannacosmetica.com\/fr\/wp-json\/wp\/v2\/comments?post=9433"}],"version-history":[{"count":2,"href":"https:\/\/hannacosmetica.com\/fr\/wp-json\/wp\/v2\/product\/9433\/revisions"}],"predecessor-version":[{"id":9438,"href":"https:\/\/hannacosmetica.com\/fr\/wp-json\/wp\/v2\/product\/9433\/revisions\/9438"}],"wp:featuredmedia":[{"embeddable":true,"href":"https:\/\/hannacosmetica.com\/fr\/wp-json\/wp\/v2\/media\/9434"}],"wp:attachment":[{"href":"https:\/\/hannacosmetica.com\/fr\/wp-json\/wp\/v2\/media?parent=9433"}],"wp:term":[{"taxonomy":"product_cat","embeddable":true,"href":"https:\/\/hannacosmetica.com\/fr\/wp-json\/wp\/v2\/product_cat?post=9433"},{"taxonomy":"product_tag","embeddable":true,"href":"https:\/\/hannacosmetica.com\/fr\/wp-json\/wp\/v2\/product_tag?post=9433"}],"curies":[{"name":"wp","href":"https:\/\/api.w.org\/{rel}","templated":true}]}}