{"id":9419,"date":"2022-11-14T14:42:41","date_gmt":"2022-11-14T14:42:41","guid":{"rendered":"https:\/\/hannacosmetica.com\/?post_type=product&#038;p=9419"},"modified":"2023-08-23T12:51:58","modified_gmt":"2023-08-23T12:51:58","slug":"peine-de-dientes-anchos-para-desenredar-peine-para-cabello-rizado-pequeno","status":"publish","type":"product","link":"https:\/\/hannacosmetica.com\/fr\/tienda\/peluqueria\/complementos-peluqueria\/peine-de-dientes-anchos-para-desenredar-peine-para-cabello-rizado-pequeno\/","title":{"rendered":"Peine de Dientes Anchos para Desenredar \/ Peine para Cabello Rizado peque\u00f1o"},"content":{"rendered":"<ul>\n<li>Ligero pero resistente y no f\u00e1cil de romper, se puede aplicar durante mucho tiempo.<\/li>\n<\/ul>\n<ul class=\"a-unordered-list a-vertical a-spacing-mini\">\n<li><span class=\"a-list-item\">\u00a0El peine de dientes ancho sin dise\u00f1o de manija se puede colocar f\u00e1cilmente en la bolsa sin tomar demasiado \u00e1rea, lo que es conveniente para transportar al viajar.Puedes peinar tu cabello en cualquier momento, en cualquier lugar.<\/span><\/li>\n<li><span class=\"a-list-item\">\u25a1 Peine de dientes grandes de peluquer\u00eda, f\u00e1cil de estilo con un peine, ayud\u00e1ndole a administrar f\u00e1cilmente todo tipo de cabello rizado, pelo grueso, pelo largo y cabello mojado, resistencia a alta temperatura, sin cabello colgante, sin nudos, f\u00e1ciles de manejar.<\/span><\/li>\n<\/ul>","protected":false},"excerpt":{"rendered":"<p>Ligero pero resistente y no f\u00e1cil de romper, se puede aplicar durante mucho tiempo. \u00a0El peine de dientes ancho sin dise\u00f1o de&hellip;<\/p>","protected":false},"featured_media":9413,"comment_status":"open","ping_status":"closed","template":"","meta":[],"product_cat":[152,83],"product_tag":[],"yoast_head":"<!-- This site is optimized with the Yoast SEO plugin v19.9 - https:\/\/yoast.com\/wordpress\/plugins\/seo\/ -->\n<title>Peine de Dientes Anchos para Desenredar \/ Peine para Cabello Rizado peque\u00f1o - Hanna Cosm\u00e9tica<\/title>\n<meta name=\"robots\" content=\"index, follow, max-snippet:-1, max-image-preview:large, max-video-preview:-1\" \/>\n<link rel=\"canonical\" href=\"https:\/\/hannacosmetica.com\/fr\/tienda\/peluqueria\/complementos-peluqueria\/peine-de-dientes-anchos-para-desenredar-peine-para-cabello-rizado-pequeno\/\" \/>\n<meta property=\"og:locale\" content=\"fr_FR\" \/>\n<meta property=\"og:type\" content=\"article\" \/>\n<meta property=\"og:title\" content=\"Peine de Dientes Anchos para Desenredar \/ Peine para Cabello Rizado peque\u00f1o - Hanna Cosm\u00e9tica\" \/>\n<meta property=\"og:description\" content=\"Ligero pero resistente y no f\u00e1cil de romper, se puede aplicar durante mucho tiempo. \u00a0El peine de dientes ancho sin dise\u00f1o de&hellip;\" \/>\n<meta property=\"og:url\" content=\"https:\/\/hannacosmetica.com\/fr\/tienda\/peluqueria\/complementos-peluqueria\/peine-de-dientes-anchos-para-desenredar-peine-para-cabello-rizado-pequeno\/\" \/>\n<meta property=\"og:site_name\" content=\"Hanna Cosm\u00e9tica\" \/>\n<meta property=\"article:modified_time\" content=\"2023-08-23T12:51:58+00:00\" \/>\n<meta property=\"og:image\" content=\"https:\/\/hannacosmetica.com\/wp-content\/uploads\/2022\/11\/o\u00a1rta-tips-2022-11-14T151225.872-1520x1520.png\" \/>\n\t<meta property=\"og:image:width\" content=\"1520\" \/>\n\t<meta property=\"og:image:height\" content=\"1520\" \/>\n\t<meta property=\"og:image:type\" content=\"image\/png\" \/>\n<meta name=\"twitter:card\" content=\"summary_large_image\" \/>\n<script type=\"application\/ld+json\" class=\"yoast-schema-graph\">{\"@context\":\"https:\/\/schema.org\",\"@graph\":[{\"@type\":\"WebPage\",\"@id\":\"https:\/\/hannacosmetica.com\/tienda\/peluqueria\/complementos-peluqueria\/peine-de-dientes-anchos-para-desenredar-peine-para-cabello-rizado-pequeno\/\",\"url\":\"https:\/\/hannacosmetica.com\/tienda\/peluqueria\/complementos-peluqueria\/peine-de-dientes-anchos-para-desenredar-peine-para-cabello-rizado-pequeno\/\",\"name\":\"Peine de Dientes Anchos para Desenredar \/ Peine para Cabello Rizado peque\u00f1o - Hanna Cosm\u00e9tica\",\"isPartOf\":{\"@id\":\"https:\/\/hannacosmetica.com\/#website\"},\"datePublished\":\"2022-11-14T14:42:41+00:00\",\"dateModified\":\"2023-08-23T12:51:58+00:00\",\"breadcrumb\":{\"@id\":\"https:\/\/hannacosmetica.com\/tienda\/peluqueria\/complementos-peluqueria\/peine-de-dientes-anchos-para-desenredar-peine-para-cabello-rizado-pequeno\/#breadcrumb\"},\"inLanguage\":\"fr-FR\",\"potentialAction\":[{\"@type\":\"ReadAction\",\"target\":[\"https:\/\/hannacosmetica.com\/tienda\/peluqueria\/complementos-peluqueria\/peine-de-dientes-anchos-para-desenredar-peine-para-cabello-rizado-pequeno\/\"]}]},{\"@type\":\"BreadcrumbList\",\"@id\":\"https:\/\/hannacosmetica.com\/tienda\/peluqueria\/complementos-peluqueria\/peine-de-dientes-anchos-para-desenredar-peine-para-cabello-rizado-pequeno\/#breadcrumb\",\"itemListElement\":[{\"@type\":\"ListItem\",\"position\":1,\"name\":\"Portada\",\"item\":\"https:\/\/hannacosmetica.com\/\"},{\"@type\":\"ListItem\",\"position\":2,\"name\":\"Tienda\",\"item\":\"https:\/\/hannacosmetica.com\/shop\/\"},{\"@type\":\"ListItem\",\"position\":3,\"name\":\"Peine de Dientes Anchos para Desenredar \/ Peine para Cabello Rizado peque\u00f1o\"}]},{\"@type\":\"WebSite\",\"@id\":\"https:\/\/hannacosmetica.com\/#website\",\"url\":\"https:\/\/hannacosmetica.com\/\",\"name\":\"Hanna Cosm\u00e9tica\",\"description\":\"Tienda de productos u\u00f1as, bellezas y peluquer\u00edas\",\"publisher\":{\"@id\":\"https:\/\/hannacosmetica.com\/#organization\"},\"potentialAction\":[{\"@type\":\"SearchAction\",\"target\":{\"@type\":\"EntryPoint\",\"urlTemplate\":\"https:\/\/hannacosmetica.com\/?s={search_term_string}\"},\"query-input\":\"required name=search_term_string\"}],\"inLanguage\":\"fr-FR\"},{\"@type\":\"Organization\",\"@id\":\"https:\/\/hannacosmetica.com\/#organization\",\"name\":\"Hanna Cosm\u00e9tica\",\"url\":\"https:\/\/hannacosmetica.com\/\",\"logo\":{\"@type\":\"ImageObject\",\"inLanguage\":\"fr-FR\",\"@id\":\"https:\/\/hannacosmetica.com\/#\/schema\/logo\/image\/\",\"url\":\"https:\/\/hannacosmetica.com\/wp-content\/uploads\/2022\/07\/Logo-Joyeria-Femenino-Floral-Negro.png\",\"contentUrl\":\"https:\/\/hannacosmetica.com\/wp-content\/uploads\/2022\/07\/Logo-Joyeria-Femenino-Floral-Negro.png\",\"width\":361,\"height\":126,\"caption\":\"Hanna Cosm\u00e9tica\"},\"image\":{\"@id\":\"https:\/\/hannacosmetica.com\/#\/schema\/logo\/image\/\"}}]}<\/script>\n<!-- \/ Yoast SEO plugin. -->","yoast_head_json":{"title":"Peine de Dientes Anchos para Desenredar \/ Peine para Cabello Rizado peque\u00f1o - Hanna Cosm\u00e9tica","robots":{"index":"index","follow":"follow","max-snippet":"max-snippet:-1","max-image-preview":"max-image-preview:large","max-video-preview":"max-video-preview:-1"},"canonical":"https:\/\/hannacosmetica.com\/fr\/tienda\/peluqueria\/complementos-peluqueria\/peine-de-dientes-anchos-para-desenredar-peine-para-cabello-rizado-pequeno\/","og_locale":"fr_FR","og_type":"article","og_title":"Peine de Dientes Anchos para Desenredar \/ Peine para Cabello Rizado peque\u00f1o - Hanna Cosm\u00e9tica","og_description":"Ligero pero resistente y no f\u00e1cil de romper, se puede aplicar durante mucho tiempo. \u00a0El peine de dientes ancho sin dise\u00f1o de&hellip;","og_url":"https:\/\/hannacosmetica.com\/fr\/tienda\/peluqueria\/complementos-peluqueria\/peine-de-dientes-anchos-para-desenredar-peine-para-cabello-rizado-pequeno\/","og_site_name":"Hanna Cosm\u00e9tica","article_modified_time":"2023-08-23T12:51:58+00:00","og_image":[{"width":1520,"height":1520,"url":"https:\/\/hannacosmetica.com\/wp-content\/uploads\/2022\/11\/o\u00a1rta-tips-2022-11-14T151225.872-1520x1520.png","type":"image\/png"}],"twitter_card":"summary_large_image","schema":{"@context":"https:\/\/schema.org","@graph":[{"@type":"WebPage","@id":"https:\/\/hannacosmetica.com\/tienda\/peluqueria\/complementos-peluqueria\/peine-de-dientes-anchos-para-desenredar-peine-para-cabello-rizado-pequeno\/","url":"https:\/\/hannacosmetica.com\/tienda\/peluqueria\/complementos-peluqueria\/peine-de-dientes-anchos-para-desenredar-peine-para-cabello-rizado-pequeno\/","name":"Peine de Dientes Anchos para Desenredar \/ Peine para Cabello Rizado peque\u00f1o - Hanna Cosm\u00e9tica","isPartOf":{"@id":"https:\/\/hannacosmetica.com\/#website"},"datePublished":"2022-11-14T14:42:41+00:00","dateModified":"2023-08-23T12:51:58+00:00","breadcrumb":{"@id":"https:\/\/hannacosmetica.com\/tienda\/peluqueria\/complementos-peluqueria\/peine-de-dientes-anchos-para-desenredar-peine-para-cabello-rizado-pequeno\/#breadcrumb"},"inLanguage":"fr-FR","potentialAction":[{"@type":"ReadAction","target":["https:\/\/hannacosmetica.com\/tienda\/peluqueria\/complementos-peluqueria\/peine-de-dientes-anchos-para-desenredar-peine-para-cabello-rizado-pequeno\/"]}]},{"@type":"BreadcrumbList","@id":"https:\/\/hannacosmetica.com\/tienda\/peluqueria\/complementos-peluqueria\/peine-de-dientes-anchos-para-desenredar-peine-para-cabello-rizado-pequeno\/#breadcrumb","itemListElement":[{"@type":"ListItem","position":1,"name":"Portada","item":"https:\/\/hannacosmetica.com\/"},{"@type":"ListItem","position":2,"name":"Tienda","item":"https:\/\/hannacosmetica.com\/shop\/"},{"@type":"ListItem","position":3,"name":"Peine de Dientes Anchos para Desenredar \/ Peine para Cabello Rizado peque\u00f1o"}]},{"@type":"WebSite","@id":"https:\/\/hannacosmetica.com\/#website","url":"https:\/\/hannacosmetica.com\/","name":"Hanna Cosm\u00e9tica","description":"Tienda de productos u\u00f1as, bellezas y peluquer\u00edas","publisher":{"@id":"https:\/\/hannacosmetica.com\/#organization"},"potentialAction":[{"@type":"SearchAction","target":{"@type":"EntryPoint","urlTemplate":"https:\/\/hannacosmetica.com\/?s={search_term_string}"},"query-input":"required name=search_term_string"}],"inLanguage":"fr-FR"},{"@type":"Organization","@id":"https:\/\/hannacosmetica.com\/#organization","name":"Hanna Cosm\u00e9tica","url":"https:\/\/hannacosmetica.com\/","logo":{"@type":"ImageObject","inLanguage":"fr-FR","@id":"https:\/\/hannacosmetica.com\/#\/schema\/logo\/image\/","url":"https:\/\/hannacosmetica.com\/wp-content\/uploads\/2022\/07\/Logo-Joyeria-Femenino-Floral-Negro.png","contentUrl":"https:\/\/hannacosmetica.com\/wp-content\/uploads\/2022\/07\/Logo-Joyeria-Femenino-Floral-Negro.png","width":361,"height":126,"caption":"Hanna Cosm\u00e9tica"},"image":{"@id":"https:\/\/hannacosmetica.com\/#\/schema\/logo\/image\/"}}]}},"_links":{"self":[{"href":"https:\/\/hannacosmetica.com\/fr\/wp-json\/wp\/v2\/product\/9419"}],"collection":[{"href":"https:\/\/hannacosmetica.com\/fr\/wp-json\/wp\/v2\/product"}],"about":[{"href":"https:\/\/hannacosmetica.com\/fr\/wp-json\/wp\/v2\/types\/product"}],"replies":[{"embeddable":true,"href":"https:\/\/hannacosmetica.com\/fr\/wp-json\/wp\/v2\/comments?post=9419"}],"version-history":[{"count":1,"href":"https:\/\/hannacosmetica.com\/fr\/wp-json\/wp\/v2\/product\/9419\/revisions"}],"predecessor-version":[{"id":9420,"href":"https:\/\/hannacosmetica.com\/fr\/wp-json\/wp\/v2\/product\/9419\/revisions\/9420"}],"wp:featuredmedia":[{"embeddable":true,"href":"https:\/\/hannacosmetica.com\/fr\/wp-json\/wp\/v2\/media\/9413"}],"wp:attachment":[{"href":"https:\/\/hannacosmetica.com\/fr\/wp-json\/wp\/v2\/media?parent=9419"}],"wp:term":[{"taxonomy":"product_cat","embeddable":true,"href":"https:\/\/hannacosmetica.com\/fr\/wp-json\/wp\/v2\/product_cat?post=9419"},{"taxonomy":"product_tag","embeddable":true,"href":"https:\/\/hannacosmetica.com\/fr\/wp-json\/wp\/v2\/product_tag?post=9419"}],"curies":[{"name":"wp","href":"https:\/\/api.w.org\/{rel}","templated":true}]}}