{"id":9192,"date":"2022-11-10T15:59:50","date_gmt":"2022-11-10T15:59:50","guid":{"rendered":"https:\/\/hannacosmetica.com\/?post_type=product&#038;p=9192"},"modified":"2023-08-23T13:23:07","modified_gmt":"2023-08-23T13:23:07","slug":"removedor-de-callos-y-durezas-raspador-de-durezas-y-callos-cuchilla-quita-callos","status":"publish","type":"product","link":"https:\/\/hannacosmetica.com\/fr\/tienda\/manicura\/complementos\/removedor-de-callos-y-durezas-raspador-de-durezas-y-callos-cuchilla-quita-callos\/","title":{"rendered":"Removedor de  Callos y Durezas\/ Raspador de  Durezas y callos \\ Cuchilla Quita Callos"},"content":{"rendered":"<ul class=\"a-unordered-list a-vertical a-spacing-mini\">\n<li><span class=\"a-list-item\">Este removedor de callos para el cuidado de los pies est\u00e1 hecho de acero inoxidable, antioxidante, sin deformaci\u00f3n, duradero para ahorrar dinero y tiempo en el cuidado de los pies.<\/span><\/li>\n<li><span class=\"a-list-item\">El callo duro se puede quitar en minutos, f\u00e1cil de usar para pedicura<\/span><\/li>\n<li><span class=\"a-list-item\">Cuchilla desmontable, muy conveniente para reemplazar la cuchilla reutilizable despu\u00e9s de que la cuchilla se desafile.<\/span>\n<ul class=\"a-unordered-list a-vertical a-spacing-mini\">\n<li><span class=\"a-list-item\">Agarre antideslizante \u00fanico, agarre c\u00f3modo y control regular para el uso, es f\u00e1cil de quitar, piel seca y dura, piel del tal\u00f3n rota, etc.<\/span><\/li>\n<\/ul>\n<\/li>\n<\/ul>","protected":false},"excerpt":{"rendered":"<p>Este removedor de callos para el cuidado de los pies est\u00e1 hecho de acero inoxidable, antioxidante, sin deformaci\u00f3n, duradero para ahorrar dinero&hellip;<\/p>","protected":false},"featured_media":9193,"comment_status":"open","ping_status":"closed","template":"","meta":[],"product_cat":[101],"product_tag":[],"yoast_head":"<!-- This site is optimized with the Yoast SEO plugin v19.9 - https:\/\/yoast.com\/wordpress\/plugins\/seo\/ -->\n<title>Removedor de Callos y Durezas\/ Raspador de Durezas y callos \\ Cuchilla Quita Callos - Hanna Cosm\u00e9tica<\/title>\n<meta name=\"robots\" content=\"index, follow, max-snippet:-1, max-image-preview:large, max-video-preview:-1\" \/>\n<link rel=\"canonical\" href=\"https:\/\/hannacosmetica.com\/fr\/tienda\/manicura\/complementos\/removedor-de-callos-y-durezas-raspador-de-durezas-y-callos-cuchilla-quita-callos\/\" \/>\n<meta property=\"og:locale\" content=\"fr_FR\" \/>\n<meta property=\"og:type\" content=\"article\" \/>\n<meta property=\"og:title\" content=\"Removedor de Callos y Durezas\/ Raspador de Durezas y callos \\ Cuchilla Quita Callos - Hanna Cosm\u00e9tica\" \/>\n<meta property=\"og:description\" content=\"Este removedor de callos para el cuidado de los pies est\u00e1 hecho de acero inoxidable, antioxidante, sin deformaci\u00f3n, duradero para ahorrar dinero&hellip;\" \/>\n<meta property=\"og:url\" content=\"https:\/\/hannacosmetica.com\/fr\/tienda\/manicura\/complementos\/removedor-de-callos-y-durezas-raspador-de-durezas-y-callos-cuchilla-quita-callos\/\" \/>\n<meta property=\"og:site_name\" content=\"Hanna Cosm\u00e9tica\" \/>\n<meta property=\"article:modified_time\" content=\"2023-08-23T13:23:07+00:00\" \/>\n<meta property=\"og:image\" content=\"https:\/\/hannacosmetica.com\/wp-content\/uploads\/2022\/11\/o\u00a1rta-tips-7.png\" \/>\n\t<meta property=\"og:image:width\" content=\"4800\" \/>\n\t<meta property=\"og:image:height\" content=\"4800\" \/>\n\t<meta property=\"og:image:type\" content=\"image\/png\" \/>\n<meta name=\"twitter:card\" content=\"summary_large_image\" \/>\n<script type=\"application\/ld+json\" class=\"yoast-schema-graph\">{\"@context\":\"https:\/\/schema.org\",\"@graph\":[{\"@type\":\"WebPage\",\"@id\":\"https:\/\/hannacosmetica.com\/tienda\/manicura\/complementos\/removedor-de-callos-y-durezas-raspador-de-durezas-y-callos-cuchilla-quita-callos\/\",\"url\":\"https:\/\/hannacosmetica.com\/tienda\/manicura\/complementos\/removedor-de-callos-y-durezas-raspador-de-durezas-y-callos-cuchilla-quita-callos\/\",\"name\":\"Removedor de Callos y Durezas\/ Raspador de Durezas y callos \\\\ Cuchilla Quita Callos - Hanna Cosm\u00e9tica\",\"isPartOf\":{\"@id\":\"https:\/\/hannacosmetica.com\/#website\"},\"datePublished\":\"2022-11-10T15:59:50+00:00\",\"dateModified\":\"2023-08-23T13:23:07+00:00\",\"breadcrumb\":{\"@id\":\"https:\/\/hannacosmetica.com\/tienda\/manicura\/complementos\/removedor-de-callos-y-durezas-raspador-de-durezas-y-callos-cuchilla-quita-callos\/#breadcrumb\"},\"inLanguage\":\"fr-FR\",\"potentialAction\":[{\"@type\":\"ReadAction\",\"target\":[\"https:\/\/hannacosmetica.com\/tienda\/manicura\/complementos\/removedor-de-callos-y-durezas-raspador-de-durezas-y-callos-cuchilla-quita-callos\/\"]}]},{\"@type\":\"BreadcrumbList\",\"@id\":\"https:\/\/hannacosmetica.com\/tienda\/manicura\/complementos\/removedor-de-callos-y-durezas-raspador-de-durezas-y-callos-cuchilla-quita-callos\/#breadcrumb\",\"itemListElement\":[{\"@type\":\"ListItem\",\"position\":1,\"name\":\"Portada\",\"item\":\"https:\/\/hannacosmetica.com\/\"},{\"@type\":\"ListItem\",\"position\":2,\"name\":\"Tienda\",\"item\":\"https:\/\/hannacosmetica.com\/shop\/\"},{\"@type\":\"ListItem\",\"position\":3,\"name\":\"Removedor de Callos y Durezas\/ Raspador de Durezas y callos \\\\ Cuchilla Quita Callos\"}]},{\"@type\":\"WebSite\",\"@id\":\"https:\/\/hannacosmetica.com\/#website\",\"url\":\"https:\/\/hannacosmetica.com\/\",\"name\":\"Hanna Cosm\u00e9tica\",\"description\":\"Tienda de productos u\u00f1as, bellezas y peluquer\u00edas\",\"publisher\":{\"@id\":\"https:\/\/hannacosmetica.com\/#organization\"},\"potentialAction\":[{\"@type\":\"SearchAction\",\"target\":{\"@type\":\"EntryPoint\",\"urlTemplate\":\"https:\/\/hannacosmetica.com\/?s={search_term_string}\"},\"query-input\":\"required name=search_term_string\"}],\"inLanguage\":\"fr-FR\"},{\"@type\":\"Organization\",\"@id\":\"https:\/\/hannacosmetica.com\/#organization\",\"name\":\"Hanna Cosm\u00e9tica\",\"url\":\"https:\/\/hannacosmetica.com\/\",\"logo\":{\"@type\":\"ImageObject\",\"inLanguage\":\"fr-FR\",\"@id\":\"https:\/\/hannacosmetica.com\/#\/schema\/logo\/image\/\",\"url\":\"https:\/\/hannacosmetica.com\/wp-content\/uploads\/2022\/07\/Logo-Joyeria-Femenino-Floral-Negro.png\",\"contentUrl\":\"https:\/\/hannacosmetica.com\/wp-content\/uploads\/2022\/07\/Logo-Joyeria-Femenino-Floral-Negro.png\",\"width\":361,\"height\":126,\"caption\":\"Hanna Cosm\u00e9tica\"},\"image\":{\"@id\":\"https:\/\/hannacosmetica.com\/#\/schema\/logo\/image\/\"}}]}<\/script>\n<!-- \/ Yoast SEO plugin. -->","yoast_head_json":{"title":"Removedor de Callos y Durezas\/ Raspador de Durezas y callos \\ Cuchilla Quita Callos - Hanna Cosm\u00e9tica","robots":{"index":"index","follow":"follow","max-snippet":"max-snippet:-1","max-image-preview":"max-image-preview:large","max-video-preview":"max-video-preview:-1"},"canonical":"https:\/\/hannacosmetica.com\/fr\/tienda\/manicura\/complementos\/removedor-de-callos-y-durezas-raspador-de-durezas-y-callos-cuchilla-quita-callos\/","og_locale":"fr_FR","og_type":"article","og_title":"Removedor de Callos y Durezas\/ Raspador de Durezas y callos \\ Cuchilla Quita Callos - Hanna Cosm\u00e9tica","og_description":"Este removedor de callos para el cuidado de los pies est\u00e1 hecho de acero inoxidable, antioxidante, sin deformaci\u00f3n, duradero para ahorrar dinero&hellip;","og_url":"https:\/\/hannacosmetica.com\/fr\/tienda\/manicura\/complementos\/removedor-de-callos-y-durezas-raspador-de-durezas-y-callos-cuchilla-quita-callos\/","og_site_name":"Hanna Cosm\u00e9tica","article_modified_time":"2023-08-23T13:23:07+00:00","og_image":[{"width":4800,"height":4800,"url":"https:\/\/hannacosmetica.com\/wp-content\/uploads\/2022\/11\/o\u00a1rta-tips-7.png","type":"image\/png"}],"twitter_card":"summary_large_image","schema":{"@context":"https:\/\/schema.org","@graph":[{"@type":"WebPage","@id":"https:\/\/hannacosmetica.com\/tienda\/manicura\/complementos\/removedor-de-callos-y-durezas-raspador-de-durezas-y-callos-cuchilla-quita-callos\/","url":"https:\/\/hannacosmetica.com\/tienda\/manicura\/complementos\/removedor-de-callos-y-durezas-raspador-de-durezas-y-callos-cuchilla-quita-callos\/","name":"Removedor de Callos y Durezas\/ Raspador de Durezas y callos \\ Cuchilla Quita Callos - Hanna Cosm\u00e9tica","isPartOf":{"@id":"https:\/\/hannacosmetica.com\/#website"},"datePublished":"2022-11-10T15:59:50+00:00","dateModified":"2023-08-23T13:23:07+00:00","breadcrumb":{"@id":"https:\/\/hannacosmetica.com\/tienda\/manicura\/complementos\/removedor-de-callos-y-durezas-raspador-de-durezas-y-callos-cuchilla-quita-callos\/#breadcrumb"},"inLanguage":"fr-FR","potentialAction":[{"@type":"ReadAction","target":["https:\/\/hannacosmetica.com\/tienda\/manicura\/complementos\/removedor-de-callos-y-durezas-raspador-de-durezas-y-callos-cuchilla-quita-callos\/"]}]},{"@type":"BreadcrumbList","@id":"https:\/\/hannacosmetica.com\/tienda\/manicura\/complementos\/removedor-de-callos-y-durezas-raspador-de-durezas-y-callos-cuchilla-quita-callos\/#breadcrumb","itemListElement":[{"@type":"ListItem","position":1,"name":"Portada","item":"https:\/\/hannacosmetica.com\/"},{"@type":"ListItem","position":2,"name":"Tienda","item":"https:\/\/hannacosmetica.com\/shop\/"},{"@type":"ListItem","position":3,"name":"Removedor de Callos y Durezas\/ Raspador de Durezas y callos \\ Cuchilla Quita Callos"}]},{"@type":"WebSite","@id":"https:\/\/hannacosmetica.com\/#website","url":"https:\/\/hannacosmetica.com\/","name":"Hanna Cosm\u00e9tica","description":"Tienda de productos u\u00f1as, bellezas y peluquer\u00edas","publisher":{"@id":"https:\/\/hannacosmetica.com\/#organization"},"potentialAction":[{"@type":"SearchAction","target":{"@type":"EntryPoint","urlTemplate":"https:\/\/hannacosmetica.com\/?s={search_term_string}"},"query-input":"required name=search_term_string"}],"inLanguage":"fr-FR"},{"@type":"Organization","@id":"https:\/\/hannacosmetica.com\/#organization","name":"Hanna Cosm\u00e9tica","url":"https:\/\/hannacosmetica.com\/","logo":{"@type":"ImageObject","inLanguage":"fr-FR","@id":"https:\/\/hannacosmetica.com\/#\/schema\/logo\/image\/","url":"https:\/\/hannacosmetica.com\/wp-content\/uploads\/2022\/07\/Logo-Joyeria-Femenino-Floral-Negro.png","contentUrl":"https:\/\/hannacosmetica.com\/wp-content\/uploads\/2022\/07\/Logo-Joyeria-Femenino-Floral-Negro.png","width":361,"height":126,"caption":"Hanna Cosm\u00e9tica"},"image":{"@id":"https:\/\/hannacosmetica.com\/#\/schema\/logo\/image\/"}}]}},"_links":{"self":[{"href":"https:\/\/hannacosmetica.com\/fr\/wp-json\/wp\/v2\/product\/9192"}],"collection":[{"href":"https:\/\/hannacosmetica.com\/fr\/wp-json\/wp\/v2\/product"}],"about":[{"href":"https:\/\/hannacosmetica.com\/fr\/wp-json\/wp\/v2\/types\/product"}],"replies":[{"embeddable":true,"href":"https:\/\/hannacosmetica.com\/fr\/wp-json\/wp\/v2\/comments?post=9192"}],"version-history":[{"count":1,"href":"https:\/\/hannacosmetica.com\/fr\/wp-json\/wp\/v2\/product\/9192\/revisions"}],"predecessor-version":[{"id":9195,"href":"https:\/\/hannacosmetica.com\/fr\/wp-json\/wp\/v2\/product\/9192\/revisions\/9195"}],"wp:featuredmedia":[{"embeddable":true,"href":"https:\/\/hannacosmetica.com\/fr\/wp-json\/wp\/v2\/media\/9193"}],"wp:attachment":[{"href":"https:\/\/hannacosmetica.com\/fr\/wp-json\/wp\/v2\/media?parent=9192"}],"wp:term":[{"taxonomy":"product_cat","embeddable":true,"href":"https:\/\/hannacosmetica.com\/fr\/wp-json\/wp\/v2\/product_cat?post=9192"},{"taxonomy":"product_tag","embeddable":true,"href":"https:\/\/hannacosmetica.com\/fr\/wp-json\/wp\/v2\/product_tag?post=9192"}],"curies":[{"name":"wp","href":"https:\/\/api.w.org\/{rel}","templated":true}]}}