{"id":9113,"date":"2022-11-04T10:54:29","date_gmt":"2022-11-04T10:54:29","guid":{"rendered":"https:\/\/hannacosmetica.com\/?post_type=product&#038;p=9113"},"modified":"2023-08-23T14:16:15","modified_gmt":"2023-08-23T14:16:15","slug":"brocha-quita-polvo-unas-cepillo-para-polvo-de-unas-pincel-de-polvos-unas-multifuncional","status":"publish","type":"product","link":"https:\/\/hannacosmetica.com\/fr\/tienda\/manicura\/brocha\/brocha-quita-polvo-unas-cepillo-para-polvo-de-unas-pincel-de-polvos-unas-multifuncional\/","title":{"rendered":"Brocha Quita Polvo U\u00f1as\/Cepillo para Polvo de U\u00f1as\/Pincel de Polvos U\u00f1as Multifuncional,"},"content":{"rendered":"<ul class=\"a-unordered-list a-vertical a-spacing-mini\">\n<li><span class=\"a-list-item\">\u3010Superficie de Cepillado Extragrande\u3011Las cerdas de este brocha para u\u00f1as polvo miden 2 cm de largo, con una gran superficie de cepillado de 7 x 1,5 cm, adecuado para la eliminaci\u00f3n de polvo de gran superficie y la aplicaci\u00f3n de maquillaje.<\/span><\/li>\n<li><span class=\"a-list-item\">2.\u3010Alta Calidad\u3011El mango del brocha para polvo de u\u00f1as est\u00e1 hecho de pl\u00e1stico, que es muy liviano y no se siente cansado despu\u00e9s de un uso prolongado. Las cerdas de brocha para limpiar u\u00f1as no se caen ni se deforman<\/span><\/li>\n<\/ul>","protected":false},"excerpt":{"rendered":"<p>\u3010Superficie de Cepillado Extragrande\u3011Las cerdas de este brocha para u\u00f1as polvo miden 2 cm de largo, con una gran superficie de cepillado&hellip;<\/p>","protected":false},"featured_media":9117,"comment_status":"open","ping_status":"closed","template":"","meta":[],"product_cat":[133,82],"product_tag":[],"yoast_head":"<!-- This site is optimized with the Yoast SEO plugin v19.9 - https:\/\/yoast.com\/wordpress\/plugins\/seo\/ -->\n<title>Brocha Quita Polvo U\u00f1as\/Cepillo para Polvo de U\u00f1as\/Pincel de Polvos U\u00f1as Multifuncional, - Hanna Cosm\u00e9tica<\/title>\n<meta name=\"robots\" content=\"index, follow, max-snippet:-1, max-image-preview:large, max-video-preview:-1\" \/>\n<link rel=\"canonical\" href=\"https:\/\/hannacosmetica.com\/fr\/tienda\/manicura\/brocha\/brocha-quita-polvo-unas-cepillo-para-polvo-de-unas-pincel-de-polvos-unas-multifuncional\/\" \/>\n<meta property=\"og:locale\" content=\"fr_FR\" \/>\n<meta property=\"og:type\" content=\"article\" \/>\n<meta property=\"og:title\" content=\"Brocha Quita Polvo U\u00f1as\/Cepillo para Polvo de U\u00f1as\/Pincel de Polvos U\u00f1as Multifuncional, - Hanna Cosm\u00e9tica\" \/>\n<meta property=\"og:description\" content=\"\u3010Superficie de Cepillado Extragrande\u3011Las cerdas de este brocha para u\u00f1as polvo miden 2 cm de largo, con una gran superficie de cepillado&hellip;\" \/>\n<meta property=\"og:url\" content=\"https:\/\/hannacosmetica.com\/fr\/tienda\/manicura\/brocha\/brocha-quita-polvo-unas-cepillo-para-polvo-de-unas-pincel-de-polvos-unas-multifuncional\/\" \/>\n<meta property=\"og:site_name\" content=\"Hanna Cosm\u00e9tica\" \/>\n<meta property=\"article:modified_time\" content=\"2023-08-23T14:16:15+00:00\" \/>\n<meta property=\"og:image\" content=\"https:\/\/hannacosmetica.com\/wp-content\/uploads\/2022\/11\/\u672a\u547d\u540d\u7684\u8bbe\u8ba1-2022-11-04T114415.522-1-1520x1520.png\" \/>\n\t<meta property=\"og:image:width\" content=\"1520\" \/>\n\t<meta property=\"og:image:height\" content=\"1520\" \/>\n\t<meta property=\"og:image:type\" content=\"image\/png\" \/>\n<meta name=\"twitter:card\" content=\"summary_large_image\" \/>\n<script type=\"application\/ld+json\" class=\"yoast-schema-graph\">{\"@context\":\"https:\/\/schema.org\",\"@graph\":[{\"@type\":\"WebPage\",\"@id\":\"https:\/\/hannacosmetica.com\/tienda\/manicura\/brocha\/brocha-quita-polvo-unas-cepillo-para-polvo-de-unas-pincel-de-polvos-unas-multifuncional\/\",\"url\":\"https:\/\/hannacosmetica.com\/tienda\/manicura\/brocha\/brocha-quita-polvo-unas-cepillo-para-polvo-de-unas-pincel-de-polvos-unas-multifuncional\/\",\"name\":\"Brocha Quita Polvo U\u00f1as\/Cepillo para Polvo de U\u00f1as\/Pincel de Polvos U\u00f1as Multifuncional, - Hanna Cosm\u00e9tica\",\"isPartOf\":{\"@id\":\"https:\/\/hannacosmetica.com\/#website\"},\"datePublished\":\"2022-11-04T10:54:29+00:00\",\"dateModified\":\"2023-08-23T14:16:15+00:00\",\"breadcrumb\":{\"@id\":\"https:\/\/hannacosmetica.com\/tienda\/manicura\/brocha\/brocha-quita-polvo-unas-cepillo-para-polvo-de-unas-pincel-de-polvos-unas-multifuncional\/#breadcrumb\"},\"inLanguage\":\"fr-FR\",\"potentialAction\":[{\"@type\":\"ReadAction\",\"target\":[\"https:\/\/hannacosmetica.com\/tienda\/manicura\/brocha\/brocha-quita-polvo-unas-cepillo-para-polvo-de-unas-pincel-de-polvos-unas-multifuncional\/\"]}]},{\"@type\":\"BreadcrumbList\",\"@id\":\"https:\/\/hannacosmetica.com\/tienda\/manicura\/brocha\/brocha-quita-polvo-unas-cepillo-para-polvo-de-unas-pincel-de-polvos-unas-multifuncional\/#breadcrumb\",\"itemListElement\":[{\"@type\":\"ListItem\",\"position\":1,\"name\":\"Portada\",\"item\":\"https:\/\/hannacosmetica.com\/\"},{\"@type\":\"ListItem\",\"position\":2,\"name\":\"Tienda\",\"item\":\"https:\/\/hannacosmetica.com\/shop\/\"},{\"@type\":\"ListItem\",\"position\":3,\"name\":\"Brocha Quita Polvo U\u00f1as\/Cepillo para Polvo de U\u00f1as\/Pincel de Polvos U\u00f1as Multifuncional,\"}]},{\"@type\":\"WebSite\",\"@id\":\"https:\/\/hannacosmetica.com\/#website\",\"url\":\"https:\/\/hannacosmetica.com\/\",\"name\":\"Hanna Cosm\u00e9tica\",\"description\":\"Tienda de productos u\u00f1as, bellezas y peluquer\u00edas\",\"publisher\":{\"@id\":\"https:\/\/hannacosmetica.com\/#organization\"},\"potentialAction\":[{\"@type\":\"SearchAction\",\"target\":{\"@type\":\"EntryPoint\",\"urlTemplate\":\"https:\/\/hannacosmetica.com\/?s={search_term_string}\"},\"query-input\":\"required name=search_term_string\"}],\"inLanguage\":\"fr-FR\"},{\"@type\":\"Organization\",\"@id\":\"https:\/\/hannacosmetica.com\/#organization\",\"name\":\"Hanna Cosm\u00e9tica\",\"url\":\"https:\/\/hannacosmetica.com\/\",\"logo\":{\"@type\":\"ImageObject\",\"inLanguage\":\"fr-FR\",\"@id\":\"https:\/\/hannacosmetica.com\/#\/schema\/logo\/image\/\",\"url\":\"https:\/\/hannacosmetica.com\/wp-content\/uploads\/2022\/07\/Logo-Joyeria-Femenino-Floral-Negro.png\",\"contentUrl\":\"https:\/\/hannacosmetica.com\/wp-content\/uploads\/2022\/07\/Logo-Joyeria-Femenino-Floral-Negro.png\",\"width\":361,\"height\":126,\"caption\":\"Hanna Cosm\u00e9tica\"},\"image\":{\"@id\":\"https:\/\/hannacosmetica.com\/#\/schema\/logo\/image\/\"}}]}<\/script>\n<!-- \/ Yoast SEO plugin. -->","yoast_head_json":{"title":"Brocha Quita Polvo U\u00f1as\/Cepillo para Polvo de U\u00f1as\/Pincel de Polvos U\u00f1as Multifuncional, - Hanna Cosm\u00e9tica","robots":{"index":"index","follow":"follow","max-snippet":"max-snippet:-1","max-image-preview":"max-image-preview:large","max-video-preview":"max-video-preview:-1"},"canonical":"https:\/\/hannacosmetica.com\/fr\/tienda\/manicura\/brocha\/brocha-quita-polvo-unas-cepillo-para-polvo-de-unas-pincel-de-polvos-unas-multifuncional\/","og_locale":"fr_FR","og_type":"article","og_title":"Brocha Quita Polvo U\u00f1as\/Cepillo para Polvo de U\u00f1as\/Pincel de Polvos U\u00f1as Multifuncional, - Hanna Cosm\u00e9tica","og_description":"\u3010Superficie de Cepillado Extragrande\u3011Las cerdas de este brocha para u\u00f1as polvo miden 2 cm de largo, con una gran superficie de cepillado&hellip;","og_url":"https:\/\/hannacosmetica.com\/fr\/tienda\/manicura\/brocha\/brocha-quita-polvo-unas-cepillo-para-polvo-de-unas-pincel-de-polvos-unas-multifuncional\/","og_site_name":"Hanna Cosm\u00e9tica","article_modified_time":"2023-08-23T14:16:15+00:00","og_image":[{"width":1520,"height":1520,"url":"https:\/\/hannacosmetica.com\/wp-content\/uploads\/2022\/11\/\u672a\u547d\u540d\u7684\u8bbe\u8ba1-2022-11-04T114415.522-1-1520x1520.png","type":"image\/png"}],"twitter_card":"summary_large_image","schema":{"@context":"https:\/\/schema.org","@graph":[{"@type":"WebPage","@id":"https:\/\/hannacosmetica.com\/tienda\/manicura\/brocha\/brocha-quita-polvo-unas-cepillo-para-polvo-de-unas-pincel-de-polvos-unas-multifuncional\/","url":"https:\/\/hannacosmetica.com\/tienda\/manicura\/brocha\/brocha-quita-polvo-unas-cepillo-para-polvo-de-unas-pincel-de-polvos-unas-multifuncional\/","name":"Brocha Quita Polvo U\u00f1as\/Cepillo para Polvo de U\u00f1as\/Pincel de Polvos U\u00f1as Multifuncional, - Hanna Cosm\u00e9tica","isPartOf":{"@id":"https:\/\/hannacosmetica.com\/#website"},"datePublished":"2022-11-04T10:54:29+00:00","dateModified":"2023-08-23T14:16:15+00:00","breadcrumb":{"@id":"https:\/\/hannacosmetica.com\/tienda\/manicura\/brocha\/brocha-quita-polvo-unas-cepillo-para-polvo-de-unas-pincel-de-polvos-unas-multifuncional\/#breadcrumb"},"inLanguage":"fr-FR","potentialAction":[{"@type":"ReadAction","target":["https:\/\/hannacosmetica.com\/tienda\/manicura\/brocha\/brocha-quita-polvo-unas-cepillo-para-polvo-de-unas-pincel-de-polvos-unas-multifuncional\/"]}]},{"@type":"BreadcrumbList","@id":"https:\/\/hannacosmetica.com\/tienda\/manicura\/brocha\/brocha-quita-polvo-unas-cepillo-para-polvo-de-unas-pincel-de-polvos-unas-multifuncional\/#breadcrumb","itemListElement":[{"@type":"ListItem","position":1,"name":"Portada","item":"https:\/\/hannacosmetica.com\/"},{"@type":"ListItem","position":2,"name":"Tienda","item":"https:\/\/hannacosmetica.com\/shop\/"},{"@type":"ListItem","position":3,"name":"Brocha Quita Polvo U\u00f1as\/Cepillo para Polvo de U\u00f1as\/Pincel de Polvos U\u00f1as Multifuncional,"}]},{"@type":"WebSite","@id":"https:\/\/hannacosmetica.com\/#website","url":"https:\/\/hannacosmetica.com\/","name":"Hanna Cosm\u00e9tica","description":"Tienda de productos u\u00f1as, bellezas y peluquer\u00edas","publisher":{"@id":"https:\/\/hannacosmetica.com\/#organization"},"potentialAction":[{"@type":"SearchAction","target":{"@type":"EntryPoint","urlTemplate":"https:\/\/hannacosmetica.com\/?s={search_term_string}"},"query-input":"required name=search_term_string"}],"inLanguage":"fr-FR"},{"@type":"Organization","@id":"https:\/\/hannacosmetica.com\/#organization","name":"Hanna Cosm\u00e9tica","url":"https:\/\/hannacosmetica.com\/","logo":{"@type":"ImageObject","inLanguage":"fr-FR","@id":"https:\/\/hannacosmetica.com\/#\/schema\/logo\/image\/","url":"https:\/\/hannacosmetica.com\/wp-content\/uploads\/2022\/07\/Logo-Joyeria-Femenino-Floral-Negro.png","contentUrl":"https:\/\/hannacosmetica.com\/wp-content\/uploads\/2022\/07\/Logo-Joyeria-Femenino-Floral-Negro.png","width":361,"height":126,"caption":"Hanna Cosm\u00e9tica"},"image":{"@id":"https:\/\/hannacosmetica.com\/#\/schema\/logo\/image\/"}}]}},"_links":{"self":[{"href":"https:\/\/hannacosmetica.com\/fr\/wp-json\/wp\/v2\/product\/9113"}],"collection":[{"href":"https:\/\/hannacosmetica.com\/fr\/wp-json\/wp\/v2\/product"}],"about":[{"href":"https:\/\/hannacosmetica.com\/fr\/wp-json\/wp\/v2\/types\/product"}],"replies":[{"embeddable":true,"href":"https:\/\/hannacosmetica.com\/fr\/wp-json\/wp\/v2\/comments?post=9113"}],"version-history":[{"count":1,"href":"https:\/\/hannacosmetica.com\/fr\/wp-json\/wp\/v2\/product\/9113\/revisions"}],"predecessor-version":[{"id":9125,"href":"https:\/\/hannacosmetica.com\/fr\/wp-json\/wp\/v2\/product\/9113\/revisions\/9125"}],"wp:featuredmedia":[{"embeddable":true,"href":"https:\/\/hannacosmetica.com\/fr\/wp-json\/wp\/v2\/media\/9117"}],"wp:attachment":[{"href":"https:\/\/hannacosmetica.com\/fr\/wp-json\/wp\/v2\/media?parent=9113"}],"wp:term":[{"taxonomy":"product_cat","embeddable":true,"href":"https:\/\/hannacosmetica.com\/fr\/wp-json\/wp\/v2\/product_cat?post=9113"},{"taxonomy":"product_tag","embeddable":true,"href":"https:\/\/hannacosmetica.com\/fr\/wp-json\/wp\/v2\/product_tag?post=9113"}],"curies":[{"name":"wp","href":"https:\/\/api.w.org\/{rel}","templated":true}]}}