{"id":9095,"date":"2022-11-04T10:09:19","date_gmt":"2022-11-04T10:09:19","guid":{"rendered":"https:\/\/hannacosmetica.com\/?post_type=product&#038;p=9095"},"modified":"2023-08-24T10:17:08","modified_gmt":"2023-08-24T10:17:08","slug":"reposamanos-para-unas-cojin-reposabrazos-para-manicura","status":"publish","type":"product","link":"https:\/\/hannacosmetica.com\/fr\/tienda\/manicura\/complementos\/reposamanos-para-unas-cojin-reposabrazos-para-manicura\/","title":{"rendered":"Reposamanos para u\u00f1as\/ Coj\u00edn reposabrazos para manicura"},"content":{"rendered":"<ul class=\"a-unordered-list a-vertical a-spacing-mini\">\n<li><span class=\"a-list-item\">\u3010Reposabrazos de u\u00f1as profesional\u3011&#8211; Hecho de material de cuero de microfibra suave y de alta calidad, m\u00e1s c\u00f3modo al tacto, y viene con 12 almohadillas antideslizantes peque\u00f1as. Puede aliviar eficazmente la fatiga de las manos de los clientes y reducir la presi\u00f3n de la mano en el proceso de mejora de las u\u00f1as y brindarles a sus clientes una experiencia satisfactoria en el arte de las u\u00f1as.<\/span><\/li>\n<li><span class=\"a-list-item\">\u3010M\u00e1s flexible\u3011&#8211; Ayuda con la colocaci\u00f3n de la mano del cliente, sin torcer ni tirar de la mano. El reposabrazos de u\u00f1as eleva la mano de su cliente para una mejor visibilidad y maniobrabilidad. El reposabrazos para u\u00f1as de estilo \u00fanico reduce el dolor de espalda y alivia la fatiga de las manos.<\/span><\/li>\n<li><span class=\"a-list-item\">\u3010Equipado con 4 patas de soporte de acero inoxidable\u3011&#8211; Duradero, firme y nunca oxidado, puede soportar un gran peso y no se deformar\u00e1, mejor que las almohadas de mano normales para decoraci\u00f3n de u\u00f1as. Mano de obra exquisita, apariencia simple y elegante, hermosa y pr\u00e1ctica, muestra tu gusto.<\/span><\/li>\n<\/ul>","protected":false},"excerpt":{"rendered":"<p>\u3010Reposabrazos de u\u00f1as profesional\u3011&#8211; Hecho de material de cuero de microfibra suave y de alta calidad, m\u00e1s c\u00f3modo al tacto, y viene&hellip;<\/p>","protected":false},"featured_media":9096,"comment_status":"open","ping_status":"closed","template":"","meta":[],"product_cat":[82,101],"product_tag":[],"yoast_head":"<!-- This site is optimized with the Yoast SEO plugin v19.9 - https:\/\/yoast.com\/wordpress\/plugins\/seo\/ -->\n<title>Reposamanos para u\u00f1as\/ Coj\u00edn reposabrazos para manicura - Hanna Cosm\u00e9tica<\/title>\n<meta name=\"robots\" content=\"index, follow, max-snippet:-1, max-image-preview:large, max-video-preview:-1\" \/>\n<link rel=\"canonical\" href=\"https:\/\/hannacosmetica.com\/fr\/tienda\/manicura\/complementos\/reposamanos-para-unas-cojin-reposabrazos-para-manicura\/\" \/>\n<meta property=\"og:locale\" content=\"fr_FR\" \/>\n<meta property=\"og:type\" content=\"article\" \/>\n<meta property=\"og:title\" content=\"Reposamanos para u\u00f1as\/ Coj\u00edn reposabrazos para manicura - Hanna Cosm\u00e9tica\" \/>\n<meta property=\"og:description\" content=\"\u3010Reposabrazos de u\u00f1as profesional\u3011&#8211; Hecho de material de cuero de microfibra suave y de alta calidad, m\u00e1s c\u00f3modo al tacto, y viene&hellip;\" \/>\n<meta property=\"og:url\" content=\"https:\/\/hannacosmetica.com\/fr\/tienda\/manicura\/complementos\/reposamanos-para-unas-cojin-reposabrazos-para-manicura\/\" \/>\n<meta property=\"og:site_name\" content=\"Hanna Cosm\u00e9tica\" \/>\n<meta property=\"article:modified_time\" content=\"2023-08-24T10:17:08+00:00\" \/>\n<meta property=\"og:image\" content=\"https:\/\/hannacosmetica.com\/wp-content\/uploads\/2022\/11\/REPOSA-MANOS-BLANCO-2.jpg\" \/>\n\t<meta property=\"og:image:width\" content=\"1300\" \/>\n\t<meta property=\"og:image:height\" content=\"1500\" \/>\n\t<meta property=\"og:image:type\" content=\"image\/jpeg\" \/>\n<meta name=\"twitter:card\" content=\"summary_large_image\" \/>\n<script type=\"application\/ld+json\" class=\"yoast-schema-graph\">{\"@context\":\"https:\/\/schema.org\",\"@graph\":[{\"@type\":\"WebPage\",\"@id\":\"https:\/\/hannacosmetica.com\/tienda\/manicura\/complementos\/reposamanos-para-unas-cojin-reposabrazos-para-manicura\/\",\"url\":\"https:\/\/hannacosmetica.com\/tienda\/manicura\/complementos\/reposamanos-para-unas-cojin-reposabrazos-para-manicura\/\",\"name\":\"Reposamanos para u\u00f1as\/ Coj\u00edn reposabrazos para manicura - Hanna Cosm\u00e9tica\",\"isPartOf\":{\"@id\":\"https:\/\/hannacosmetica.com\/#website\"},\"datePublished\":\"2022-11-04T10:09:19+00:00\",\"dateModified\":\"2023-08-24T10:17:08+00:00\",\"breadcrumb\":{\"@id\":\"https:\/\/hannacosmetica.com\/tienda\/manicura\/complementos\/reposamanos-para-unas-cojin-reposabrazos-para-manicura\/#breadcrumb\"},\"inLanguage\":\"fr-FR\",\"potentialAction\":[{\"@type\":\"ReadAction\",\"target\":[\"https:\/\/hannacosmetica.com\/tienda\/manicura\/complementos\/reposamanos-para-unas-cojin-reposabrazos-para-manicura\/\"]}]},{\"@type\":\"BreadcrumbList\",\"@id\":\"https:\/\/hannacosmetica.com\/tienda\/manicura\/complementos\/reposamanos-para-unas-cojin-reposabrazos-para-manicura\/#breadcrumb\",\"itemListElement\":[{\"@type\":\"ListItem\",\"position\":1,\"name\":\"Portada\",\"item\":\"https:\/\/hannacosmetica.com\/\"},{\"@type\":\"ListItem\",\"position\":2,\"name\":\"Tienda\",\"item\":\"https:\/\/hannacosmetica.com\/shop\/\"},{\"@type\":\"ListItem\",\"position\":3,\"name\":\"Reposamanos para u\u00f1as\/ Coj\u00edn reposabrazos para manicura\"}]},{\"@type\":\"WebSite\",\"@id\":\"https:\/\/hannacosmetica.com\/#website\",\"url\":\"https:\/\/hannacosmetica.com\/\",\"name\":\"Hanna Cosm\u00e9tica\",\"description\":\"Tienda de productos u\u00f1as, bellezas y peluquer\u00edas\",\"publisher\":{\"@id\":\"https:\/\/hannacosmetica.com\/#organization\"},\"potentialAction\":[{\"@type\":\"SearchAction\",\"target\":{\"@type\":\"EntryPoint\",\"urlTemplate\":\"https:\/\/hannacosmetica.com\/?s={search_term_string}\"},\"query-input\":\"required name=search_term_string\"}],\"inLanguage\":\"fr-FR\"},{\"@type\":\"Organization\",\"@id\":\"https:\/\/hannacosmetica.com\/#organization\",\"name\":\"Hanna Cosm\u00e9tica\",\"url\":\"https:\/\/hannacosmetica.com\/\",\"logo\":{\"@type\":\"ImageObject\",\"inLanguage\":\"fr-FR\",\"@id\":\"https:\/\/hannacosmetica.com\/#\/schema\/logo\/image\/\",\"url\":\"https:\/\/hannacosmetica.com\/wp-content\/uploads\/2022\/07\/Logo-Joyeria-Femenino-Floral-Negro.png\",\"contentUrl\":\"https:\/\/hannacosmetica.com\/wp-content\/uploads\/2022\/07\/Logo-Joyeria-Femenino-Floral-Negro.png\",\"width\":361,\"height\":126,\"caption\":\"Hanna Cosm\u00e9tica\"},\"image\":{\"@id\":\"https:\/\/hannacosmetica.com\/#\/schema\/logo\/image\/\"}}]}<\/script>\n<!-- \/ Yoast SEO plugin. -->","yoast_head_json":{"title":"Reposamanos para u\u00f1as\/ Coj\u00edn reposabrazos para manicura - Hanna Cosm\u00e9tica","robots":{"index":"index","follow":"follow","max-snippet":"max-snippet:-1","max-image-preview":"max-image-preview:large","max-video-preview":"max-video-preview:-1"},"canonical":"https:\/\/hannacosmetica.com\/fr\/tienda\/manicura\/complementos\/reposamanos-para-unas-cojin-reposabrazos-para-manicura\/","og_locale":"fr_FR","og_type":"article","og_title":"Reposamanos para u\u00f1as\/ Coj\u00edn reposabrazos para manicura - Hanna Cosm\u00e9tica","og_description":"\u3010Reposabrazos de u\u00f1as profesional\u3011&#8211; Hecho de material de cuero de microfibra suave y de alta calidad, m\u00e1s c\u00f3modo al tacto, y viene&hellip;","og_url":"https:\/\/hannacosmetica.com\/fr\/tienda\/manicura\/complementos\/reposamanos-para-unas-cojin-reposabrazos-para-manicura\/","og_site_name":"Hanna Cosm\u00e9tica","article_modified_time":"2023-08-24T10:17:08+00:00","og_image":[{"width":1300,"height":1500,"url":"https:\/\/hannacosmetica.com\/wp-content\/uploads\/2022\/11\/REPOSA-MANOS-BLANCO-2.jpg","type":"image\/jpeg"}],"twitter_card":"summary_large_image","schema":{"@context":"https:\/\/schema.org","@graph":[{"@type":"WebPage","@id":"https:\/\/hannacosmetica.com\/tienda\/manicura\/complementos\/reposamanos-para-unas-cojin-reposabrazos-para-manicura\/","url":"https:\/\/hannacosmetica.com\/tienda\/manicura\/complementos\/reposamanos-para-unas-cojin-reposabrazos-para-manicura\/","name":"Reposamanos para u\u00f1as\/ Coj\u00edn reposabrazos para manicura - Hanna Cosm\u00e9tica","isPartOf":{"@id":"https:\/\/hannacosmetica.com\/#website"},"datePublished":"2022-11-04T10:09:19+00:00","dateModified":"2023-08-24T10:17:08+00:00","breadcrumb":{"@id":"https:\/\/hannacosmetica.com\/tienda\/manicura\/complementos\/reposamanos-para-unas-cojin-reposabrazos-para-manicura\/#breadcrumb"},"inLanguage":"fr-FR","potentialAction":[{"@type":"ReadAction","target":["https:\/\/hannacosmetica.com\/tienda\/manicura\/complementos\/reposamanos-para-unas-cojin-reposabrazos-para-manicura\/"]}]},{"@type":"BreadcrumbList","@id":"https:\/\/hannacosmetica.com\/tienda\/manicura\/complementos\/reposamanos-para-unas-cojin-reposabrazos-para-manicura\/#breadcrumb","itemListElement":[{"@type":"ListItem","position":1,"name":"Portada","item":"https:\/\/hannacosmetica.com\/"},{"@type":"ListItem","position":2,"name":"Tienda","item":"https:\/\/hannacosmetica.com\/shop\/"},{"@type":"ListItem","position":3,"name":"Reposamanos para u\u00f1as\/ Coj\u00edn reposabrazos para manicura"}]},{"@type":"WebSite","@id":"https:\/\/hannacosmetica.com\/#website","url":"https:\/\/hannacosmetica.com\/","name":"Hanna Cosm\u00e9tica","description":"Tienda de productos u\u00f1as, bellezas y peluquer\u00edas","publisher":{"@id":"https:\/\/hannacosmetica.com\/#organization"},"potentialAction":[{"@type":"SearchAction","target":{"@type":"EntryPoint","urlTemplate":"https:\/\/hannacosmetica.com\/?s={search_term_string}"},"query-input":"required name=search_term_string"}],"inLanguage":"fr-FR"},{"@type":"Organization","@id":"https:\/\/hannacosmetica.com\/#organization","name":"Hanna Cosm\u00e9tica","url":"https:\/\/hannacosmetica.com\/","logo":{"@type":"ImageObject","inLanguage":"fr-FR","@id":"https:\/\/hannacosmetica.com\/#\/schema\/logo\/image\/","url":"https:\/\/hannacosmetica.com\/wp-content\/uploads\/2022\/07\/Logo-Joyeria-Femenino-Floral-Negro.png","contentUrl":"https:\/\/hannacosmetica.com\/wp-content\/uploads\/2022\/07\/Logo-Joyeria-Femenino-Floral-Negro.png","width":361,"height":126,"caption":"Hanna Cosm\u00e9tica"},"image":{"@id":"https:\/\/hannacosmetica.com\/#\/schema\/logo\/image\/"}}]}},"_links":{"self":[{"href":"https:\/\/hannacosmetica.com\/fr\/wp-json\/wp\/v2\/product\/9095"}],"collection":[{"href":"https:\/\/hannacosmetica.com\/fr\/wp-json\/wp\/v2\/product"}],"about":[{"href":"https:\/\/hannacosmetica.com\/fr\/wp-json\/wp\/v2\/types\/product"}],"replies":[{"embeddable":true,"href":"https:\/\/hannacosmetica.com\/fr\/wp-json\/wp\/v2\/comments?post=9095"}],"version-history":[{"count":1,"href":"https:\/\/hannacosmetica.com\/fr\/wp-json\/wp\/v2\/product\/9095\/revisions"}],"predecessor-version":[{"id":9098,"href":"https:\/\/hannacosmetica.com\/fr\/wp-json\/wp\/v2\/product\/9095\/revisions\/9098"}],"wp:featuredmedia":[{"embeddable":true,"href":"https:\/\/hannacosmetica.com\/fr\/wp-json\/wp\/v2\/media\/9096"}],"wp:attachment":[{"href":"https:\/\/hannacosmetica.com\/fr\/wp-json\/wp\/v2\/media?parent=9095"}],"wp:term":[{"taxonomy":"product_cat","embeddable":true,"href":"https:\/\/hannacosmetica.com\/fr\/wp-json\/wp\/v2\/product_cat?post=9095"},{"taxonomy":"product_tag","embeddable":true,"href":"https:\/\/hannacosmetica.com\/fr\/wp-json\/wp\/v2\/product_tag?post=9095"}],"curies":[{"name":"wp","href":"https:\/\/api.w.org\/{rel}","templated":true}]}}