{"id":9086,"date":"2022-11-04T09:56:51","date_gmt":"2022-11-04T09:56:51","guid":{"rendered":"https:\/\/hannacosmetica.com\/?post_type=product&#038;p=9086"},"modified":"2026-03-03T14:41:10","modified_gmt":"2026-03-03T14:41:10","slug":"tijeras-de-cuticula-acero-tijeras-corta-cuticula-de-manicura","status":"publish","type":"product","link":"https:\/\/hannacosmetica.com\/fr\/tienda\/manicura\/alicate-y-empujador\/tijeras-de-cuticula-acero-tijeras-corta-cuticula-de-manicura\/","title":{"rendered":"Tijeras de Cut\u00edcula Acero\/ Tijeras Corta Cut\u00edcula De Manicura"},"content":{"rendered":"<ul class=\"a-unordered-list a-vertical a-spacing-mini\">\n<li><span class=\"a-list-item\">Con la ayuda del corte puntiagudo de las tijeras de la piel se puede quitar de forma limpia la piel sobresaliente de las u\u00f1as<\/span><\/li>\n<li><span class=\"a-list-item\">Corte permanente exacto gracias a los tornillos ajustables<\/span><\/li>\n<li><span class=\"a-list-item\">Tijeras de corte son ligeramente curvadas y puntiagudas<\/span><\/li>\n<li><span class=\"a-list-item\">Primero remoje las manos en agua tibia durante uno o dos minutos. Entonces puedes cortar mejor la piel<\/span><\/li>\n<li><span class=\"a-list-item\">Nunca corte demasiado profundo y siempre seg\u00fan la forma natural de la u\u00f1a<\/span><\/li>\n<\/ul>","protected":false},"excerpt":{"rendered":"<p>Con la ayuda del corte puntiagudo de las tijeras de la piel se puede quitar de forma limpia la piel sobresaliente de&hellip;<\/p>","protected":false},"featured_media":9088,"comment_status":"open","ping_status":"closed","template":"","meta":[],"product_cat":[139,82],"product_tag":[],"yoast_head":"<!-- This site is optimized with the Yoast SEO plugin v19.9 - https:\/\/yoast.com\/wordpress\/plugins\/seo\/ -->\n<title>Tijeras de Cut\u00edcula Acero\/ Tijeras Corta Cut\u00edcula De Manicura - Hanna Cosm\u00e9tica<\/title>\n<meta name=\"robots\" content=\"index, follow, max-snippet:-1, max-image-preview:large, max-video-preview:-1\" \/>\n<link rel=\"canonical\" href=\"https:\/\/hannacosmetica.com\/fr\/tienda\/manicura\/alicate-y-empujador\/tijeras-de-cuticula-acero-tijeras-corta-cuticula-de-manicura\/\" \/>\n<meta property=\"og:locale\" content=\"fr_FR\" \/>\n<meta property=\"og:type\" content=\"article\" \/>\n<meta property=\"og:title\" content=\"Tijeras de Cut\u00edcula Acero\/ Tijeras Corta Cut\u00edcula De Manicura - Hanna Cosm\u00e9tica\" \/>\n<meta property=\"og:description\" content=\"Con la ayuda del corte puntiagudo de las tijeras de la piel se puede quitar de forma limpia la piel sobresaliente de&hellip;\" \/>\n<meta property=\"og:url\" content=\"https:\/\/hannacosmetica.com\/fr\/tienda\/manicura\/alicate-y-empujador\/tijeras-de-cuticula-acero-tijeras-corta-cuticula-de-manicura\/\" \/>\n<meta property=\"og:site_name\" content=\"Hanna Cosm\u00e9tica\" \/>\n<meta property=\"article:modified_time\" content=\"2026-03-03T14:41:10+00:00\" \/>\n<meta property=\"og:image\" content=\"https:\/\/hannacosmetica.com\/wp-content\/uploads\/2022\/11\/\u672a\u547d\u540d\u7684\u8bbe\u8ba1-2022-11-04T104952.436.png\" \/>\n\t<meta property=\"og:image:width\" content=\"4800\" \/>\n\t<meta property=\"og:image:height\" content=\"4800\" \/>\n\t<meta property=\"og:image:type\" content=\"image\/png\" \/>\n<meta name=\"twitter:card\" content=\"summary_large_image\" \/>\n<script type=\"application\/ld+json\" class=\"yoast-schema-graph\">{\"@context\":\"https:\/\/schema.org\",\"@graph\":[{\"@type\":\"WebPage\",\"@id\":\"https:\/\/hannacosmetica.com\/tienda\/manicura\/alicate-y-empujador\/tijeras-de-cuticula-acero-tijeras-corta-cuticula-de-manicura\/\",\"url\":\"https:\/\/hannacosmetica.com\/tienda\/manicura\/alicate-y-empujador\/tijeras-de-cuticula-acero-tijeras-corta-cuticula-de-manicura\/\",\"name\":\"Tijeras de Cut\u00edcula Acero\/ Tijeras Corta Cut\u00edcula De Manicura - Hanna Cosm\u00e9tica\",\"isPartOf\":{\"@id\":\"https:\/\/hannacosmetica.com\/#website\"},\"datePublished\":\"2022-11-04T09:56:51+00:00\",\"dateModified\":\"2026-03-03T14:41:10+00:00\",\"breadcrumb\":{\"@id\":\"https:\/\/hannacosmetica.com\/tienda\/manicura\/alicate-y-empujador\/tijeras-de-cuticula-acero-tijeras-corta-cuticula-de-manicura\/#breadcrumb\"},\"inLanguage\":\"fr-FR\",\"potentialAction\":[{\"@type\":\"ReadAction\",\"target\":[\"https:\/\/hannacosmetica.com\/tienda\/manicura\/alicate-y-empujador\/tijeras-de-cuticula-acero-tijeras-corta-cuticula-de-manicura\/\"]}]},{\"@type\":\"BreadcrumbList\",\"@id\":\"https:\/\/hannacosmetica.com\/tienda\/manicura\/alicate-y-empujador\/tijeras-de-cuticula-acero-tijeras-corta-cuticula-de-manicura\/#breadcrumb\",\"itemListElement\":[{\"@type\":\"ListItem\",\"position\":1,\"name\":\"Portada\",\"item\":\"https:\/\/hannacosmetica.com\/\"},{\"@type\":\"ListItem\",\"position\":2,\"name\":\"Tienda\",\"item\":\"https:\/\/hannacosmetica.com\/shop\/\"},{\"@type\":\"ListItem\",\"position\":3,\"name\":\"Tijeras de Cut\u00edcula Acero\/ Tijeras Corta Cut\u00edcula De Manicura\"}]},{\"@type\":\"WebSite\",\"@id\":\"https:\/\/hannacosmetica.com\/#website\",\"url\":\"https:\/\/hannacosmetica.com\/\",\"name\":\"Hanna Cosm\u00e9tica\",\"description\":\"Tienda de productos u\u00f1as, bellezas y peluquer\u00edas\",\"publisher\":{\"@id\":\"https:\/\/hannacosmetica.com\/#organization\"},\"potentialAction\":[{\"@type\":\"SearchAction\",\"target\":{\"@type\":\"EntryPoint\",\"urlTemplate\":\"https:\/\/hannacosmetica.com\/?s={search_term_string}\"},\"query-input\":\"required name=search_term_string\"}],\"inLanguage\":\"fr-FR\"},{\"@type\":\"Organization\",\"@id\":\"https:\/\/hannacosmetica.com\/#organization\",\"name\":\"Hanna Cosm\u00e9tica\",\"url\":\"https:\/\/hannacosmetica.com\/\",\"logo\":{\"@type\":\"ImageObject\",\"inLanguage\":\"fr-FR\",\"@id\":\"https:\/\/hannacosmetica.com\/#\/schema\/logo\/image\/\",\"url\":\"https:\/\/hannacosmetica.com\/wp-content\/uploads\/2022\/07\/Logo-Joyeria-Femenino-Floral-Negro.png\",\"contentUrl\":\"https:\/\/hannacosmetica.com\/wp-content\/uploads\/2022\/07\/Logo-Joyeria-Femenino-Floral-Negro.png\",\"width\":361,\"height\":126,\"caption\":\"Hanna Cosm\u00e9tica\"},\"image\":{\"@id\":\"https:\/\/hannacosmetica.com\/#\/schema\/logo\/image\/\"}}]}<\/script>\n<!-- \/ Yoast SEO plugin. -->","yoast_head_json":{"title":"Tijeras de Cut\u00edcula Acero\/ Tijeras Corta Cut\u00edcula De Manicura - Hanna Cosm\u00e9tica","robots":{"index":"index","follow":"follow","max-snippet":"max-snippet:-1","max-image-preview":"max-image-preview:large","max-video-preview":"max-video-preview:-1"},"canonical":"https:\/\/hannacosmetica.com\/fr\/tienda\/manicura\/alicate-y-empujador\/tijeras-de-cuticula-acero-tijeras-corta-cuticula-de-manicura\/","og_locale":"fr_FR","og_type":"article","og_title":"Tijeras de Cut\u00edcula Acero\/ Tijeras Corta Cut\u00edcula De Manicura - Hanna Cosm\u00e9tica","og_description":"Con la ayuda del corte puntiagudo de las tijeras de la piel se puede quitar de forma limpia la piel sobresaliente de&hellip;","og_url":"https:\/\/hannacosmetica.com\/fr\/tienda\/manicura\/alicate-y-empujador\/tijeras-de-cuticula-acero-tijeras-corta-cuticula-de-manicura\/","og_site_name":"Hanna Cosm\u00e9tica","article_modified_time":"2026-03-03T14:41:10+00:00","og_image":[{"width":4800,"height":4800,"url":"https:\/\/hannacosmetica.com\/wp-content\/uploads\/2022\/11\/\u672a\u547d\u540d\u7684\u8bbe\u8ba1-2022-11-04T104952.436.png","type":"image\/png"}],"twitter_card":"summary_large_image","schema":{"@context":"https:\/\/schema.org","@graph":[{"@type":"WebPage","@id":"https:\/\/hannacosmetica.com\/tienda\/manicura\/alicate-y-empujador\/tijeras-de-cuticula-acero-tijeras-corta-cuticula-de-manicura\/","url":"https:\/\/hannacosmetica.com\/tienda\/manicura\/alicate-y-empujador\/tijeras-de-cuticula-acero-tijeras-corta-cuticula-de-manicura\/","name":"Tijeras de Cut\u00edcula Acero\/ Tijeras Corta Cut\u00edcula De Manicura - Hanna Cosm\u00e9tica","isPartOf":{"@id":"https:\/\/hannacosmetica.com\/#website"},"datePublished":"2022-11-04T09:56:51+00:00","dateModified":"2026-03-03T14:41:10+00:00","breadcrumb":{"@id":"https:\/\/hannacosmetica.com\/tienda\/manicura\/alicate-y-empujador\/tijeras-de-cuticula-acero-tijeras-corta-cuticula-de-manicura\/#breadcrumb"},"inLanguage":"fr-FR","potentialAction":[{"@type":"ReadAction","target":["https:\/\/hannacosmetica.com\/tienda\/manicura\/alicate-y-empujador\/tijeras-de-cuticula-acero-tijeras-corta-cuticula-de-manicura\/"]}]},{"@type":"BreadcrumbList","@id":"https:\/\/hannacosmetica.com\/tienda\/manicura\/alicate-y-empujador\/tijeras-de-cuticula-acero-tijeras-corta-cuticula-de-manicura\/#breadcrumb","itemListElement":[{"@type":"ListItem","position":1,"name":"Portada","item":"https:\/\/hannacosmetica.com\/"},{"@type":"ListItem","position":2,"name":"Tienda","item":"https:\/\/hannacosmetica.com\/shop\/"},{"@type":"ListItem","position":3,"name":"Tijeras de Cut\u00edcula Acero\/ Tijeras Corta Cut\u00edcula De Manicura"}]},{"@type":"WebSite","@id":"https:\/\/hannacosmetica.com\/#website","url":"https:\/\/hannacosmetica.com\/","name":"Hanna Cosm\u00e9tica","description":"Tienda de productos u\u00f1as, bellezas y peluquer\u00edas","publisher":{"@id":"https:\/\/hannacosmetica.com\/#organization"},"potentialAction":[{"@type":"SearchAction","target":{"@type":"EntryPoint","urlTemplate":"https:\/\/hannacosmetica.com\/?s={search_term_string}"},"query-input":"required name=search_term_string"}],"inLanguage":"fr-FR"},{"@type":"Organization","@id":"https:\/\/hannacosmetica.com\/#organization","name":"Hanna Cosm\u00e9tica","url":"https:\/\/hannacosmetica.com\/","logo":{"@type":"ImageObject","inLanguage":"fr-FR","@id":"https:\/\/hannacosmetica.com\/#\/schema\/logo\/image\/","url":"https:\/\/hannacosmetica.com\/wp-content\/uploads\/2022\/07\/Logo-Joyeria-Femenino-Floral-Negro.png","contentUrl":"https:\/\/hannacosmetica.com\/wp-content\/uploads\/2022\/07\/Logo-Joyeria-Femenino-Floral-Negro.png","width":361,"height":126,"caption":"Hanna Cosm\u00e9tica"},"image":{"@id":"https:\/\/hannacosmetica.com\/#\/schema\/logo\/image\/"}}]}},"_links":{"self":[{"href":"https:\/\/hannacosmetica.com\/fr\/wp-json\/wp\/v2\/product\/9086"}],"collection":[{"href":"https:\/\/hannacosmetica.com\/fr\/wp-json\/wp\/v2\/product"}],"about":[{"href":"https:\/\/hannacosmetica.com\/fr\/wp-json\/wp\/v2\/types\/product"}],"replies":[{"embeddable":true,"href":"https:\/\/hannacosmetica.com\/fr\/wp-json\/wp\/v2\/comments?post=9086"}],"version-history":[{"count":3,"href":"https:\/\/hannacosmetica.com\/fr\/wp-json\/wp\/v2\/product\/9086\/revisions"}],"predecessor-version":[{"id":22714,"href":"https:\/\/hannacosmetica.com\/fr\/wp-json\/wp\/v2\/product\/9086\/revisions\/22714"}],"wp:featuredmedia":[{"embeddable":true,"href":"https:\/\/hannacosmetica.com\/fr\/wp-json\/wp\/v2\/media\/9088"}],"wp:attachment":[{"href":"https:\/\/hannacosmetica.com\/fr\/wp-json\/wp\/v2\/media?parent=9086"}],"wp:term":[{"taxonomy":"product_cat","embeddable":true,"href":"https:\/\/hannacosmetica.com\/fr\/wp-json\/wp\/v2\/product_cat?post=9086"},{"taxonomy":"product_tag","embeddable":true,"href":"https:\/\/hannacosmetica.com\/fr\/wp-json\/wp\/v2\/product_tag?post=9086"}],"curies":[{"name":"wp","href":"https:\/\/api.w.org\/{rel}","templated":true}]}}