{"id":9039,"date":"2022-11-03T16:23:09","date_gmt":"2022-11-03T16:23:09","guid":{"rendered":"https:\/\/hannacosmetica.com\/?post_type=product&#038;p=9039"},"modified":"2023-08-24T10:19:02","modified_gmt":"2023-08-24T10:19:02","slug":"maquinillas-de-afeitar-cuchilla-de-ceja","status":"publish","type":"product","link":"https:\/\/hannacosmetica.com\/fr\/tienda\/estetica\/complementos-estetica\/maquinillas-de-afeitar-cuchilla-de-ceja\/","title":{"rendered":"Maquinillas de Afeitar \/  Cuchilla de Ceja"},"content":{"rendered":"<ul class=\"a-unordered-list a-vertical a-spacing-mini\">\n<li><span class=\"a-list-item\">Alta calidad: Hecho de material pl\u00e1stico de alta calidad, duradero, no t\u00f3xico y pr\u00e1ctico. Cuchillas especialmente dise\u00f1adas, resistentes a la corrosi\u00f3n y de alta dureza, buen rendimiento de corte.<\/span><\/li>\n<li><span class=\"a-list-item\">Ideal para cortar las cejas: Dise\u00f1o plegable, f\u00e1cil de guardar y mantener la cuchilla limpia. Dise\u00f1o de malla Microspur, sensaci\u00f3n suave, evite rascarse la piel. Mini tama\u00f1o y peso ligero, f\u00e1cil de usar.Ideal para sal\u00f3n profesional y uso personal.<\/span><\/li>\n<li><span class=\"a-list-item\">Ligero y antideslizante: el agarre antideslizante facilita el control de las manos con menos cansancio. Las cuchillas de acero inoxidable de larga duraci\u00f3n y dise\u00f1o de precisi\u00f3n son muy adecuadas para las personas.<\/span><\/li>\n<li><span class=\"a-list-item\">F\u00e1cil de utilizar: Cuchilla afilada para dar forma a las cejas f\u00e1cilmente, eliminar r\u00e1pidamente el exceso y las cejas desordenadas. Retire el vello de las ra\u00edces sin dejar ning\u00fan vello, minucioso y eficiente.<\/span><\/li>\n<\/ul>","protected":false},"excerpt":{"rendered":"<p>Alta calidad: Hecho de material pl\u00e1stico de alta calidad, duradero, no t\u00f3xico y pr\u00e1ctico. Cuchillas especialmente dise\u00f1adas, resistentes a la corrosi\u00f3n y&hellip;<\/p>","protected":false},"featured_media":9040,"comment_status":"open","ping_status":"closed","template":"","meta":[],"product_cat":[84,115],"product_tag":[],"yoast_head":"<!-- This site is optimized with the Yoast SEO plugin v19.9 - https:\/\/yoast.com\/wordpress\/plugins\/seo\/ -->\n<title>Maquinillas de Afeitar \/ Cuchilla de Ceja - Hanna Cosm\u00e9tica<\/title>\n<meta name=\"robots\" content=\"index, follow, max-snippet:-1, max-image-preview:large, max-video-preview:-1\" \/>\n<link rel=\"canonical\" href=\"https:\/\/hannacosmetica.com\/fr\/tienda\/estetica\/complementos-estetica\/maquinillas-de-afeitar-cuchilla-de-ceja\/\" \/>\n<meta property=\"og:locale\" content=\"fr_FR\" \/>\n<meta property=\"og:type\" content=\"article\" \/>\n<meta property=\"og:title\" content=\"Maquinillas de Afeitar \/ Cuchilla de Ceja - Hanna Cosm\u00e9tica\" \/>\n<meta property=\"og:description\" content=\"Alta calidad: Hecho de material pl\u00e1stico de alta calidad, duradero, no t\u00f3xico y pr\u00e1ctico. Cuchillas especialmente dise\u00f1adas, resistentes a la corrosi\u00f3n y&hellip;\" \/>\n<meta property=\"og:url\" content=\"https:\/\/hannacosmetica.com\/fr\/tienda\/estetica\/complementos-estetica\/maquinillas-de-afeitar-cuchilla-de-ceja\/\" \/>\n<meta property=\"og:site_name\" content=\"Hanna Cosm\u00e9tica\" \/>\n<meta property=\"article:modified_time\" content=\"2023-08-24T10:19:02+00:00\" \/>\n<meta property=\"og:image\" content=\"https:\/\/hannacosmetica.com\/wp-content\/uploads\/2022\/11\/\u672a\u547d\u540d\u7684\u8bbe\u8ba1-2022-11-03T170806.709.png\" \/>\n\t<meta property=\"og:image:width\" content=\"4800\" \/>\n\t<meta property=\"og:image:height\" content=\"4800\" \/>\n\t<meta property=\"og:image:type\" content=\"image\/png\" \/>\n<meta name=\"twitter:card\" content=\"summary_large_image\" \/>\n<script type=\"application\/ld+json\" class=\"yoast-schema-graph\">{\"@context\":\"https:\/\/schema.org\",\"@graph\":[{\"@type\":\"WebPage\",\"@id\":\"https:\/\/hannacosmetica.com\/tienda\/estetica\/complementos-estetica\/maquinillas-de-afeitar-cuchilla-de-ceja\/\",\"url\":\"https:\/\/hannacosmetica.com\/tienda\/estetica\/complementos-estetica\/maquinillas-de-afeitar-cuchilla-de-ceja\/\",\"name\":\"Maquinillas de Afeitar \/ Cuchilla de Ceja - Hanna Cosm\u00e9tica\",\"isPartOf\":{\"@id\":\"https:\/\/hannacosmetica.com\/#website\"},\"datePublished\":\"2022-11-03T16:23:09+00:00\",\"dateModified\":\"2023-08-24T10:19:02+00:00\",\"breadcrumb\":{\"@id\":\"https:\/\/hannacosmetica.com\/tienda\/estetica\/complementos-estetica\/maquinillas-de-afeitar-cuchilla-de-ceja\/#breadcrumb\"},\"inLanguage\":\"fr-FR\",\"potentialAction\":[{\"@type\":\"ReadAction\",\"target\":[\"https:\/\/hannacosmetica.com\/tienda\/estetica\/complementos-estetica\/maquinillas-de-afeitar-cuchilla-de-ceja\/\"]}]},{\"@type\":\"BreadcrumbList\",\"@id\":\"https:\/\/hannacosmetica.com\/tienda\/estetica\/complementos-estetica\/maquinillas-de-afeitar-cuchilla-de-ceja\/#breadcrumb\",\"itemListElement\":[{\"@type\":\"ListItem\",\"position\":1,\"name\":\"Portada\",\"item\":\"https:\/\/hannacosmetica.com\/\"},{\"@type\":\"ListItem\",\"position\":2,\"name\":\"Tienda\",\"item\":\"https:\/\/hannacosmetica.com\/shop\/\"},{\"@type\":\"ListItem\",\"position\":3,\"name\":\"Maquinillas de Afeitar \/ Cuchilla de Ceja\"}]},{\"@type\":\"WebSite\",\"@id\":\"https:\/\/hannacosmetica.com\/#website\",\"url\":\"https:\/\/hannacosmetica.com\/\",\"name\":\"Hanna Cosm\u00e9tica\",\"description\":\"Tienda de productos u\u00f1as, bellezas y peluquer\u00edas\",\"publisher\":{\"@id\":\"https:\/\/hannacosmetica.com\/#organization\"},\"potentialAction\":[{\"@type\":\"SearchAction\",\"target\":{\"@type\":\"EntryPoint\",\"urlTemplate\":\"https:\/\/hannacosmetica.com\/?s={search_term_string}\"},\"query-input\":\"required name=search_term_string\"}],\"inLanguage\":\"fr-FR\"},{\"@type\":\"Organization\",\"@id\":\"https:\/\/hannacosmetica.com\/#organization\",\"name\":\"Hanna Cosm\u00e9tica\",\"url\":\"https:\/\/hannacosmetica.com\/\",\"logo\":{\"@type\":\"ImageObject\",\"inLanguage\":\"fr-FR\",\"@id\":\"https:\/\/hannacosmetica.com\/#\/schema\/logo\/image\/\",\"url\":\"https:\/\/hannacosmetica.com\/wp-content\/uploads\/2022\/07\/Logo-Joyeria-Femenino-Floral-Negro.png\",\"contentUrl\":\"https:\/\/hannacosmetica.com\/wp-content\/uploads\/2022\/07\/Logo-Joyeria-Femenino-Floral-Negro.png\",\"width\":361,\"height\":126,\"caption\":\"Hanna Cosm\u00e9tica\"},\"image\":{\"@id\":\"https:\/\/hannacosmetica.com\/#\/schema\/logo\/image\/\"}}]}<\/script>\n<!-- \/ Yoast SEO plugin. -->","yoast_head_json":{"title":"Maquinillas de Afeitar \/ Cuchilla de Ceja - Hanna Cosm\u00e9tica","robots":{"index":"index","follow":"follow","max-snippet":"max-snippet:-1","max-image-preview":"max-image-preview:large","max-video-preview":"max-video-preview:-1"},"canonical":"https:\/\/hannacosmetica.com\/fr\/tienda\/estetica\/complementos-estetica\/maquinillas-de-afeitar-cuchilla-de-ceja\/","og_locale":"fr_FR","og_type":"article","og_title":"Maquinillas de Afeitar \/ Cuchilla de Ceja - Hanna Cosm\u00e9tica","og_description":"Alta calidad: Hecho de material pl\u00e1stico de alta calidad, duradero, no t\u00f3xico y pr\u00e1ctico. Cuchillas especialmente dise\u00f1adas, resistentes a la corrosi\u00f3n y&hellip;","og_url":"https:\/\/hannacosmetica.com\/fr\/tienda\/estetica\/complementos-estetica\/maquinillas-de-afeitar-cuchilla-de-ceja\/","og_site_name":"Hanna Cosm\u00e9tica","article_modified_time":"2023-08-24T10:19:02+00:00","og_image":[{"width":4800,"height":4800,"url":"https:\/\/hannacosmetica.com\/wp-content\/uploads\/2022\/11\/\u672a\u547d\u540d\u7684\u8bbe\u8ba1-2022-11-03T170806.709.png","type":"image\/png"}],"twitter_card":"summary_large_image","schema":{"@context":"https:\/\/schema.org","@graph":[{"@type":"WebPage","@id":"https:\/\/hannacosmetica.com\/tienda\/estetica\/complementos-estetica\/maquinillas-de-afeitar-cuchilla-de-ceja\/","url":"https:\/\/hannacosmetica.com\/tienda\/estetica\/complementos-estetica\/maquinillas-de-afeitar-cuchilla-de-ceja\/","name":"Maquinillas de Afeitar \/ Cuchilla de Ceja - Hanna Cosm\u00e9tica","isPartOf":{"@id":"https:\/\/hannacosmetica.com\/#website"},"datePublished":"2022-11-03T16:23:09+00:00","dateModified":"2023-08-24T10:19:02+00:00","breadcrumb":{"@id":"https:\/\/hannacosmetica.com\/tienda\/estetica\/complementos-estetica\/maquinillas-de-afeitar-cuchilla-de-ceja\/#breadcrumb"},"inLanguage":"fr-FR","potentialAction":[{"@type":"ReadAction","target":["https:\/\/hannacosmetica.com\/tienda\/estetica\/complementos-estetica\/maquinillas-de-afeitar-cuchilla-de-ceja\/"]}]},{"@type":"BreadcrumbList","@id":"https:\/\/hannacosmetica.com\/tienda\/estetica\/complementos-estetica\/maquinillas-de-afeitar-cuchilla-de-ceja\/#breadcrumb","itemListElement":[{"@type":"ListItem","position":1,"name":"Portada","item":"https:\/\/hannacosmetica.com\/"},{"@type":"ListItem","position":2,"name":"Tienda","item":"https:\/\/hannacosmetica.com\/shop\/"},{"@type":"ListItem","position":3,"name":"Maquinillas de Afeitar \/ Cuchilla de Ceja"}]},{"@type":"WebSite","@id":"https:\/\/hannacosmetica.com\/#website","url":"https:\/\/hannacosmetica.com\/","name":"Hanna Cosm\u00e9tica","description":"Tienda de productos u\u00f1as, bellezas y peluquer\u00edas","publisher":{"@id":"https:\/\/hannacosmetica.com\/#organization"},"potentialAction":[{"@type":"SearchAction","target":{"@type":"EntryPoint","urlTemplate":"https:\/\/hannacosmetica.com\/?s={search_term_string}"},"query-input":"required name=search_term_string"}],"inLanguage":"fr-FR"},{"@type":"Organization","@id":"https:\/\/hannacosmetica.com\/#organization","name":"Hanna Cosm\u00e9tica","url":"https:\/\/hannacosmetica.com\/","logo":{"@type":"ImageObject","inLanguage":"fr-FR","@id":"https:\/\/hannacosmetica.com\/#\/schema\/logo\/image\/","url":"https:\/\/hannacosmetica.com\/wp-content\/uploads\/2022\/07\/Logo-Joyeria-Femenino-Floral-Negro.png","contentUrl":"https:\/\/hannacosmetica.com\/wp-content\/uploads\/2022\/07\/Logo-Joyeria-Femenino-Floral-Negro.png","width":361,"height":126,"caption":"Hanna Cosm\u00e9tica"},"image":{"@id":"https:\/\/hannacosmetica.com\/#\/schema\/logo\/image\/"}}]}},"_links":{"self":[{"href":"https:\/\/hannacosmetica.com\/fr\/wp-json\/wp\/v2\/product\/9039"}],"collection":[{"href":"https:\/\/hannacosmetica.com\/fr\/wp-json\/wp\/v2\/product"}],"about":[{"href":"https:\/\/hannacosmetica.com\/fr\/wp-json\/wp\/v2\/types\/product"}],"replies":[{"embeddable":true,"href":"https:\/\/hannacosmetica.com\/fr\/wp-json\/wp\/v2\/comments?post=9039"}],"version-history":[{"count":1,"href":"https:\/\/hannacosmetica.com\/fr\/wp-json\/wp\/v2\/product\/9039\/revisions"}],"predecessor-version":[{"id":9042,"href":"https:\/\/hannacosmetica.com\/fr\/wp-json\/wp\/v2\/product\/9039\/revisions\/9042"}],"wp:featuredmedia":[{"embeddable":true,"href":"https:\/\/hannacosmetica.com\/fr\/wp-json\/wp\/v2\/media\/9040"}],"wp:attachment":[{"href":"https:\/\/hannacosmetica.com\/fr\/wp-json\/wp\/v2\/media?parent=9039"}],"wp:term":[{"taxonomy":"product_cat","embeddable":true,"href":"https:\/\/hannacosmetica.com\/fr\/wp-json\/wp\/v2\/product_cat?post=9039"},{"taxonomy":"product_tag","embeddable":true,"href":"https:\/\/hannacosmetica.com\/fr\/wp-json\/wp\/v2\/product_tag?post=9039"}],"curies":[{"name":"wp","href":"https:\/\/api.w.org\/{rel}","templated":true}]}}