{"id":9033,"date":"2022-11-03T16:04:25","date_gmt":"2022-11-03T16:04:25","guid":{"rendered":"https:\/\/hannacosmetica.com\/?post_type=product&#038;p=9033"},"modified":"2022-11-03T16:04:25","modified_gmt":"2022-11-03T16:04:25","slug":"cortaunas-de-acero-inoxidable-para-unas-postizas-3-modos-de-cortar","status":"publish","type":"product","link":"https:\/\/hannacosmetica.com\/fr\/tienda\/manicura\/complementos\/cortaunas-de-acero-inoxidable-para-unas-postizas-3-modos-de-cortar\/","title":{"rendered":"Corta\u00fa\u00f1as De Acero Inoxidable Para U\u00f1as Postizas, 3 Modos De Cortar"},"content":{"rendered":"<ul class=\"a-unordered-list a-vertical a-spacing-mini\">\n<li><span class=\"a-list-item\">3 estilos diferentes: este cortador de u\u00f1as tiene 3 estilos diferentes de u\u00f1as cuadradas, u\u00f1as redondas y u\u00f1as francesas. Se puede utilizar en diferentes \u00e1ngulos para obtener un estilo diferente de corte.<\/span><\/li>\n<li><span class=\"a-list-item\">Duradero y f\u00e1cil de usar: dise\u00f1o de resorte, viene con una bandeja de u\u00f1as especialmente dise\u00f1ada, puedes cortar la longitud que quieras con precisi\u00f3n. Gira el tornillo central. Gira en el sentido de las agujas del reloj para que sea m\u00e1s apretado y en sentido contrario a las agujas del reloj para relajarse.<\/span><\/li>\n<li><span class=\"a-list-item\">Recortadora en forma de U: borde afilado para cortar las u\u00f1as en la longitud y estilos deseados, por ejemplo, bien cortado, borde recto, borde redondo, etc.<\/span><\/li>\n<li><\/li>\n<\/ul>","protected":false},"excerpt":{"rendered":"<p>3 estilos diferentes: este cortador de u\u00f1as tiene 3 estilos diferentes de u\u00f1as cuadradas, u\u00f1as redondas y u\u00f1as francesas. Se puede utilizar&hellip;<\/p>","protected":false},"featured_media":9034,"comment_status":"open","ping_status":"closed","template":"","meta":[],"product_cat":[82,101],"product_tag":[],"yoast_head":"<!-- This site is optimized with the Yoast SEO plugin v19.9 - https:\/\/yoast.com\/wordpress\/plugins\/seo\/ -->\n<title>Corta\u00fa\u00f1as De Acero Inoxidable Para U\u00f1as Postizas, 3 Modos De Cortar - Hanna Cosm\u00e9tica<\/title>\n<meta name=\"robots\" content=\"index, follow, max-snippet:-1, max-image-preview:large, max-video-preview:-1\" \/>\n<link rel=\"canonical\" href=\"https:\/\/hannacosmetica.com\/fr\/tienda\/manicura\/complementos\/cortaunas-de-acero-inoxidable-para-unas-postizas-3-modos-de-cortar\/\" \/>\n<meta property=\"og:locale\" content=\"fr_FR\" \/>\n<meta property=\"og:type\" content=\"article\" \/>\n<meta property=\"og:title\" content=\"Corta\u00fa\u00f1as De Acero Inoxidable Para U\u00f1as Postizas, 3 Modos De Cortar - Hanna Cosm\u00e9tica\" \/>\n<meta property=\"og:description\" content=\"3 estilos diferentes: este cortador de u\u00f1as tiene 3 estilos diferentes de u\u00f1as cuadradas, u\u00f1as redondas y u\u00f1as francesas. Se puede utilizar&hellip;\" \/>\n<meta property=\"og:url\" content=\"https:\/\/hannacosmetica.com\/fr\/tienda\/manicura\/complementos\/cortaunas-de-acero-inoxidable-para-unas-postizas-3-modos-de-cortar\/\" \/>\n<meta property=\"og:site_name\" content=\"Hanna Cosm\u00e9tica\" \/>\n<meta property=\"og:image\" content=\"https:\/\/hannacosmetica.com\/wp-content\/uploads\/2022\/11\/\u672a\u547d\u540d\u7684\u8bbe\u8ba1-2022-11-03T165305.090-1520x1520.png\" \/>\n\t<meta property=\"og:image:width\" content=\"1520\" \/>\n\t<meta property=\"og:image:height\" content=\"1520\" \/>\n\t<meta property=\"og:image:type\" content=\"image\/png\" \/>\n<meta name=\"twitter:card\" content=\"summary_large_image\" \/>\n<script type=\"application\/ld+json\" class=\"yoast-schema-graph\">{\"@context\":\"https:\/\/schema.org\",\"@graph\":[{\"@type\":\"WebPage\",\"@id\":\"https:\/\/hannacosmetica.com\/tienda\/manicura\/complementos\/cortaunas-de-acero-inoxidable-para-unas-postizas-3-modos-de-cortar\/\",\"url\":\"https:\/\/hannacosmetica.com\/tienda\/manicura\/complementos\/cortaunas-de-acero-inoxidable-para-unas-postizas-3-modos-de-cortar\/\",\"name\":\"Corta\u00fa\u00f1as De Acero Inoxidable Para U\u00f1as Postizas, 3 Modos De Cortar - Hanna Cosm\u00e9tica\",\"isPartOf\":{\"@id\":\"https:\/\/hannacosmetica.com\/#website\"},\"datePublished\":\"2022-11-03T16:04:25+00:00\",\"dateModified\":\"2022-11-03T16:04:25+00:00\",\"breadcrumb\":{\"@id\":\"https:\/\/hannacosmetica.com\/tienda\/manicura\/complementos\/cortaunas-de-acero-inoxidable-para-unas-postizas-3-modos-de-cortar\/#breadcrumb\"},\"inLanguage\":\"fr-FR\",\"potentialAction\":[{\"@type\":\"ReadAction\",\"target\":[\"https:\/\/hannacosmetica.com\/tienda\/manicura\/complementos\/cortaunas-de-acero-inoxidable-para-unas-postizas-3-modos-de-cortar\/\"]}]},{\"@type\":\"BreadcrumbList\",\"@id\":\"https:\/\/hannacosmetica.com\/tienda\/manicura\/complementos\/cortaunas-de-acero-inoxidable-para-unas-postizas-3-modos-de-cortar\/#breadcrumb\",\"itemListElement\":[{\"@type\":\"ListItem\",\"position\":1,\"name\":\"Portada\",\"item\":\"https:\/\/hannacosmetica.com\/\"},{\"@type\":\"ListItem\",\"position\":2,\"name\":\"Tienda\",\"item\":\"https:\/\/hannacosmetica.com\/shop\/\"},{\"@type\":\"ListItem\",\"position\":3,\"name\":\"Corta\u00fa\u00f1as De Acero Inoxidable Para U\u00f1as Postizas, 3 Modos De Cortar\"}]},{\"@type\":\"WebSite\",\"@id\":\"https:\/\/hannacosmetica.com\/#website\",\"url\":\"https:\/\/hannacosmetica.com\/\",\"name\":\"Hanna Cosm\u00e9tica\",\"description\":\"Tienda de productos u\u00f1as, bellezas y peluquer\u00edas\",\"publisher\":{\"@id\":\"https:\/\/hannacosmetica.com\/#organization\"},\"potentialAction\":[{\"@type\":\"SearchAction\",\"target\":{\"@type\":\"EntryPoint\",\"urlTemplate\":\"https:\/\/hannacosmetica.com\/?s={search_term_string}\"},\"query-input\":\"required name=search_term_string\"}],\"inLanguage\":\"fr-FR\"},{\"@type\":\"Organization\",\"@id\":\"https:\/\/hannacosmetica.com\/#organization\",\"name\":\"Hanna Cosm\u00e9tica\",\"url\":\"https:\/\/hannacosmetica.com\/\",\"logo\":{\"@type\":\"ImageObject\",\"inLanguage\":\"fr-FR\",\"@id\":\"https:\/\/hannacosmetica.com\/#\/schema\/logo\/image\/\",\"url\":\"https:\/\/hannacosmetica.com\/wp-content\/uploads\/2022\/07\/Logo-Joyeria-Femenino-Floral-Negro.png\",\"contentUrl\":\"https:\/\/hannacosmetica.com\/wp-content\/uploads\/2022\/07\/Logo-Joyeria-Femenino-Floral-Negro.png\",\"width\":361,\"height\":126,\"caption\":\"Hanna Cosm\u00e9tica\"},\"image\":{\"@id\":\"https:\/\/hannacosmetica.com\/#\/schema\/logo\/image\/\"}}]}<\/script>\n<!-- \/ Yoast SEO plugin. -->","yoast_head_json":{"title":"Corta\u00fa\u00f1as De Acero Inoxidable Para U\u00f1as Postizas, 3 Modos De Cortar - Hanna Cosm\u00e9tica","robots":{"index":"index","follow":"follow","max-snippet":"max-snippet:-1","max-image-preview":"max-image-preview:large","max-video-preview":"max-video-preview:-1"},"canonical":"https:\/\/hannacosmetica.com\/fr\/tienda\/manicura\/complementos\/cortaunas-de-acero-inoxidable-para-unas-postizas-3-modos-de-cortar\/","og_locale":"fr_FR","og_type":"article","og_title":"Corta\u00fa\u00f1as De Acero Inoxidable Para U\u00f1as Postizas, 3 Modos De Cortar - Hanna Cosm\u00e9tica","og_description":"3 estilos diferentes: este cortador de u\u00f1as tiene 3 estilos diferentes de u\u00f1as cuadradas, u\u00f1as redondas y u\u00f1as francesas. Se puede utilizar&hellip;","og_url":"https:\/\/hannacosmetica.com\/fr\/tienda\/manicura\/complementos\/cortaunas-de-acero-inoxidable-para-unas-postizas-3-modos-de-cortar\/","og_site_name":"Hanna Cosm\u00e9tica","og_image":[{"width":1520,"height":1520,"url":"https:\/\/hannacosmetica.com\/wp-content\/uploads\/2022\/11\/\u672a\u547d\u540d\u7684\u8bbe\u8ba1-2022-11-03T165305.090-1520x1520.png","type":"image\/png"}],"twitter_card":"summary_large_image","schema":{"@context":"https:\/\/schema.org","@graph":[{"@type":"WebPage","@id":"https:\/\/hannacosmetica.com\/tienda\/manicura\/complementos\/cortaunas-de-acero-inoxidable-para-unas-postizas-3-modos-de-cortar\/","url":"https:\/\/hannacosmetica.com\/tienda\/manicura\/complementos\/cortaunas-de-acero-inoxidable-para-unas-postizas-3-modos-de-cortar\/","name":"Corta\u00fa\u00f1as De Acero Inoxidable Para U\u00f1as Postizas, 3 Modos De Cortar - Hanna Cosm\u00e9tica","isPartOf":{"@id":"https:\/\/hannacosmetica.com\/#website"},"datePublished":"2022-11-03T16:04:25+00:00","dateModified":"2022-11-03T16:04:25+00:00","breadcrumb":{"@id":"https:\/\/hannacosmetica.com\/tienda\/manicura\/complementos\/cortaunas-de-acero-inoxidable-para-unas-postizas-3-modos-de-cortar\/#breadcrumb"},"inLanguage":"fr-FR","potentialAction":[{"@type":"ReadAction","target":["https:\/\/hannacosmetica.com\/tienda\/manicura\/complementos\/cortaunas-de-acero-inoxidable-para-unas-postizas-3-modos-de-cortar\/"]}]},{"@type":"BreadcrumbList","@id":"https:\/\/hannacosmetica.com\/tienda\/manicura\/complementos\/cortaunas-de-acero-inoxidable-para-unas-postizas-3-modos-de-cortar\/#breadcrumb","itemListElement":[{"@type":"ListItem","position":1,"name":"Portada","item":"https:\/\/hannacosmetica.com\/"},{"@type":"ListItem","position":2,"name":"Tienda","item":"https:\/\/hannacosmetica.com\/shop\/"},{"@type":"ListItem","position":3,"name":"Corta\u00fa\u00f1as De Acero Inoxidable Para U\u00f1as Postizas, 3 Modos De Cortar"}]},{"@type":"WebSite","@id":"https:\/\/hannacosmetica.com\/#website","url":"https:\/\/hannacosmetica.com\/","name":"Hanna Cosm\u00e9tica","description":"Tienda de productos u\u00f1as, bellezas y peluquer\u00edas","publisher":{"@id":"https:\/\/hannacosmetica.com\/#organization"},"potentialAction":[{"@type":"SearchAction","target":{"@type":"EntryPoint","urlTemplate":"https:\/\/hannacosmetica.com\/?s={search_term_string}"},"query-input":"required name=search_term_string"}],"inLanguage":"fr-FR"},{"@type":"Organization","@id":"https:\/\/hannacosmetica.com\/#organization","name":"Hanna Cosm\u00e9tica","url":"https:\/\/hannacosmetica.com\/","logo":{"@type":"ImageObject","inLanguage":"fr-FR","@id":"https:\/\/hannacosmetica.com\/#\/schema\/logo\/image\/","url":"https:\/\/hannacosmetica.com\/wp-content\/uploads\/2022\/07\/Logo-Joyeria-Femenino-Floral-Negro.png","contentUrl":"https:\/\/hannacosmetica.com\/wp-content\/uploads\/2022\/07\/Logo-Joyeria-Femenino-Floral-Negro.png","width":361,"height":126,"caption":"Hanna Cosm\u00e9tica"},"image":{"@id":"https:\/\/hannacosmetica.com\/#\/schema\/logo\/image\/"}}]}},"_links":{"self":[{"href":"https:\/\/hannacosmetica.com\/fr\/wp-json\/wp\/v2\/product\/9033"}],"collection":[{"href":"https:\/\/hannacosmetica.com\/fr\/wp-json\/wp\/v2\/product"}],"about":[{"href":"https:\/\/hannacosmetica.com\/fr\/wp-json\/wp\/v2\/types\/product"}],"replies":[{"embeddable":true,"href":"https:\/\/hannacosmetica.com\/fr\/wp-json\/wp\/v2\/comments?post=9033"}],"version-history":[{"count":1,"href":"https:\/\/hannacosmetica.com\/fr\/wp-json\/wp\/v2\/product\/9033\/revisions"}],"predecessor-version":[{"id":9038,"href":"https:\/\/hannacosmetica.com\/fr\/wp-json\/wp\/v2\/product\/9033\/revisions\/9038"}],"wp:featuredmedia":[{"embeddable":true,"href":"https:\/\/hannacosmetica.com\/fr\/wp-json\/wp\/v2\/media\/9034"}],"wp:attachment":[{"href":"https:\/\/hannacosmetica.com\/fr\/wp-json\/wp\/v2\/media?parent=9033"}],"wp:term":[{"taxonomy":"product_cat","embeddable":true,"href":"https:\/\/hannacosmetica.com\/fr\/wp-json\/wp\/v2\/product_cat?post=9033"},{"taxonomy":"product_tag","embeddable":true,"href":"https:\/\/hannacosmetica.com\/fr\/wp-json\/wp\/v2\/product_tag?post=9033"}],"curies":[{"name":"wp","href":"https:\/\/api.w.org\/{rel}","templated":true}]}}