{"id":9029,"date":"2022-11-03T15:55:12","date_gmt":"2022-11-03T15:55:12","guid":{"rendered":"https:\/\/hannacosmetica.com\/?post_type=product&#038;p=9029"},"modified":"2023-08-24T10:19:19","modified_gmt":"2023-08-24T10:19:19","slug":"lima-para-pies-lima-de-acero","status":"publish","type":"product","link":"https:\/\/hannacosmetica.com\/fr\/tienda\/manicura\/limas-y-pulidoras\/lima-para-pies-lima-de-acero\/","title":{"rendered":"Lima Para Pies\/Lima de Acero"},"content":{"rendered":"<ul>\n<li>Con la lima para callos, el callo en el pie o el codo se puede quitar muy f\u00e1cil y r\u00e1pidamente, haciendo que la piel vuelva a ser suave y flexible sin esfuerzo; el lado grueso es ideal para eliminar callos gruesos; el lado fino para las zonas sensibles<\/li>\n<\/ul>\n<ul class=\"a-unordered-list a-vertical a-spacing-mini\">\n<li><span class=\"a-list-item\">\u3010Materiales de alta calidad\u3011 La lima para pies est\u00e1 hecha con l\u00e1ser y de acero inoxidable, eficiente y duradera, por lo que puede usar esta escofina en la ducha; Sin riesgo de lesiones o cortes como con un plano de callos convencional<\/span><\/li>\n<li><span class=\"a-list-item\">\u3010Limpieza r\u00e1pida y f\u00e1cil\u3011 La lima de callos es resistente al agua y al \u00f3xido, por lo que se puede usar en pies h\u00famedos o secos, y limpie directamente la lima de pies con agua corriente despu\u00e9s de su uso<\/span><\/li>\n<\/ul>","protected":false},"excerpt":{"rendered":"<p>Con la lima para callos, el callo en el pie o el codo se puede quitar muy f\u00e1cil y r\u00e1pidamente, haciendo que&hellip;<\/p>","protected":false},"featured_media":9030,"comment_status":"open","ping_status":"closed","template":"","meta":[],"product_cat":[82,99],"product_tag":[],"yoast_head":"<!-- This site is optimized with the Yoast SEO plugin v19.9 - https:\/\/yoast.com\/wordpress\/plugins\/seo\/ -->\n<title>Lima Para Pies\/Lima de Acero - Hanna Cosm\u00e9tica<\/title>\n<meta name=\"robots\" content=\"index, follow, max-snippet:-1, max-image-preview:large, max-video-preview:-1\" \/>\n<link rel=\"canonical\" href=\"https:\/\/hannacosmetica.com\/fr\/tienda\/manicura\/limas-y-pulidoras\/lima-para-pies-lima-de-acero\/\" \/>\n<meta property=\"og:locale\" content=\"fr_FR\" \/>\n<meta property=\"og:type\" content=\"article\" \/>\n<meta property=\"og:title\" content=\"Lima Para Pies\/Lima de Acero - Hanna Cosm\u00e9tica\" \/>\n<meta property=\"og:description\" content=\"Con la lima para callos, el callo en el pie o el codo se puede quitar muy f\u00e1cil y r\u00e1pidamente, haciendo que&hellip;\" \/>\n<meta property=\"og:url\" content=\"https:\/\/hannacosmetica.com\/fr\/tienda\/manicura\/limas-y-pulidoras\/lima-para-pies-lima-de-acero\/\" \/>\n<meta property=\"og:site_name\" content=\"Hanna Cosm\u00e9tica\" \/>\n<meta property=\"article:modified_time\" content=\"2023-08-24T10:19:19+00:00\" \/>\n<meta property=\"og:image\" content=\"https:\/\/hannacosmetica.com\/wp-content\/uploads\/2022\/11\/\u672a\u547d\u540d\u7684\u8bbe\u8ba1-2022-11-03T165123.912-1520x1520.png\" \/>\n\t<meta property=\"og:image:width\" content=\"1520\" \/>\n\t<meta property=\"og:image:height\" content=\"1520\" \/>\n\t<meta property=\"og:image:type\" content=\"image\/png\" \/>\n<meta name=\"twitter:card\" content=\"summary_large_image\" \/>\n<script type=\"application\/ld+json\" class=\"yoast-schema-graph\">{\"@context\":\"https:\/\/schema.org\",\"@graph\":[{\"@type\":\"WebPage\",\"@id\":\"https:\/\/hannacosmetica.com\/tienda\/manicura\/limas-y-pulidoras\/lima-para-pies-lima-de-acero\/\",\"url\":\"https:\/\/hannacosmetica.com\/tienda\/manicura\/limas-y-pulidoras\/lima-para-pies-lima-de-acero\/\",\"name\":\"Lima Para Pies\/Lima de Acero - Hanna Cosm\u00e9tica\",\"isPartOf\":{\"@id\":\"https:\/\/hannacosmetica.com\/#website\"},\"datePublished\":\"2022-11-03T15:55:12+00:00\",\"dateModified\":\"2023-08-24T10:19:19+00:00\",\"breadcrumb\":{\"@id\":\"https:\/\/hannacosmetica.com\/tienda\/manicura\/limas-y-pulidoras\/lima-para-pies-lima-de-acero\/#breadcrumb\"},\"inLanguage\":\"fr-FR\",\"potentialAction\":[{\"@type\":\"ReadAction\",\"target\":[\"https:\/\/hannacosmetica.com\/tienda\/manicura\/limas-y-pulidoras\/lima-para-pies-lima-de-acero\/\"]}]},{\"@type\":\"BreadcrumbList\",\"@id\":\"https:\/\/hannacosmetica.com\/tienda\/manicura\/limas-y-pulidoras\/lima-para-pies-lima-de-acero\/#breadcrumb\",\"itemListElement\":[{\"@type\":\"ListItem\",\"position\":1,\"name\":\"Portada\",\"item\":\"https:\/\/hannacosmetica.com\/\"},{\"@type\":\"ListItem\",\"position\":2,\"name\":\"Tienda\",\"item\":\"https:\/\/hannacosmetica.com\/shop\/\"},{\"@type\":\"ListItem\",\"position\":3,\"name\":\"Lima Para Pies\/Lima de Acero\"}]},{\"@type\":\"WebSite\",\"@id\":\"https:\/\/hannacosmetica.com\/#website\",\"url\":\"https:\/\/hannacosmetica.com\/\",\"name\":\"Hanna Cosm\u00e9tica\",\"description\":\"Tienda de productos u\u00f1as, bellezas y peluquer\u00edas\",\"publisher\":{\"@id\":\"https:\/\/hannacosmetica.com\/#organization\"},\"potentialAction\":[{\"@type\":\"SearchAction\",\"target\":{\"@type\":\"EntryPoint\",\"urlTemplate\":\"https:\/\/hannacosmetica.com\/?s={search_term_string}\"},\"query-input\":\"required name=search_term_string\"}],\"inLanguage\":\"fr-FR\"},{\"@type\":\"Organization\",\"@id\":\"https:\/\/hannacosmetica.com\/#organization\",\"name\":\"Hanna Cosm\u00e9tica\",\"url\":\"https:\/\/hannacosmetica.com\/\",\"logo\":{\"@type\":\"ImageObject\",\"inLanguage\":\"fr-FR\",\"@id\":\"https:\/\/hannacosmetica.com\/#\/schema\/logo\/image\/\",\"url\":\"https:\/\/hannacosmetica.com\/wp-content\/uploads\/2022\/07\/Logo-Joyeria-Femenino-Floral-Negro.png\",\"contentUrl\":\"https:\/\/hannacosmetica.com\/wp-content\/uploads\/2022\/07\/Logo-Joyeria-Femenino-Floral-Negro.png\",\"width\":361,\"height\":126,\"caption\":\"Hanna Cosm\u00e9tica\"},\"image\":{\"@id\":\"https:\/\/hannacosmetica.com\/#\/schema\/logo\/image\/\"}}]}<\/script>\n<!-- \/ Yoast SEO plugin. -->","yoast_head_json":{"title":"Lima Para Pies\/Lima de Acero - Hanna Cosm\u00e9tica","robots":{"index":"index","follow":"follow","max-snippet":"max-snippet:-1","max-image-preview":"max-image-preview:large","max-video-preview":"max-video-preview:-1"},"canonical":"https:\/\/hannacosmetica.com\/fr\/tienda\/manicura\/limas-y-pulidoras\/lima-para-pies-lima-de-acero\/","og_locale":"fr_FR","og_type":"article","og_title":"Lima Para Pies\/Lima de Acero - Hanna Cosm\u00e9tica","og_description":"Con la lima para callos, el callo en el pie o el codo se puede quitar muy f\u00e1cil y r\u00e1pidamente, haciendo que&hellip;","og_url":"https:\/\/hannacosmetica.com\/fr\/tienda\/manicura\/limas-y-pulidoras\/lima-para-pies-lima-de-acero\/","og_site_name":"Hanna Cosm\u00e9tica","article_modified_time":"2023-08-24T10:19:19+00:00","og_image":[{"width":1520,"height":1520,"url":"https:\/\/hannacosmetica.com\/wp-content\/uploads\/2022\/11\/\u672a\u547d\u540d\u7684\u8bbe\u8ba1-2022-11-03T165123.912-1520x1520.png","type":"image\/png"}],"twitter_card":"summary_large_image","schema":{"@context":"https:\/\/schema.org","@graph":[{"@type":"WebPage","@id":"https:\/\/hannacosmetica.com\/tienda\/manicura\/limas-y-pulidoras\/lima-para-pies-lima-de-acero\/","url":"https:\/\/hannacosmetica.com\/tienda\/manicura\/limas-y-pulidoras\/lima-para-pies-lima-de-acero\/","name":"Lima Para Pies\/Lima de Acero - Hanna Cosm\u00e9tica","isPartOf":{"@id":"https:\/\/hannacosmetica.com\/#website"},"datePublished":"2022-11-03T15:55:12+00:00","dateModified":"2023-08-24T10:19:19+00:00","breadcrumb":{"@id":"https:\/\/hannacosmetica.com\/tienda\/manicura\/limas-y-pulidoras\/lima-para-pies-lima-de-acero\/#breadcrumb"},"inLanguage":"fr-FR","potentialAction":[{"@type":"ReadAction","target":["https:\/\/hannacosmetica.com\/tienda\/manicura\/limas-y-pulidoras\/lima-para-pies-lima-de-acero\/"]}]},{"@type":"BreadcrumbList","@id":"https:\/\/hannacosmetica.com\/tienda\/manicura\/limas-y-pulidoras\/lima-para-pies-lima-de-acero\/#breadcrumb","itemListElement":[{"@type":"ListItem","position":1,"name":"Portada","item":"https:\/\/hannacosmetica.com\/"},{"@type":"ListItem","position":2,"name":"Tienda","item":"https:\/\/hannacosmetica.com\/shop\/"},{"@type":"ListItem","position":3,"name":"Lima Para Pies\/Lima de Acero"}]},{"@type":"WebSite","@id":"https:\/\/hannacosmetica.com\/#website","url":"https:\/\/hannacosmetica.com\/","name":"Hanna Cosm\u00e9tica","description":"Tienda de productos u\u00f1as, bellezas y peluquer\u00edas","publisher":{"@id":"https:\/\/hannacosmetica.com\/#organization"},"potentialAction":[{"@type":"SearchAction","target":{"@type":"EntryPoint","urlTemplate":"https:\/\/hannacosmetica.com\/?s={search_term_string}"},"query-input":"required name=search_term_string"}],"inLanguage":"fr-FR"},{"@type":"Organization","@id":"https:\/\/hannacosmetica.com\/#organization","name":"Hanna Cosm\u00e9tica","url":"https:\/\/hannacosmetica.com\/","logo":{"@type":"ImageObject","inLanguage":"fr-FR","@id":"https:\/\/hannacosmetica.com\/#\/schema\/logo\/image\/","url":"https:\/\/hannacosmetica.com\/wp-content\/uploads\/2022\/07\/Logo-Joyeria-Femenino-Floral-Negro.png","contentUrl":"https:\/\/hannacosmetica.com\/wp-content\/uploads\/2022\/07\/Logo-Joyeria-Femenino-Floral-Negro.png","width":361,"height":126,"caption":"Hanna Cosm\u00e9tica"},"image":{"@id":"https:\/\/hannacosmetica.com\/#\/schema\/logo\/image\/"}}]}},"_links":{"self":[{"href":"https:\/\/hannacosmetica.com\/fr\/wp-json\/wp\/v2\/product\/9029"}],"collection":[{"href":"https:\/\/hannacosmetica.com\/fr\/wp-json\/wp\/v2\/product"}],"about":[{"href":"https:\/\/hannacosmetica.com\/fr\/wp-json\/wp\/v2\/types\/product"}],"replies":[{"embeddable":true,"href":"https:\/\/hannacosmetica.com\/fr\/wp-json\/wp\/v2\/comments?post=9029"}],"version-history":[{"count":1,"href":"https:\/\/hannacosmetica.com\/fr\/wp-json\/wp\/v2\/product\/9029\/revisions"}],"predecessor-version":[{"id":9032,"href":"https:\/\/hannacosmetica.com\/fr\/wp-json\/wp\/v2\/product\/9029\/revisions\/9032"}],"wp:featuredmedia":[{"embeddable":true,"href":"https:\/\/hannacosmetica.com\/fr\/wp-json\/wp\/v2\/media\/9030"}],"wp:attachment":[{"href":"https:\/\/hannacosmetica.com\/fr\/wp-json\/wp\/v2\/media?parent=9029"}],"wp:term":[{"taxonomy":"product_cat","embeddable":true,"href":"https:\/\/hannacosmetica.com\/fr\/wp-json\/wp\/v2\/product_cat?post=9029"},{"taxonomy":"product_tag","embeddable":true,"href":"https:\/\/hannacosmetica.com\/fr\/wp-json\/wp\/v2\/product_tag?post=9029"}],"curies":[{"name":"wp","href":"https:\/\/api.w.org\/{rel}","templated":true}]}}