{"id":8659,"date":"2022-10-18T12:01:29","date_gmt":"2022-10-18T12:01:29","guid":{"rendered":"https:\/\/hannacosmetica.com\/?post_type=product&#038;p=8659"},"modified":"2023-10-24T15:43:01","modified_gmt":"2023-10-24T15:43:01","slug":"cuencos-de-manicura-cuenco-para-remojo-de-unas-para-lavar-a-mano-tratamiento-de-esmalte-espesado-cuenco-para-remocion-de-unas-postizas-herramienta-de-manicura-rosa","status":"publish","type":"product","link":"https:\/\/hannacosmetica.com\/fr\/tienda\/manicura\/complementos\/cuencos-de-manicura-cuenco-para-remojo-de-unas-para-lavar-a-mano-tratamiento-de-esmalte-espesado-cuenco-para-remocion-de-unas-postizas-herramienta-de-manicura-rosa\/","title":{"rendered":"Mojadero,Taz\u00f3n de Manicura, Cuenco Para Remojo de U\u00f1as Para Lavar A Mano."},"content":{"rendered":"<ul class=\"a-unordered-list a-vertical a-spacing-mini\">\n<li><span class=\"a-list-item\">\u3010Funci\u00f3n\u3011 El cuenco es perfecto para el cuidado de las manos, u\u00f1as al arte, pulido, removedor, tratamiento. Tambi\u00e9n puede completar la operaci\u00f3n de remojo de manos en cualquier momento mientras camina.<\/span><\/li>\n<li><span class=\"a-list-item\">\u3010C\u00f3modo de usar\u3011 El cuenco de manicura tiene un dise\u00f1o de ranuras que se adapta a la forma de la mano y es c\u00f3modo de usar. Las cubiertas superior e inferior se pueden separar para facilitar su uso.<\/span><\/li>\n<li><span class=\"a-list-item\">\u3010Eliminaci\u00f3n r\u00e1pida\u3011 Despu\u00e9s de poner las manos, naturalmente puede formar un espacio cerrado, la temperatura del agua se puede mantener durante mucho tiempo en invierno, fortalece el efecto de suavizar la cutina.<\/span><\/li>\n<li><span class=\"a-list-item\">\u3010Material premium\u3011El lavabo de pl\u00e1stico para u\u00f1as est\u00e1 hecho de material de PVC de alta calidad, que es duradero y no se deforma f\u00e1cilmente a altas temperaturas.<\/span><\/li>\n<li><span class=\"a-list-item\">\u3010Doble uso\u3011 Elimina la piel muerta y limpia tus dedos, quita el esmalte de u\u00f1as o las u\u00f1as postizas, previene eficazmente la volatilizaci\u00f3n y evita el desperdicio.<\/span><\/li>\n<\/ul>","protected":false},"excerpt":{"rendered":"<p>\u3010Funci\u00f3n\u3011 El cuenco es perfecto para el cuidado de las manos, u\u00f1as al arte, pulido, removedor, tratamiento. Tambi\u00e9n puede completar la operaci\u00f3n&hellip;<\/p>","protected":false},"featured_media":8660,"comment_status":"open","ping_status":"closed","template":"","meta":[],"product_cat":[82,101],"product_tag":[],"yoast_head":"<!-- This site is optimized with the Yoast SEO plugin v19.9 - https:\/\/yoast.com\/wordpress\/plugins\/seo\/ -->\n<title>Mojadero,Taz\u00f3n de Manicura, Cuenco Para Remojo de U\u00f1as Para Lavar A Mano. - Hanna Cosm\u00e9tica<\/title>\n<meta name=\"robots\" content=\"index, follow, max-snippet:-1, max-image-preview:large, max-video-preview:-1\" \/>\n<link rel=\"canonical\" href=\"https:\/\/hannacosmetica.com\/fr\/tienda\/manicura\/complementos\/cuencos-de-manicura-cuenco-para-remojo-de-unas-para-lavar-a-mano-tratamiento-de-esmalte-espesado-cuenco-para-remocion-de-unas-postizas-herramienta-de-manicura-rosa\/\" \/>\n<meta property=\"og:locale\" content=\"fr_FR\" \/>\n<meta property=\"og:type\" content=\"article\" \/>\n<meta property=\"og:title\" content=\"Mojadero,Taz\u00f3n de Manicura, Cuenco Para Remojo de U\u00f1as Para Lavar A Mano. - Hanna Cosm\u00e9tica\" \/>\n<meta property=\"og:description\" content=\"\u3010Funci\u00f3n\u3011 El cuenco es perfecto para el cuidado de las manos, u\u00f1as al arte, pulido, removedor, tratamiento. Tambi\u00e9n puede completar la operaci\u00f3n&hellip;\" \/>\n<meta property=\"og:url\" content=\"https:\/\/hannacosmetica.com\/fr\/tienda\/manicura\/complementos\/cuencos-de-manicura-cuenco-para-remojo-de-unas-para-lavar-a-mano-tratamiento-de-esmalte-espesado-cuenco-para-remocion-de-unas-postizas-herramienta-de-manicura-rosa\/\" \/>\n<meta property=\"og:site_name\" content=\"Hanna Cosm\u00e9tica\" \/>\n<meta property=\"article:modified_time\" content=\"2023-10-24T15:43:01+00:00\" \/>\n<meta property=\"og:image\" content=\"https:\/\/hannacosmetica.com\/wp-content\/uploads\/2022\/10\/\u672a\u547d\u540d\u7684\u8bbe\u8ba1-2022-10-18T135938.759-1520x1520.png\" \/>\n\t<meta property=\"og:image:width\" content=\"1520\" \/>\n\t<meta property=\"og:image:height\" content=\"1520\" \/>\n\t<meta property=\"og:image:type\" content=\"image\/png\" \/>\n<meta name=\"twitter:card\" content=\"summary_large_image\" \/>\n<script type=\"application\/ld+json\" class=\"yoast-schema-graph\">{\"@context\":\"https:\/\/schema.org\",\"@graph\":[{\"@type\":\"WebPage\",\"@id\":\"https:\/\/hannacosmetica.com\/tienda\/manicura\/complementos\/cuencos-de-manicura-cuenco-para-remojo-de-unas-para-lavar-a-mano-tratamiento-de-esmalte-espesado-cuenco-para-remocion-de-unas-postizas-herramienta-de-manicura-rosa\/\",\"url\":\"https:\/\/hannacosmetica.com\/tienda\/manicura\/complementos\/cuencos-de-manicura-cuenco-para-remojo-de-unas-para-lavar-a-mano-tratamiento-de-esmalte-espesado-cuenco-para-remocion-de-unas-postizas-herramienta-de-manicura-rosa\/\",\"name\":\"Mojadero,Taz\u00f3n de Manicura, Cuenco Para Remojo de U\u00f1as Para Lavar A Mano. - Hanna Cosm\u00e9tica\",\"isPartOf\":{\"@id\":\"https:\/\/hannacosmetica.com\/#website\"},\"datePublished\":\"2022-10-18T12:01:29+00:00\",\"dateModified\":\"2023-10-24T15:43:01+00:00\",\"breadcrumb\":{\"@id\":\"https:\/\/hannacosmetica.com\/tienda\/manicura\/complementos\/cuencos-de-manicura-cuenco-para-remojo-de-unas-para-lavar-a-mano-tratamiento-de-esmalte-espesado-cuenco-para-remocion-de-unas-postizas-herramienta-de-manicura-rosa\/#breadcrumb\"},\"inLanguage\":\"fr-FR\",\"potentialAction\":[{\"@type\":\"ReadAction\",\"target\":[\"https:\/\/hannacosmetica.com\/tienda\/manicura\/complementos\/cuencos-de-manicura-cuenco-para-remojo-de-unas-para-lavar-a-mano-tratamiento-de-esmalte-espesado-cuenco-para-remocion-de-unas-postizas-herramienta-de-manicura-rosa\/\"]}]},{\"@type\":\"BreadcrumbList\",\"@id\":\"https:\/\/hannacosmetica.com\/tienda\/manicura\/complementos\/cuencos-de-manicura-cuenco-para-remojo-de-unas-para-lavar-a-mano-tratamiento-de-esmalte-espesado-cuenco-para-remocion-de-unas-postizas-herramienta-de-manicura-rosa\/#breadcrumb\",\"itemListElement\":[{\"@type\":\"ListItem\",\"position\":1,\"name\":\"Portada\",\"item\":\"https:\/\/hannacosmetica.com\/\"},{\"@type\":\"ListItem\",\"position\":2,\"name\":\"Tienda\",\"item\":\"https:\/\/hannacosmetica.com\/shop\/\"},{\"@type\":\"ListItem\",\"position\":3,\"name\":\"Mojadero,Taz\u00f3n de Manicura, Cuenco Para Remojo de U\u00f1as Para Lavar A Mano.\"}]},{\"@type\":\"WebSite\",\"@id\":\"https:\/\/hannacosmetica.com\/#website\",\"url\":\"https:\/\/hannacosmetica.com\/\",\"name\":\"Hanna Cosm\u00e9tica\",\"description\":\"Tienda de productos u\u00f1as, bellezas y peluquer\u00edas\",\"publisher\":{\"@id\":\"https:\/\/hannacosmetica.com\/#organization\"},\"potentialAction\":[{\"@type\":\"SearchAction\",\"target\":{\"@type\":\"EntryPoint\",\"urlTemplate\":\"https:\/\/hannacosmetica.com\/?s={search_term_string}\"},\"query-input\":\"required name=search_term_string\"}],\"inLanguage\":\"fr-FR\"},{\"@type\":\"Organization\",\"@id\":\"https:\/\/hannacosmetica.com\/#organization\",\"name\":\"Hanna Cosm\u00e9tica\",\"url\":\"https:\/\/hannacosmetica.com\/\",\"logo\":{\"@type\":\"ImageObject\",\"inLanguage\":\"fr-FR\",\"@id\":\"https:\/\/hannacosmetica.com\/#\/schema\/logo\/image\/\",\"url\":\"https:\/\/hannacosmetica.com\/wp-content\/uploads\/2022\/07\/Logo-Joyeria-Femenino-Floral-Negro.png\",\"contentUrl\":\"https:\/\/hannacosmetica.com\/wp-content\/uploads\/2022\/07\/Logo-Joyeria-Femenino-Floral-Negro.png\",\"width\":361,\"height\":126,\"caption\":\"Hanna Cosm\u00e9tica\"},\"image\":{\"@id\":\"https:\/\/hannacosmetica.com\/#\/schema\/logo\/image\/\"}}]}<\/script>\n<!-- \/ Yoast SEO plugin. -->","yoast_head_json":{"title":"Mojadero,Taz\u00f3n de Manicura, Cuenco Para Remojo de U\u00f1as Para Lavar A Mano. - Hanna Cosm\u00e9tica","robots":{"index":"index","follow":"follow","max-snippet":"max-snippet:-1","max-image-preview":"max-image-preview:large","max-video-preview":"max-video-preview:-1"},"canonical":"https:\/\/hannacosmetica.com\/fr\/tienda\/manicura\/complementos\/cuencos-de-manicura-cuenco-para-remojo-de-unas-para-lavar-a-mano-tratamiento-de-esmalte-espesado-cuenco-para-remocion-de-unas-postizas-herramienta-de-manicura-rosa\/","og_locale":"fr_FR","og_type":"article","og_title":"Mojadero,Taz\u00f3n de Manicura, Cuenco Para Remojo de U\u00f1as Para Lavar A Mano. - Hanna Cosm\u00e9tica","og_description":"\u3010Funci\u00f3n\u3011 El cuenco es perfecto para el cuidado de las manos, u\u00f1as al arte, pulido, removedor, tratamiento. Tambi\u00e9n puede completar la operaci\u00f3n&hellip;","og_url":"https:\/\/hannacosmetica.com\/fr\/tienda\/manicura\/complementos\/cuencos-de-manicura-cuenco-para-remojo-de-unas-para-lavar-a-mano-tratamiento-de-esmalte-espesado-cuenco-para-remocion-de-unas-postizas-herramienta-de-manicura-rosa\/","og_site_name":"Hanna Cosm\u00e9tica","article_modified_time":"2023-10-24T15:43:01+00:00","og_image":[{"width":1520,"height":1520,"url":"https:\/\/hannacosmetica.com\/wp-content\/uploads\/2022\/10\/\u672a\u547d\u540d\u7684\u8bbe\u8ba1-2022-10-18T135938.759-1520x1520.png","type":"image\/png"}],"twitter_card":"summary_large_image","schema":{"@context":"https:\/\/schema.org","@graph":[{"@type":"WebPage","@id":"https:\/\/hannacosmetica.com\/tienda\/manicura\/complementos\/cuencos-de-manicura-cuenco-para-remojo-de-unas-para-lavar-a-mano-tratamiento-de-esmalte-espesado-cuenco-para-remocion-de-unas-postizas-herramienta-de-manicura-rosa\/","url":"https:\/\/hannacosmetica.com\/tienda\/manicura\/complementos\/cuencos-de-manicura-cuenco-para-remojo-de-unas-para-lavar-a-mano-tratamiento-de-esmalte-espesado-cuenco-para-remocion-de-unas-postizas-herramienta-de-manicura-rosa\/","name":"Mojadero,Taz\u00f3n de Manicura, Cuenco Para Remojo de U\u00f1as Para Lavar A Mano. - Hanna Cosm\u00e9tica","isPartOf":{"@id":"https:\/\/hannacosmetica.com\/#website"},"datePublished":"2022-10-18T12:01:29+00:00","dateModified":"2023-10-24T15:43:01+00:00","breadcrumb":{"@id":"https:\/\/hannacosmetica.com\/tienda\/manicura\/complementos\/cuencos-de-manicura-cuenco-para-remojo-de-unas-para-lavar-a-mano-tratamiento-de-esmalte-espesado-cuenco-para-remocion-de-unas-postizas-herramienta-de-manicura-rosa\/#breadcrumb"},"inLanguage":"fr-FR","potentialAction":[{"@type":"ReadAction","target":["https:\/\/hannacosmetica.com\/tienda\/manicura\/complementos\/cuencos-de-manicura-cuenco-para-remojo-de-unas-para-lavar-a-mano-tratamiento-de-esmalte-espesado-cuenco-para-remocion-de-unas-postizas-herramienta-de-manicura-rosa\/"]}]},{"@type":"BreadcrumbList","@id":"https:\/\/hannacosmetica.com\/tienda\/manicura\/complementos\/cuencos-de-manicura-cuenco-para-remojo-de-unas-para-lavar-a-mano-tratamiento-de-esmalte-espesado-cuenco-para-remocion-de-unas-postizas-herramienta-de-manicura-rosa\/#breadcrumb","itemListElement":[{"@type":"ListItem","position":1,"name":"Portada","item":"https:\/\/hannacosmetica.com\/"},{"@type":"ListItem","position":2,"name":"Tienda","item":"https:\/\/hannacosmetica.com\/shop\/"},{"@type":"ListItem","position":3,"name":"Mojadero,Taz\u00f3n de Manicura, Cuenco Para Remojo de U\u00f1as Para Lavar A Mano."}]},{"@type":"WebSite","@id":"https:\/\/hannacosmetica.com\/#website","url":"https:\/\/hannacosmetica.com\/","name":"Hanna Cosm\u00e9tica","description":"Tienda de productos u\u00f1as, bellezas y peluquer\u00edas","publisher":{"@id":"https:\/\/hannacosmetica.com\/#organization"},"potentialAction":[{"@type":"SearchAction","target":{"@type":"EntryPoint","urlTemplate":"https:\/\/hannacosmetica.com\/?s={search_term_string}"},"query-input":"required name=search_term_string"}],"inLanguage":"fr-FR"},{"@type":"Organization","@id":"https:\/\/hannacosmetica.com\/#organization","name":"Hanna Cosm\u00e9tica","url":"https:\/\/hannacosmetica.com\/","logo":{"@type":"ImageObject","inLanguage":"fr-FR","@id":"https:\/\/hannacosmetica.com\/#\/schema\/logo\/image\/","url":"https:\/\/hannacosmetica.com\/wp-content\/uploads\/2022\/07\/Logo-Joyeria-Femenino-Floral-Negro.png","contentUrl":"https:\/\/hannacosmetica.com\/wp-content\/uploads\/2022\/07\/Logo-Joyeria-Femenino-Floral-Negro.png","width":361,"height":126,"caption":"Hanna Cosm\u00e9tica"},"image":{"@id":"https:\/\/hannacosmetica.com\/#\/schema\/logo\/image\/"}}]}},"_links":{"self":[{"href":"https:\/\/hannacosmetica.com\/fr\/wp-json\/wp\/v2\/product\/8659"}],"collection":[{"href":"https:\/\/hannacosmetica.com\/fr\/wp-json\/wp\/v2\/product"}],"about":[{"href":"https:\/\/hannacosmetica.com\/fr\/wp-json\/wp\/v2\/types\/product"}],"replies":[{"embeddable":true,"href":"https:\/\/hannacosmetica.com\/fr\/wp-json\/wp\/v2\/comments?post=8659"}],"version-history":[{"count":3,"href":"https:\/\/hannacosmetica.com\/fr\/wp-json\/wp\/v2\/product\/8659\/revisions"}],"predecessor-version":[{"id":8703,"href":"https:\/\/hannacosmetica.com\/fr\/wp-json\/wp\/v2\/product\/8659\/revisions\/8703"}],"wp:featuredmedia":[{"embeddable":true,"href":"https:\/\/hannacosmetica.com\/fr\/wp-json\/wp\/v2\/media\/8660"}],"wp:attachment":[{"href":"https:\/\/hannacosmetica.com\/fr\/wp-json\/wp\/v2\/media?parent=8659"}],"wp:term":[{"taxonomy":"product_cat","embeddable":true,"href":"https:\/\/hannacosmetica.com\/fr\/wp-json\/wp\/v2\/product_cat?post=8659"},{"taxonomy":"product_tag","embeddable":true,"href":"https:\/\/hannacosmetica.com\/fr\/wp-json\/wp\/v2\/product_tag?post=8659"}],"curies":[{"name":"wp","href":"https:\/\/api.w.org\/{rel}","templated":true}]}}