{"id":8578,"date":"2022-10-17T14:36:19","date_gmt":"2022-10-17T14:36:19","guid":{"rendered":"https:\/\/hannacosmetica.com\/?post_type=product&#038;p=8578"},"modified":"2023-10-24T16:37:06","modified_gmt":"2023-10-24T16:37:06","slug":"eurostil-gorro-goma-para-mechas","status":"publish","type":"product","link":"https:\/\/hannacosmetica.com\/fr\/tienda\/peluqueria\/complementos-peluqueria\/eurostil-gorro-goma-para-mechas\/","title":{"rendered":"Eurostil &#8211; Gorro Goma para Mechas"},"content":{"rendered":"<div id=\"featurebullets_feature_div\" class=\"celwidget\" data-feature-name=\"featurebullets\" data-csa-c-type=\"widget\" data-csa-c-content-id=\"featurebullets\" data-csa-c-slot-id=\"featurebullets_feature_div\" data-csa-c-asin=\"B00Q2SPOYQ\" data-csa-c-is-in-initial-active-row=\"false\" data-csa-c-id=\"imxqfm-183giy-4kvxdb-9eq8wn\" data-cel-widget=\"featurebullets_feature_div\">\n<div id=\"feature-bullets\" class=\"a-section a-spacing-medium a-spacing-top-small\">\n<ul class=\"a-unordered-list a-vertical a-spacing-mini\">\n<li><span class=\"a-list-item\">Gorro de goma para mechas.<\/span><\/li>\n<li><span class=\"a-list-item\">Tama\u00f1o estandard.<\/span><\/li>\n<li><span class=\"a-list-item\">Muy adaptable.<\/span><\/li>\n<\/ul>\n<\/div>\n<\/div>\n<div id=\"provenanceCertifications_feature_div\" class=\"celwidget\" data-feature-name=\"provenanceCertifications\" data-csa-c-type=\"widget\" data-csa-c-content-id=\"provenanceCertifications\" data-csa-c-slot-id=\"provenanceCertifications_feature_div\" data-csa-c-asin=\"B00Q2SPOYQ\" data-csa-c-is-in-initial-active-row=\"false\" data-csa-c-id=\"3w7q0x-32i3sm-n41cbw-n4gaaf\" data-cel-widget=\"provenanceCertifications_feature_div\"><\/div>\n<div id=\"globalStoreInfoBullets_feature_div\" class=\"celwidget\" data-feature-name=\"globalStoreInfoBullets\" data-csa-c-type=\"widget\" data-csa-c-content-id=\"globalStoreInfoBullets\" data-csa-c-slot-id=\"globalStoreInfoBullets_feature_div\" data-csa-c-asin=\"B00Q2SPOYQ\" data-csa-c-is-in-initial-active-row=\"false\" data-csa-c-id=\"ga9ocq-cbsg38-vsm6yy-x95x2l\" data-cel-widget=\"globalStoreInfoBullets_feature_div\"><\/div>\n<div id=\"addOnItem_feature_div\" class=\"celwidget\" data-feature-name=\"addOnItem\" data-csa-c-type=\"widget\" data-csa-c-content-id=\"addOnItem\" data-csa-c-slot-id=\"addOnItem_feature_div\" data-csa-c-asin=\"B00Q2SPOYQ\" data-csa-c-is-in-initial-active-row=\"false\" data-csa-c-id=\"6b95nc-yo0svv-eufkqp-508rii\" data-cel-widget=\"addOnItem_feature_div\"><\/div>\n<div id=\"andonCord_feature_div\" class=\"celwidget\" data-feature-name=\"andonCord\" data-csa-c-type=\"widget\" data-csa-c-content-id=\"andonCord\" data-csa-c-slot-id=\"andonCord_feature_div\" data-csa-c-asin=\"B00Q2SPOYQ\" data-csa-c-is-in-initial-active-row=\"false\" data-csa-c-id=\"pslx4m-vdb729-7n85n8-84454h\" data-cel-widget=\"andonCord_feature_div\"><\/div>\n<div id=\"newerVersion_feature_div\" class=\"celwidget\" data-feature-name=\"newerVersion\" data-csa-c-type=\"widget\" data-csa-c-content-id=\"newerVersion\" data-csa-c-slot-id=\"newerVersion_feature_div\" data-csa-c-asin=\"B00Q2SPOYQ\" data-csa-c-is-in-initial-active-row=\"false\" data-csa-c-id=\"4nl27t-pzfs98-eyx04w-9yw97d\" data-cel-widget=\"newerVersion_feature_div\"><\/div>\n<div id=\"whiteGloveMessage_feature_div\" class=\"celwidget\" data-feature-name=\"whiteGloveMessage\" data-csa-c-type=\"widget\" data-csa-c-content-id=\"whiteGloveMessage\" data-csa-c-slot-id=\"whiteGloveMessage_feature_div\" data-csa-c-asin=\"B00Q2SPOYQ\" data-csa-c-is-in-initial-active-row=\"false\" data-csa-c-id=\"f2vcn5-xmm5so-s3xacr-tjrobv\" data-cel-widget=\"whiteGloveMessage_feature_div\"><\/div>\n<div id=\"productAlert_feature_div\" class=\"celwidget\" data-feature-name=\"productAlert\" data-csa-c-type=\"widget\" data-csa-c-content-id=\"productAlert\" data-csa-c-slot-id=\"productAlert_feature_div\" data-csa-c-asin=\"B00Q2SPOYQ\" data-csa-c-is-in-initial-active-row=\"false\" data-csa-c-id=\"58d457-r9n2nr-lni16q-ebr3jz\" data-cel-widget=\"productAlert_feature_div\">\n<div id=\"universal-hero-quick-promo\">\n<div class=\"a-section a-spacing-none\">\n<div class=\"a-fixed-left-grid\">\n<div class=\"a-fixed-left-grid-inner\"><\/div>\n<\/div>\n<\/div>\n<\/div>\n<\/div>","protected":false},"excerpt":{"rendered":"<p>Gorro de goma para mechas. Tama\u00f1o estandard. Muy adaptable.<\/p>","protected":false},"featured_media":8580,"comment_status":"open","ping_status":"closed","template":"","meta":[],"product_cat":[152,83],"product_tag":[],"yoast_head":"<!-- This site is optimized with the Yoast SEO plugin v19.9 - https:\/\/yoast.com\/wordpress\/plugins\/seo\/ -->\n<title>Eurostil - Gorro Goma para Mechas - Hanna Cosm\u00e9tica<\/title>\n<meta name=\"robots\" content=\"index, follow, max-snippet:-1, max-image-preview:large, max-video-preview:-1\" \/>\n<link rel=\"canonical\" href=\"https:\/\/hannacosmetica.com\/fr\/tienda\/peluqueria\/complementos-peluqueria\/eurostil-gorro-goma-para-mechas\/\" \/>\n<meta property=\"og:locale\" content=\"fr_FR\" \/>\n<meta property=\"og:type\" content=\"article\" \/>\n<meta property=\"og:title\" content=\"Eurostil - Gorro Goma para Mechas - Hanna Cosm\u00e9tica\" \/>\n<meta property=\"og:description\" content=\"Gorro de goma para mechas. Tama\u00f1o estandard. Muy adaptable.\" \/>\n<meta property=\"og:url\" content=\"https:\/\/hannacosmetica.com\/fr\/tienda\/peluqueria\/complementos-peluqueria\/eurostil-gorro-goma-para-mechas\/\" \/>\n<meta property=\"og:site_name\" content=\"Hanna Cosm\u00e9tica\" \/>\n<meta property=\"article:modified_time\" content=\"2023-10-24T16:37:06+00:00\" \/>\n<meta property=\"og:image\" content=\"https:\/\/hannacosmetica.com\/wp-content\/uploads\/2022\/10\/31M4lA5SZyL._AC_-15.jpg\" \/>\n\t<meta property=\"og:image:width\" content=\"425\" \/>\n\t<meta property=\"og:image:height\" content=\"327\" \/>\n\t<meta property=\"og:image:type\" content=\"image\/jpeg\" \/>\n<meta name=\"twitter:card\" content=\"summary_large_image\" \/>\n<script type=\"application\/ld+json\" class=\"yoast-schema-graph\">{\"@context\":\"https:\/\/schema.org\",\"@graph\":[{\"@type\":\"WebPage\",\"@id\":\"https:\/\/hannacosmetica.com\/tienda\/peluqueria\/complementos-peluqueria\/eurostil-gorro-goma-para-mechas\/\",\"url\":\"https:\/\/hannacosmetica.com\/tienda\/peluqueria\/complementos-peluqueria\/eurostil-gorro-goma-para-mechas\/\",\"name\":\"Eurostil - Gorro Goma para Mechas - Hanna Cosm\u00e9tica\",\"isPartOf\":{\"@id\":\"https:\/\/hannacosmetica.com\/#website\"},\"datePublished\":\"2022-10-17T14:36:19+00:00\",\"dateModified\":\"2023-10-24T16:37:06+00:00\",\"breadcrumb\":{\"@id\":\"https:\/\/hannacosmetica.com\/tienda\/peluqueria\/complementos-peluqueria\/eurostil-gorro-goma-para-mechas\/#breadcrumb\"},\"inLanguage\":\"fr-FR\",\"potentialAction\":[{\"@type\":\"ReadAction\",\"target\":[\"https:\/\/hannacosmetica.com\/tienda\/peluqueria\/complementos-peluqueria\/eurostil-gorro-goma-para-mechas\/\"]}]},{\"@type\":\"BreadcrumbList\",\"@id\":\"https:\/\/hannacosmetica.com\/tienda\/peluqueria\/complementos-peluqueria\/eurostil-gorro-goma-para-mechas\/#breadcrumb\",\"itemListElement\":[{\"@type\":\"ListItem\",\"position\":1,\"name\":\"Portada\",\"item\":\"https:\/\/hannacosmetica.com\/\"},{\"@type\":\"ListItem\",\"position\":2,\"name\":\"Tienda\",\"item\":\"https:\/\/hannacosmetica.com\/shop\/\"},{\"@type\":\"ListItem\",\"position\":3,\"name\":\"Eurostil &#8211; Gorro Goma para Mechas\"}]},{\"@type\":\"WebSite\",\"@id\":\"https:\/\/hannacosmetica.com\/#website\",\"url\":\"https:\/\/hannacosmetica.com\/\",\"name\":\"Hanna Cosm\u00e9tica\",\"description\":\"Tienda de productos u\u00f1as, bellezas y peluquer\u00edas\",\"publisher\":{\"@id\":\"https:\/\/hannacosmetica.com\/#organization\"},\"potentialAction\":[{\"@type\":\"SearchAction\",\"target\":{\"@type\":\"EntryPoint\",\"urlTemplate\":\"https:\/\/hannacosmetica.com\/?s={search_term_string}\"},\"query-input\":\"required name=search_term_string\"}],\"inLanguage\":\"fr-FR\"},{\"@type\":\"Organization\",\"@id\":\"https:\/\/hannacosmetica.com\/#organization\",\"name\":\"Hanna Cosm\u00e9tica\",\"url\":\"https:\/\/hannacosmetica.com\/\",\"logo\":{\"@type\":\"ImageObject\",\"inLanguage\":\"fr-FR\",\"@id\":\"https:\/\/hannacosmetica.com\/#\/schema\/logo\/image\/\",\"url\":\"https:\/\/hannacosmetica.com\/wp-content\/uploads\/2022\/07\/Logo-Joyeria-Femenino-Floral-Negro.png\",\"contentUrl\":\"https:\/\/hannacosmetica.com\/wp-content\/uploads\/2022\/07\/Logo-Joyeria-Femenino-Floral-Negro.png\",\"width\":361,\"height\":126,\"caption\":\"Hanna Cosm\u00e9tica\"},\"image\":{\"@id\":\"https:\/\/hannacosmetica.com\/#\/schema\/logo\/image\/\"}}]}<\/script>\n<!-- \/ Yoast SEO plugin. -->","yoast_head_json":{"title":"Eurostil - Gorro Goma para Mechas - Hanna Cosm\u00e9tica","robots":{"index":"index","follow":"follow","max-snippet":"max-snippet:-1","max-image-preview":"max-image-preview:large","max-video-preview":"max-video-preview:-1"},"canonical":"https:\/\/hannacosmetica.com\/fr\/tienda\/peluqueria\/complementos-peluqueria\/eurostil-gorro-goma-para-mechas\/","og_locale":"fr_FR","og_type":"article","og_title":"Eurostil - Gorro Goma para Mechas - Hanna Cosm\u00e9tica","og_description":"Gorro de goma para mechas. Tama\u00f1o estandard. Muy adaptable.","og_url":"https:\/\/hannacosmetica.com\/fr\/tienda\/peluqueria\/complementos-peluqueria\/eurostil-gorro-goma-para-mechas\/","og_site_name":"Hanna Cosm\u00e9tica","article_modified_time":"2023-10-24T16:37:06+00:00","og_image":[{"width":425,"height":327,"url":"https:\/\/hannacosmetica.com\/wp-content\/uploads\/2022\/10\/31M4lA5SZyL._AC_-15.jpg","type":"image\/jpeg"}],"twitter_card":"summary_large_image","schema":{"@context":"https:\/\/schema.org","@graph":[{"@type":"WebPage","@id":"https:\/\/hannacosmetica.com\/tienda\/peluqueria\/complementos-peluqueria\/eurostil-gorro-goma-para-mechas\/","url":"https:\/\/hannacosmetica.com\/tienda\/peluqueria\/complementos-peluqueria\/eurostil-gorro-goma-para-mechas\/","name":"Eurostil - Gorro Goma para Mechas - Hanna Cosm\u00e9tica","isPartOf":{"@id":"https:\/\/hannacosmetica.com\/#website"},"datePublished":"2022-10-17T14:36:19+00:00","dateModified":"2023-10-24T16:37:06+00:00","breadcrumb":{"@id":"https:\/\/hannacosmetica.com\/tienda\/peluqueria\/complementos-peluqueria\/eurostil-gorro-goma-para-mechas\/#breadcrumb"},"inLanguage":"fr-FR","potentialAction":[{"@type":"ReadAction","target":["https:\/\/hannacosmetica.com\/tienda\/peluqueria\/complementos-peluqueria\/eurostil-gorro-goma-para-mechas\/"]}]},{"@type":"BreadcrumbList","@id":"https:\/\/hannacosmetica.com\/tienda\/peluqueria\/complementos-peluqueria\/eurostil-gorro-goma-para-mechas\/#breadcrumb","itemListElement":[{"@type":"ListItem","position":1,"name":"Portada","item":"https:\/\/hannacosmetica.com\/"},{"@type":"ListItem","position":2,"name":"Tienda","item":"https:\/\/hannacosmetica.com\/shop\/"},{"@type":"ListItem","position":3,"name":"Eurostil &#8211; Gorro Goma para Mechas"}]},{"@type":"WebSite","@id":"https:\/\/hannacosmetica.com\/#website","url":"https:\/\/hannacosmetica.com\/","name":"Hanna Cosm\u00e9tica","description":"Tienda de productos u\u00f1as, bellezas y peluquer\u00edas","publisher":{"@id":"https:\/\/hannacosmetica.com\/#organization"},"potentialAction":[{"@type":"SearchAction","target":{"@type":"EntryPoint","urlTemplate":"https:\/\/hannacosmetica.com\/?s={search_term_string}"},"query-input":"required name=search_term_string"}],"inLanguage":"fr-FR"},{"@type":"Organization","@id":"https:\/\/hannacosmetica.com\/#organization","name":"Hanna Cosm\u00e9tica","url":"https:\/\/hannacosmetica.com\/","logo":{"@type":"ImageObject","inLanguage":"fr-FR","@id":"https:\/\/hannacosmetica.com\/#\/schema\/logo\/image\/","url":"https:\/\/hannacosmetica.com\/wp-content\/uploads\/2022\/07\/Logo-Joyeria-Femenino-Floral-Negro.png","contentUrl":"https:\/\/hannacosmetica.com\/wp-content\/uploads\/2022\/07\/Logo-Joyeria-Femenino-Floral-Negro.png","width":361,"height":126,"caption":"Hanna Cosm\u00e9tica"},"image":{"@id":"https:\/\/hannacosmetica.com\/#\/schema\/logo\/image\/"}}]}},"_links":{"self":[{"href":"https:\/\/hannacosmetica.com\/fr\/wp-json\/wp\/v2\/product\/8578"}],"collection":[{"href":"https:\/\/hannacosmetica.com\/fr\/wp-json\/wp\/v2\/product"}],"about":[{"href":"https:\/\/hannacosmetica.com\/fr\/wp-json\/wp\/v2\/types\/product"}],"replies":[{"embeddable":true,"href":"https:\/\/hannacosmetica.com\/fr\/wp-json\/wp\/v2\/comments?post=8578"}],"version-history":[{"count":1,"href":"https:\/\/hannacosmetica.com\/fr\/wp-json\/wp\/v2\/product\/8578\/revisions"}],"predecessor-version":[{"id":8582,"href":"https:\/\/hannacosmetica.com\/fr\/wp-json\/wp\/v2\/product\/8578\/revisions\/8582"}],"wp:featuredmedia":[{"embeddable":true,"href":"https:\/\/hannacosmetica.com\/fr\/wp-json\/wp\/v2\/media\/8580"}],"wp:attachment":[{"href":"https:\/\/hannacosmetica.com\/fr\/wp-json\/wp\/v2\/media?parent=8578"}],"wp:term":[{"taxonomy":"product_cat","embeddable":true,"href":"https:\/\/hannacosmetica.com\/fr\/wp-json\/wp\/v2\/product_cat?post=8578"},{"taxonomy":"product_tag","embeddable":true,"href":"https:\/\/hannacosmetica.com\/fr\/wp-json\/wp\/v2\/product_tag?post=8578"}],"curies":[{"name":"wp","href":"https:\/\/api.w.org\/{rel}","templated":true}]}}