{"id":8531,"date":"2022-10-17T12:55:36","date_gmt":"2022-10-17T12:55:36","guid":{"rendered":"https:\/\/hannacosmetica.com\/?post_type=product&#038;p=8531"},"modified":"2023-10-24T16:32:48","modified_gmt":"2023-10-24T16:32:48","slug":"120-moldes-para-unas-postizas-de-gel-acrilico-o-gel-uv-dual-nail-system-para-acrigel-con-escala-para-extension","status":"publish","type":"product","link":"https:\/\/hannacosmetica.com\/fr\/tienda\/manicura\/complementos\/120-moldes-para-unas-postizas-de-gel-acrilico-o-gel-uv-dual-nail-system-para-acrigel-con-escala-para-extension\/","title":{"rendered":"120 Moldes para U\u00f1as Postizas de Gel Acr\u00edlico o Gel UV Dual Nail System Para Acrigel con Escala para Extensi\u00f3n"},"content":{"rendered":"<ul class=\"a-unordered-list a-vertical a-spacing-mini\">\n<li><span class=\"a-list-item\">Molde predise\u00f1ado: las u\u00f1as postizas de cobertura total son perfectas para el poligel y el acr\u00edlico.<\/span><\/li>\n<li><span class=\"a-list-item\">12 tama\u00f1os diferentes: tama\u00f1os perfectos para los dedos de cualquier persona. Ideal para aplicaci\u00f3n acr\u00edlica con pincel de u\u00f1as.<\/span><\/li>\n<li><span class=\"a-list-item\">Muy pr\u00e1ctico: f\u00e1cil de usar y ahorra mucho tiempo en tu trabajo art\u00edstico de u\u00f1as.<\/span><\/li>\n<li><span class=\"a-list-item\">Forma perfecta: la forma de u\u00f1as reutilizable permite crear bonitas u\u00f1as postizas con una superficie lisa.<\/span><\/li>\n<li><span class=\"a-list-item\">Adecuados para artistas de u\u00f1as profesionales y principiantes o para uso dom\u00e9stico.<\/span><\/li>\n<\/ul>","protected":false},"excerpt":{"rendered":"<p>Molde predise\u00f1ado: las u\u00f1as postizas de cobertura total son perfectas para el poligel y el acr\u00edlico. 12 tama\u00f1os diferentes: tama\u00f1os perfectos para&hellip;<\/p>","protected":false},"featured_media":8532,"comment_status":"open","ping_status":"closed","template":"","meta":[],"product_cat":[82,101,102],"product_tag":[],"yoast_head":"<!-- This site is optimized with the Yoast SEO plugin v19.9 - https:\/\/yoast.com\/wordpress\/plugins\/seo\/ -->\n<title>120 Moldes para U\u00f1as Postizas de Gel Acr\u00edlico o Gel UV Dual Nail System Para Acrigel con Escala para Extensi\u00f3n - Hanna Cosm\u00e9tica<\/title>\n<meta name=\"robots\" content=\"index, follow, max-snippet:-1, max-image-preview:large, max-video-preview:-1\" \/>\n<link rel=\"canonical\" href=\"https:\/\/hannacosmetica.com\/fr\/tienda\/manicura\/complementos\/120-moldes-para-unas-postizas-de-gel-acrilico-o-gel-uv-dual-nail-system-para-acrigel-con-escala-para-extension\/\" \/>\n<meta property=\"og:locale\" content=\"fr_FR\" \/>\n<meta property=\"og:type\" content=\"article\" \/>\n<meta property=\"og:title\" content=\"120 Moldes para U\u00f1as Postizas de Gel Acr\u00edlico o Gel UV Dual Nail System Para Acrigel con Escala para Extensi\u00f3n - Hanna Cosm\u00e9tica\" \/>\n<meta property=\"og:description\" content=\"Molde predise\u00f1ado: las u\u00f1as postizas de cobertura total son perfectas para el poligel y el acr\u00edlico. 12 tama\u00f1os diferentes: tama\u00f1os perfectos para&hellip;\" \/>\n<meta property=\"og:url\" content=\"https:\/\/hannacosmetica.com\/fr\/tienda\/manicura\/complementos\/120-moldes-para-unas-postizas-de-gel-acrilico-o-gel-uv-dual-nail-system-para-acrigel-con-escala-para-extension\/\" \/>\n<meta property=\"og:site_name\" content=\"Hanna Cosm\u00e9tica\" \/>\n<meta property=\"article:modified_time\" content=\"2023-10-24T16:32:48+00:00\" \/>\n<meta property=\"og:image\" content=\"https:\/\/hannacosmetica.com\/wp-content\/uploads\/2022\/10\/31kv6VKGGAL._AC_SX355_-17.jpg\" \/>\n\t<meta property=\"og:image:width\" content=\"425\" \/>\n\t<meta property=\"og:image:height\" content=\"425\" \/>\n\t<meta property=\"og:image:type\" content=\"image\/jpeg\" \/>\n<meta name=\"twitter:card\" content=\"summary_large_image\" \/>\n<script type=\"application\/ld+json\" class=\"yoast-schema-graph\">{\"@context\":\"https:\/\/schema.org\",\"@graph\":[{\"@type\":\"WebPage\",\"@id\":\"https:\/\/hannacosmetica.com\/tienda\/manicura\/complementos\/120-moldes-para-unas-postizas-de-gel-acrilico-o-gel-uv-dual-nail-system-para-acrigel-con-escala-para-extension\/\",\"url\":\"https:\/\/hannacosmetica.com\/tienda\/manicura\/complementos\/120-moldes-para-unas-postizas-de-gel-acrilico-o-gel-uv-dual-nail-system-para-acrigel-con-escala-para-extension\/\",\"name\":\"120 Moldes para U\u00f1as Postizas de Gel Acr\u00edlico o Gel UV Dual Nail System Para Acrigel con Escala para Extensi\u00f3n - Hanna Cosm\u00e9tica\",\"isPartOf\":{\"@id\":\"https:\/\/hannacosmetica.com\/#website\"},\"datePublished\":\"2022-10-17T12:55:36+00:00\",\"dateModified\":\"2023-10-24T16:32:48+00:00\",\"breadcrumb\":{\"@id\":\"https:\/\/hannacosmetica.com\/tienda\/manicura\/complementos\/120-moldes-para-unas-postizas-de-gel-acrilico-o-gel-uv-dual-nail-system-para-acrigel-con-escala-para-extension\/#breadcrumb\"},\"inLanguage\":\"fr-FR\",\"potentialAction\":[{\"@type\":\"ReadAction\",\"target\":[\"https:\/\/hannacosmetica.com\/tienda\/manicura\/complementos\/120-moldes-para-unas-postizas-de-gel-acrilico-o-gel-uv-dual-nail-system-para-acrigel-con-escala-para-extension\/\"]}]},{\"@type\":\"BreadcrumbList\",\"@id\":\"https:\/\/hannacosmetica.com\/tienda\/manicura\/complementos\/120-moldes-para-unas-postizas-de-gel-acrilico-o-gel-uv-dual-nail-system-para-acrigel-con-escala-para-extension\/#breadcrumb\",\"itemListElement\":[{\"@type\":\"ListItem\",\"position\":1,\"name\":\"Portada\",\"item\":\"https:\/\/hannacosmetica.com\/\"},{\"@type\":\"ListItem\",\"position\":2,\"name\":\"Tienda\",\"item\":\"https:\/\/hannacosmetica.com\/shop\/\"},{\"@type\":\"ListItem\",\"position\":3,\"name\":\"120 Moldes para U\u00f1as Postizas de Gel Acr\u00edlico o Gel UV Dual Nail System Para Acrigel con Escala para Extensi\u00f3n\"}]},{\"@type\":\"WebSite\",\"@id\":\"https:\/\/hannacosmetica.com\/#website\",\"url\":\"https:\/\/hannacosmetica.com\/\",\"name\":\"Hanna Cosm\u00e9tica\",\"description\":\"Tienda de productos u\u00f1as, bellezas y peluquer\u00edas\",\"publisher\":{\"@id\":\"https:\/\/hannacosmetica.com\/#organization\"},\"potentialAction\":[{\"@type\":\"SearchAction\",\"target\":{\"@type\":\"EntryPoint\",\"urlTemplate\":\"https:\/\/hannacosmetica.com\/?s={search_term_string}\"},\"query-input\":\"required name=search_term_string\"}],\"inLanguage\":\"fr-FR\"},{\"@type\":\"Organization\",\"@id\":\"https:\/\/hannacosmetica.com\/#organization\",\"name\":\"Hanna Cosm\u00e9tica\",\"url\":\"https:\/\/hannacosmetica.com\/\",\"logo\":{\"@type\":\"ImageObject\",\"inLanguage\":\"fr-FR\",\"@id\":\"https:\/\/hannacosmetica.com\/#\/schema\/logo\/image\/\",\"url\":\"https:\/\/hannacosmetica.com\/wp-content\/uploads\/2022\/07\/Logo-Joyeria-Femenino-Floral-Negro.png\",\"contentUrl\":\"https:\/\/hannacosmetica.com\/wp-content\/uploads\/2022\/07\/Logo-Joyeria-Femenino-Floral-Negro.png\",\"width\":361,\"height\":126,\"caption\":\"Hanna Cosm\u00e9tica\"},\"image\":{\"@id\":\"https:\/\/hannacosmetica.com\/#\/schema\/logo\/image\/\"}}]}<\/script>\n<!-- \/ Yoast SEO plugin. -->","yoast_head_json":{"title":"120 Moldes para U\u00f1as Postizas de Gel Acr\u00edlico o Gel UV Dual Nail System Para Acrigel con Escala para Extensi\u00f3n - Hanna Cosm\u00e9tica","robots":{"index":"index","follow":"follow","max-snippet":"max-snippet:-1","max-image-preview":"max-image-preview:large","max-video-preview":"max-video-preview:-1"},"canonical":"https:\/\/hannacosmetica.com\/fr\/tienda\/manicura\/complementos\/120-moldes-para-unas-postizas-de-gel-acrilico-o-gel-uv-dual-nail-system-para-acrigel-con-escala-para-extension\/","og_locale":"fr_FR","og_type":"article","og_title":"120 Moldes para U\u00f1as Postizas de Gel Acr\u00edlico o Gel UV Dual Nail System Para Acrigel con Escala para Extensi\u00f3n - Hanna Cosm\u00e9tica","og_description":"Molde predise\u00f1ado: las u\u00f1as postizas de cobertura total son perfectas para el poligel y el acr\u00edlico. 12 tama\u00f1os diferentes: tama\u00f1os perfectos para&hellip;","og_url":"https:\/\/hannacosmetica.com\/fr\/tienda\/manicura\/complementos\/120-moldes-para-unas-postizas-de-gel-acrilico-o-gel-uv-dual-nail-system-para-acrigel-con-escala-para-extension\/","og_site_name":"Hanna Cosm\u00e9tica","article_modified_time":"2023-10-24T16:32:48+00:00","og_image":[{"width":425,"height":425,"url":"https:\/\/hannacosmetica.com\/wp-content\/uploads\/2022\/10\/31kv6VKGGAL._AC_SX355_-17.jpg","type":"image\/jpeg"}],"twitter_card":"summary_large_image","schema":{"@context":"https:\/\/schema.org","@graph":[{"@type":"WebPage","@id":"https:\/\/hannacosmetica.com\/tienda\/manicura\/complementos\/120-moldes-para-unas-postizas-de-gel-acrilico-o-gel-uv-dual-nail-system-para-acrigel-con-escala-para-extension\/","url":"https:\/\/hannacosmetica.com\/tienda\/manicura\/complementos\/120-moldes-para-unas-postizas-de-gel-acrilico-o-gel-uv-dual-nail-system-para-acrigel-con-escala-para-extension\/","name":"120 Moldes para U\u00f1as Postizas de Gel Acr\u00edlico o Gel UV Dual Nail System Para Acrigel con Escala para Extensi\u00f3n - Hanna Cosm\u00e9tica","isPartOf":{"@id":"https:\/\/hannacosmetica.com\/#website"},"datePublished":"2022-10-17T12:55:36+00:00","dateModified":"2023-10-24T16:32:48+00:00","breadcrumb":{"@id":"https:\/\/hannacosmetica.com\/tienda\/manicura\/complementos\/120-moldes-para-unas-postizas-de-gel-acrilico-o-gel-uv-dual-nail-system-para-acrigel-con-escala-para-extension\/#breadcrumb"},"inLanguage":"fr-FR","potentialAction":[{"@type":"ReadAction","target":["https:\/\/hannacosmetica.com\/tienda\/manicura\/complementos\/120-moldes-para-unas-postizas-de-gel-acrilico-o-gel-uv-dual-nail-system-para-acrigel-con-escala-para-extension\/"]}]},{"@type":"BreadcrumbList","@id":"https:\/\/hannacosmetica.com\/tienda\/manicura\/complementos\/120-moldes-para-unas-postizas-de-gel-acrilico-o-gel-uv-dual-nail-system-para-acrigel-con-escala-para-extension\/#breadcrumb","itemListElement":[{"@type":"ListItem","position":1,"name":"Portada","item":"https:\/\/hannacosmetica.com\/"},{"@type":"ListItem","position":2,"name":"Tienda","item":"https:\/\/hannacosmetica.com\/shop\/"},{"@type":"ListItem","position":3,"name":"120 Moldes para U\u00f1as Postizas de Gel Acr\u00edlico o Gel UV Dual Nail System Para Acrigel con Escala para Extensi\u00f3n"}]},{"@type":"WebSite","@id":"https:\/\/hannacosmetica.com\/#website","url":"https:\/\/hannacosmetica.com\/","name":"Hanna Cosm\u00e9tica","description":"Tienda de productos u\u00f1as, bellezas y peluquer\u00edas","publisher":{"@id":"https:\/\/hannacosmetica.com\/#organization"},"potentialAction":[{"@type":"SearchAction","target":{"@type":"EntryPoint","urlTemplate":"https:\/\/hannacosmetica.com\/?s={search_term_string}"},"query-input":"required name=search_term_string"}],"inLanguage":"fr-FR"},{"@type":"Organization","@id":"https:\/\/hannacosmetica.com\/#organization","name":"Hanna Cosm\u00e9tica","url":"https:\/\/hannacosmetica.com\/","logo":{"@type":"ImageObject","inLanguage":"fr-FR","@id":"https:\/\/hannacosmetica.com\/#\/schema\/logo\/image\/","url":"https:\/\/hannacosmetica.com\/wp-content\/uploads\/2022\/07\/Logo-Joyeria-Femenino-Floral-Negro.png","contentUrl":"https:\/\/hannacosmetica.com\/wp-content\/uploads\/2022\/07\/Logo-Joyeria-Femenino-Floral-Negro.png","width":361,"height":126,"caption":"Hanna Cosm\u00e9tica"},"image":{"@id":"https:\/\/hannacosmetica.com\/#\/schema\/logo\/image\/"}}]}},"_links":{"self":[{"href":"https:\/\/hannacosmetica.com\/fr\/wp-json\/wp\/v2\/product\/8531"}],"collection":[{"href":"https:\/\/hannacosmetica.com\/fr\/wp-json\/wp\/v2\/product"}],"about":[{"href":"https:\/\/hannacosmetica.com\/fr\/wp-json\/wp\/v2\/types\/product"}],"replies":[{"embeddable":true,"href":"https:\/\/hannacosmetica.com\/fr\/wp-json\/wp\/v2\/comments?post=8531"}],"version-history":[{"count":3,"href":"https:\/\/hannacosmetica.com\/fr\/wp-json\/wp\/v2\/product\/8531\/revisions"}],"predecessor-version":[{"id":8820,"href":"https:\/\/hannacosmetica.com\/fr\/wp-json\/wp\/v2\/product\/8531\/revisions\/8820"}],"wp:featuredmedia":[{"embeddable":true,"href":"https:\/\/hannacosmetica.com\/fr\/wp-json\/wp\/v2\/media\/8532"}],"wp:attachment":[{"href":"https:\/\/hannacosmetica.com\/fr\/wp-json\/wp\/v2\/media?parent=8531"}],"wp:term":[{"taxonomy":"product_cat","embeddable":true,"href":"https:\/\/hannacosmetica.com\/fr\/wp-json\/wp\/v2\/product_cat?post=8531"},{"taxonomy":"product_tag","embeddable":true,"href":"https:\/\/hannacosmetica.com\/fr\/wp-json\/wp\/v2\/product_tag?post=8531"}],"curies":[{"name":"wp","href":"https:\/\/api.w.org\/{rel}","templated":true}]}}