{"id":8517,"date":"2022-10-17T12:47:27","date_gmt":"2022-10-17T12:47:27","guid":{"rendered":"https:\/\/hannacosmetica.com\/?post_type=product&#038;p=8517"},"modified":"2024-01-08T16:00:25","modified_gmt":"2024-01-08T16:00:25","slug":"clear-acrylic-nails-coffin-formado-ballerina-nails-tips-600-unids-full-funda-falso-unas-nail-nails-artificiales-10-tamanos-tips-de-unas-francesas-500pcs-con-bolsa-claro","status":"publish","type":"product","link":"https:\/\/hannacosmetica.com\/fr\/tienda\/manicura\/complementos\/clear-acrylic-nails-coffin-formado-ballerina-nails-tips-600-unids-full-funda-falso-unas-nail-nails-artificiales-10-tamanos-tips-de-unas-francesas-500pcs-con-bolsa-claro\/","title":{"rendered":"Tips 500 unids U\u00f1as  Artificiales 10 Tama\u00f1os-Tips de u\u00f1as francesas"},"content":{"rendered":"<ul class=\"a-unordered-list a-vertical a-spacing-mini\">\n<li><span class=\"a-list-item\">500 Piezas Puntas de U\u00f1as, 10 tama\u00f1os diferentes para adaptarse a la mayor\u00eda de los dedos. Cada tama\u00f1o est\u00e1 marcado con n\u00fameros del 0 al 9.<\/span><\/li>\n<li><span class=\"a-list-item\">las u\u00f1as est\u00e1n hechas con material ABS, las u\u00f1as postizas son duraderas con longitud perfecta, Brind\u00e1ndole un clavo seguro y c\u00f3modo haciendo experiencia.<\/span><\/li>\n<li><span class=\"a-list-item\">F\u00e1cil de moldear, limar, pintar y aplicar con pegamento y decoraciones de esmalte de u\u00f1as, Adecuado para extensi\u00f3n de u\u00f1as con decoraci\u00f3n de u\u00f1as, gel de u\u00f1as, acr\u00edlico, etc.<\/span><\/li>\n<li><span class=\"a-list-item\">Una gran idea para hacer un regalo: estas u\u00f1as postizas se pueden dise\u00f1ar y dar forma de la manera que t\u00fa quieras. Son u\u00f1as postizas de cobertura completa totalmente desmontables y reutilizables. Un gran regalo para amigos y familia.<\/span><\/li>\n<li><span class=\"a-list-item\">Gracias a su dise\u00f1o elegante, estas u\u00f1as postizas se pueden utilizar en salones de u\u00f1as o en casa para crear todos los estilos de nail art. Son ideales para todas las ocasiones especiales y perfectas para uso diario.<\/span><\/li>\n<\/ul>","protected":false},"excerpt":{"rendered":"<p>500 Piezas Puntas de U\u00f1as, 10 tama\u00f1os diferentes para adaptarse a la mayor\u00eda de los dedos. Cada tama\u00f1o est\u00e1 marcado con n\u00fameros&hellip;<\/p>","protected":false},"featured_media":8519,"comment_status":"open","ping_status":"closed","template":"","meta":[],"product_cat":[82,101,102],"product_tag":[],"yoast_head":"<!-- This site is optimized with the Yoast SEO plugin v19.9 - https:\/\/yoast.com\/wordpress\/plugins\/seo\/ -->\n<title>Tips 500 unids U\u00f1as Artificiales 10 Tama\u00f1os-Tips de u\u00f1as francesas - Hanna Cosm\u00e9tica<\/title>\n<meta name=\"robots\" content=\"index, follow, max-snippet:-1, max-image-preview:large, max-video-preview:-1\" \/>\n<link rel=\"canonical\" href=\"https:\/\/hannacosmetica.com\/fr\/tienda\/manicura\/complementos\/clear-acrylic-nails-coffin-formado-ballerina-nails-tips-600-unids-full-funda-falso-unas-nail-nails-artificiales-10-tamanos-tips-de-unas-francesas-500pcs-con-bolsa-claro\/\" \/>\n<meta property=\"og:locale\" content=\"fr_FR\" \/>\n<meta property=\"og:type\" content=\"article\" \/>\n<meta property=\"og:title\" content=\"Tips 500 unids U\u00f1as Artificiales 10 Tama\u00f1os-Tips de u\u00f1as francesas - Hanna Cosm\u00e9tica\" \/>\n<meta property=\"og:description\" content=\"500 Piezas Puntas de U\u00f1as, 10 tama\u00f1os diferentes para adaptarse a la mayor\u00eda de los dedos. Cada tama\u00f1o est\u00e1 marcado con n\u00fameros&hellip;\" \/>\n<meta property=\"og:url\" content=\"https:\/\/hannacosmetica.com\/fr\/tienda\/manicura\/complementos\/clear-acrylic-nails-coffin-formado-ballerina-nails-tips-600-unids-full-funda-falso-unas-nail-nails-artificiales-10-tamanos-tips-de-unas-francesas-500pcs-con-bolsa-claro\/\" \/>\n<meta property=\"og:site_name\" content=\"Hanna Cosm\u00e9tica\" \/>\n<meta property=\"article:modified_time\" content=\"2024-01-08T16:00:25+00:00\" \/>\n<meta property=\"og:image\" content=\"https:\/\/hannacosmetica.com\/wp-content\/uploads\/2022\/10\/31kv6VKGGAL._AC_SX355_-15.jpg\" \/>\n\t<meta property=\"og:image:width\" content=\"425\" \/>\n\t<meta property=\"og:image:height\" content=\"425\" \/>\n\t<meta property=\"og:image:type\" content=\"image\/jpeg\" \/>\n<meta name=\"twitter:card\" content=\"summary_large_image\" \/>\n<script type=\"application\/ld+json\" class=\"yoast-schema-graph\">{\"@context\":\"https:\/\/schema.org\",\"@graph\":[{\"@type\":\"WebPage\",\"@id\":\"https:\/\/hannacosmetica.com\/tienda\/manicura\/complementos\/clear-acrylic-nails-coffin-formado-ballerina-nails-tips-600-unids-full-funda-falso-unas-nail-nails-artificiales-10-tamanos-tips-de-unas-francesas-500pcs-con-bolsa-claro\/\",\"url\":\"https:\/\/hannacosmetica.com\/tienda\/manicura\/complementos\/clear-acrylic-nails-coffin-formado-ballerina-nails-tips-600-unids-full-funda-falso-unas-nail-nails-artificiales-10-tamanos-tips-de-unas-francesas-500pcs-con-bolsa-claro\/\",\"name\":\"Tips 500 unids U\u00f1as Artificiales 10 Tama\u00f1os-Tips de u\u00f1as francesas - Hanna Cosm\u00e9tica\",\"isPartOf\":{\"@id\":\"https:\/\/hannacosmetica.com\/#website\"},\"datePublished\":\"2022-10-17T12:47:27+00:00\",\"dateModified\":\"2024-01-08T16:00:25+00:00\",\"breadcrumb\":{\"@id\":\"https:\/\/hannacosmetica.com\/tienda\/manicura\/complementos\/clear-acrylic-nails-coffin-formado-ballerina-nails-tips-600-unids-full-funda-falso-unas-nail-nails-artificiales-10-tamanos-tips-de-unas-francesas-500pcs-con-bolsa-claro\/#breadcrumb\"},\"inLanguage\":\"fr-FR\",\"potentialAction\":[{\"@type\":\"ReadAction\",\"target\":[\"https:\/\/hannacosmetica.com\/tienda\/manicura\/complementos\/clear-acrylic-nails-coffin-formado-ballerina-nails-tips-600-unids-full-funda-falso-unas-nail-nails-artificiales-10-tamanos-tips-de-unas-francesas-500pcs-con-bolsa-claro\/\"]}]},{\"@type\":\"BreadcrumbList\",\"@id\":\"https:\/\/hannacosmetica.com\/tienda\/manicura\/complementos\/clear-acrylic-nails-coffin-formado-ballerina-nails-tips-600-unids-full-funda-falso-unas-nail-nails-artificiales-10-tamanos-tips-de-unas-francesas-500pcs-con-bolsa-claro\/#breadcrumb\",\"itemListElement\":[{\"@type\":\"ListItem\",\"position\":1,\"name\":\"Portada\",\"item\":\"https:\/\/hannacosmetica.com\/\"},{\"@type\":\"ListItem\",\"position\":2,\"name\":\"Tienda\",\"item\":\"https:\/\/hannacosmetica.com\/shop\/\"},{\"@type\":\"ListItem\",\"position\":3,\"name\":\"Tips 500 unids U\u00f1as Artificiales 10 Tama\u00f1os-Tips de u\u00f1as francesas\"}]},{\"@type\":\"WebSite\",\"@id\":\"https:\/\/hannacosmetica.com\/#website\",\"url\":\"https:\/\/hannacosmetica.com\/\",\"name\":\"Hanna Cosm\u00e9tica\",\"description\":\"Tienda de productos u\u00f1as, bellezas y peluquer\u00edas\",\"publisher\":{\"@id\":\"https:\/\/hannacosmetica.com\/#organization\"},\"potentialAction\":[{\"@type\":\"SearchAction\",\"target\":{\"@type\":\"EntryPoint\",\"urlTemplate\":\"https:\/\/hannacosmetica.com\/?s={search_term_string}\"},\"query-input\":\"required name=search_term_string\"}],\"inLanguage\":\"fr-FR\"},{\"@type\":\"Organization\",\"@id\":\"https:\/\/hannacosmetica.com\/#organization\",\"name\":\"Hanna Cosm\u00e9tica\",\"url\":\"https:\/\/hannacosmetica.com\/\",\"logo\":{\"@type\":\"ImageObject\",\"inLanguage\":\"fr-FR\",\"@id\":\"https:\/\/hannacosmetica.com\/#\/schema\/logo\/image\/\",\"url\":\"https:\/\/hannacosmetica.com\/wp-content\/uploads\/2022\/07\/Logo-Joyeria-Femenino-Floral-Negro.png\",\"contentUrl\":\"https:\/\/hannacosmetica.com\/wp-content\/uploads\/2022\/07\/Logo-Joyeria-Femenino-Floral-Negro.png\",\"width\":361,\"height\":126,\"caption\":\"Hanna Cosm\u00e9tica\"},\"image\":{\"@id\":\"https:\/\/hannacosmetica.com\/#\/schema\/logo\/image\/\"}}]}<\/script>\n<!-- \/ Yoast SEO plugin. -->","yoast_head_json":{"title":"Tips 500 unids U\u00f1as Artificiales 10 Tama\u00f1os-Tips de u\u00f1as francesas - Hanna Cosm\u00e9tica","robots":{"index":"index","follow":"follow","max-snippet":"max-snippet:-1","max-image-preview":"max-image-preview:large","max-video-preview":"max-video-preview:-1"},"canonical":"https:\/\/hannacosmetica.com\/fr\/tienda\/manicura\/complementos\/clear-acrylic-nails-coffin-formado-ballerina-nails-tips-600-unids-full-funda-falso-unas-nail-nails-artificiales-10-tamanos-tips-de-unas-francesas-500pcs-con-bolsa-claro\/","og_locale":"fr_FR","og_type":"article","og_title":"Tips 500 unids U\u00f1as Artificiales 10 Tama\u00f1os-Tips de u\u00f1as francesas - Hanna Cosm\u00e9tica","og_description":"500 Piezas Puntas de U\u00f1as, 10 tama\u00f1os diferentes para adaptarse a la mayor\u00eda de los dedos. Cada tama\u00f1o est\u00e1 marcado con n\u00fameros&hellip;","og_url":"https:\/\/hannacosmetica.com\/fr\/tienda\/manicura\/complementos\/clear-acrylic-nails-coffin-formado-ballerina-nails-tips-600-unids-full-funda-falso-unas-nail-nails-artificiales-10-tamanos-tips-de-unas-francesas-500pcs-con-bolsa-claro\/","og_site_name":"Hanna Cosm\u00e9tica","article_modified_time":"2024-01-08T16:00:25+00:00","og_image":[{"width":425,"height":425,"url":"https:\/\/hannacosmetica.com\/wp-content\/uploads\/2022\/10\/31kv6VKGGAL._AC_SX355_-15.jpg","type":"image\/jpeg"}],"twitter_card":"summary_large_image","schema":{"@context":"https:\/\/schema.org","@graph":[{"@type":"WebPage","@id":"https:\/\/hannacosmetica.com\/tienda\/manicura\/complementos\/clear-acrylic-nails-coffin-formado-ballerina-nails-tips-600-unids-full-funda-falso-unas-nail-nails-artificiales-10-tamanos-tips-de-unas-francesas-500pcs-con-bolsa-claro\/","url":"https:\/\/hannacosmetica.com\/tienda\/manicura\/complementos\/clear-acrylic-nails-coffin-formado-ballerina-nails-tips-600-unids-full-funda-falso-unas-nail-nails-artificiales-10-tamanos-tips-de-unas-francesas-500pcs-con-bolsa-claro\/","name":"Tips 500 unids U\u00f1as Artificiales 10 Tama\u00f1os-Tips de u\u00f1as francesas - Hanna Cosm\u00e9tica","isPartOf":{"@id":"https:\/\/hannacosmetica.com\/#website"},"datePublished":"2022-10-17T12:47:27+00:00","dateModified":"2024-01-08T16:00:25+00:00","breadcrumb":{"@id":"https:\/\/hannacosmetica.com\/tienda\/manicura\/complementos\/clear-acrylic-nails-coffin-formado-ballerina-nails-tips-600-unids-full-funda-falso-unas-nail-nails-artificiales-10-tamanos-tips-de-unas-francesas-500pcs-con-bolsa-claro\/#breadcrumb"},"inLanguage":"fr-FR","potentialAction":[{"@type":"ReadAction","target":["https:\/\/hannacosmetica.com\/tienda\/manicura\/complementos\/clear-acrylic-nails-coffin-formado-ballerina-nails-tips-600-unids-full-funda-falso-unas-nail-nails-artificiales-10-tamanos-tips-de-unas-francesas-500pcs-con-bolsa-claro\/"]}]},{"@type":"BreadcrumbList","@id":"https:\/\/hannacosmetica.com\/tienda\/manicura\/complementos\/clear-acrylic-nails-coffin-formado-ballerina-nails-tips-600-unids-full-funda-falso-unas-nail-nails-artificiales-10-tamanos-tips-de-unas-francesas-500pcs-con-bolsa-claro\/#breadcrumb","itemListElement":[{"@type":"ListItem","position":1,"name":"Portada","item":"https:\/\/hannacosmetica.com\/"},{"@type":"ListItem","position":2,"name":"Tienda","item":"https:\/\/hannacosmetica.com\/shop\/"},{"@type":"ListItem","position":3,"name":"Tips 500 unids U\u00f1as Artificiales 10 Tama\u00f1os-Tips de u\u00f1as francesas"}]},{"@type":"WebSite","@id":"https:\/\/hannacosmetica.com\/#website","url":"https:\/\/hannacosmetica.com\/","name":"Hanna Cosm\u00e9tica","description":"Tienda de productos u\u00f1as, bellezas y peluquer\u00edas","publisher":{"@id":"https:\/\/hannacosmetica.com\/#organization"},"potentialAction":[{"@type":"SearchAction","target":{"@type":"EntryPoint","urlTemplate":"https:\/\/hannacosmetica.com\/?s={search_term_string}"},"query-input":"required name=search_term_string"}],"inLanguage":"fr-FR"},{"@type":"Organization","@id":"https:\/\/hannacosmetica.com\/#organization","name":"Hanna Cosm\u00e9tica","url":"https:\/\/hannacosmetica.com\/","logo":{"@type":"ImageObject","inLanguage":"fr-FR","@id":"https:\/\/hannacosmetica.com\/#\/schema\/logo\/image\/","url":"https:\/\/hannacosmetica.com\/wp-content\/uploads\/2022\/07\/Logo-Joyeria-Femenino-Floral-Negro.png","contentUrl":"https:\/\/hannacosmetica.com\/wp-content\/uploads\/2022\/07\/Logo-Joyeria-Femenino-Floral-Negro.png","width":361,"height":126,"caption":"Hanna Cosm\u00e9tica"},"image":{"@id":"https:\/\/hannacosmetica.com\/#\/schema\/logo\/image\/"}}]}},"_links":{"self":[{"href":"https:\/\/hannacosmetica.com\/fr\/wp-json\/wp\/v2\/product\/8517"}],"collection":[{"href":"https:\/\/hannacosmetica.com\/fr\/wp-json\/wp\/v2\/product"}],"about":[{"href":"https:\/\/hannacosmetica.com\/fr\/wp-json\/wp\/v2\/types\/product"}],"replies":[{"embeddable":true,"href":"https:\/\/hannacosmetica.com\/fr\/wp-json\/wp\/v2\/comments?post=8517"}],"version-history":[{"count":3,"href":"https:\/\/hannacosmetica.com\/fr\/wp-json\/wp\/v2\/product\/8517\/revisions"}],"predecessor-version":[{"id":16137,"href":"https:\/\/hannacosmetica.com\/fr\/wp-json\/wp\/v2\/product\/8517\/revisions\/16137"}],"wp:featuredmedia":[{"embeddable":true,"href":"https:\/\/hannacosmetica.com\/fr\/wp-json\/wp\/v2\/media\/8519"}],"wp:attachment":[{"href":"https:\/\/hannacosmetica.com\/fr\/wp-json\/wp\/v2\/media?parent=8517"}],"wp:term":[{"taxonomy":"product_cat","embeddable":true,"href":"https:\/\/hannacosmetica.com\/fr\/wp-json\/wp\/v2\/product_cat?post=8517"},{"taxonomy":"product_tag","embeddable":true,"href":"https:\/\/hannacosmetica.com\/fr\/wp-json\/wp\/v2\/product_tag?post=8517"}],"curies":[{"name":"wp","href":"https:\/\/api.w.org\/{rel}","templated":true}]}}