{"id":8512,"date":"2022-10-17T12:43:54","date_gmt":"2022-10-17T12:43:54","guid":{"rendered":"https:\/\/hannacosmetica.com\/?post_type=product&#038;p=8512"},"modified":"2024-01-15T14:49:49","modified_gmt":"2024-01-15T14:49:49","slug":"petalos-de-rosa-secos-naturales-100g-de-petalos-de-rosa-roja-para-pies-bano-spa-boda-confeti-casa-fragancia-manualidades-accesorios","status":"publish","type":"product","link":"https:\/\/hannacosmetica.com\/fr\/tienda\/estetica\/complementos-estetica\/petalos-de-rosa-secos-naturales-100g-de-petalos-de-rosa-roja-para-pies-bano-spa-boda-confeti-casa-fragancia-manualidades-accesorios\/","title":{"rendered":"P\u00e9talos de Rosa Secos Naturales 100g"},"content":{"rendered":"<ul class=\"a-unordered-list a-vertical a-spacing-mini\">\n<li><span class=\"a-list-item\">\u2740 Contenido: aproximadamente 100g de p\u00e9talos de rosa secos por bolsa,100 g. Color: rosa natural.<\/span><\/li>\n<li><span class=\"a-list-item\">\u2740Nota: p\u00e9talos de rosa secos 100% naturales: flores de rosa genuinas, reci\u00e9n tostadas sin ning\u00fan otro ingrediente artificial. En el proceso de remojo en agua, hay un ligero fen\u00f3meno de decoloraci\u00f3n, que son los cambios f\u00edsicos naturales de las plantas secas. No comas.<\/span><\/li>\n<li><span class=\"a-list-item\">\u2740Principal aplicaci\u00f3n y funci\u00f3n: p\u00e9talos de rosa para el ba\u00f1o, excelente para el ba\u00f1o de p\u00e9talos de rosa, spa, ba\u00f1o de pies, ayuda a aliviar tu estado de \u00e1nimo y reduce la fatiga.<\/span><\/li>\n<li><span class=\"a-list-item\">\u2740 Usos adicionales: Popular como confeti de boda natural, agregue colores festivos a la boda. accesorios artesanales, o para untar en una cama o mesa como decoraci\u00f3n, deje que la familia agregue color.<\/span><\/li>\n<\/ul>","protected":false},"excerpt":{"rendered":"<p>\u2740 Contenido: aproximadamente 100g de p\u00e9talos de rosa secos por bolsa,100 g. Color: rosa natural. \u2740Nota: p\u00e9talos de rosa secos 100% naturales:&hellip;<\/p>","protected":false},"featured_media":8513,"comment_status":"open","ping_status":"closed","template":"","meta":[],"product_cat":[82,101,84,115],"product_tag":[],"yoast_head":"<!-- This site is optimized with the Yoast SEO plugin v19.9 - https:\/\/yoast.com\/wordpress\/plugins\/seo\/ -->\n<title>P\u00e9talos de Rosa Secos Naturales 100g - Hanna Cosm\u00e9tica<\/title>\n<meta name=\"robots\" content=\"index, follow, max-snippet:-1, max-image-preview:large, max-video-preview:-1\" \/>\n<link rel=\"canonical\" href=\"https:\/\/hannacosmetica.com\/fr\/tienda\/estetica\/complementos-estetica\/petalos-de-rosa-secos-naturales-100g-de-petalos-de-rosa-roja-para-pies-bano-spa-boda-confeti-casa-fragancia-manualidades-accesorios\/\" \/>\n<meta property=\"og:locale\" content=\"fr_FR\" \/>\n<meta property=\"og:type\" content=\"article\" \/>\n<meta property=\"og:title\" content=\"P\u00e9talos de Rosa Secos Naturales 100g - Hanna Cosm\u00e9tica\" \/>\n<meta property=\"og:description\" content=\"\u2740 Contenido: aproximadamente 100g de p\u00e9talos de rosa secos por bolsa,100 g. Color: rosa natural. \u2740Nota: p\u00e9talos de rosa secos 100% naturales:&hellip;\" \/>\n<meta property=\"og:url\" content=\"https:\/\/hannacosmetica.com\/fr\/tienda\/estetica\/complementos-estetica\/petalos-de-rosa-secos-naturales-100g-de-petalos-de-rosa-roja-para-pies-bano-spa-boda-confeti-casa-fragancia-manualidades-accesorios\/\" \/>\n<meta property=\"og:site_name\" content=\"Hanna Cosm\u00e9tica\" \/>\n<meta property=\"article:modified_time\" content=\"2024-01-15T14:49:49+00:00\" \/>\n<meta property=\"og:image\" content=\"https:\/\/hannacosmetica.com\/wp-content\/uploads\/2022\/10\/31kv6VKGGAL._AC_SX355_-13.jpg\" \/>\n\t<meta property=\"og:image:width\" content=\"384\" \/>\n\t<meta property=\"og:image:height\" content=\"450\" \/>\n\t<meta property=\"og:image:type\" content=\"image\/jpeg\" \/>\n<meta name=\"twitter:card\" content=\"summary_large_image\" \/>\n<script type=\"application\/ld+json\" class=\"yoast-schema-graph\">{\"@context\":\"https:\/\/schema.org\",\"@graph\":[{\"@type\":\"WebPage\",\"@id\":\"https:\/\/hannacosmetica.com\/tienda\/estetica\/complementos-estetica\/petalos-de-rosa-secos-naturales-100g-de-petalos-de-rosa-roja-para-pies-bano-spa-boda-confeti-casa-fragancia-manualidades-accesorios\/\",\"url\":\"https:\/\/hannacosmetica.com\/tienda\/estetica\/complementos-estetica\/petalos-de-rosa-secos-naturales-100g-de-petalos-de-rosa-roja-para-pies-bano-spa-boda-confeti-casa-fragancia-manualidades-accesorios\/\",\"name\":\"P\u00e9talos de Rosa Secos Naturales 100g - Hanna Cosm\u00e9tica\",\"isPartOf\":{\"@id\":\"https:\/\/hannacosmetica.com\/#website\"},\"datePublished\":\"2022-10-17T12:43:54+00:00\",\"dateModified\":\"2024-01-15T14:49:49+00:00\",\"breadcrumb\":{\"@id\":\"https:\/\/hannacosmetica.com\/tienda\/estetica\/complementos-estetica\/petalos-de-rosa-secos-naturales-100g-de-petalos-de-rosa-roja-para-pies-bano-spa-boda-confeti-casa-fragancia-manualidades-accesorios\/#breadcrumb\"},\"inLanguage\":\"fr-FR\",\"potentialAction\":[{\"@type\":\"ReadAction\",\"target\":[\"https:\/\/hannacosmetica.com\/tienda\/estetica\/complementos-estetica\/petalos-de-rosa-secos-naturales-100g-de-petalos-de-rosa-roja-para-pies-bano-spa-boda-confeti-casa-fragancia-manualidades-accesorios\/\"]}]},{\"@type\":\"BreadcrumbList\",\"@id\":\"https:\/\/hannacosmetica.com\/tienda\/estetica\/complementos-estetica\/petalos-de-rosa-secos-naturales-100g-de-petalos-de-rosa-roja-para-pies-bano-spa-boda-confeti-casa-fragancia-manualidades-accesorios\/#breadcrumb\",\"itemListElement\":[{\"@type\":\"ListItem\",\"position\":1,\"name\":\"Portada\",\"item\":\"https:\/\/hannacosmetica.com\/\"},{\"@type\":\"ListItem\",\"position\":2,\"name\":\"Tienda\",\"item\":\"https:\/\/hannacosmetica.com\/shop\/\"},{\"@type\":\"ListItem\",\"position\":3,\"name\":\"P\u00e9talos de Rosa Secos Naturales 100g\"}]},{\"@type\":\"WebSite\",\"@id\":\"https:\/\/hannacosmetica.com\/#website\",\"url\":\"https:\/\/hannacosmetica.com\/\",\"name\":\"Hanna Cosm\u00e9tica\",\"description\":\"Tienda de productos u\u00f1as, bellezas y peluquer\u00edas\",\"publisher\":{\"@id\":\"https:\/\/hannacosmetica.com\/#organization\"},\"potentialAction\":[{\"@type\":\"SearchAction\",\"target\":{\"@type\":\"EntryPoint\",\"urlTemplate\":\"https:\/\/hannacosmetica.com\/?s={search_term_string}\"},\"query-input\":\"required name=search_term_string\"}],\"inLanguage\":\"fr-FR\"},{\"@type\":\"Organization\",\"@id\":\"https:\/\/hannacosmetica.com\/#organization\",\"name\":\"Hanna Cosm\u00e9tica\",\"url\":\"https:\/\/hannacosmetica.com\/\",\"logo\":{\"@type\":\"ImageObject\",\"inLanguage\":\"fr-FR\",\"@id\":\"https:\/\/hannacosmetica.com\/#\/schema\/logo\/image\/\",\"url\":\"https:\/\/hannacosmetica.com\/wp-content\/uploads\/2022\/07\/Logo-Joyeria-Femenino-Floral-Negro.png\",\"contentUrl\":\"https:\/\/hannacosmetica.com\/wp-content\/uploads\/2022\/07\/Logo-Joyeria-Femenino-Floral-Negro.png\",\"width\":361,\"height\":126,\"caption\":\"Hanna Cosm\u00e9tica\"},\"image\":{\"@id\":\"https:\/\/hannacosmetica.com\/#\/schema\/logo\/image\/\"}}]}<\/script>\n<!-- \/ Yoast SEO plugin. -->","yoast_head_json":{"title":"P\u00e9talos de Rosa Secos Naturales 100g - Hanna Cosm\u00e9tica","robots":{"index":"index","follow":"follow","max-snippet":"max-snippet:-1","max-image-preview":"max-image-preview:large","max-video-preview":"max-video-preview:-1"},"canonical":"https:\/\/hannacosmetica.com\/fr\/tienda\/estetica\/complementos-estetica\/petalos-de-rosa-secos-naturales-100g-de-petalos-de-rosa-roja-para-pies-bano-spa-boda-confeti-casa-fragancia-manualidades-accesorios\/","og_locale":"fr_FR","og_type":"article","og_title":"P\u00e9talos de Rosa Secos Naturales 100g - Hanna Cosm\u00e9tica","og_description":"\u2740 Contenido: aproximadamente 100g de p\u00e9talos de rosa secos por bolsa,100 g. Color: rosa natural. \u2740Nota: p\u00e9talos de rosa secos 100% naturales:&hellip;","og_url":"https:\/\/hannacosmetica.com\/fr\/tienda\/estetica\/complementos-estetica\/petalos-de-rosa-secos-naturales-100g-de-petalos-de-rosa-roja-para-pies-bano-spa-boda-confeti-casa-fragancia-manualidades-accesorios\/","og_site_name":"Hanna Cosm\u00e9tica","article_modified_time":"2024-01-15T14:49:49+00:00","og_image":[{"width":384,"height":450,"url":"https:\/\/hannacosmetica.com\/wp-content\/uploads\/2022\/10\/31kv6VKGGAL._AC_SX355_-13.jpg","type":"image\/jpeg"}],"twitter_card":"summary_large_image","schema":{"@context":"https:\/\/schema.org","@graph":[{"@type":"WebPage","@id":"https:\/\/hannacosmetica.com\/tienda\/estetica\/complementos-estetica\/petalos-de-rosa-secos-naturales-100g-de-petalos-de-rosa-roja-para-pies-bano-spa-boda-confeti-casa-fragancia-manualidades-accesorios\/","url":"https:\/\/hannacosmetica.com\/tienda\/estetica\/complementos-estetica\/petalos-de-rosa-secos-naturales-100g-de-petalos-de-rosa-roja-para-pies-bano-spa-boda-confeti-casa-fragancia-manualidades-accesorios\/","name":"P\u00e9talos de Rosa Secos Naturales 100g - Hanna Cosm\u00e9tica","isPartOf":{"@id":"https:\/\/hannacosmetica.com\/#website"},"datePublished":"2022-10-17T12:43:54+00:00","dateModified":"2024-01-15T14:49:49+00:00","breadcrumb":{"@id":"https:\/\/hannacosmetica.com\/tienda\/estetica\/complementos-estetica\/petalos-de-rosa-secos-naturales-100g-de-petalos-de-rosa-roja-para-pies-bano-spa-boda-confeti-casa-fragancia-manualidades-accesorios\/#breadcrumb"},"inLanguage":"fr-FR","potentialAction":[{"@type":"ReadAction","target":["https:\/\/hannacosmetica.com\/tienda\/estetica\/complementos-estetica\/petalos-de-rosa-secos-naturales-100g-de-petalos-de-rosa-roja-para-pies-bano-spa-boda-confeti-casa-fragancia-manualidades-accesorios\/"]}]},{"@type":"BreadcrumbList","@id":"https:\/\/hannacosmetica.com\/tienda\/estetica\/complementos-estetica\/petalos-de-rosa-secos-naturales-100g-de-petalos-de-rosa-roja-para-pies-bano-spa-boda-confeti-casa-fragancia-manualidades-accesorios\/#breadcrumb","itemListElement":[{"@type":"ListItem","position":1,"name":"Portada","item":"https:\/\/hannacosmetica.com\/"},{"@type":"ListItem","position":2,"name":"Tienda","item":"https:\/\/hannacosmetica.com\/shop\/"},{"@type":"ListItem","position":3,"name":"P\u00e9talos de Rosa Secos Naturales 100g"}]},{"@type":"WebSite","@id":"https:\/\/hannacosmetica.com\/#website","url":"https:\/\/hannacosmetica.com\/","name":"Hanna Cosm\u00e9tica","description":"Tienda de productos u\u00f1as, bellezas y peluquer\u00edas","publisher":{"@id":"https:\/\/hannacosmetica.com\/#organization"},"potentialAction":[{"@type":"SearchAction","target":{"@type":"EntryPoint","urlTemplate":"https:\/\/hannacosmetica.com\/?s={search_term_string}"},"query-input":"required name=search_term_string"}],"inLanguage":"fr-FR"},{"@type":"Organization","@id":"https:\/\/hannacosmetica.com\/#organization","name":"Hanna Cosm\u00e9tica","url":"https:\/\/hannacosmetica.com\/","logo":{"@type":"ImageObject","inLanguage":"fr-FR","@id":"https:\/\/hannacosmetica.com\/#\/schema\/logo\/image\/","url":"https:\/\/hannacosmetica.com\/wp-content\/uploads\/2022\/07\/Logo-Joyeria-Femenino-Floral-Negro.png","contentUrl":"https:\/\/hannacosmetica.com\/wp-content\/uploads\/2022\/07\/Logo-Joyeria-Femenino-Floral-Negro.png","width":361,"height":126,"caption":"Hanna Cosm\u00e9tica"},"image":{"@id":"https:\/\/hannacosmetica.com\/#\/schema\/logo\/image\/"}}]}},"_links":{"self":[{"href":"https:\/\/hannacosmetica.com\/fr\/wp-json\/wp\/v2\/product\/8512"}],"collection":[{"href":"https:\/\/hannacosmetica.com\/fr\/wp-json\/wp\/v2\/product"}],"about":[{"href":"https:\/\/hannacosmetica.com\/fr\/wp-json\/wp\/v2\/types\/product"}],"replies":[{"embeddable":true,"href":"https:\/\/hannacosmetica.com\/fr\/wp-json\/wp\/v2\/comments?post=8512"}],"version-history":[{"count":3,"href":"https:\/\/hannacosmetica.com\/fr\/wp-json\/wp\/v2\/product\/8512\/revisions"}],"predecessor-version":[{"id":8714,"href":"https:\/\/hannacosmetica.com\/fr\/wp-json\/wp\/v2\/product\/8512\/revisions\/8714"}],"wp:featuredmedia":[{"embeddable":true,"href":"https:\/\/hannacosmetica.com\/fr\/wp-json\/wp\/v2\/media\/8513"}],"wp:attachment":[{"href":"https:\/\/hannacosmetica.com\/fr\/wp-json\/wp\/v2\/media?parent=8512"}],"wp:term":[{"taxonomy":"product_cat","embeddable":true,"href":"https:\/\/hannacosmetica.com\/fr\/wp-json\/wp\/v2\/product_cat?post=8512"},{"taxonomy":"product_tag","embeddable":true,"href":"https:\/\/hannacosmetica.com\/fr\/wp-json\/wp\/v2\/product_tag?post=8512"}],"curies":[{"name":"wp","href":"https:\/\/api.w.org\/{rel}","templated":true}]}}