{"id":8463,"date":"2022-10-16T15:21:57","date_gmt":"2022-10-16T15:21:57","guid":{"rendered":"https:\/\/hannacosmetica.com\/?post_type=product&#038;p=8463"},"modified":"2026-03-31T13:04:18","modified_gmt":"2026-03-31T13:04:18","slug":"mantel-de-mesa-para-decoracion-de-unas-con-purpurina-comodo-desechable-para-salon-de-belleza-cubierta-de-mesa-para-manicura-cojin-de-mano-plegable-para-decoracion-de-unas-brillante-rosa","status":"publish","type":"product","link":"https:\/\/hannacosmetica.com\/fr\/tienda\/manicura\/complementos\/mantel-de-mesa-para-decoracion-de-unas-con-purpurina-comodo-desechable-para-salon-de-belleza-cubierta-de-mesa-para-manicura-cojin-de-mano-plegable-para-decoracion-de-unas-brillante-rosa\/","title":{"rendered":"Mantel de Mesa para Decoraci\u00f3n de U\u00f1as con Purpurina rosa, C\u00f3modo, para Sal\u00f3n de Belleza,"},"content":{"rendered":"<ul class=\"a-unordered-list a-vertical a-spacing-mini\">\n<li><span class=\"a-list-item\">Material suave: la alfombrilla para u\u00f1as est\u00e1 hecha de materiales de alta calidad, suave y c\u00f3modo, cerca de la piel y c\u00f3modo al tacto, buena calidad, resistente al desgaste e inodoro, sin bordes \u00e1speros de la alfombrilla, peso medio y grosor adecuado.<\/span><\/li>\n<li><span class=\"a-list-item\">Efecto: la alfombrilla de mano para pr\u00e1ctica de u\u00f1as puede mantener la mesa limpia y ordenada durante la manicura para que tengas una experiencia c\u00f3moda en el arte de las u\u00f1as, las u\u00f1as son suaves y hermosas, brillantes, en la mayor medida muestran tu encanto. Adecuado para aplicar durante el arte de las u\u00f1as o el cuidado de las u\u00f1as. Proteja su superficie de trabajo de las manchas y deje el tocador libre de cosm\u00e9ticos y manchas de esmalte de u\u00f1as.<\/span><\/li>\n<li><span class=\"a-list-item\">Port\u00e1til y liviano: puede enrollar el tapete de nail art y ponerlo en su bolso, lo cual es muy conveniente, se puede plegar convenientemente para que lo lleve y lo use, muy conveniente para que pueda hacer nail art cuando lo desee.<\/span><\/li>\n<li><span class=\"a-list-item\">Belleza y limpieza: herramienta de exhibici\u00f3n de pr\u00e1ctica de arte de u\u00f1as muy pr\u00e1ctica. Y no tienes que preocuparte por ensuciar tu mesa. Como tapete para proteger sus superficies de trabajo de manchas y derrames. Proteja su secci\u00f3n de tocador del maquillaje y el esmalte de u\u00f1as.<\/span><\/li>\n<li><span class=\"a-list-item\">Amplia gama de usos: esta alfombrilla plegable es una buena herramienta de manicura para principiantes y personas experimentadas en salones de u\u00f1as, agradable para el entrenamiento de u\u00f1as, exhibici\u00f3n de arte de u\u00f1as, etc. Es muy \u00fatil para los amantes de las u\u00f1as y tambi\u00e9n puede ser un dulce regalo. para las ni\u00f1as como una peque\u00f1a sorpresa.<\/span><\/li>\n<\/ul>","protected":false},"excerpt":{"rendered":"<p>Material suave: la alfombrilla para u\u00f1as est\u00e1 hecha de materiales de alta calidad, suave y c\u00f3modo, cerca de la piel y c\u00f3modo&hellip;<\/p>","protected":false},"featured_media":8464,"comment_status":"open","ping_status":"closed","template":"","meta":[],"product_cat":[82,101],"product_tag":[],"yoast_head":"<!-- This site is optimized with the Yoast SEO plugin v19.9 - https:\/\/yoast.com\/wordpress\/plugins\/seo\/ -->\n<title>Mantel de Mesa para Decoraci\u00f3n de U\u00f1as con Purpurina rosa, C\u00f3modo, para Sal\u00f3n de Belleza, - Hanna Cosm\u00e9tica<\/title>\n<meta name=\"robots\" content=\"index, follow, max-snippet:-1, max-image-preview:large, max-video-preview:-1\" \/>\n<link rel=\"canonical\" href=\"https:\/\/hannacosmetica.com\/fr\/tienda\/manicura\/complementos\/mantel-de-mesa-para-decoracion-de-unas-con-purpurina-comodo-desechable-para-salon-de-belleza-cubierta-de-mesa-para-manicura-cojin-de-mano-plegable-para-decoracion-de-unas-brillante-rosa\/\" \/>\n<meta property=\"og:locale\" content=\"fr_FR\" \/>\n<meta property=\"og:type\" content=\"article\" \/>\n<meta property=\"og:title\" content=\"Mantel de Mesa para Decoraci\u00f3n de U\u00f1as con Purpurina rosa, C\u00f3modo, para Sal\u00f3n de Belleza, - Hanna Cosm\u00e9tica\" \/>\n<meta property=\"og:description\" content=\"Material suave: la alfombrilla para u\u00f1as est\u00e1 hecha de materiales de alta calidad, suave y c\u00f3modo, cerca de la piel y c\u00f3modo&hellip;\" \/>\n<meta property=\"og:url\" content=\"https:\/\/hannacosmetica.com\/fr\/tienda\/manicura\/complementos\/mantel-de-mesa-para-decoracion-de-unas-con-purpurina-comodo-desechable-para-salon-de-belleza-cubierta-de-mesa-para-manicura-cojin-de-mano-plegable-para-decoracion-de-unas-brillante-rosa\/\" \/>\n<meta property=\"og:site_name\" content=\"Hanna Cosm\u00e9tica\" \/>\n<meta property=\"article:modified_time\" content=\"2026-03-31T13:04:18+00:00\" \/>\n<meta property=\"og:image\" content=\"https:\/\/hannacosmetica.com\/wp-content\/uploads\/2022\/10\/\u672a\u547d\u540d\u7684\u8bbe\u8ba1-2022-10-16T111729.056-1520x1520.png\" \/>\n\t<meta property=\"og:image:width\" content=\"1520\" \/>\n\t<meta property=\"og:image:height\" content=\"1520\" \/>\n\t<meta property=\"og:image:type\" content=\"image\/png\" \/>\n<meta name=\"twitter:card\" content=\"summary_large_image\" \/>\n<script type=\"application\/ld+json\" class=\"yoast-schema-graph\">{\"@context\":\"https:\/\/schema.org\",\"@graph\":[{\"@type\":\"WebPage\",\"@id\":\"https:\/\/hannacosmetica.com\/tienda\/manicura\/complementos\/mantel-de-mesa-para-decoracion-de-unas-con-purpurina-comodo-desechable-para-salon-de-belleza-cubierta-de-mesa-para-manicura-cojin-de-mano-plegable-para-decoracion-de-unas-brillante-rosa\/\",\"url\":\"https:\/\/hannacosmetica.com\/tienda\/manicura\/complementos\/mantel-de-mesa-para-decoracion-de-unas-con-purpurina-comodo-desechable-para-salon-de-belleza-cubierta-de-mesa-para-manicura-cojin-de-mano-plegable-para-decoracion-de-unas-brillante-rosa\/\",\"name\":\"Mantel de Mesa para Decoraci\u00f3n de U\u00f1as con Purpurina rosa, C\u00f3modo, para Sal\u00f3n de Belleza, - Hanna Cosm\u00e9tica\",\"isPartOf\":{\"@id\":\"https:\/\/hannacosmetica.com\/#website\"},\"datePublished\":\"2022-10-16T15:21:57+00:00\",\"dateModified\":\"2026-03-31T13:04:18+00:00\",\"breadcrumb\":{\"@id\":\"https:\/\/hannacosmetica.com\/tienda\/manicura\/complementos\/mantel-de-mesa-para-decoracion-de-unas-con-purpurina-comodo-desechable-para-salon-de-belleza-cubierta-de-mesa-para-manicura-cojin-de-mano-plegable-para-decoracion-de-unas-brillante-rosa\/#breadcrumb\"},\"inLanguage\":\"fr-FR\",\"potentialAction\":[{\"@type\":\"ReadAction\",\"target\":[\"https:\/\/hannacosmetica.com\/tienda\/manicura\/complementos\/mantel-de-mesa-para-decoracion-de-unas-con-purpurina-comodo-desechable-para-salon-de-belleza-cubierta-de-mesa-para-manicura-cojin-de-mano-plegable-para-decoracion-de-unas-brillante-rosa\/\"]}]},{\"@type\":\"BreadcrumbList\",\"@id\":\"https:\/\/hannacosmetica.com\/tienda\/manicura\/complementos\/mantel-de-mesa-para-decoracion-de-unas-con-purpurina-comodo-desechable-para-salon-de-belleza-cubierta-de-mesa-para-manicura-cojin-de-mano-plegable-para-decoracion-de-unas-brillante-rosa\/#breadcrumb\",\"itemListElement\":[{\"@type\":\"ListItem\",\"position\":1,\"name\":\"Portada\",\"item\":\"https:\/\/hannacosmetica.com\/\"},{\"@type\":\"ListItem\",\"position\":2,\"name\":\"Tienda\",\"item\":\"https:\/\/hannacosmetica.com\/shop\/\"},{\"@type\":\"ListItem\",\"position\":3,\"name\":\"Mantel de Mesa para Decoraci\u00f3n de U\u00f1as con Purpurina rosa, C\u00f3modo, para Sal\u00f3n de Belleza,\"}]},{\"@type\":\"WebSite\",\"@id\":\"https:\/\/hannacosmetica.com\/#website\",\"url\":\"https:\/\/hannacosmetica.com\/\",\"name\":\"Hanna Cosm\u00e9tica\",\"description\":\"Tienda de productos u\u00f1as, bellezas y peluquer\u00edas\",\"publisher\":{\"@id\":\"https:\/\/hannacosmetica.com\/#organization\"},\"potentialAction\":[{\"@type\":\"SearchAction\",\"target\":{\"@type\":\"EntryPoint\",\"urlTemplate\":\"https:\/\/hannacosmetica.com\/?s={search_term_string}\"},\"query-input\":\"required name=search_term_string\"}],\"inLanguage\":\"fr-FR\"},{\"@type\":\"Organization\",\"@id\":\"https:\/\/hannacosmetica.com\/#organization\",\"name\":\"Hanna Cosm\u00e9tica\",\"url\":\"https:\/\/hannacosmetica.com\/\",\"logo\":{\"@type\":\"ImageObject\",\"inLanguage\":\"fr-FR\",\"@id\":\"https:\/\/hannacosmetica.com\/#\/schema\/logo\/image\/\",\"url\":\"https:\/\/hannacosmetica.com\/wp-content\/uploads\/2022\/07\/Logo-Joyeria-Femenino-Floral-Negro.png\",\"contentUrl\":\"https:\/\/hannacosmetica.com\/wp-content\/uploads\/2022\/07\/Logo-Joyeria-Femenino-Floral-Negro.png\",\"width\":361,\"height\":126,\"caption\":\"Hanna Cosm\u00e9tica\"},\"image\":{\"@id\":\"https:\/\/hannacosmetica.com\/#\/schema\/logo\/image\/\"}}]}<\/script>\n<!-- \/ Yoast SEO plugin. -->","yoast_head_json":{"title":"Mantel de Mesa para Decoraci\u00f3n de U\u00f1as con Purpurina rosa, C\u00f3modo, para Sal\u00f3n de Belleza, - Hanna Cosm\u00e9tica","robots":{"index":"index","follow":"follow","max-snippet":"max-snippet:-1","max-image-preview":"max-image-preview:large","max-video-preview":"max-video-preview:-1"},"canonical":"https:\/\/hannacosmetica.com\/fr\/tienda\/manicura\/complementos\/mantel-de-mesa-para-decoracion-de-unas-con-purpurina-comodo-desechable-para-salon-de-belleza-cubierta-de-mesa-para-manicura-cojin-de-mano-plegable-para-decoracion-de-unas-brillante-rosa\/","og_locale":"fr_FR","og_type":"article","og_title":"Mantel de Mesa para Decoraci\u00f3n de U\u00f1as con Purpurina rosa, C\u00f3modo, para Sal\u00f3n de Belleza, - Hanna Cosm\u00e9tica","og_description":"Material suave: la alfombrilla para u\u00f1as est\u00e1 hecha de materiales de alta calidad, suave y c\u00f3modo, cerca de la piel y c\u00f3modo&hellip;","og_url":"https:\/\/hannacosmetica.com\/fr\/tienda\/manicura\/complementos\/mantel-de-mesa-para-decoracion-de-unas-con-purpurina-comodo-desechable-para-salon-de-belleza-cubierta-de-mesa-para-manicura-cojin-de-mano-plegable-para-decoracion-de-unas-brillante-rosa\/","og_site_name":"Hanna Cosm\u00e9tica","article_modified_time":"2026-03-31T13:04:18+00:00","og_image":[{"width":1520,"height":1520,"url":"https:\/\/hannacosmetica.com\/wp-content\/uploads\/2022\/10\/\u672a\u547d\u540d\u7684\u8bbe\u8ba1-2022-10-16T111729.056-1520x1520.png","type":"image\/png"}],"twitter_card":"summary_large_image","schema":{"@context":"https:\/\/schema.org","@graph":[{"@type":"WebPage","@id":"https:\/\/hannacosmetica.com\/tienda\/manicura\/complementos\/mantel-de-mesa-para-decoracion-de-unas-con-purpurina-comodo-desechable-para-salon-de-belleza-cubierta-de-mesa-para-manicura-cojin-de-mano-plegable-para-decoracion-de-unas-brillante-rosa\/","url":"https:\/\/hannacosmetica.com\/tienda\/manicura\/complementos\/mantel-de-mesa-para-decoracion-de-unas-con-purpurina-comodo-desechable-para-salon-de-belleza-cubierta-de-mesa-para-manicura-cojin-de-mano-plegable-para-decoracion-de-unas-brillante-rosa\/","name":"Mantel de Mesa para Decoraci\u00f3n de U\u00f1as con Purpurina rosa, C\u00f3modo, para Sal\u00f3n de Belleza, - Hanna Cosm\u00e9tica","isPartOf":{"@id":"https:\/\/hannacosmetica.com\/#website"},"datePublished":"2022-10-16T15:21:57+00:00","dateModified":"2026-03-31T13:04:18+00:00","breadcrumb":{"@id":"https:\/\/hannacosmetica.com\/tienda\/manicura\/complementos\/mantel-de-mesa-para-decoracion-de-unas-con-purpurina-comodo-desechable-para-salon-de-belleza-cubierta-de-mesa-para-manicura-cojin-de-mano-plegable-para-decoracion-de-unas-brillante-rosa\/#breadcrumb"},"inLanguage":"fr-FR","potentialAction":[{"@type":"ReadAction","target":["https:\/\/hannacosmetica.com\/tienda\/manicura\/complementos\/mantel-de-mesa-para-decoracion-de-unas-con-purpurina-comodo-desechable-para-salon-de-belleza-cubierta-de-mesa-para-manicura-cojin-de-mano-plegable-para-decoracion-de-unas-brillante-rosa\/"]}]},{"@type":"BreadcrumbList","@id":"https:\/\/hannacosmetica.com\/tienda\/manicura\/complementos\/mantel-de-mesa-para-decoracion-de-unas-con-purpurina-comodo-desechable-para-salon-de-belleza-cubierta-de-mesa-para-manicura-cojin-de-mano-plegable-para-decoracion-de-unas-brillante-rosa\/#breadcrumb","itemListElement":[{"@type":"ListItem","position":1,"name":"Portada","item":"https:\/\/hannacosmetica.com\/"},{"@type":"ListItem","position":2,"name":"Tienda","item":"https:\/\/hannacosmetica.com\/shop\/"},{"@type":"ListItem","position":3,"name":"Mantel de Mesa para Decoraci\u00f3n de U\u00f1as con Purpurina rosa, C\u00f3modo, para Sal\u00f3n de Belleza,"}]},{"@type":"WebSite","@id":"https:\/\/hannacosmetica.com\/#website","url":"https:\/\/hannacosmetica.com\/","name":"Hanna Cosm\u00e9tica","description":"Tienda de productos u\u00f1as, bellezas y peluquer\u00edas","publisher":{"@id":"https:\/\/hannacosmetica.com\/#organization"},"potentialAction":[{"@type":"SearchAction","target":{"@type":"EntryPoint","urlTemplate":"https:\/\/hannacosmetica.com\/?s={search_term_string}"},"query-input":"required name=search_term_string"}],"inLanguage":"fr-FR"},{"@type":"Organization","@id":"https:\/\/hannacosmetica.com\/#organization","name":"Hanna Cosm\u00e9tica","url":"https:\/\/hannacosmetica.com\/","logo":{"@type":"ImageObject","inLanguage":"fr-FR","@id":"https:\/\/hannacosmetica.com\/#\/schema\/logo\/image\/","url":"https:\/\/hannacosmetica.com\/wp-content\/uploads\/2022\/07\/Logo-Joyeria-Femenino-Floral-Negro.png","contentUrl":"https:\/\/hannacosmetica.com\/wp-content\/uploads\/2022\/07\/Logo-Joyeria-Femenino-Floral-Negro.png","width":361,"height":126,"caption":"Hanna Cosm\u00e9tica"},"image":{"@id":"https:\/\/hannacosmetica.com\/#\/schema\/logo\/image\/"}}]}},"_links":{"self":[{"href":"https:\/\/hannacosmetica.com\/fr\/wp-json\/wp\/v2\/product\/8463"}],"collection":[{"href":"https:\/\/hannacosmetica.com\/fr\/wp-json\/wp\/v2\/product"}],"about":[{"href":"https:\/\/hannacosmetica.com\/fr\/wp-json\/wp\/v2\/types\/product"}],"replies":[{"embeddable":true,"href":"https:\/\/hannacosmetica.com\/fr\/wp-json\/wp\/v2\/comments?post=8463"}],"version-history":[{"count":3,"href":"https:\/\/hannacosmetica.com\/fr\/wp-json\/wp\/v2\/product\/8463\/revisions"}],"predecessor-version":[{"id":8719,"href":"https:\/\/hannacosmetica.com\/fr\/wp-json\/wp\/v2\/product\/8463\/revisions\/8719"}],"wp:featuredmedia":[{"embeddable":true,"href":"https:\/\/hannacosmetica.com\/fr\/wp-json\/wp\/v2\/media\/8464"}],"wp:attachment":[{"href":"https:\/\/hannacosmetica.com\/fr\/wp-json\/wp\/v2\/media?parent=8463"}],"wp:term":[{"taxonomy":"product_cat","embeddable":true,"href":"https:\/\/hannacosmetica.com\/fr\/wp-json\/wp\/v2\/product_cat?post=8463"},{"taxonomy":"product_tag","embeddable":true,"href":"https:\/\/hannacosmetica.com\/fr\/wp-json\/wp\/v2\/product_tag?post=8463"}],"curies":[{"name":"wp","href":"https:\/\/api.w.org\/{rel}","templated":true}]}}