{"id":8406,"date":"2022-10-15T16:03:38","date_gmt":"2022-10-15T16:03:38","guid":{"rendered":"https:\/\/hannacosmetica.com\/?post_type=product&#038;p=8406"},"modified":"2023-10-24T16:43:07","modified_gmt":"2023-10-24T16:43:07","slug":"cepillo-de-esponja-de-unas-cepillo-esponja-unas-degradado-de-doble-cabeza-con-4-cabeza-de-esponja-reemplazables-para-unas-salon-o-en-hogar","status":"publish","type":"product","link":"https:\/\/hannacosmetica.com\/fr\/tienda\/manicura\/pinceles\/cepillo-de-esponja-de-unas-cepillo-esponja-unas-degradado-de-doble-cabeza-con-4-cabeza-de-esponja-reemplazables-para-unas-salon-o-en-hogar\/","title":{"rendered":"Pincel de Esponja de U\u00f1as, Cepillo Esponja u\u00f1as Degradado de Doble Cabeza con 4 Cabeza de Esponja Reemplazables para U\u00f1as"},"content":{"rendered":"<ul class=\"a-unordered-list a-vertical a-spacing-mini\">\n<li><span class=\"a-list-item\">\u3010El paquete incluye\u3011: el paquete contiene 1 bol\u00edgrafo de esponja con 4 cabezales de repuesto.<\/span><\/li>\n<li><span class=\"a-list-item\">\u3010Material de alta calidad\u3011: el mango del bol\u00edgrafo de esponja para u\u00f1as est\u00e1 hecho de acr\u00edlico, con juntas de aluminio, resistente y hermoso, con un buen agarre y mejor uso. lo suficientemente resistente para su uso diario.<\/span><\/li>\n<li><span class=\"a-list-item\">\u3010Amplio uso\u3011: que se utilizan principalmente para la pintura de bricolaje, la floraci\u00f3n, las u\u00f1as degradadas y las flores de dibujo, tambi\u00e9n es adecuado para uso en el hogar y un sal\u00f3n de u\u00f1as profesional.<\/span><\/li>\n<li><span class=\"a-list-item\">\u3010Reutilizable\u3011: F\u00e1cil de limpiar y conveniente de usar, la cabeza de esponja puede usarse repetidamente y puede reemplazarse despu\u00e9s de un uso prolongado.<\/span><\/li>\n<li><span class=\"a-list-item\">\u3010Dise\u00f1o de doble cabeza\u3011: la esponja de cepillo de u\u00f1as adopta un dise\u00f1o redondo y puntiagudo para satisfacer varios m\u00e9todos de floraci\u00f3n.<\/span><\/li>\n<\/ul>","protected":false},"excerpt":{"rendered":"<p>\u3010El paquete incluye\u3011: el paquete contiene 1 bol\u00edgrafo de esponja con 4 cabezales de repuesto. \u3010Material de alta calidad\u3011: el mango del&hellip;<\/p>","protected":false},"featured_media":8423,"comment_status":"open","ping_status":"closed","template":"","meta":[],"product_cat":[82,97,98,101],"product_tag":[],"yoast_head":"<!-- This site is optimized with the Yoast SEO plugin v19.9 - https:\/\/yoast.com\/wordpress\/plugins\/seo\/ -->\n<title>Pincel de Esponja de U\u00f1as, Cepillo Esponja u\u00f1as Degradado de Doble Cabeza con 4 Cabeza de Esponja Reemplazables para U\u00f1as - Hanna Cosm\u00e9tica<\/title>\n<meta name=\"robots\" content=\"index, follow, max-snippet:-1, max-image-preview:large, max-video-preview:-1\" \/>\n<link rel=\"canonical\" href=\"https:\/\/hannacosmetica.com\/fr\/tienda\/manicura\/pinceles\/cepillo-de-esponja-de-unas-cepillo-esponja-unas-degradado-de-doble-cabeza-con-4-cabeza-de-esponja-reemplazables-para-unas-salon-o-en-hogar\/\" \/>\n<meta property=\"og:locale\" content=\"fr_FR\" \/>\n<meta property=\"og:type\" content=\"article\" \/>\n<meta property=\"og:title\" content=\"Pincel de Esponja de U\u00f1as, Cepillo Esponja u\u00f1as Degradado de Doble Cabeza con 4 Cabeza de Esponja Reemplazables para U\u00f1as - Hanna Cosm\u00e9tica\" \/>\n<meta property=\"og:description\" content=\"\u3010El paquete incluye\u3011: el paquete contiene 1 bol\u00edgrafo de esponja con 4 cabezales de repuesto. \u3010Material de alta calidad\u3011: el mango del&hellip;\" \/>\n<meta property=\"og:url\" content=\"https:\/\/hannacosmetica.com\/fr\/tienda\/manicura\/pinceles\/cepillo-de-esponja-de-unas-cepillo-esponja-unas-degradado-de-doble-cabeza-con-4-cabeza-de-esponja-reemplazables-para-unas-salon-o-en-hogar\/\" \/>\n<meta property=\"og:site_name\" content=\"Hanna Cosm\u00e9tica\" \/>\n<meta property=\"article:modified_time\" content=\"2023-10-24T16:43:07+00:00\" \/>\n<meta property=\"og:image\" content=\"https:\/\/hannacosmetica.com\/wp-content\/uploads\/2022\/10\/\u672a\u547d\u540d\u7684\u8bbe\u8ba1-2022-10-15T174640.689-1520x1520.png\" \/>\n\t<meta property=\"og:image:width\" content=\"1520\" \/>\n\t<meta property=\"og:image:height\" content=\"1520\" \/>\n\t<meta property=\"og:image:type\" content=\"image\/png\" \/>\n<meta name=\"twitter:card\" content=\"summary_large_image\" \/>\n<script type=\"application\/ld+json\" class=\"yoast-schema-graph\">{\"@context\":\"https:\/\/schema.org\",\"@graph\":[{\"@type\":\"WebPage\",\"@id\":\"https:\/\/hannacosmetica.com\/tienda\/manicura\/pinceles\/cepillo-de-esponja-de-unas-cepillo-esponja-unas-degradado-de-doble-cabeza-con-4-cabeza-de-esponja-reemplazables-para-unas-salon-o-en-hogar\/\",\"url\":\"https:\/\/hannacosmetica.com\/tienda\/manicura\/pinceles\/cepillo-de-esponja-de-unas-cepillo-esponja-unas-degradado-de-doble-cabeza-con-4-cabeza-de-esponja-reemplazables-para-unas-salon-o-en-hogar\/\",\"name\":\"Pincel de Esponja de U\u00f1as, Cepillo Esponja u\u00f1as Degradado de Doble Cabeza con 4 Cabeza de Esponja Reemplazables para U\u00f1as - Hanna Cosm\u00e9tica\",\"isPartOf\":{\"@id\":\"https:\/\/hannacosmetica.com\/#website\"},\"datePublished\":\"2022-10-15T16:03:38+00:00\",\"dateModified\":\"2023-10-24T16:43:07+00:00\",\"breadcrumb\":{\"@id\":\"https:\/\/hannacosmetica.com\/tienda\/manicura\/pinceles\/cepillo-de-esponja-de-unas-cepillo-esponja-unas-degradado-de-doble-cabeza-con-4-cabeza-de-esponja-reemplazables-para-unas-salon-o-en-hogar\/#breadcrumb\"},\"inLanguage\":\"fr-FR\",\"potentialAction\":[{\"@type\":\"ReadAction\",\"target\":[\"https:\/\/hannacosmetica.com\/tienda\/manicura\/pinceles\/cepillo-de-esponja-de-unas-cepillo-esponja-unas-degradado-de-doble-cabeza-con-4-cabeza-de-esponja-reemplazables-para-unas-salon-o-en-hogar\/\"]}]},{\"@type\":\"BreadcrumbList\",\"@id\":\"https:\/\/hannacosmetica.com\/tienda\/manicura\/pinceles\/cepillo-de-esponja-de-unas-cepillo-esponja-unas-degradado-de-doble-cabeza-con-4-cabeza-de-esponja-reemplazables-para-unas-salon-o-en-hogar\/#breadcrumb\",\"itemListElement\":[{\"@type\":\"ListItem\",\"position\":1,\"name\":\"Portada\",\"item\":\"https:\/\/hannacosmetica.com\/\"},{\"@type\":\"ListItem\",\"position\":2,\"name\":\"Tienda\",\"item\":\"https:\/\/hannacosmetica.com\/shop\/\"},{\"@type\":\"ListItem\",\"position\":3,\"name\":\"Pincel de Esponja de U\u00f1as, Cepillo Esponja u\u00f1as Degradado de Doble Cabeza con 4 Cabeza de Esponja Reemplazables para U\u00f1as\"}]},{\"@type\":\"WebSite\",\"@id\":\"https:\/\/hannacosmetica.com\/#website\",\"url\":\"https:\/\/hannacosmetica.com\/\",\"name\":\"Hanna Cosm\u00e9tica\",\"description\":\"Tienda de productos u\u00f1as, bellezas y peluquer\u00edas\",\"publisher\":{\"@id\":\"https:\/\/hannacosmetica.com\/#organization\"},\"potentialAction\":[{\"@type\":\"SearchAction\",\"target\":{\"@type\":\"EntryPoint\",\"urlTemplate\":\"https:\/\/hannacosmetica.com\/?s={search_term_string}\"},\"query-input\":\"required name=search_term_string\"}],\"inLanguage\":\"fr-FR\"},{\"@type\":\"Organization\",\"@id\":\"https:\/\/hannacosmetica.com\/#organization\",\"name\":\"Hanna Cosm\u00e9tica\",\"url\":\"https:\/\/hannacosmetica.com\/\",\"logo\":{\"@type\":\"ImageObject\",\"inLanguage\":\"fr-FR\",\"@id\":\"https:\/\/hannacosmetica.com\/#\/schema\/logo\/image\/\",\"url\":\"https:\/\/hannacosmetica.com\/wp-content\/uploads\/2022\/07\/Logo-Joyeria-Femenino-Floral-Negro.png\",\"contentUrl\":\"https:\/\/hannacosmetica.com\/wp-content\/uploads\/2022\/07\/Logo-Joyeria-Femenino-Floral-Negro.png\",\"width\":361,\"height\":126,\"caption\":\"Hanna Cosm\u00e9tica\"},\"image\":{\"@id\":\"https:\/\/hannacosmetica.com\/#\/schema\/logo\/image\/\"}}]}<\/script>\n<!-- \/ Yoast SEO plugin. -->","yoast_head_json":{"title":"Pincel de Esponja de U\u00f1as, Cepillo Esponja u\u00f1as Degradado de Doble Cabeza con 4 Cabeza de Esponja Reemplazables para U\u00f1as - Hanna Cosm\u00e9tica","robots":{"index":"index","follow":"follow","max-snippet":"max-snippet:-1","max-image-preview":"max-image-preview:large","max-video-preview":"max-video-preview:-1"},"canonical":"https:\/\/hannacosmetica.com\/fr\/tienda\/manicura\/pinceles\/cepillo-de-esponja-de-unas-cepillo-esponja-unas-degradado-de-doble-cabeza-con-4-cabeza-de-esponja-reemplazables-para-unas-salon-o-en-hogar\/","og_locale":"fr_FR","og_type":"article","og_title":"Pincel de Esponja de U\u00f1as, Cepillo Esponja u\u00f1as Degradado de Doble Cabeza con 4 Cabeza de Esponja Reemplazables para U\u00f1as - Hanna Cosm\u00e9tica","og_description":"\u3010El paquete incluye\u3011: el paquete contiene 1 bol\u00edgrafo de esponja con 4 cabezales de repuesto. \u3010Material de alta calidad\u3011: el mango del&hellip;","og_url":"https:\/\/hannacosmetica.com\/fr\/tienda\/manicura\/pinceles\/cepillo-de-esponja-de-unas-cepillo-esponja-unas-degradado-de-doble-cabeza-con-4-cabeza-de-esponja-reemplazables-para-unas-salon-o-en-hogar\/","og_site_name":"Hanna Cosm\u00e9tica","article_modified_time":"2023-10-24T16:43:07+00:00","og_image":[{"width":1520,"height":1520,"url":"https:\/\/hannacosmetica.com\/wp-content\/uploads\/2022\/10\/\u672a\u547d\u540d\u7684\u8bbe\u8ba1-2022-10-15T174640.689-1520x1520.png","type":"image\/png"}],"twitter_card":"summary_large_image","schema":{"@context":"https:\/\/schema.org","@graph":[{"@type":"WebPage","@id":"https:\/\/hannacosmetica.com\/tienda\/manicura\/pinceles\/cepillo-de-esponja-de-unas-cepillo-esponja-unas-degradado-de-doble-cabeza-con-4-cabeza-de-esponja-reemplazables-para-unas-salon-o-en-hogar\/","url":"https:\/\/hannacosmetica.com\/tienda\/manicura\/pinceles\/cepillo-de-esponja-de-unas-cepillo-esponja-unas-degradado-de-doble-cabeza-con-4-cabeza-de-esponja-reemplazables-para-unas-salon-o-en-hogar\/","name":"Pincel de Esponja de U\u00f1as, Cepillo Esponja u\u00f1as Degradado de Doble Cabeza con 4 Cabeza de Esponja Reemplazables para U\u00f1as - Hanna Cosm\u00e9tica","isPartOf":{"@id":"https:\/\/hannacosmetica.com\/#website"},"datePublished":"2022-10-15T16:03:38+00:00","dateModified":"2023-10-24T16:43:07+00:00","breadcrumb":{"@id":"https:\/\/hannacosmetica.com\/tienda\/manicura\/pinceles\/cepillo-de-esponja-de-unas-cepillo-esponja-unas-degradado-de-doble-cabeza-con-4-cabeza-de-esponja-reemplazables-para-unas-salon-o-en-hogar\/#breadcrumb"},"inLanguage":"fr-FR","potentialAction":[{"@type":"ReadAction","target":["https:\/\/hannacosmetica.com\/tienda\/manicura\/pinceles\/cepillo-de-esponja-de-unas-cepillo-esponja-unas-degradado-de-doble-cabeza-con-4-cabeza-de-esponja-reemplazables-para-unas-salon-o-en-hogar\/"]}]},{"@type":"BreadcrumbList","@id":"https:\/\/hannacosmetica.com\/tienda\/manicura\/pinceles\/cepillo-de-esponja-de-unas-cepillo-esponja-unas-degradado-de-doble-cabeza-con-4-cabeza-de-esponja-reemplazables-para-unas-salon-o-en-hogar\/#breadcrumb","itemListElement":[{"@type":"ListItem","position":1,"name":"Portada","item":"https:\/\/hannacosmetica.com\/"},{"@type":"ListItem","position":2,"name":"Tienda","item":"https:\/\/hannacosmetica.com\/shop\/"},{"@type":"ListItem","position":3,"name":"Pincel de Esponja de U\u00f1as, Cepillo Esponja u\u00f1as Degradado de Doble Cabeza con 4 Cabeza de Esponja Reemplazables para U\u00f1as"}]},{"@type":"WebSite","@id":"https:\/\/hannacosmetica.com\/#website","url":"https:\/\/hannacosmetica.com\/","name":"Hanna Cosm\u00e9tica","description":"Tienda de productos u\u00f1as, bellezas y peluquer\u00edas","publisher":{"@id":"https:\/\/hannacosmetica.com\/#organization"},"potentialAction":[{"@type":"SearchAction","target":{"@type":"EntryPoint","urlTemplate":"https:\/\/hannacosmetica.com\/?s={search_term_string}"},"query-input":"required name=search_term_string"}],"inLanguage":"fr-FR"},{"@type":"Organization","@id":"https:\/\/hannacosmetica.com\/#organization","name":"Hanna Cosm\u00e9tica","url":"https:\/\/hannacosmetica.com\/","logo":{"@type":"ImageObject","inLanguage":"fr-FR","@id":"https:\/\/hannacosmetica.com\/#\/schema\/logo\/image\/","url":"https:\/\/hannacosmetica.com\/wp-content\/uploads\/2022\/07\/Logo-Joyeria-Femenino-Floral-Negro.png","contentUrl":"https:\/\/hannacosmetica.com\/wp-content\/uploads\/2022\/07\/Logo-Joyeria-Femenino-Floral-Negro.png","width":361,"height":126,"caption":"Hanna Cosm\u00e9tica"},"image":{"@id":"https:\/\/hannacosmetica.com\/#\/schema\/logo\/image\/"}}]}},"_links":{"self":[{"href":"https:\/\/hannacosmetica.com\/fr\/wp-json\/wp\/v2\/product\/8406"}],"collection":[{"href":"https:\/\/hannacosmetica.com\/fr\/wp-json\/wp\/v2\/product"}],"about":[{"href":"https:\/\/hannacosmetica.com\/fr\/wp-json\/wp\/v2\/types\/product"}],"replies":[{"embeddable":true,"href":"https:\/\/hannacosmetica.com\/fr\/wp-json\/wp\/v2\/comments?post=8406"}],"version-history":[{"count":2,"href":"https:\/\/hannacosmetica.com\/fr\/wp-json\/wp\/v2\/product\/8406\/revisions"}],"predecessor-version":[{"id":8728,"href":"https:\/\/hannacosmetica.com\/fr\/wp-json\/wp\/v2\/product\/8406\/revisions\/8728"}],"wp:featuredmedia":[{"embeddable":true,"href":"https:\/\/hannacosmetica.com\/fr\/wp-json\/wp\/v2\/media\/8423"}],"wp:attachment":[{"href":"https:\/\/hannacosmetica.com\/fr\/wp-json\/wp\/v2\/media?parent=8406"}],"wp:term":[{"taxonomy":"product_cat","embeddable":true,"href":"https:\/\/hannacosmetica.com\/fr\/wp-json\/wp\/v2\/product_cat?post=8406"},{"taxonomy":"product_tag","embeddable":true,"href":"https:\/\/hannacosmetica.com\/fr\/wp-json\/wp\/v2\/product_tag?post=8406"}],"curies":[{"name":"wp","href":"https:\/\/api.w.org\/{rel}","templated":true}]}}