{"id":8391,"date":"2022-10-15T15:36:56","date_gmt":"2022-10-15T15:36:56","guid":{"rendered":"https:\/\/hannacosmetica.com\/?post_type=product&#038;p=8391"},"modified":"2022-11-25T17:30:19","modified_gmt":"2022-11-25T17:30:19","slug":"10rollos-nail-art-foil-stickerpegatinas-unas-tips-wraps-foil-transfer-sticker-para-diy-manicura-acrilico-decoracionl100cm-x-w4cm-21","status":"publish","type":"product","link":"https:\/\/hannacosmetica.com\/fr\/tienda\/manicura\/decoracion\/10rollos-nail-art-foil-stickerpegatinas-unas-tips-wraps-foil-transfer-sticker-para-diy-manicura-acrilico-decoracionl100cm-x-w4cm-21\/","title":{"rendered":"10Rollos Nail Art Foil Sticker,Pegatinas U\u00f1as Tips Wraps Foil Transfer Sticker para DIY Manicura Acr\u00edlico Decoraci\u00f3n(L100cm x W4cm) 21 Papel foil"},"content":{"rendered":"<ul class=\"a-unordered-list a-vertical a-spacing-mini\">\n<li><span class=\"a-list-item\">Patr\u00f3n: Contiene 10 Rollos de patrones, Sin duplicados, puede aplicar con su esmalte de u\u00f1as, esmalte de u\u00f1as en gel o pegamento de aluminio para darles un juego completo.<\/span><\/li>\n<li><span class=\"a-list-item\">\u2665 F\u00e1cil de Aplicar: Presione la l\u00e1mina sobre las u\u00f1as despu\u00e9s de aplicar el esmalte de color, solo unos segundos, puede obtener el dise\u00f1o fino del arte de las u\u00f1as. Se puede usar para pulir regularmente y en gel UV. el principiante tambi\u00e9n puede obtener un dise\u00f1o de u\u00f1as perfecto en minutos.<\/span><\/li>\n<li><span class=\"a-list-item\">\u2665 Material no T\u00f3xico: Hecho de material no t\u00f3xico, estas l\u00e1minas son seguras de usar, desarrolladas como materiales ambientales para mujeres embarazadas o ni\u00f1os.<\/span><\/li>\n<li><span class=\"a-list-item\">\u2665 Aplicaci\u00f3n: Adecuado para sal\u00f3n profesional y uso personal en el hogar, tambi\u00e9n se puede usar para decorar su hogar, carcasa de tel\u00e9fono celular, tarjeta de invitaci\u00f3n, arte corporal, etc.<\/span><\/li>\n<\/ul>","protected":false},"excerpt":{"rendered":"<p>Patr\u00f3n: Contiene 10 Rollos de patrones, Sin duplicados, puede aplicar con su esmalte de u\u00f1as, esmalte de u\u00f1as en gel o pegamento&hellip;<\/p>","protected":false},"featured_media":8392,"comment_status":"open","ping_status":"closed","template":"","meta":[],"product_cat":[82,98],"product_tag":[],"yoast_head":"<!-- This site is optimized with the Yoast SEO plugin v19.9 - https:\/\/yoast.com\/wordpress\/plugins\/seo\/ -->\n<title>10Rollos Nail Art Foil Sticker,Pegatinas U\u00f1as Tips Wraps Foil Transfer Sticker para DIY Manicura Acr\u00edlico Decoraci\u00f3n(L100cm x W4cm) 21 Papel foil - Hanna Cosm\u00e9tica<\/title>\n<meta name=\"robots\" content=\"index, follow, max-snippet:-1, max-image-preview:large, max-video-preview:-1\" \/>\n<link rel=\"canonical\" href=\"https:\/\/hannacosmetica.com\/fr\/tienda\/manicura\/decoracion\/10rollos-nail-art-foil-stickerpegatinas-unas-tips-wraps-foil-transfer-sticker-para-diy-manicura-acrilico-decoracionl100cm-x-w4cm-21\/\" \/>\n<meta property=\"og:locale\" content=\"fr_FR\" \/>\n<meta property=\"og:type\" content=\"article\" \/>\n<meta property=\"og:title\" content=\"10Rollos Nail Art Foil Sticker,Pegatinas U\u00f1as Tips Wraps Foil Transfer Sticker para DIY Manicura Acr\u00edlico Decoraci\u00f3n(L100cm x W4cm) 21 Papel foil - Hanna Cosm\u00e9tica\" \/>\n<meta property=\"og:description\" content=\"Patr\u00f3n: Contiene 10 Rollos de patrones, Sin duplicados, puede aplicar con su esmalte de u\u00f1as, esmalte de u\u00f1as en gel o pegamento&hellip;\" \/>\n<meta property=\"og:url\" content=\"https:\/\/hannacosmetica.com\/fr\/tienda\/manicura\/decoracion\/10rollos-nail-art-foil-stickerpegatinas-unas-tips-wraps-foil-transfer-sticker-para-diy-manicura-acrilico-decoracionl100cm-x-w4cm-21\/\" \/>\n<meta property=\"og:site_name\" content=\"Hanna Cosm\u00e9tica\" \/>\n<meta property=\"article:modified_time\" content=\"2022-11-25T17:30:19+00:00\" \/>\n<meta property=\"og:image\" content=\"https:\/\/hannacosmetica.com\/wp-content\/uploads\/2022\/10\/\u672a\u547d\u540d\u7684\u8bbe\u8ba1-2022-10-15T173533.380-1520x1520.png\" \/>\n\t<meta property=\"og:image:width\" content=\"1520\" \/>\n\t<meta property=\"og:image:height\" content=\"1520\" \/>\n\t<meta property=\"og:image:type\" content=\"image\/png\" \/>\n<meta name=\"twitter:card\" content=\"summary_large_image\" \/>\n<script type=\"application\/ld+json\" class=\"yoast-schema-graph\">{\"@context\":\"https:\/\/schema.org\",\"@graph\":[{\"@type\":\"WebPage\",\"@id\":\"https:\/\/hannacosmetica.com\/tienda\/manicura\/decoracion\/10rollos-nail-art-foil-stickerpegatinas-unas-tips-wraps-foil-transfer-sticker-para-diy-manicura-acrilico-decoracionl100cm-x-w4cm-21\/\",\"url\":\"https:\/\/hannacosmetica.com\/tienda\/manicura\/decoracion\/10rollos-nail-art-foil-stickerpegatinas-unas-tips-wraps-foil-transfer-sticker-para-diy-manicura-acrilico-decoracionl100cm-x-w4cm-21\/\",\"name\":\"10Rollos Nail Art Foil Sticker,Pegatinas U\u00f1as Tips Wraps Foil Transfer Sticker para DIY Manicura Acr\u00edlico Decoraci\u00f3n(L100cm x W4cm) 21 Papel foil - Hanna Cosm\u00e9tica\",\"isPartOf\":{\"@id\":\"https:\/\/hannacosmetica.com\/#website\"},\"datePublished\":\"2022-10-15T15:36:56+00:00\",\"dateModified\":\"2022-11-25T17:30:19+00:00\",\"breadcrumb\":{\"@id\":\"https:\/\/hannacosmetica.com\/tienda\/manicura\/decoracion\/10rollos-nail-art-foil-stickerpegatinas-unas-tips-wraps-foil-transfer-sticker-para-diy-manicura-acrilico-decoracionl100cm-x-w4cm-21\/#breadcrumb\"},\"inLanguage\":\"fr-FR\",\"potentialAction\":[{\"@type\":\"ReadAction\",\"target\":[\"https:\/\/hannacosmetica.com\/tienda\/manicura\/decoracion\/10rollos-nail-art-foil-stickerpegatinas-unas-tips-wraps-foil-transfer-sticker-para-diy-manicura-acrilico-decoracionl100cm-x-w4cm-21\/\"]}]},{\"@type\":\"BreadcrumbList\",\"@id\":\"https:\/\/hannacosmetica.com\/tienda\/manicura\/decoracion\/10rollos-nail-art-foil-stickerpegatinas-unas-tips-wraps-foil-transfer-sticker-para-diy-manicura-acrilico-decoracionl100cm-x-w4cm-21\/#breadcrumb\",\"itemListElement\":[{\"@type\":\"ListItem\",\"position\":1,\"name\":\"Portada\",\"item\":\"https:\/\/hannacosmetica.com\/\"},{\"@type\":\"ListItem\",\"position\":2,\"name\":\"Tienda\",\"item\":\"https:\/\/hannacosmetica.com\/shop\/\"},{\"@type\":\"ListItem\",\"position\":3,\"name\":\"10Rollos Nail Art Foil Sticker,Pegatinas U\u00f1as Tips Wraps Foil Transfer Sticker para DIY Manicura Acr\u00edlico Decoraci\u00f3n(L100cm x W4cm) 21 Papel foil\"}]},{\"@type\":\"WebSite\",\"@id\":\"https:\/\/hannacosmetica.com\/#website\",\"url\":\"https:\/\/hannacosmetica.com\/\",\"name\":\"Hanna Cosm\u00e9tica\",\"description\":\"Tienda de productos u\u00f1as, bellezas y peluquer\u00edas\",\"publisher\":{\"@id\":\"https:\/\/hannacosmetica.com\/#organization\"},\"potentialAction\":[{\"@type\":\"SearchAction\",\"target\":{\"@type\":\"EntryPoint\",\"urlTemplate\":\"https:\/\/hannacosmetica.com\/?s={search_term_string}\"},\"query-input\":\"required name=search_term_string\"}],\"inLanguage\":\"fr-FR\"},{\"@type\":\"Organization\",\"@id\":\"https:\/\/hannacosmetica.com\/#organization\",\"name\":\"Hanna Cosm\u00e9tica\",\"url\":\"https:\/\/hannacosmetica.com\/\",\"logo\":{\"@type\":\"ImageObject\",\"inLanguage\":\"fr-FR\",\"@id\":\"https:\/\/hannacosmetica.com\/#\/schema\/logo\/image\/\",\"url\":\"https:\/\/hannacosmetica.com\/wp-content\/uploads\/2022\/07\/Logo-Joyeria-Femenino-Floral-Negro.png\",\"contentUrl\":\"https:\/\/hannacosmetica.com\/wp-content\/uploads\/2022\/07\/Logo-Joyeria-Femenino-Floral-Negro.png\",\"width\":361,\"height\":126,\"caption\":\"Hanna Cosm\u00e9tica\"},\"image\":{\"@id\":\"https:\/\/hannacosmetica.com\/#\/schema\/logo\/image\/\"}}]}<\/script>\n<!-- \/ Yoast SEO plugin. -->","yoast_head_json":{"title":"10Rollos Nail Art Foil Sticker,Pegatinas U\u00f1as Tips Wraps Foil Transfer Sticker para DIY Manicura Acr\u00edlico Decoraci\u00f3n(L100cm x W4cm) 21 Papel foil - Hanna Cosm\u00e9tica","robots":{"index":"index","follow":"follow","max-snippet":"max-snippet:-1","max-image-preview":"max-image-preview:large","max-video-preview":"max-video-preview:-1"},"canonical":"https:\/\/hannacosmetica.com\/fr\/tienda\/manicura\/decoracion\/10rollos-nail-art-foil-stickerpegatinas-unas-tips-wraps-foil-transfer-sticker-para-diy-manicura-acrilico-decoracionl100cm-x-w4cm-21\/","og_locale":"fr_FR","og_type":"article","og_title":"10Rollos Nail Art Foil Sticker,Pegatinas U\u00f1as Tips Wraps Foil Transfer Sticker para DIY Manicura Acr\u00edlico Decoraci\u00f3n(L100cm x W4cm) 21 Papel foil - Hanna Cosm\u00e9tica","og_description":"Patr\u00f3n: Contiene 10 Rollos de patrones, Sin duplicados, puede aplicar con su esmalte de u\u00f1as, esmalte de u\u00f1as en gel o pegamento&hellip;","og_url":"https:\/\/hannacosmetica.com\/fr\/tienda\/manicura\/decoracion\/10rollos-nail-art-foil-stickerpegatinas-unas-tips-wraps-foil-transfer-sticker-para-diy-manicura-acrilico-decoracionl100cm-x-w4cm-21\/","og_site_name":"Hanna Cosm\u00e9tica","article_modified_time":"2022-11-25T17:30:19+00:00","og_image":[{"width":1520,"height":1520,"url":"https:\/\/hannacosmetica.com\/wp-content\/uploads\/2022\/10\/\u672a\u547d\u540d\u7684\u8bbe\u8ba1-2022-10-15T173533.380-1520x1520.png","type":"image\/png"}],"twitter_card":"summary_large_image","schema":{"@context":"https:\/\/schema.org","@graph":[{"@type":"WebPage","@id":"https:\/\/hannacosmetica.com\/tienda\/manicura\/decoracion\/10rollos-nail-art-foil-stickerpegatinas-unas-tips-wraps-foil-transfer-sticker-para-diy-manicura-acrilico-decoracionl100cm-x-w4cm-21\/","url":"https:\/\/hannacosmetica.com\/tienda\/manicura\/decoracion\/10rollos-nail-art-foil-stickerpegatinas-unas-tips-wraps-foil-transfer-sticker-para-diy-manicura-acrilico-decoracionl100cm-x-w4cm-21\/","name":"10Rollos Nail Art Foil Sticker,Pegatinas U\u00f1as Tips Wraps Foil Transfer Sticker para DIY Manicura Acr\u00edlico Decoraci\u00f3n(L100cm x W4cm) 21 Papel foil - Hanna Cosm\u00e9tica","isPartOf":{"@id":"https:\/\/hannacosmetica.com\/#website"},"datePublished":"2022-10-15T15:36:56+00:00","dateModified":"2022-11-25T17:30:19+00:00","breadcrumb":{"@id":"https:\/\/hannacosmetica.com\/tienda\/manicura\/decoracion\/10rollos-nail-art-foil-stickerpegatinas-unas-tips-wraps-foil-transfer-sticker-para-diy-manicura-acrilico-decoracionl100cm-x-w4cm-21\/#breadcrumb"},"inLanguage":"fr-FR","potentialAction":[{"@type":"ReadAction","target":["https:\/\/hannacosmetica.com\/tienda\/manicura\/decoracion\/10rollos-nail-art-foil-stickerpegatinas-unas-tips-wraps-foil-transfer-sticker-para-diy-manicura-acrilico-decoracionl100cm-x-w4cm-21\/"]}]},{"@type":"BreadcrumbList","@id":"https:\/\/hannacosmetica.com\/tienda\/manicura\/decoracion\/10rollos-nail-art-foil-stickerpegatinas-unas-tips-wraps-foil-transfer-sticker-para-diy-manicura-acrilico-decoracionl100cm-x-w4cm-21\/#breadcrumb","itemListElement":[{"@type":"ListItem","position":1,"name":"Portada","item":"https:\/\/hannacosmetica.com\/"},{"@type":"ListItem","position":2,"name":"Tienda","item":"https:\/\/hannacosmetica.com\/shop\/"},{"@type":"ListItem","position":3,"name":"10Rollos Nail Art Foil Sticker,Pegatinas U\u00f1as Tips Wraps Foil Transfer Sticker para DIY Manicura Acr\u00edlico Decoraci\u00f3n(L100cm x W4cm) 21 Papel foil"}]},{"@type":"WebSite","@id":"https:\/\/hannacosmetica.com\/#website","url":"https:\/\/hannacosmetica.com\/","name":"Hanna Cosm\u00e9tica","description":"Tienda de productos u\u00f1as, bellezas y peluquer\u00edas","publisher":{"@id":"https:\/\/hannacosmetica.com\/#organization"},"potentialAction":[{"@type":"SearchAction","target":{"@type":"EntryPoint","urlTemplate":"https:\/\/hannacosmetica.com\/?s={search_term_string}"},"query-input":"required name=search_term_string"}],"inLanguage":"fr-FR"},{"@type":"Organization","@id":"https:\/\/hannacosmetica.com\/#organization","name":"Hanna Cosm\u00e9tica","url":"https:\/\/hannacosmetica.com\/","logo":{"@type":"ImageObject","inLanguage":"fr-FR","@id":"https:\/\/hannacosmetica.com\/#\/schema\/logo\/image\/","url":"https:\/\/hannacosmetica.com\/wp-content\/uploads\/2022\/07\/Logo-Joyeria-Femenino-Floral-Negro.png","contentUrl":"https:\/\/hannacosmetica.com\/wp-content\/uploads\/2022\/07\/Logo-Joyeria-Femenino-Floral-Negro.png","width":361,"height":126,"caption":"Hanna Cosm\u00e9tica"},"image":{"@id":"https:\/\/hannacosmetica.com\/#\/schema\/logo\/image\/"}}]}},"_links":{"self":[{"href":"https:\/\/hannacosmetica.com\/fr\/wp-json\/wp\/v2\/product\/8391"}],"collection":[{"href":"https:\/\/hannacosmetica.com\/fr\/wp-json\/wp\/v2\/product"}],"about":[{"href":"https:\/\/hannacosmetica.com\/fr\/wp-json\/wp\/v2\/types\/product"}],"replies":[{"embeddable":true,"href":"https:\/\/hannacosmetica.com\/fr\/wp-json\/wp\/v2\/comments?post=8391"}],"version-history":[{"count":3,"href":"https:\/\/hannacosmetica.com\/fr\/wp-json\/wp\/v2\/product\/8391\/revisions"}],"predecessor-version":[{"id":9595,"href":"https:\/\/hannacosmetica.com\/fr\/wp-json\/wp\/v2\/product\/8391\/revisions\/9595"}],"wp:featuredmedia":[{"embeddable":true,"href":"https:\/\/hannacosmetica.com\/fr\/wp-json\/wp\/v2\/media\/8392"}],"wp:attachment":[{"href":"https:\/\/hannacosmetica.com\/fr\/wp-json\/wp\/v2\/media?parent=8391"}],"wp:term":[{"taxonomy":"product_cat","embeddable":true,"href":"https:\/\/hannacosmetica.com\/fr\/wp-json\/wp\/v2\/product_cat?post=8391"},{"taxonomy":"product_tag","embeddable":true,"href":"https:\/\/hannacosmetica.com\/fr\/wp-json\/wp\/v2\/product_tag?post=8391"}],"curies":[{"name":"wp","href":"https:\/\/api.w.org\/{rel}","templated":true}]}}