{"id":8372,"date":"2022-10-15T15:26:31","date_gmt":"2022-10-15T15:26:31","guid":{"rendered":"https:\/\/hannacosmetica.com\/?post_type=product&#038;p=8372"},"modified":"2023-02-23T16:06:59","modified_gmt":"2023-02-23T16:06:59","slug":"10-rollos-nails-foil-clavo-de-halloween-conjunto-de-stickers-arte-foil-calcomanias-dia-de-los-encantos-de-unas-dead-cat-calabaza-wraps-de-transferencia-de-bricolaje-accesorios-de-unas-de-papel-adhesiv","status":"publish","type":"product","link":"https:\/\/hannacosmetica.com\/fr\/tienda\/manicura\/decoracion\/10-rollos-nails-foil-clavo-de-halloween-conjunto-de-stickers-arte-foil-calcomanias-dia-de-los-encantos-de-unas-dead-cat-calabaza-wraps-de-transferencia-de-bricolaje-accesorios-de-unas-de-papel-adhesiv\/","title":{"rendered":"10 Rollos Nails Foil de Halloween conjunto de stickers Arte Foil Calcoman\u00edas papel adhesivo Decoraciones"},"content":{"rendered":"<ul class=\"a-unordered-list a-vertical a-spacing-mini\">\n<li><span class=\"a-list-item\">Paquete: 10 rollos de adhesivos de papel de u\u00f1as navide\u00f1os diferentes, con una caja de contenedor, el tama\u00f1o de los adhesivos es de aproximadamente 1.57 pulgadas x 39.37 pulgadas por pieza.<\/span><\/li>\n<li><span class=\"a-list-item\">Hermosos colores y variedad incre\u00edble: estilos de moda con diferentes colores y patrones, f\u00e1cil de crear el arte de u\u00f1as perfecto.<\/span><\/li>\n<li><span class=\"a-list-item\">F\u00e1cil de aplicar: presione la l\u00e1mina sobre las u\u00f1as despu\u00e9s de aplicar esmalte de color, solo unos segundos, puede obtener el dise\u00f1o fino de u\u00f1as.<\/span><\/li>\n<li><span class=\"a-list-item\">De larga duraci\u00f3n: se queda m\u00e1s tiempo en comparaci\u00f3n con las pegatinas normales con la capa superior.<\/span><\/li>\n<li><span class=\"a-list-item\">No da\u00f1e su u\u00f1a: Hecho de material no t\u00f3xico, estas pegatinas de l\u00e1minas son seguras de usar, con la aplicaci\u00f3n adecuada, puede obtener sus encantadoras u\u00f1as en casa.<\/span><\/li>\n<\/ul>","protected":false},"excerpt":{"rendered":"<p>Paquete: 10 rollos de adhesivos de papel de u\u00f1as navide\u00f1os diferentes, con una caja de contenedor, el tama\u00f1o de los adhesivos es&hellip;<\/p>","protected":false},"featured_media":8373,"comment_status":"open","ping_status":"closed","template":"","meta":[],"product_cat":[82,98],"product_tag":[],"yoast_head":"<!-- This site is optimized with the Yoast SEO plugin v19.9 - https:\/\/yoast.com\/wordpress\/plugins\/seo\/ -->\n<title>10 Rollos Nails Foil de Halloween conjunto de stickers Arte Foil Calcoman\u00edas papel adhesivo Decoraciones - Hanna Cosm\u00e9tica<\/title>\n<meta name=\"robots\" content=\"index, follow, max-snippet:-1, max-image-preview:large, max-video-preview:-1\" \/>\n<link rel=\"canonical\" href=\"https:\/\/hannacosmetica.com\/fr\/tienda\/manicura\/decoracion\/10-rollos-nails-foil-clavo-de-halloween-conjunto-de-stickers-arte-foil-calcomanias-dia-de-los-encantos-de-unas-dead-cat-calabaza-wraps-de-transferencia-de-bricolaje-accesorios-de-unas-de-papel-adhesiv\/\" \/>\n<meta property=\"og:locale\" content=\"fr_FR\" \/>\n<meta property=\"og:type\" content=\"article\" \/>\n<meta property=\"og:title\" content=\"10 Rollos Nails Foil de Halloween conjunto de stickers Arte Foil Calcoman\u00edas papel adhesivo Decoraciones - Hanna Cosm\u00e9tica\" \/>\n<meta property=\"og:description\" content=\"Paquete: 10 rollos de adhesivos de papel de u\u00f1as navide\u00f1os diferentes, con una caja de contenedor, el tama\u00f1o de los adhesivos es&hellip;\" \/>\n<meta property=\"og:url\" content=\"https:\/\/hannacosmetica.com\/fr\/tienda\/manicura\/decoracion\/10-rollos-nails-foil-clavo-de-halloween-conjunto-de-stickers-arte-foil-calcomanias-dia-de-los-encantos-de-unas-dead-cat-calabaza-wraps-de-transferencia-de-bricolaje-accesorios-de-unas-de-papel-adhesiv\/\" \/>\n<meta property=\"og:site_name\" content=\"Hanna Cosm\u00e9tica\" \/>\n<meta property=\"article:modified_time\" content=\"2023-02-23T16:06:59+00:00\" \/>\n<meta property=\"og:image\" content=\"https:\/\/hannacosmetica.com\/wp-content\/uploads\/2022\/10\/\u672a\u547d\u540d\u7684\u8bbe\u8ba1-2022-10-15T172433.722-760x760.png\" \/>\n\t<meta property=\"og:image:width\" content=\"760\" \/>\n\t<meta property=\"og:image:height\" content=\"760\" \/>\n\t<meta property=\"og:image:type\" content=\"image\/png\" \/>\n<meta name=\"twitter:card\" content=\"summary_large_image\" \/>\n<script type=\"application\/ld+json\" class=\"yoast-schema-graph\">{\"@context\":\"https:\/\/schema.org\",\"@graph\":[{\"@type\":\"WebPage\",\"@id\":\"https:\/\/hannacosmetica.com\/tienda\/manicura\/decoracion\/10-rollos-nails-foil-clavo-de-halloween-conjunto-de-stickers-arte-foil-calcomanias-dia-de-los-encantos-de-unas-dead-cat-calabaza-wraps-de-transferencia-de-bricolaje-accesorios-de-unas-de-papel-adhesiv\/\",\"url\":\"https:\/\/hannacosmetica.com\/tienda\/manicura\/decoracion\/10-rollos-nails-foil-clavo-de-halloween-conjunto-de-stickers-arte-foil-calcomanias-dia-de-los-encantos-de-unas-dead-cat-calabaza-wraps-de-transferencia-de-bricolaje-accesorios-de-unas-de-papel-adhesiv\/\",\"name\":\"10 Rollos Nails Foil de Halloween conjunto de stickers Arte Foil Calcoman\u00edas papel adhesivo Decoraciones - Hanna Cosm\u00e9tica\",\"isPartOf\":{\"@id\":\"https:\/\/hannacosmetica.com\/#website\"},\"datePublished\":\"2022-10-15T15:26:31+00:00\",\"dateModified\":\"2023-02-23T16:06:59+00:00\",\"breadcrumb\":{\"@id\":\"https:\/\/hannacosmetica.com\/tienda\/manicura\/decoracion\/10-rollos-nails-foil-clavo-de-halloween-conjunto-de-stickers-arte-foil-calcomanias-dia-de-los-encantos-de-unas-dead-cat-calabaza-wraps-de-transferencia-de-bricolaje-accesorios-de-unas-de-papel-adhesiv\/#breadcrumb\"},\"inLanguage\":\"fr-FR\",\"potentialAction\":[{\"@type\":\"ReadAction\",\"target\":[\"https:\/\/hannacosmetica.com\/tienda\/manicura\/decoracion\/10-rollos-nails-foil-clavo-de-halloween-conjunto-de-stickers-arte-foil-calcomanias-dia-de-los-encantos-de-unas-dead-cat-calabaza-wraps-de-transferencia-de-bricolaje-accesorios-de-unas-de-papel-adhesiv\/\"]}]},{\"@type\":\"BreadcrumbList\",\"@id\":\"https:\/\/hannacosmetica.com\/tienda\/manicura\/decoracion\/10-rollos-nails-foil-clavo-de-halloween-conjunto-de-stickers-arte-foil-calcomanias-dia-de-los-encantos-de-unas-dead-cat-calabaza-wraps-de-transferencia-de-bricolaje-accesorios-de-unas-de-papel-adhesiv\/#breadcrumb\",\"itemListElement\":[{\"@type\":\"ListItem\",\"position\":1,\"name\":\"Portada\",\"item\":\"https:\/\/hannacosmetica.com\/\"},{\"@type\":\"ListItem\",\"position\":2,\"name\":\"Tienda\",\"item\":\"https:\/\/hannacosmetica.com\/shop\/\"},{\"@type\":\"ListItem\",\"position\":3,\"name\":\"10 Rollos Nails Foil de Halloween conjunto de stickers Arte Foil Calcoman\u00edas papel adhesivo Decoraciones\"}]},{\"@type\":\"WebSite\",\"@id\":\"https:\/\/hannacosmetica.com\/#website\",\"url\":\"https:\/\/hannacosmetica.com\/\",\"name\":\"Hanna Cosm\u00e9tica\",\"description\":\"Tienda de productos u\u00f1as, bellezas y peluquer\u00edas\",\"publisher\":{\"@id\":\"https:\/\/hannacosmetica.com\/#organization\"},\"potentialAction\":[{\"@type\":\"SearchAction\",\"target\":{\"@type\":\"EntryPoint\",\"urlTemplate\":\"https:\/\/hannacosmetica.com\/?s={search_term_string}\"},\"query-input\":\"required name=search_term_string\"}],\"inLanguage\":\"fr-FR\"},{\"@type\":\"Organization\",\"@id\":\"https:\/\/hannacosmetica.com\/#organization\",\"name\":\"Hanna Cosm\u00e9tica\",\"url\":\"https:\/\/hannacosmetica.com\/\",\"logo\":{\"@type\":\"ImageObject\",\"inLanguage\":\"fr-FR\",\"@id\":\"https:\/\/hannacosmetica.com\/#\/schema\/logo\/image\/\",\"url\":\"https:\/\/hannacosmetica.com\/wp-content\/uploads\/2022\/07\/Logo-Joyeria-Femenino-Floral-Negro.png\",\"contentUrl\":\"https:\/\/hannacosmetica.com\/wp-content\/uploads\/2022\/07\/Logo-Joyeria-Femenino-Floral-Negro.png\",\"width\":361,\"height\":126,\"caption\":\"Hanna Cosm\u00e9tica\"},\"image\":{\"@id\":\"https:\/\/hannacosmetica.com\/#\/schema\/logo\/image\/\"}}]}<\/script>\n<!-- \/ Yoast SEO plugin. -->","yoast_head_json":{"title":"10 Rollos Nails Foil de Halloween conjunto de stickers Arte Foil Calcoman\u00edas papel adhesivo Decoraciones - Hanna Cosm\u00e9tica","robots":{"index":"index","follow":"follow","max-snippet":"max-snippet:-1","max-image-preview":"max-image-preview:large","max-video-preview":"max-video-preview:-1"},"canonical":"https:\/\/hannacosmetica.com\/fr\/tienda\/manicura\/decoracion\/10-rollos-nails-foil-clavo-de-halloween-conjunto-de-stickers-arte-foil-calcomanias-dia-de-los-encantos-de-unas-dead-cat-calabaza-wraps-de-transferencia-de-bricolaje-accesorios-de-unas-de-papel-adhesiv\/","og_locale":"fr_FR","og_type":"article","og_title":"10 Rollos Nails Foil de Halloween conjunto de stickers Arte Foil Calcoman\u00edas papel adhesivo Decoraciones - Hanna Cosm\u00e9tica","og_description":"Paquete: 10 rollos de adhesivos de papel de u\u00f1as navide\u00f1os diferentes, con una caja de contenedor, el tama\u00f1o de los adhesivos es&hellip;","og_url":"https:\/\/hannacosmetica.com\/fr\/tienda\/manicura\/decoracion\/10-rollos-nails-foil-clavo-de-halloween-conjunto-de-stickers-arte-foil-calcomanias-dia-de-los-encantos-de-unas-dead-cat-calabaza-wraps-de-transferencia-de-bricolaje-accesorios-de-unas-de-papel-adhesiv\/","og_site_name":"Hanna Cosm\u00e9tica","article_modified_time":"2023-02-23T16:06:59+00:00","og_image":[{"width":760,"height":760,"url":"https:\/\/hannacosmetica.com\/wp-content\/uploads\/2022\/10\/\u672a\u547d\u540d\u7684\u8bbe\u8ba1-2022-10-15T172433.722-760x760.png","type":"image\/png"}],"twitter_card":"summary_large_image","schema":{"@context":"https:\/\/schema.org","@graph":[{"@type":"WebPage","@id":"https:\/\/hannacosmetica.com\/tienda\/manicura\/decoracion\/10-rollos-nails-foil-clavo-de-halloween-conjunto-de-stickers-arte-foil-calcomanias-dia-de-los-encantos-de-unas-dead-cat-calabaza-wraps-de-transferencia-de-bricolaje-accesorios-de-unas-de-papel-adhesiv\/","url":"https:\/\/hannacosmetica.com\/tienda\/manicura\/decoracion\/10-rollos-nails-foil-clavo-de-halloween-conjunto-de-stickers-arte-foil-calcomanias-dia-de-los-encantos-de-unas-dead-cat-calabaza-wraps-de-transferencia-de-bricolaje-accesorios-de-unas-de-papel-adhesiv\/","name":"10 Rollos Nails Foil de Halloween conjunto de stickers Arte Foil Calcoman\u00edas papel adhesivo Decoraciones - Hanna Cosm\u00e9tica","isPartOf":{"@id":"https:\/\/hannacosmetica.com\/#website"},"datePublished":"2022-10-15T15:26:31+00:00","dateModified":"2023-02-23T16:06:59+00:00","breadcrumb":{"@id":"https:\/\/hannacosmetica.com\/tienda\/manicura\/decoracion\/10-rollos-nails-foil-clavo-de-halloween-conjunto-de-stickers-arte-foil-calcomanias-dia-de-los-encantos-de-unas-dead-cat-calabaza-wraps-de-transferencia-de-bricolaje-accesorios-de-unas-de-papel-adhesiv\/#breadcrumb"},"inLanguage":"fr-FR","potentialAction":[{"@type":"ReadAction","target":["https:\/\/hannacosmetica.com\/tienda\/manicura\/decoracion\/10-rollos-nails-foil-clavo-de-halloween-conjunto-de-stickers-arte-foil-calcomanias-dia-de-los-encantos-de-unas-dead-cat-calabaza-wraps-de-transferencia-de-bricolaje-accesorios-de-unas-de-papel-adhesiv\/"]}]},{"@type":"BreadcrumbList","@id":"https:\/\/hannacosmetica.com\/tienda\/manicura\/decoracion\/10-rollos-nails-foil-clavo-de-halloween-conjunto-de-stickers-arte-foil-calcomanias-dia-de-los-encantos-de-unas-dead-cat-calabaza-wraps-de-transferencia-de-bricolaje-accesorios-de-unas-de-papel-adhesiv\/#breadcrumb","itemListElement":[{"@type":"ListItem","position":1,"name":"Portada","item":"https:\/\/hannacosmetica.com\/"},{"@type":"ListItem","position":2,"name":"Tienda","item":"https:\/\/hannacosmetica.com\/shop\/"},{"@type":"ListItem","position":3,"name":"10 Rollos Nails Foil de Halloween conjunto de stickers Arte Foil Calcoman\u00edas papel adhesivo Decoraciones"}]},{"@type":"WebSite","@id":"https:\/\/hannacosmetica.com\/#website","url":"https:\/\/hannacosmetica.com\/","name":"Hanna Cosm\u00e9tica","description":"Tienda de productos u\u00f1as, bellezas y peluquer\u00edas","publisher":{"@id":"https:\/\/hannacosmetica.com\/#organization"},"potentialAction":[{"@type":"SearchAction","target":{"@type":"EntryPoint","urlTemplate":"https:\/\/hannacosmetica.com\/?s={search_term_string}"},"query-input":"required name=search_term_string"}],"inLanguage":"fr-FR"},{"@type":"Organization","@id":"https:\/\/hannacosmetica.com\/#organization","name":"Hanna Cosm\u00e9tica","url":"https:\/\/hannacosmetica.com\/","logo":{"@type":"ImageObject","inLanguage":"fr-FR","@id":"https:\/\/hannacosmetica.com\/#\/schema\/logo\/image\/","url":"https:\/\/hannacosmetica.com\/wp-content\/uploads\/2022\/07\/Logo-Joyeria-Femenino-Floral-Negro.png","contentUrl":"https:\/\/hannacosmetica.com\/wp-content\/uploads\/2022\/07\/Logo-Joyeria-Femenino-Floral-Negro.png","width":361,"height":126,"caption":"Hanna Cosm\u00e9tica"},"image":{"@id":"https:\/\/hannacosmetica.com\/#\/schema\/logo\/image\/"}}]}},"_links":{"self":[{"href":"https:\/\/hannacosmetica.com\/fr\/wp-json\/wp\/v2\/product\/8372"}],"collection":[{"href":"https:\/\/hannacosmetica.com\/fr\/wp-json\/wp\/v2\/product"}],"about":[{"href":"https:\/\/hannacosmetica.com\/fr\/wp-json\/wp\/v2\/types\/product"}],"replies":[{"embeddable":true,"href":"https:\/\/hannacosmetica.com\/fr\/wp-json\/wp\/v2\/comments?post=8372"}],"version-history":[{"count":2,"href":"https:\/\/hannacosmetica.com\/fr\/wp-json\/wp\/v2\/product\/8372\/revisions"}],"predecessor-version":[{"id":8731,"href":"https:\/\/hannacosmetica.com\/fr\/wp-json\/wp\/v2\/product\/8372\/revisions\/8731"}],"wp:featuredmedia":[{"embeddable":true,"href":"https:\/\/hannacosmetica.com\/fr\/wp-json\/wp\/v2\/media\/8373"}],"wp:attachment":[{"href":"https:\/\/hannacosmetica.com\/fr\/wp-json\/wp\/v2\/media?parent=8372"}],"wp:term":[{"taxonomy":"product_cat","embeddable":true,"href":"https:\/\/hannacosmetica.com\/fr\/wp-json\/wp\/v2\/product_cat?post=8372"},{"taxonomy":"product_tag","embeddable":true,"href":"https:\/\/hannacosmetica.com\/fr\/wp-json\/wp\/v2\/product_tag?post=8372"}],"curies":[{"name":"wp","href":"https:\/\/api.w.org\/{rel}","templated":true}]}}