{"id":8344,"date":"2022-10-15T15:04:04","date_gmt":"2022-10-15T15:04:04","guid":{"rendered":"https:\/\/hannacosmetica.com\/?post_type=product&#038;p=8344"},"modified":"2023-10-25T08:36:02","modified_gmt":"2023-10-25T08:36:02","slug":"esponja-de-unas-esponja-de-maquillaje-esponja-de-maquillaje-humeda-y-seca-sin-latex-soplo-de-maquillaje-facial-para-base-de-cojin-de-aire","status":"publish","type":"product","link":"https:\/\/hannacosmetica.com\/fr\/tienda\/estetica\/complementos-estetica\/esponja-de-unas-esponja-de-maquillaje-esponja-de-maquillaje-humeda-y-seca-sin-latex-soplo-de-maquillaje-facial-para-base-de-cojin-de-aire\/","title":{"rendered":"Esponja de U\u00f1as Esponja de Maquillaje Esponja de Maquillaje H\u00fameda y Seca Sin L\u00e1tex."},"content":{"rendered":"<ul class=\"a-unordered-list a-vertical a-spacing-mini\">\n<li><span class=\"a-list-item\">[Material del producto] La esponja cosm\u00e9tica est\u00e1 hecha de un material de poliuretano hidr\u00f3filo seleccionado, que no es f\u00e1cil de da\u00f1ar, Q-el\u00e1stico suave, material altamente absorbente, suave para la piel y delicado, reutilizable, se hincha cuando se expone al agua<\/span><\/li>\n<li><span class=\"a-list-item\">[F\u00e1cil de limpiar] Limpia regularmente la bocanada despu\u00e9s de su uso, puedes utilizar agua tibia o limpia para limpiarla, luego presiona para evacuar la humedad y d\u00e9jala secar al aire de forma natural<\/span><\/li>\n<li><span class=\"a-list-item\">[F\u00e1cil de transportar] La esponja cosm\u00e9tica tiene una alta elasticidad y flexibilidad, no se deforma f\u00e1cilmente, de tama\u00f1o peque\u00f1o, f\u00e1cil de transportar<\/span><\/li>\n<li><span class=\"a-list-item\">[Par\u00e1metro de maquillaje perfecto] Puedes aplicar el maquillaje con una t\u00e9cnica de sellado, lo que permite que la superficie de maquillaje se adapte mejor a la piel, mostrando un maquillaje brillante y natural.<\/span><\/li>\n<li><span class=\"a-list-item\">[Uso seco y h\u00famedo] El uso h\u00famedo es adecuado para crema de base, crema BB, base, colorete, etc. El uso en seco es adecuado para polvo prensado, polvo de resalte, polvo de contorno, colorete, polvo suelto, etc. El maquillaje es uniforme, suave y delicado, y el polvo es fuerte y no se pega al polvo, hace que el maquillaje sea m\u00e1s detallado<\/span><\/li>\n<\/ul>\n","protected":false},"excerpt":{"rendered":"<p>[Material del producto] La esponja cosm\u00e9tica est\u00e1 hecha de un material de poliuretano hidr\u00f3filo seleccionado, que no es f\u00e1cil de da\u00f1ar, Q-el\u00e1stico&hellip;<\/p>\n","protected":false},"featured_media":8345,"comment_status":"open","ping_status":"closed","template":"","meta":[],"product_cat":[82,101,84,115],"product_tag":[],"yoast_head":"<!-- This site is optimized with the Yoast SEO plugin v19.9 - https:\/\/yoast.com\/wordpress\/plugins\/seo\/ -->\n<title>Esponja de U\u00f1as Esponja de Maquillaje Esponja de Maquillaje H\u00fameda y Seca Sin L\u00e1tex. - Hanna Cosm\u00e9tica<\/title>\n<meta name=\"robots\" content=\"index, follow, max-snippet:-1, max-image-preview:large, max-video-preview:-1\" \/>\n<link rel=\"canonical\" href=\"https:\/\/hannacosmetica.com\/fr\/tienda\/estetica\/complementos-estetica\/esponja-de-unas-esponja-de-maquillaje-esponja-de-maquillaje-humeda-y-seca-sin-latex-soplo-de-maquillaje-facial-para-base-de-cojin-de-aire\/\" \/>\n<meta property=\"og:locale\" content=\"fr_FR\" \/>\n<meta property=\"og:type\" content=\"article\" \/>\n<meta property=\"og:title\" content=\"Esponja de U\u00f1as Esponja de Maquillaje Esponja de Maquillaje H\u00fameda y Seca Sin L\u00e1tex. - Hanna Cosm\u00e9tica\" \/>\n<meta property=\"og:description\" content=\"[Material del producto] La esponja cosm\u00e9tica est\u00e1 hecha de un material de poliuretano hidr\u00f3filo seleccionado, que no es f\u00e1cil de da\u00f1ar, Q-el\u00e1stico&hellip;\" \/>\n<meta property=\"og:url\" content=\"https:\/\/hannacosmetica.com\/fr\/tienda\/estetica\/complementos-estetica\/esponja-de-unas-esponja-de-maquillaje-esponja-de-maquillaje-humeda-y-seca-sin-latex-soplo-de-maquillaje-facial-para-base-de-cojin-de-aire\/\" \/>\n<meta property=\"og:site_name\" content=\"Hanna Cosm\u00e9tica\" \/>\n<meta property=\"article:modified_time\" content=\"2023-10-25T08:36:02+00:00\" \/>\n<meta property=\"og:image\" content=\"https:\/\/hannacosmetica.com\/wp-content\/uploads\/2022\/10\/\u672a\u547d\u540d\u7684\u8bbe\u8ba1-2022-10-15T165435.942-1520x1520.png\" \/>\n\t<meta property=\"og:image:width\" content=\"1520\" \/>\n\t<meta property=\"og:image:height\" content=\"1520\" \/>\n\t<meta property=\"og:image:type\" content=\"image\/png\" \/>\n<meta name=\"twitter:card\" content=\"summary_large_image\" \/>\n<script type=\"application\/ld+json\" class=\"yoast-schema-graph\">{\"@context\":\"https:\/\/schema.org\",\"@graph\":[{\"@type\":\"WebPage\",\"@id\":\"https:\/\/hannacosmetica.com\/tienda\/estetica\/complementos-estetica\/esponja-de-unas-esponja-de-maquillaje-esponja-de-maquillaje-humeda-y-seca-sin-latex-soplo-de-maquillaje-facial-para-base-de-cojin-de-aire\/\",\"url\":\"https:\/\/hannacosmetica.com\/tienda\/estetica\/complementos-estetica\/esponja-de-unas-esponja-de-maquillaje-esponja-de-maquillaje-humeda-y-seca-sin-latex-soplo-de-maquillaje-facial-para-base-de-cojin-de-aire\/\",\"name\":\"Esponja de U\u00f1as Esponja de Maquillaje Esponja de Maquillaje H\u00fameda y Seca Sin L\u00e1tex. - Hanna Cosm\u00e9tica\",\"isPartOf\":{\"@id\":\"https:\/\/hannacosmetica.com\/#website\"},\"datePublished\":\"2022-10-15T15:04:04+00:00\",\"dateModified\":\"2023-10-25T08:36:02+00:00\",\"breadcrumb\":{\"@id\":\"https:\/\/hannacosmetica.com\/tienda\/estetica\/complementos-estetica\/esponja-de-unas-esponja-de-maquillaje-esponja-de-maquillaje-humeda-y-seca-sin-latex-soplo-de-maquillaje-facial-para-base-de-cojin-de-aire\/#breadcrumb\"},\"inLanguage\":\"fr-FR\",\"potentialAction\":[{\"@type\":\"ReadAction\",\"target\":[\"https:\/\/hannacosmetica.com\/tienda\/estetica\/complementos-estetica\/esponja-de-unas-esponja-de-maquillaje-esponja-de-maquillaje-humeda-y-seca-sin-latex-soplo-de-maquillaje-facial-para-base-de-cojin-de-aire\/\"]}]},{\"@type\":\"BreadcrumbList\",\"@id\":\"https:\/\/hannacosmetica.com\/tienda\/estetica\/complementos-estetica\/esponja-de-unas-esponja-de-maquillaje-esponja-de-maquillaje-humeda-y-seca-sin-latex-soplo-de-maquillaje-facial-para-base-de-cojin-de-aire\/#breadcrumb\",\"itemListElement\":[{\"@type\":\"ListItem\",\"position\":1,\"name\":\"Portada\",\"item\":\"https:\/\/hannacosmetica.com\/\"},{\"@type\":\"ListItem\",\"position\":2,\"name\":\"Tienda\",\"item\":\"https:\/\/hannacosmetica.com\/shop\/\"},{\"@type\":\"ListItem\",\"position\":3,\"name\":\"Esponja de U\u00f1as Esponja de Maquillaje Esponja de Maquillaje H\u00fameda y Seca Sin L\u00e1tex.\"}]},{\"@type\":\"WebSite\",\"@id\":\"https:\/\/hannacosmetica.com\/#website\",\"url\":\"https:\/\/hannacosmetica.com\/\",\"name\":\"Hanna Cosm\u00e9tica\",\"description\":\"Tienda de productos u\u00f1as, bellezas y peluquer\u00edas\",\"publisher\":{\"@id\":\"https:\/\/hannacosmetica.com\/#organization\"},\"potentialAction\":[{\"@type\":\"SearchAction\",\"target\":{\"@type\":\"EntryPoint\",\"urlTemplate\":\"https:\/\/hannacosmetica.com\/?s={search_term_string}\"},\"query-input\":\"required name=search_term_string\"}],\"inLanguage\":\"fr-FR\"},{\"@type\":\"Organization\",\"@id\":\"https:\/\/hannacosmetica.com\/#organization\",\"name\":\"Hanna Cosm\u00e9tica\",\"url\":\"https:\/\/hannacosmetica.com\/\",\"logo\":{\"@type\":\"ImageObject\",\"inLanguage\":\"fr-FR\",\"@id\":\"https:\/\/hannacosmetica.com\/#\/schema\/logo\/image\/\",\"url\":\"https:\/\/hannacosmetica.com\/wp-content\/uploads\/2022\/07\/Logo-Joyeria-Femenino-Floral-Negro.png\",\"contentUrl\":\"https:\/\/hannacosmetica.com\/wp-content\/uploads\/2022\/07\/Logo-Joyeria-Femenino-Floral-Negro.png\",\"width\":361,\"height\":126,\"caption\":\"Hanna Cosm\u00e9tica\"},\"image\":{\"@id\":\"https:\/\/hannacosmetica.com\/#\/schema\/logo\/image\/\"}}]}<\/script>\n<!-- \/ Yoast SEO plugin. -->","yoast_head_json":{"title":"Esponja de U\u00f1as Esponja de Maquillaje Esponja de Maquillaje H\u00fameda y Seca Sin L\u00e1tex. - Hanna Cosm\u00e9tica","robots":{"index":"index","follow":"follow","max-snippet":"max-snippet:-1","max-image-preview":"max-image-preview:large","max-video-preview":"max-video-preview:-1"},"canonical":"https:\/\/hannacosmetica.com\/fr\/tienda\/estetica\/complementos-estetica\/esponja-de-unas-esponja-de-maquillaje-esponja-de-maquillaje-humeda-y-seca-sin-latex-soplo-de-maquillaje-facial-para-base-de-cojin-de-aire\/","og_locale":"fr_FR","og_type":"article","og_title":"Esponja de U\u00f1as Esponja de Maquillaje Esponja de Maquillaje H\u00fameda y Seca Sin L\u00e1tex. - Hanna Cosm\u00e9tica","og_description":"[Material del producto] La esponja cosm\u00e9tica est\u00e1 hecha de un material de poliuretano hidr\u00f3filo seleccionado, que no es f\u00e1cil de da\u00f1ar, Q-el\u00e1stico&hellip;","og_url":"https:\/\/hannacosmetica.com\/fr\/tienda\/estetica\/complementos-estetica\/esponja-de-unas-esponja-de-maquillaje-esponja-de-maquillaje-humeda-y-seca-sin-latex-soplo-de-maquillaje-facial-para-base-de-cojin-de-aire\/","og_site_name":"Hanna Cosm\u00e9tica","article_modified_time":"2023-10-25T08:36:02+00:00","og_image":[{"width":1520,"height":1520,"url":"https:\/\/hannacosmetica.com\/wp-content\/uploads\/2022\/10\/\u672a\u547d\u540d\u7684\u8bbe\u8ba1-2022-10-15T165435.942-1520x1520.png","type":"image\/png"}],"twitter_card":"summary_large_image","schema":{"@context":"https:\/\/schema.org","@graph":[{"@type":"WebPage","@id":"https:\/\/hannacosmetica.com\/tienda\/estetica\/complementos-estetica\/esponja-de-unas-esponja-de-maquillaje-esponja-de-maquillaje-humeda-y-seca-sin-latex-soplo-de-maquillaje-facial-para-base-de-cojin-de-aire\/","url":"https:\/\/hannacosmetica.com\/tienda\/estetica\/complementos-estetica\/esponja-de-unas-esponja-de-maquillaje-esponja-de-maquillaje-humeda-y-seca-sin-latex-soplo-de-maquillaje-facial-para-base-de-cojin-de-aire\/","name":"Esponja de U\u00f1as Esponja de Maquillaje Esponja de Maquillaje H\u00fameda y Seca Sin L\u00e1tex. - Hanna Cosm\u00e9tica","isPartOf":{"@id":"https:\/\/hannacosmetica.com\/#website"},"datePublished":"2022-10-15T15:04:04+00:00","dateModified":"2023-10-25T08:36:02+00:00","breadcrumb":{"@id":"https:\/\/hannacosmetica.com\/tienda\/estetica\/complementos-estetica\/esponja-de-unas-esponja-de-maquillaje-esponja-de-maquillaje-humeda-y-seca-sin-latex-soplo-de-maquillaje-facial-para-base-de-cojin-de-aire\/#breadcrumb"},"inLanguage":"fr-FR","potentialAction":[{"@type":"ReadAction","target":["https:\/\/hannacosmetica.com\/tienda\/estetica\/complementos-estetica\/esponja-de-unas-esponja-de-maquillaje-esponja-de-maquillaje-humeda-y-seca-sin-latex-soplo-de-maquillaje-facial-para-base-de-cojin-de-aire\/"]}]},{"@type":"BreadcrumbList","@id":"https:\/\/hannacosmetica.com\/tienda\/estetica\/complementos-estetica\/esponja-de-unas-esponja-de-maquillaje-esponja-de-maquillaje-humeda-y-seca-sin-latex-soplo-de-maquillaje-facial-para-base-de-cojin-de-aire\/#breadcrumb","itemListElement":[{"@type":"ListItem","position":1,"name":"Portada","item":"https:\/\/hannacosmetica.com\/"},{"@type":"ListItem","position":2,"name":"Tienda","item":"https:\/\/hannacosmetica.com\/shop\/"},{"@type":"ListItem","position":3,"name":"Esponja de U\u00f1as Esponja de Maquillaje Esponja de Maquillaje H\u00fameda y Seca Sin L\u00e1tex."}]},{"@type":"WebSite","@id":"https:\/\/hannacosmetica.com\/#website","url":"https:\/\/hannacosmetica.com\/","name":"Hanna Cosm\u00e9tica","description":"Tienda de productos u\u00f1as, bellezas y peluquer\u00edas","publisher":{"@id":"https:\/\/hannacosmetica.com\/#organization"},"potentialAction":[{"@type":"SearchAction","target":{"@type":"EntryPoint","urlTemplate":"https:\/\/hannacosmetica.com\/?s={search_term_string}"},"query-input":"required name=search_term_string"}],"inLanguage":"fr-FR"},{"@type":"Organization","@id":"https:\/\/hannacosmetica.com\/#organization","name":"Hanna Cosm\u00e9tica","url":"https:\/\/hannacosmetica.com\/","logo":{"@type":"ImageObject","inLanguage":"fr-FR","@id":"https:\/\/hannacosmetica.com\/#\/schema\/logo\/image\/","url":"https:\/\/hannacosmetica.com\/wp-content\/uploads\/2022\/07\/Logo-Joyeria-Femenino-Floral-Negro.png","contentUrl":"https:\/\/hannacosmetica.com\/wp-content\/uploads\/2022\/07\/Logo-Joyeria-Femenino-Floral-Negro.png","width":361,"height":126,"caption":"Hanna Cosm\u00e9tica"},"image":{"@id":"https:\/\/hannacosmetica.com\/#\/schema\/logo\/image\/"}}]}},"_links":{"self":[{"href":"https:\/\/hannacosmetica.com\/fr\/wp-json\/wp\/v2\/product\/8344"}],"collection":[{"href":"https:\/\/hannacosmetica.com\/fr\/wp-json\/wp\/v2\/product"}],"about":[{"href":"https:\/\/hannacosmetica.com\/fr\/wp-json\/wp\/v2\/types\/product"}],"replies":[{"embeddable":true,"href":"https:\/\/hannacosmetica.com\/fr\/wp-json\/wp\/v2\/comments?post=8344"}],"version-history":[{"count":2,"href":"https:\/\/hannacosmetica.com\/fr\/wp-json\/wp\/v2\/product\/8344\/revisions"}],"predecessor-version":[{"id":8737,"href":"https:\/\/hannacosmetica.com\/fr\/wp-json\/wp\/v2\/product\/8344\/revisions\/8737"}],"wp:featuredmedia":[{"embeddable":true,"href":"https:\/\/hannacosmetica.com\/fr\/wp-json\/wp\/v2\/media\/8345"}],"wp:attachment":[{"href":"https:\/\/hannacosmetica.com\/fr\/wp-json\/wp\/v2\/media?parent=8344"}],"wp:term":[{"taxonomy":"product_cat","embeddable":true,"href":"https:\/\/hannacosmetica.com\/fr\/wp-json\/wp\/v2\/product_cat?post=8344"},{"taxonomy":"product_tag","embeddable":true,"href":"https:\/\/hannacosmetica.com\/fr\/wp-json\/wp\/v2\/product_tag?post=8344"}],"curies":[{"name":"wp","href":"https:\/\/api.w.org\/{rel}","templated":true}]}}