{"id":8296,"date":"2022-10-15T14:22:13","date_gmt":"2022-10-15T14:22:13","guid":{"rendered":"https:\/\/hannacosmetica.com\/?post_type=product&#038;p=8296"},"modified":"2023-10-25T08:38:57","modified_gmt":"2023-10-25T08:38:57","slug":"nirvel-hair-make-up-maquillaje-capilar-50-ml-color-verde","status":"publish","type":"product","link":"https:\/\/hannacosmetica.com\/fr\/tienda\/peluqueria\/tintes\/nirvel-hair-make-up-maquillaje-capilar-50-ml-color-verde\/","title":{"rendered":"Nirvel Hair Make Up Maquillaje capilar 50 mL, Color Verde"},"content":{"rendered":"<p>El tinte temporal Hair Make Up Silver es un tinte wash out que se va con un solo lavado.<\/p>\n<p>Tu cabello dice mucho de ti y ahora, con el maquillaje capilar podr\u00e1s expresar tus emociones con tu pelo gracias a su amplio abanico de colores.<\/p>\n<p>La colecci\u00f3n Hair Make Up da color a tu cabello seas rubiX o morenX y sin necesidad de decolorar. Este maquillaje para el pelo aporta color instant\u00e1neo con una textura fina y fluida.<\/p>\n<p>Encontrar\u00e1s 12 tonalidades inspiradas en emociones, estados de \u00e1nimo y momentos que forman parte de tu esencia original.<\/p>\n<p>\u00bfC\u00f3mo te sientes hoy?<\/p>\n<p>Si la respuesta es brillante, tu color es el plata. Pero no te preocupes si ma\u00f1ana no te sientes as\u00ed, porque el tinte temporal Hair Make Up Silver es un tinte wash out que se va con un solo lavado.<\/p>\n<p>Echa un vistazo a todos nuestros colores y decide de qu\u00e9 color te sientes hoy.<\/p>\n<p>50 ml.<\/p>","protected":false},"excerpt":{"rendered":"<p>El tinte temporal Hair Make Up Silver es un tinte wash out que se va con un solo lavado. Tu cabello dice&hellip;<\/p>","protected":false},"featured_media":8297,"comment_status":"open","ping_status":"closed","template":"","meta":[],"product_cat":[152,83,109,111],"product_tag":[],"yoast_head":"<!-- This site is optimized with the Yoast SEO plugin v19.9 - https:\/\/yoast.com\/wordpress\/plugins\/seo\/ -->\n<title>Nirvel Hair Make Up Maquillaje capilar 50 mL, Color Verde - Hanna Cosm\u00e9tica<\/title>\n<meta name=\"robots\" content=\"index, follow, max-snippet:-1, max-image-preview:large, max-video-preview:-1\" \/>\n<link rel=\"canonical\" href=\"https:\/\/hannacosmetica.com\/fr\/tienda\/peluqueria\/tintes\/nirvel-hair-make-up-maquillaje-capilar-50-ml-color-verde\/\" \/>\n<meta property=\"og:locale\" content=\"fr_FR\" \/>\n<meta property=\"og:type\" content=\"article\" \/>\n<meta property=\"og:title\" content=\"Nirvel Hair Make Up Maquillaje capilar 50 mL, Color Verde - Hanna Cosm\u00e9tica\" \/>\n<meta property=\"og:description\" content=\"El tinte temporal Hair Make Up Silver es un tinte wash out que se va con un solo lavado. Tu cabello dice&hellip;\" \/>\n<meta property=\"og:url\" content=\"https:\/\/hannacosmetica.com\/fr\/tienda\/peluqueria\/tintes\/nirvel-hair-make-up-maquillaje-capilar-50-ml-color-verde\/\" \/>\n<meta property=\"og:site_name\" content=\"Hanna Cosm\u00e9tica\" \/>\n<meta property=\"article:modified_time\" content=\"2023-10-25T08:38:57+00:00\" \/>\n<meta property=\"og:image\" content=\"https:\/\/hannacosmetica.com\/wp-content\/uploads\/2022\/10\/\u672a\u547d\u540d\u7684\u8bbe\u8ba1-2022-10-15T162104.556-1520x1520.png\" \/>\n\t<meta property=\"og:image:width\" content=\"1520\" \/>\n\t<meta property=\"og:image:height\" content=\"1520\" \/>\n\t<meta property=\"og:image:type\" content=\"image\/png\" \/>\n<meta name=\"twitter:card\" content=\"summary_large_image\" \/>\n<script type=\"application\/ld+json\" class=\"yoast-schema-graph\">{\"@context\":\"https:\/\/schema.org\",\"@graph\":[{\"@type\":\"WebPage\",\"@id\":\"https:\/\/hannacosmetica.com\/tienda\/peluqueria\/tintes\/nirvel-hair-make-up-maquillaje-capilar-50-ml-color-verde\/\",\"url\":\"https:\/\/hannacosmetica.com\/tienda\/peluqueria\/tintes\/nirvel-hair-make-up-maquillaje-capilar-50-ml-color-verde\/\",\"name\":\"Nirvel Hair Make Up Maquillaje capilar 50 mL, Color Verde - Hanna Cosm\u00e9tica\",\"isPartOf\":{\"@id\":\"https:\/\/hannacosmetica.com\/#website\"},\"datePublished\":\"2022-10-15T14:22:13+00:00\",\"dateModified\":\"2023-10-25T08:38:57+00:00\",\"breadcrumb\":{\"@id\":\"https:\/\/hannacosmetica.com\/tienda\/peluqueria\/tintes\/nirvel-hair-make-up-maquillaje-capilar-50-ml-color-verde\/#breadcrumb\"},\"inLanguage\":\"fr-FR\",\"potentialAction\":[{\"@type\":\"ReadAction\",\"target\":[\"https:\/\/hannacosmetica.com\/tienda\/peluqueria\/tintes\/nirvel-hair-make-up-maquillaje-capilar-50-ml-color-verde\/\"]}]},{\"@type\":\"BreadcrumbList\",\"@id\":\"https:\/\/hannacosmetica.com\/tienda\/peluqueria\/tintes\/nirvel-hair-make-up-maquillaje-capilar-50-ml-color-verde\/#breadcrumb\",\"itemListElement\":[{\"@type\":\"ListItem\",\"position\":1,\"name\":\"Portada\",\"item\":\"https:\/\/hannacosmetica.com\/\"},{\"@type\":\"ListItem\",\"position\":2,\"name\":\"Tienda\",\"item\":\"https:\/\/hannacosmetica.com\/shop\/\"},{\"@type\":\"ListItem\",\"position\":3,\"name\":\"Nirvel Hair Make Up Maquillaje capilar 50 mL, Color Verde\"}]},{\"@type\":\"WebSite\",\"@id\":\"https:\/\/hannacosmetica.com\/#website\",\"url\":\"https:\/\/hannacosmetica.com\/\",\"name\":\"Hanna Cosm\u00e9tica\",\"description\":\"Tienda de productos u\u00f1as, bellezas y peluquer\u00edas\",\"publisher\":{\"@id\":\"https:\/\/hannacosmetica.com\/#organization\"},\"potentialAction\":[{\"@type\":\"SearchAction\",\"target\":{\"@type\":\"EntryPoint\",\"urlTemplate\":\"https:\/\/hannacosmetica.com\/?s={search_term_string}\"},\"query-input\":\"required name=search_term_string\"}],\"inLanguage\":\"fr-FR\"},{\"@type\":\"Organization\",\"@id\":\"https:\/\/hannacosmetica.com\/#organization\",\"name\":\"Hanna Cosm\u00e9tica\",\"url\":\"https:\/\/hannacosmetica.com\/\",\"logo\":{\"@type\":\"ImageObject\",\"inLanguage\":\"fr-FR\",\"@id\":\"https:\/\/hannacosmetica.com\/#\/schema\/logo\/image\/\",\"url\":\"https:\/\/hannacosmetica.com\/wp-content\/uploads\/2022\/07\/Logo-Joyeria-Femenino-Floral-Negro.png\",\"contentUrl\":\"https:\/\/hannacosmetica.com\/wp-content\/uploads\/2022\/07\/Logo-Joyeria-Femenino-Floral-Negro.png\",\"width\":361,\"height\":126,\"caption\":\"Hanna Cosm\u00e9tica\"},\"image\":{\"@id\":\"https:\/\/hannacosmetica.com\/#\/schema\/logo\/image\/\"}}]}<\/script>\n<!-- \/ Yoast SEO plugin. -->","yoast_head_json":{"title":"Nirvel Hair Make Up Maquillaje capilar 50 mL, Color Verde - Hanna Cosm\u00e9tica","robots":{"index":"index","follow":"follow","max-snippet":"max-snippet:-1","max-image-preview":"max-image-preview:large","max-video-preview":"max-video-preview:-1"},"canonical":"https:\/\/hannacosmetica.com\/fr\/tienda\/peluqueria\/tintes\/nirvel-hair-make-up-maquillaje-capilar-50-ml-color-verde\/","og_locale":"fr_FR","og_type":"article","og_title":"Nirvel Hair Make Up Maquillaje capilar 50 mL, Color Verde - Hanna Cosm\u00e9tica","og_description":"El tinte temporal Hair Make Up Silver es un tinte wash out que se va con un solo lavado. Tu cabello dice&hellip;","og_url":"https:\/\/hannacosmetica.com\/fr\/tienda\/peluqueria\/tintes\/nirvel-hair-make-up-maquillaje-capilar-50-ml-color-verde\/","og_site_name":"Hanna Cosm\u00e9tica","article_modified_time":"2023-10-25T08:38:57+00:00","og_image":[{"width":1520,"height":1520,"url":"https:\/\/hannacosmetica.com\/wp-content\/uploads\/2022\/10\/\u672a\u547d\u540d\u7684\u8bbe\u8ba1-2022-10-15T162104.556-1520x1520.png","type":"image\/png"}],"twitter_card":"summary_large_image","schema":{"@context":"https:\/\/schema.org","@graph":[{"@type":"WebPage","@id":"https:\/\/hannacosmetica.com\/tienda\/peluqueria\/tintes\/nirvel-hair-make-up-maquillaje-capilar-50-ml-color-verde\/","url":"https:\/\/hannacosmetica.com\/tienda\/peluqueria\/tintes\/nirvel-hair-make-up-maquillaje-capilar-50-ml-color-verde\/","name":"Nirvel Hair Make Up Maquillaje capilar 50 mL, Color Verde - Hanna Cosm\u00e9tica","isPartOf":{"@id":"https:\/\/hannacosmetica.com\/#website"},"datePublished":"2022-10-15T14:22:13+00:00","dateModified":"2023-10-25T08:38:57+00:00","breadcrumb":{"@id":"https:\/\/hannacosmetica.com\/tienda\/peluqueria\/tintes\/nirvel-hair-make-up-maquillaje-capilar-50-ml-color-verde\/#breadcrumb"},"inLanguage":"fr-FR","potentialAction":[{"@type":"ReadAction","target":["https:\/\/hannacosmetica.com\/tienda\/peluqueria\/tintes\/nirvel-hair-make-up-maquillaje-capilar-50-ml-color-verde\/"]}]},{"@type":"BreadcrumbList","@id":"https:\/\/hannacosmetica.com\/tienda\/peluqueria\/tintes\/nirvel-hair-make-up-maquillaje-capilar-50-ml-color-verde\/#breadcrumb","itemListElement":[{"@type":"ListItem","position":1,"name":"Portada","item":"https:\/\/hannacosmetica.com\/"},{"@type":"ListItem","position":2,"name":"Tienda","item":"https:\/\/hannacosmetica.com\/shop\/"},{"@type":"ListItem","position":3,"name":"Nirvel Hair Make Up Maquillaje capilar 50 mL, Color Verde"}]},{"@type":"WebSite","@id":"https:\/\/hannacosmetica.com\/#website","url":"https:\/\/hannacosmetica.com\/","name":"Hanna Cosm\u00e9tica","description":"Tienda de productos u\u00f1as, bellezas y peluquer\u00edas","publisher":{"@id":"https:\/\/hannacosmetica.com\/#organization"},"potentialAction":[{"@type":"SearchAction","target":{"@type":"EntryPoint","urlTemplate":"https:\/\/hannacosmetica.com\/?s={search_term_string}"},"query-input":"required name=search_term_string"}],"inLanguage":"fr-FR"},{"@type":"Organization","@id":"https:\/\/hannacosmetica.com\/#organization","name":"Hanna Cosm\u00e9tica","url":"https:\/\/hannacosmetica.com\/","logo":{"@type":"ImageObject","inLanguage":"fr-FR","@id":"https:\/\/hannacosmetica.com\/#\/schema\/logo\/image\/","url":"https:\/\/hannacosmetica.com\/wp-content\/uploads\/2022\/07\/Logo-Joyeria-Femenino-Floral-Negro.png","contentUrl":"https:\/\/hannacosmetica.com\/wp-content\/uploads\/2022\/07\/Logo-Joyeria-Femenino-Floral-Negro.png","width":361,"height":126,"caption":"Hanna Cosm\u00e9tica"},"image":{"@id":"https:\/\/hannacosmetica.com\/#\/schema\/logo\/image\/"}}]}},"_links":{"self":[{"href":"https:\/\/hannacosmetica.com\/fr\/wp-json\/wp\/v2\/product\/8296"}],"collection":[{"href":"https:\/\/hannacosmetica.com\/fr\/wp-json\/wp\/v2\/product"}],"about":[{"href":"https:\/\/hannacosmetica.com\/fr\/wp-json\/wp\/v2\/types\/product"}],"replies":[{"embeddable":true,"href":"https:\/\/hannacosmetica.com\/fr\/wp-json\/wp\/v2\/comments?post=8296"}],"version-history":[{"count":1,"href":"https:\/\/hannacosmetica.com\/fr\/wp-json\/wp\/v2\/product\/8296\/revisions"}],"predecessor-version":[{"id":8298,"href":"https:\/\/hannacosmetica.com\/fr\/wp-json\/wp\/v2\/product\/8296\/revisions\/8298"}],"wp:featuredmedia":[{"embeddable":true,"href":"https:\/\/hannacosmetica.com\/fr\/wp-json\/wp\/v2\/media\/8297"}],"wp:attachment":[{"href":"https:\/\/hannacosmetica.com\/fr\/wp-json\/wp\/v2\/media?parent=8296"}],"wp:term":[{"taxonomy":"product_cat","embeddable":true,"href":"https:\/\/hannacosmetica.com\/fr\/wp-json\/wp\/v2\/product_cat?post=8296"},{"taxonomy":"product_tag","embeddable":true,"href":"https:\/\/hannacosmetica.com\/fr\/wp-json\/wp\/v2\/product_tag?post=8296"}],"curies":[{"name":"wp","href":"https:\/\/api.w.org\/{rel}","templated":true}]}}