{"id":8254,"date":"2022-10-15T13:10:55","date_gmt":"2022-10-15T13:10:55","guid":{"rendered":"https:\/\/hannacosmetica.com\/?post_type=product&#038;p=8254"},"modified":"2023-10-25T08:42:00","modified_gmt":"2023-10-25T08:42:00","slug":"lampara-72w-uv-secador-de-unas-para-gel-de-unas-con-3-temporizadores-pantalla-led-sensor-y-secado-de-doble-velocidad","status":"publish","type":"product","link":"https:\/\/hannacosmetica.com\/fr\/tienda\/maquinaria\/lamparas-de-secado-de-unas\/lampara-72w-uv-secador-de-unas-para-gel-de-unas-con-3-temporizadores-pantalla-led-sensor-y-secado-de-doble-velocidad\/","title":{"rendered":"Lampara 72W UV Secador de U\u00f1as para Gel de u\u00f1as con 3 Temporizadores, Pantalla LED, Sensor y Secado de Doble Velocidad"},"content":{"rendered":"<ul class=\"a-unordered-list a-vertical a-spacing-mini\">\n<li><span class=\"a-list-item\">\u27a4\u3010Protecci\u00f3n Inteligente de Temperatura\u3011 Esta m\u00e1quina de u\u00f1as tiene 3 configuraciones de temporizador: 10s, 30s, 60s (modo de baja temperatura).\u00a0 eliminando as\u00ed el dolor causado por el secado del gel.<\/span><\/li>\n<li><span class=\"a-list-item\">\u27a4\u3010Secador de U\u00f1as Profesional Todo en Uno\u3011 La l\u00e1mpara de u\u00f1as profesional 72W est\u00e1 equipada con 36 cuentas LED, que pueden secar varios esmaltes de u\u00f1as, como pegamento UV, pegamento de grabado, pegamento duro, etc. Nuestra l\u00e1mpara de u\u00f1as de gel Puede acortar el tiempo de curado en un 60% que otras l\u00e1mparas LED para u\u00f1as.<\/span><\/li>\n<li><span class=\"a-list-item\">\u27a4\u3010Pantalla LED y Sensor de Infrarrojos Inteligente\u3011 La pantalla LED muestra el tiempo de curado. Cuando presiona el bot\u00f3n 10s, 30s, 60s, el temporizador inicia la cuenta regresiva;\u00a0 el temporizador comienza a contar. Gracias al sensor de infrarrojos inteligente, la l\u00e1mpara de u\u00f1as puede funcionar autom\u00e1ticamente sin configurar el temporizador.<\/span><\/li>\n<li><span class=\"a-list-item\">\u27a4\u3010LED Seguro y Duradero\u3011 Las perlas LED de luz ultravioleta tienen una vida \u00fatil de 50.000 horas, se parece m\u00e1s a la luz blanca del sol para proteger los ojos y la piel del da\u00f1o. 36 cuentas LED se distribuyen uniformemente dentro de la l\u00e1mpara de u\u00f1as para ayudar a curar el esmalte en gel de manera uniforme. No hay necesidad de preocuparse por reemplazar las perlas de la l\u00e1mpara.<\/span><\/li>\n<li><span class=\"a-list-item\">\u27a4\u3010Gran Espacio y Fondo Extra\u00edble\u3011 La l\u00e1mpara de u\u00f1as\u00a0 es lo suficientemente grande como para curar 5 u\u00f1as de las manos o de los pies al mismo tiempo. Ya no es necesario curar el pulgar por separado. La parte inferior extra\u00edble de la l\u00e1mpara de u\u00f1as est\u00e1 dise\u00f1ada para curar las u\u00f1as de los pies y es f\u00e1cil de limpiar.<\/span><\/li>\n<\/ul>","protected":false},"excerpt":{"rendered":"<p>\u27a4\u3010Protecci\u00f3n Inteligente de Temperatura\u3011 Esta m\u00e1quina de u\u00f1as tiene 3 configuraciones de temporizador: 10s, 30s, 60s (modo de baja temperatura).\u00a0 eliminando as\u00ed&hellip;<\/p>","protected":false},"featured_media":8255,"comment_status":"open","ping_status":"closed","template":"","meta":[],"product_cat":[86,119],"product_tag":[],"yoast_head":"<!-- This site is optimized with the Yoast SEO plugin v19.9 - https:\/\/yoast.com\/wordpress\/plugins\/seo\/ -->\n<title>Lampara 72W UV Secador de U\u00f1as para Gel de u\u00f1as con 3 Temporizadores, Pantalla LED, Sensor y Secado de Doble Velocidad - Hanna Cosm\u00e9tica<\/title>\n<meta name=\"robots\" content=\"index, follow, max-snippet:-1, max-image-preview:large, max-video-preview:-1\" \/>\n<link rel=\"canonical\" href=\"https:\/\/hannacosmetica.com\/fr\/tienda\/maquinaria\/lamparas-de-secado-de-unas\/lampara-72w-uv-secador-de-unas-para-gel-de-unas-con-3-temporizadores-pantalla-led-sensor-y-secado-de-doble-velocidad\/\" \/>\n<meta property=\"og:locale\" content=\"fr_FR\" \/>\n<meta property=\"og:type\" content=\"article\" \/>\n<meta property=\"og:title\" content=\"Lampara 72W UV Secador de U\u00f1as para Gel de u\u00f1as con 3 Temporizadores, Pantalla LED, Sensor y Secado de Doble Velocidad - Hanna Cosm\u00e9tica\" \/>\n<meta property=\"og:description\" content=\"\u27a4\u3010Protecci\u00f3n Inteligente de Temperatura\u3011 Esta m\u00e1quina de u\u00f1as tiene 3 configuraciones de temporizador: 10s, 30s, 60s (modo de baja temperatura).\u00a0 eliminando as\u00ed&hellip;\" \/>\n<meta property=\"og:url\" content=\"https:\/\/hannacosmetica.com\/fr\/tienda\/maquinaria\/lamparas-de-secado-de-unas\/lampara-72w-uv-secador-de-unas-para-gel-de-unas-con-3-temporizadores-pantalla-led-sensor-y-secado-de-doble-velocidad\/\" \/>\n<meta property=\"og:site_name\" content=\"Hanna Cosm\u00e9tica\" \/>\n<meta property=\"article:modified_time\" content=\"2023-10-25T08:42:00+00:00\" \/>\n<meta property=\"og:image\" content=\"https:\/\/hannacosmetica.com\/wp-content\/uploads\/2022\/10\/\u672a\u547d\u540d\u7684\u8bbe\u8ba1-2022-10-15T150024.710-1520x1520.png\" \/>\n\t<meta property=\"og:image:width\" content=\"1520\" \/>\n\t<meta property=\"og:image:height\" content=\"1520\" \/>\n\t<meta property=\"og:image:type\" content=\"image\/png\" \/>\n<meta name=\"twitter:card\" content=\"summary_large_image\" \/>\n<script type=\"application\/ld+json\" class=\"yoast-schema-graph\">{\"@context\":\"https:\/\/schema.org\",\"@graph\":[{\"@type\":\"WebPage\",\"@id\":\"https:\/\/hannacosmetica.com\/tienda\/maquinaria\/lamparas-de-secado-de-unas\/lampara-72w-uv-secador-de-unas-para-gel-de-unas-con-3-temporizadores-pantalla-led-sensor-y-secado-de-doble-velocidad\/\",\"url\":\"https:\/\/hannacosmetica.com\/tienda\/maquinaria\/lamparas-de-secado-de-unas\/lampara-72w-uv-secador-de-unas-para-gel-de-unas-con-3-temporizadores-pantalla-led-sensor-y-secado-de-doble-velocidad\/\",\"name\":\"Lampara 72W UV Secador de U\u00f1as para Gel de u\u00f1as con 3 Temporizadores, Pantalla LED, Sensor y Secado de Doble Velocidad - Hanna Cosm\u00e9tica\",\"isPartOf\":{\"@id\":\"https:\/\/hannacosmetica.com\/#website\"},\"datePublished\":\"2022-10-15T13:10:55+00:00\",\"dateModified\":\"2023-10-25T08:42:00+00:00\",\"breadcrumb\":{\"@id\":\"https:\/\/hannacosmetica.com\/tienda\/maquinaria\/lamparas-de-secado-de-unas\/lampara-72w-uv-secador-de-unas-para-gel-de-unas-con-3-temporizadores-pantalla-led-sensor-y-secado-de-doble-velocidad\/#breadcrumb\"},\"inLanguage\":\"fr-FR\",\"potentialAction\":[{\"@type\":\"ReadAction\",\"target\":[\"https:\/\/hannacosmetica.com\/tienda\/maquinaria\/lamparas-de-secado-de-unas\/lampara-72w-uv-secador-de-unas-para-gel-de-unas-con-3-temporizadores-pantalla-led-sensor-y-secado-de-doble-velocidad\/\"]}]},{\"@type\":\"BreadcrumbList\",\"@id\":\"https:\/\/hannacosmetica.com\/tienda\/maquinaria\/lamparas-de-secado-de-unas\/lampara-72w-uv-secador-de-unas-para-gel-de-unas-con-3-temporizadores-pantalla-led-sensor-y-secado-de-doble-velocidad\/#breadcrumb\",\"itemListElement\":[{\"@type\":\"ListItem\",\"position\":1,\"name\":\"Portada\",\"item\":\"https:\/\/hannacosmetica.com\/\"},{\"@type\":\"ListItem\",\"position\":2,\"name\":\"Tienda\",\"item\":\"https:\/\/hannacosmetica.com\/shop\/\"},{\"@type\":\"ListItem\",\"position\":3,\"name\":\"Lampara 72W UV Secador de U\u00f1as para Gel de u\u00f1as con 3 Temporizadores, Pantalla LED, Sensor y Secado de Doble Velocidad\"}]},{\"@type\":\"WebSite\",\"@id\":\"https:\/\/hannacosmetica.com\/#website\",\"url\":\"https:\/\/hannacosmetica.com\/\",\"name\":\"Hanna Cosm\u00e9tica\",\"description\":\"Tienda de productos u\u00f1as, bellezas y peluquer\u00edas\",\"publisher\":{\"@id\":\"https:\/\/hannacosmetica.com\/#organization\"},\"potentialAction\":[{\"@type\":\"SearchAction\",\"target\":{\"@type\":\"EntryPoint\",\"urlTemplate\":\"https:\/\/hannacosmetica.com\/?s={search_term_string}\"},\"query-input\":\"required name=search_term_string\"}],\"inLanguage\":\"fr-FR\"},{\"@type\":\"Organization\",\"@id\":\"https:\/\/hannacosmetica.com\/#organization\",\"name\":\"Hanna Cosm\u00e9tica\",\"url\":\"https:\/\/hannacosmetica.com\/\",\"logo\":{\"@type\":\"ImageObject\",\"inLanguage\":\"fr-FR\",\"@id\":\"https:\/\/hannacosmetica.com\/#\/schema\/logo\/image\/\",\"url\":\"https:\/\/hannacosmetica.com\/wp-content\/uploads\/2022\/07\/Logo-Joyeria-Femenino-Floral-Negro.png\",\"contentUrl\":\"https:\/\/hannacosmetica.com\/wp-content\/uploads\/2022\/07\/Logo-Joyeria-Femenino-Floral-Negro.png\",\"width\":361,\"height\":126,\"caption\":\"Hanna Cosm\u00e9tica\"},\"image\":{\"@id\":\"https:\/\/hannacosmetica.com\/#\/schema\/logo\/image\/\"}}]}<\/script>\n<!-- \/ Yoast SEO plugin. -->","yoast_head_json":{"title":"Lampara 72W UV Secador de U\u00f1as para Gel de u\u00f1as con 3 Temporizadores, Pantalla LED, Sensor y Secado de Doble Velocidad - Hanna Cosm\u00e9tica","robots":{"index":"index","follow":"follow","max-snippet":"max-snippet:-1","max-image-preview":"max-image-preview:large","max-video-preview":"max-video-preview:-1"},"canonical":"https:\/\/hannacosmetica.com\/fr\/tienda\/maquinaria\/lamparas-de-secado-de-unas\/lampara-72w-uv-secador-de-unas-para-gel-de-unas-con-3-temporizadores-pantalla-led-sensor-y-secado-de-doble-velocidad\/","og_locale":"fr_FR","og_type":"article","og_title":"Lampara 72W UV Secador de U\u00f1as para Gel de u\u00f1as con 3 Temporizadores, Pantalla LED, Sensor y Secado de Doble Velocidad - Hanna Cosm\u00e9tica","og_description":"\u27a4\u3010Protecci\u00f3n Inteligente de Temperatura\u3011 Esta m\u00e1quina de u\u00f1as tiene 3 configuraciones de temporizador: 10s, 30s, 60s (modo de baja temperatura).\u00a0 eliminando as\u00ed&hellip;","og_url":"https:\/\/hannacosmetica.com\/fr\/tienda\/maquinaria\/lamparas-de-secado-de-unas\/lampara-72w-uv-secador-de-unas-para-gel-de-unas-con-3-temporizadores-pantalla-led-sensor-y-secado-de-doble-velocidad\/","og_site_name":"Hanna Cosm\u00e9tica","article_modified_time":"2023-10-25T08:42:00+00:00","og_image":[{"width":1520,"height":1520,"url":"https:\/\/hannacosmetica.com\/wp-content\/uploads\/2022\/10\/\u672a\u547d\u540d\u7684\u8bbe\u8ba1-2022-10-15T150024.710-1520x1520.png","type":"image\/png"}],"twitter_card":"summary_large_image","schema":{"@context":"https:\/\/schema.org","@graph":[{"@type":"WebPage","@id":"https:\/\/hannacosmetica.com\/tienda\/maquinaria\/lamparas-de-secado-de-unas\/lampara-72w-uv-secador-de-unas-para-gel-de-unas-con-3-temporizadores-pantalla-led-sensor-y-secado-de-doble-velocidad\/","url":"https:\/\/hannacosmetica.com\/tienda\/maquinaria\/lamparas-de-secado-de-unas\/lampara-72w-uv-secador-de-unas-para-gel-de-unas-con-3-temporizadores-pantalla-led-sensor-y-secado-de-doble-velocidad\/","name":"Lampara 72W UV Secador de U\u00f1as para Gel de u\u00f1as con 3 Temporizadores, Pantalla LED, Sensor y Secado de Doble Velocidad - Hanna Cosm\u00e9tica","isPartOf":{"@id":"https:\/\/hannacosmetica.com\/#website"},"datePublished":"2022-10-15T13:10:55+00:00","dateModified":"2023-10-25T08:42:00+00:00","breadcrumb":{"@id":"https:\/\/hannacosmetica.com\/tienda\/maquinaria\/lamparas-de-secado-de-unas\/lampara-72w-uv-secador-de-unas-para-gel-de-unas-con-3-temporizadores-pantalla-led-sensor-y-secado-de-doble-velocidad\/#breadcrumb"},"inLanguage":"fr-FR","potentialAction":[{"@type":"ReadAction","target":["https:\/\/hannacosmetica.com\/tienda\/maquinaria\/lamparas-de-secado-de-unas\/lampara-72w-uv-secador-de-unas-para-gel-de-unas-con-3-temporizadores-pantalla-led-sensor-y-secado-de-doble-velocidad\/"]}]},{"@type":"BreadcrumbList","@id":"https:\/\/hannacosmetica.com\/tienda\/maquinaria\/lamparas-de-secado-de-unas\/lampara-72w-uv-secador-de-unas-para-gel-de-unas-con-3-temporizadores-pantalla-led-sensor-y-secado-de-doble-velocidad\/#breadcrumb","itemListElement":[{"@type":"ListItem","position":1,"name":"Portada","item":"https:\/\/hannacosmetica.com\/"},{"@type":"ListItem","position":2,"name":"Tienda","item":"https:\/\/hannacosmetica.com\/shop\/"},{"@type":"ListItem","position":3,"name":"Lampara 72W UV Secador de U\u00f1as para Gel de u\u00f1as con 3 Temporizadores, Pantalla LED, Sensor y Secado de Doble Velocidad"}]},{"@type":"WebSite","@id":"https:\/\/hannacosmetica.com\/#website","url":"https:\/\/hannacosmetica.com\/","name":"Hanna Cosm\u00e9tica","description":"Tienda de productos u\u00f1as, bellezas y peluquer\u00edas","publisher":{"@id":"https:\/\/hannacosmetica.com\/#organization"},"potentialAction":[{"@type":"SearchAction","target":{"@type":"EntryPoint","urlTemplate":"https:\/\/hannacosmetica.com\/?s={search_term_string}"},"query-input":"required name=search_term_string"}],"inLanguage":"fr-FR"},{"@type":"Organization","@id":"https:\/\/hannacosmetica.com\/#organization","name":"Hanna Cosm\u00e9tica","url":"https:\/\/hannacosmetica.com\/","logo":{"@type":"ImageObject","inLanguage":"fr-FR","@id":"https:\/\/hannacosmetica.com\/#\/schema\/logo\/image\/","url":"https:\/\/hannacosmetica.com\/wp-content\/uploads\/2022\/07\/Logo-Joyeria-Femenino-Floral-Negro.png","contentUrl":"https:\/\/hannacosmetica.com\/wp-content\/uploads\/2022\/07\/Logo-Joyeria-Femenino-Floral-Negro.png","width":361,"height":126,"caption":"Hanna Cosm\u00e9tica"},"image":{"@id":"https:\/\/hannacosmetica.com\/#\/schema\/logo\/image\/"}}]}},"_links":{"self":[{"href":"https:\/\/hannacosmetica.com\/fr\/wp-json\/wp\/v2\/product\/8254"}],"collection":[{"href":"https:\/\/hannacosmetica.com\/fr\/wp-json\/wp\/v2\/product"}],"about":[{"href":"https:\/\/hannacosmetica.com\/fr\/wp-json\/wp\/v2\/types\/product"}],"replies":[{"embeddable":true,"href":"https:\/\/hannacosmetica.com\/fr\/wp-json\/wp\/v2\/comments?post=8254"}],"version-history":[{"count":1,"href":"https:\/\/hannacosmetica.com\/fr\/wp-json\/wp\/v2\/product\/8254\/revisions"}],"predecessor-version":[{"id":8256,"href":"https:\/\/hannacosmetica.com\/fr\/wp-json\/wp\/v2\/product\/8254\/revisions\/8256"}],"wp:featuredmedia":[{"embeddable":true,"href":"https:\/\/hannacosmetica.com\/fr\/wp-json\/wp\/v2\/media\/8255"}],"wp:attachment":[{"href":"https:\/\/hannacosmetica.com\/fr\/wp-json\/wp\/v2\/media?parent=8254"}],"wp:term":[{"taxonomy":"product_cat","embeddable":true,"href":"https:\/\/hannacosmetica.com\/fr\/wp-json\/wp\/v2\/product_cat?post=8254"},{"taxonomy":"product_tag","embeddable":true,"href":"https:\/\/hannacosmetica.com\/fr\/wp-json\/wp\/v2\/product_tag?post=8254"}],"curies":[{"name":"wp","href":"https:\/\/api.w.org\/{rel}","templated":true}]}}