{"id":8191,"date":"2022-10-14T10:35:30","date_gmt":"2022-10-14T10:35:30","guid":{"rendered":"https:\/\/hannacosmetica.com\/?post_type=product&#038;p=8191"},"modified":"2024-06-28T13:36:57","modified_gmt":"2024-06-28T13:36:57","slug":"celulosa-rollo-de-celdas-500-unidades","status":"publish","type":"product","link":"https:\/\/hannacosmetica.com\/fr\/tienda\/estetica\/complementos-estetica\/celulosa-rollo-de-celdas-500-unidades\/","title":{"rendered":"Celulosa Rollo de Celdas (500 Unidades)"},"content":{"rendered":"<div id=\"featurebullets_feature_div\" class=\"celwidget\" data-feature-name=\"featurebullets\" data-csa-c-type=\"widget\" data-csa-c-content-id=\"featurebullets\" data-csa-c-slot-id=\"featurebullets_feature_div\" data-csa-c-asin=\"\" data-csa-c-is-in-initial-active-row=\"false\" data-csa-c-id=\"xps1xi-ke593-mvssdn-bpxx4m\" data-cel-widget=\"featurebullets_feature_div\">\n<div id=\"feature-bullets\" class=\"a-section a-spacing-medium a-spacing-top-small\">\n<ul class=\"a-unordered-list a-vertical a-spacing-mini\">\n<li><span class=\"a-list-item\">Almohadillas higi\u00e9nicas sin pelusa, muy vers\u00e1tiles<\/span><\/li>\n<li><span class=\"a-list-item\">Adecuado para uso en el campo m\u00e9dico, como laboratorios y consultas m\u00e9dicas<\/span><\/li>\n<li><span class=\"a-list-item\">Ideal para el modelado de u\u00f1as y para limpiar\/desengrasar el lecho de las u\u00f1as<\/span><\/li>\n<li><span class=\"a-list-item\">Hisopos absorbentes de pulpa s\u00f3lida<\/span><\/li>\n<li><span class=\"a-list-item\">\u00a1Atenci\u00f3n! Producto original reconocible por la marca EuBeCos. Solo con esta marca has adquirido la marca original de EuBeCos<\/span><\/li>\n<\/ul>\n<\/div>\n<\/div>\n<div id=\"provenanceCertifications_feature_div\" class=\"celwidget\" data-feature-name=\"provenanceCertifications\" data-csa-c-type=\"widget\" data-csa-c-content-id=\"provenanceCertifications\" data-csa-c-slot-id=\"provenanceCertifications_feature_div\" data-csa-c-asin=\"\" data-csa-c-is-in-initial-active-row=\"false\" data-csa-c-id=\"6cnpya-1v4wp9-l0omru-3212fi\" data-cel-widget=\"provenanceCertifications_feature_div\"><\/div>\n<div id=\"globalStoreInfoBullets_feature_div\" class=\"celwidget\" data-feature-name=\"globalStoreInfoBullets\" data-csa-c-type=\"widget\" data-csa-c-content-id=\"globalStoreInfoBullets\" data-csa-c-slot-id=\"globalStoreInfoBullets_feature_div\" data-csa-c-asin=\"\" data-csa-c-is-in-initial-active-row=\"false\" data-csa-c-id=\"81yf6-x8ghyx-2mgnwc-s5vljf\" data-cel-widget=\"globalStoreInfoBullets_feature_div\"><\/div>\n<div id=\"edpIngress_feature_div\" class=\"celwidget\" data-feature-name=\"edpIngress\" data-csa-c-type=\"widget\" data-csa-c-content-id=\"edpIngress\" data-csa-c-slot-id=\"edpIngress_feature_div\" data-csa-c-asin=\"\" data-csa-c-is-in-initial-active-row=\"false\" data-csa-c-id=\"xvpcy-tgxouz-7ctz3b-2ftmog\" data-cel-widget=\"edpIngress_feature_div\"><\/div>\n<div id=\"heroQuickPromo_feature_div\" class=\"celwidget\" data-feature-name=\"heroQuickPromo\" data-csa-c-type=\"widget\" data-csa-c-content-id=\"heroQuickPromo\" data-csa-c-slot-id=\"heroQuickPromo_feature_div\" data-csa-c-asin=\"\" data-csa-c-is-in-initial-active-row=\"false\" data-csa-c-id=\"blj7go-i0x83f-xru336-mlw567\" data-cel-widget=\"heroQuickPromo_feature_div\">\n<div id=\"hero-quick-promo\" class=\"a-row a-spacing-medium\"><\/div>\n<\/div>","protected":false},"excerpt":{"rendered":"<p>Almohadillas higi\u00e9nicas sin pelusa, muy vers\u00e1tiles Adecuado para uso en el campo m\u00e9dico, como laboratorios y consultas m\u00e9dicas Ideal para el modelado&hellip;<\/p>","protected":false},"featured_media":8193,"comment_status":"open","ping_status":"closed","template":"","meta":[],"product_cat":[82,101,84,115,87],"product_tag":[],"yoast_head":"<!-- This site is optimized with the Yoast SEO plugin v19.9 - https:\/\/yoast.com\/wordpress\/plugins\/seo\/ -->\n<title>Celulosa Rollo de Celdas (500 Unidades) - Hanna Cosm\u00e9tica<\/title>\n<meta name=\"robots\" content=\"index, follow, max-snippet:-1, max-image-preview:large, max-video-preview:-1\" \/>\n<link rel=\"canonical\" href=\"https:\/\/hannacosmetica.com\/fr\/tienda\/estetica\/complementos-estetica\/celulosa-rollo-de-celdas-500-unidades\/\" \/>\n<meta property=\"og:locale\" content=\"fr_FR\" \/>\n<meta property=\"og:type\" content=\"article\" \/>\n<meta property=\"og:title\" content=\"Celulosa Rollo de Celdas (500 Unidades) - Hanna Cosm\u00e9tica\" \/>\n<meta property=\"og:description\" content=\"Almohadillas higi\u00e9nicas sin pelusa, muy vers\u00e1tiles Adecuado para uso en el campo m\u00e9dico, como laboratorios y consultas m\u00e9dicas Ideal para el modelado&hellip;\" \/>\n<meta property=\"og:url\" content=\"https:\/\/hannacosmetica.com\/fr\/tienda\/estetica\/complementos-estetica\/celulosa-rollo-de-celdas-500-unidades\/\" \/>\n<meta property=\"og:site_name\" content=\"Hanna Cosm\u00e9tica\" \/>\n<meta property=\"article:modified_time\" content=\"2024-06-28T13:36:57+00:00\" \/>\n<meta property=\"og:image\" content=\"https:\/\/hannacosmetica.com\/wp-content\/uploads\/2022\/10\/51YzrAhtzLL._AC_UX569_.jpg\" \/>\n\t<meta property=\"og:image:width\" content=\"569\" \/>\n\t<meta property=\"og:image:height\" content=\"625\" \/>\n\t<meta property=\"og:image:type\" content=\"image\/jpeg\" \/>\n<meta name=\"twitter:card\" content=\"summary_large_image\" \/>\n<script type=\"application\/ld+json\" class=\"yoast-schema-graph\">{\"@context\":\"https:\/\/schema.org\",\"@graph\":[{\"@type\":\"WebPage\",\"@id\":\"https:\/\/hannacosmetica.com\/tienda\/estetica\/complementos-estetica\/celulosa-rollo-de-celdas-500-unidades\/\",\"url\":\"https:\/\/hannacosmetica.com\/tienda\/estetica\/complementos-estetica\/celulosa-rollo-de-celdas-500-unidades\/\",\"name\":\"Celulosa Rollo de Celdas (500 Unidades) - Hanna Cosm\u00e9tica\",\"isPartOf\":{\"@id\":\"https:\/\/hannacosmetica.com\/#website\"},\"datePublished\":\"2022-10-14T10:35:30+00:00\",\"dateModified\":\"2024-06-28T13:36:57+00:00\",\"breadcrumb\":{\"@id\":\"https:\/\/hannacosmetica.com\/tienda\/estetica\/complementos-estetica\/celulosa-rollo-de-celdas-500-unidades\/#breadcrumb\"},\"inLanguage\":\"fr-FR\",\"potentialAction\":[{\"@type\":\"ReadAction\",\"target\":[\"https:\/\/hannacosmetica.com\/tienda\/estetica\/complementos-estetica\/celulosa-rollo-de-celdas-500-unidades\/\"]}]},{\"@type\":\"BreadcrumbList\",\"@id\":\"https:\/\/hannacosmetica.com\/tienda\/estetica\/complementos-estetica\/celulosa-rollo-de-celdas-500-unidades\/#breadcrumb\",\"itemListElement\":[{\"@type\":\"ListItem\",\"position\":1,\"name\":\"Portada\",\"item\":\"https:\/\/hannacosmetica.com\/\"},{\"@type\":\"ListItem\",\"position\":2,\"name\":\"Tienda\",\"item\":\"https:\/\/hannacosmetica.com\/shop\/\"},{\"@type\":\"ListItem\",\"position\":3,\"name\":\"Celulosa Rollo de Celdas (500 Unidades)\"}]},{\"@type\":\"WebSite\",\"@id\":\"https:\/\/hannacosmetica.com\/#website\",\"url\":\"https:\/\/hannacosmetica.com\/\",\"name\":\"Hanna Cosm\u00e9tica\",\"description\":\"Tienda de productos u\u00f1as, bellezas y peluquer\u00edas\",\"publisher\":{\"@id\":\"https:\/\/hannacosmetica.com\/#organization\"},\"potentialAction\":[{\"@type\":\"SearchAction\",\"target\":{\"@type\":\"EntryPoint\",\"urlTemplate\":\"https:\/\/hannacosmetica.com\/?s={search_term_string}\"},\"query-input\":\"required name=search_term_string\"}],\"inLanguage\":\"fr-FR\"},{\"@type\":\"Organization\",\"@id\":\"https:\/\/hannacosmetica.com\/#organization\",\"name\":\"Hanna Cosm\u00e9tica\",\"url\":\"https:\/\/hannacosmetica.com\/\",\"logo\":{\"@type\":\"ImageObject\",\"inLanguage\":\"fr-FR\",\"@id\":\"https:\/\/hannacosmetica.com\/#\/schema\/logo\/image\/\",\"url\":\"https:\/\/hannacosmetica.com\/wp-content\/uploads\/2022\/07\/Logo-Joyeria-Femenino-Floral-Negro.png\",\"contentUrl\":\"https:\/\/hannacosmetica.com\/wp-content\/uploads\/2022\/07\/Logo-Joyeria-Femenino-Floral-Negro.png\",\"width\":361,\"height\":126,\"caption\":\"Hanna Cosm\u00e9tica\"},\"image\":{\"@id\":\"https:\/\/hannacosmetica.com\/#\/schema\/logo\/image\/\"}}]}<\/script>\n<!-- \/ Yoast SEO plugin. -->","yoast_head_json":{"title":"Celulosa Rollo de Celdas (500 Unidades) - Hanna Cosm\u00e9tica","robots":{"index":"index","follow":"follow","max-snippet":"max-snippet:-1","max-image-preview":"max-image-preview:large","max-video-preview":"max-video-preview:-1"},"canonical":"https:\/\/hannacosmetica.com\/fr\/tienda\/estetica\/complementos-estetica\/celulosa-rollo-de-celdas-500-unidades\/","og_locale":"fr_FR","og_type":"article","og_title":"Celulosa Rollo de Celdas (500 Unidades) - Hanna Cosm\u00e9tica","og_description":"Almohadillas higi\u00e9nicas sin pelusa, muy vers\u00e1tiles Adecuado para uso en el campo m\u00e9dico, como laboratorios y consultas m\u00e9dicas Ideal para el modelado&hellip;","og_url":"https:\/\/hannacosmetica.com\/fr\/tienda\/estetica\/complementos-estetica\/celulosa-rollo-de-celdas-500-unidades\/","og_site_name":"Hanna Cosm\u00e9tica","article_modified_time":"2024-06-28T13:36:57+00:00","og_image":[{"width":569,"height":625,"url":"https:\/\/hannacosmetica.com\/wp-content\/uploads\/2022\/10\/51YzrAhtzLL._AC_UX569_.jpg","type":"image\/jpeg"}],"twitter_card":"summary_large_image","schema":{"@context":"https:\/\/schema.org","@graph":[{"@type":"WebPage","@id":"https:\/\/hannacosmetica.com\/tienda\/estetica\/complementos-estetica\/celulosa-rollo-de-celdas-500-unidades\/","url":"https:\/\/hannacosmetica.com\/tienda\/estetica\/complementos-estetica\/celulosa-rollo-de-celdas-500-unidades\/","name":"Celulosa Rollo de Celdas (500 Unidades) - Hanna Cosm\u00e9tica","isPartOf":{"@id":"https:\/\/hannacosmetica.com\/#website"},"datePublished":"2022-10-14T10:35:30+00:00","dateModified":"2024-06-28T13:36:57+00:00","breadcrumb":{"@id":"https:\/\/hannacosmetica.com\/tienda\/estetica\/complementos-estetica\/celulosa-rollo-de-celdas-500-unidades\/#breadcrumb"},"inLanguage":"fr-FR","potentialAction":[{"@type":"ReadAction","target":["https:\/\/hannacosmetica.com\/tienda\/estetica\/complementos-estetica\/celulosa-rollo-de-celdas-500-unidades\/"]}]},{"@type":"BreadcrumbList","@id":"https:\/\/hannacosmetica.com\/tienda\/estetica\/complementos-estetica\/celulosa-rollo-de-celdas-500-unidades\/#breadcrumb","itemListElement":[{"@type":"ListItem","position":1,"name":"Portada","item":"https:\/\/hannacosmetica.com\/"},{"@type":"ListItem","position":2,"name":"Tienda","item":"https:\/\/hannacosmetica.com\/shop\/"},{"@type":"ListItem","position":3,"name":"Celulosa Rollo de Celdas (500 Unidades)"}]},{"@type":"WebSite","@id":"https:\/\/hannacosmetica.com\/#website","url":"https:\/\/hannacosmetica.com\/","name":"Hanna Cosm\u00e9tica","description":"Tienda de productos u\u00f1as, bellezas y peluquer\u00edas","publisher":{"@id":"https:\/\/hannacosmetica.com\/#organization"},"potentialAction":[{"@type":"SearchAction","target":{"@type":"EntryPoint","urlTemplate":"https:\/\/hannacosmetica.com\/?s={search_term_string}"},"query-input":"required name=search_term_string"}],"inLanguage":"fr-FR"},{"@type":"Organization","@id":"https:\/\/hannacosmetica.com\/#organization","name":"Hanna Cosm\u00e9tica","url":"https:\/\/hannacosmetica.com\/","logo":{"@type":"ImageObject","inLanguage":"fr-FR","@id":"https:\/\/hannacosmetica.com\/#\/schema\/logo\/image\/","url":"https:\/\/hannacosmetica.com\/wp-content\/uploads\/2022\/07\/Logo-Joyeria-Femenino-Floral-Negro.png","contentUrl":"https:\/\/hannacosmetica.com\/wp-content\/uploads\/2022\/07\/Logo-Joyeria-Femenino-Floral-Negro.png","width":361,"height":126,"caption":"Hanna Cosm\u00e9tica"},"image":{"@id":"https:\/\/hannacosmetica.com\/#\/schema\/logo\/image\/"}}]}},"_links":{"self":[{"href":"https:\/\/hannacosmetica.com\/fr\/wp-json\/wp\/v2\/product\/8191"}],"collection":[{"href":"https:\/\/hannacosmetica.com\/fr\/wp-json\/wp\/v2\/product"}],"about":[{"href":"https:\/\/hannacosmetica.com\/fr\/wp-json\/wp\/v2\/types\/product"}],"replies":[{"embeddable":true,"href":"https:\/\/hannacosmetica.com\/fr\/wp-json\/wp\/v2\/comments?post=8191"}],"version-history":[{"count":1,"href":"https:\/\/hannacosmetica.com\/fr\/wp-json\/wp\/v2\/product\/8191\/revisions"}],"predecessor-version":[{"id":8197,"href":"https:\/\/hannacosmetica.com\/fr\/wp-json\/wp\/v2\/product\/8191\/revisions\/8197"}],"wp:featuredmedia":[{"embeddable":true,"href":"https:\/\/hannacosmetica.com\/fr\/wp-json\/wp\/v2\/media\/8193"}],"wp:attachment":[{"href":"https:\/\/hannacosmetica.com\/fr\/wp-json\/wp\/v2\/media?parent=8191"}],"wp:term":[{"taxonomy":"product_cat","embeddable":true,"href":"https:\/\/hannacosmetica.com\/fr\/wp-json\/wp\/v2\/product_cat?post=8191"},{"taxonomy":"product_tag","embeddable":true,"href":"https:\/\/hannacosmetica.com\/fr\/wp-json\/wp\/v2\/product_tag?post=8191"}],"curies":[{"name":"wp","href":"https:\/\/api.w.org\/{rel}","templated":true}]}}