{"id":8158,"date":"2022-10-12T08:38:05","date_gmt":"2022-10-12T08:38:05","guid":{"rendered":"https:\/\/hannacosmetica.com\/?post_type=product&#038;p=8158"},"modified":"2023-10-25T08:43:18","modified_gmt":"2023-10-25T08:43:18","slug":"mano-de-caucho-flexible-de-practica-para-aprendizaje-de-manicura-unas-y-exhibicion","status":"publish","type":"product","link":"https:\/\/hannacosmetica.com\/fr\/tienda\/manicura\/complementos\/mano-de-caucho-flexible-de-practica-para-aprendizaje-de-manicura-unas-y-exhibicion\/","title":{"rendered":"Mano de Caucho Flexible de Pr\u00e1ctica para Aprendizaje de Manicura U\u00f1as y Exhibici\u00f3n"},"content":{"rendered":"<ul class=\"a-unordered-list a-vertical a-spacing-mini\">\n<li><span class=\"a-list-item\">Alta calidad flex modelo a mano para la pr\u00e1ctica del arte del clavo.<\/span><\/li>\n<li><span class=\"a-list-item\">Puede utilizarse para la pr\u00e1ctica de acr\u00edlico, gel y abrigo y para arte de u\u00f1as dise\u00f1o.<\/span><\/li>\n<li><span class=\"a-list-item\">F\u00e1cil ajustar la forma de los dedos para satisfacer sus necesidades.<\/span><\/li>\n<li><span class=\"a-list-item\">Mano de este modelo es hecha del pl\u00e1stico robusto, flexible y hecha cerca del tama\u00f1o real.<\/span><\/li>\n<\/ul>","protected":false},"excerpt":{"rendered":"<p>Alta calidad flex modelo a mano para la pr\u00e1ctica del arte del clavo. Puede utilizarse para la pr\u00e1ctica de acr\u00edlico, gel y&hellip;<\/p>","protected":false},"featured_media":8159,"comment_status":"open","ping_status":"closed","template":"","meta":[],"product_cat":[82,101],"product_tag":[],"yoast_head":"<!-- This site is optimized with the Yoast SEO plugin v19.9 - https:\/\/yoast.com\/wordpress\/plugins\/seo\/ -->\n<title>Mano de Caucho Flexible de Pr\u00e1ctica para Aprendizaje de Manicura U\u00f1as y Exhibici\u00f3n - Hanna Cosm\u00e9tica<\/title>\n<meta name=\"robots\" content=\"index, follow, max-snippet:-1, max-image-preview:large, max-video-preview:-1\" \/>\n<link rel=\"canonical\" href=\"https:\/\/hannacosmetica.com\/fr\/tienda\/manicura\/complementos\/mano-de-caucho-flexible-de-practica-para-aprendizaje-de-manicura-unas-y-exhibicion\/\" \/>\n<meta property=\"og:locale\" content=\"fr_FR\" \/>\n<meta property=\"og:type\" content=\"article\" \/>\n<meta property=\"og:title\" content=\"Mano de Caucho Flexible de Pr\u00e1ctica para Aprendizaje de Manicura U\u00f1as y Exhibici\u00f3n - Hanna Cosm\u00e9tica\" \/>\n<meta property=\"og:description\" content=\"Alta calidad flex modelo a mano para la pr\u00e1ctica del arte del clavo. Puede utilizarse para la pr\u00e1ctica de acr\u00edlico, gel y&hellip;\" \/>\n<meta property=\"og:url\" content=\"https:\/\/hannacosmetica.com\/fr\/tienda\/manicura\/complementos\/mano-de-caucho-flexible-de-practica-para-aprendizaje-de-manicura-unas-y-exhibicion\/\" \/>\n<meta property=\"og:site_name\" content=\"Hanna Cosm\u00e9tica\" \/>\n<meta property=\"article:modified_time\" content=\"2023-10-25T08:43:18+00:00\" \/>\n<meta property=\"og:image\" content=\"https:\/\/hannacosmetica.com\/wp-content\/uploads\/2022\/10\/51p99WpJpuL._AC_SX679_-2.jpg\" \/>\n\t<meta property=\"og:image:width\" content=\"522\" \/>\n\t<meta property=\"og:image:height\" content=\"322\" \/>\n\t<meta property=\"og:image:type\" content=\"image\/jpeg\" \/>\n<meta name=\"twitter:card\" content=\"summary_large_image\" \/>\n<script type=\"application\/ld+json\" class=\"yoast-schema-graph\">{\"@context\":\"https:\/\/schema.org\",\"@graph\":[{\"@type\":\"WebPage\",\"@id\":\"https:\/\/hannacosmetica.com\/tienda\/manicura\/complementos\/mano-de-caucho-flexible-de-practica-para-aprendizaje-de-manicura-unas-y-exhibicion\/\",\"url\":\"https:\/\/hannacosmetica.com\/tienda\/manicura\/complementos\/mano-de-caucho-flexible-de-practica-para-aprendizaje-de-manicura-unas-y-exhibicion\/\",\"name\":\"Mano de Caucho Flexible de Pr\u00e1ctica para Aprendizaje de Manicura U\u00f1as y Exhibici\u00f3n - Hanna Cosm\u00e9tica\",\"isPartOf\":{\"@id\":\"https:\/\/hannacosmetica.com\/#website\"},\"datePublished\":\"2022-10-12T08:38:05+00:00\",\"dateModified\":\"2023-10-25T08:43:18+00:00\",\"breadcrumb\":{\"@id\":\"https:\/\/hannacosmetica.com\/tienda\/manicura\/complementos\/mano-de-caucho-flexible-de-practica-para-aprendizaje-de-manicura-unas-y-exhibicion\/#breadcrumb\"},\"inLanguage\":\"fr-FR\",\"potentialAction\":[{\"@type\":\"ReadAction\",\"target\":[\"https:\/\/hannacosmetica.com\/tienda\/manicura\/complementos\/mano-de-caucho-flexible-de-practica-para-aprendizaje-de-manicura-unas-y-exhibicion\/\"]}]},{\"@type\":\"BreadcrumbList\",\"@id\":\"https:\/\/hannacosmetica.com\/tienda\/manicura\/complementos\/mano-de-caucho-flexible-de-practica-para-aprendizaje-de-manicura-unas-y-exhibicion\/#breadcrumb\",\"itemListElement\":[{\"@type\":\"ListItem\",\"position\":1,\"name\":\"Portada\",\"item\":\"https:\/\/hannacosmetica.com\/\"},{\"@type\":\"ListItem\",\"position\":2,\"name\":\"Tienda\",\"item\":\"https:\/\/hannacosmetica.com\/shop\/\"},{\"@type\":\"ListItem\",\"position\":3,\"name\":\"Mano de Caucho Flexible de Pr\u00e1ctica para Aprendizaje de Manicura U\u00f1as y Exhibici\u00f3n\"}]},{\"@type\":\"WebSite\",\"@id\":\"https:\/\/hannacosmetica.com\/#website\",\"url\":\"https:\/\/hannacosmetica.com\/\",\"name\":\"Hanna Cosm\u00e9tica\",\"description\":\"Tienda de productos u\u00f1as, bellezas y peluquer\u00edas\",\"publisher\":{\"@id\":\"https:\/\/hannacosmetica.com\/#organization\"},\"potentialAction\":[{\"@type\":\"SearchAction\",\"target\":{\"@type\":\"EntryPoint\",\"urlTemplate\":\"https:\/\/hannacosmetica.com\/?s={search_term_string}\"},\"query-input\":\"required name=search_term_string\"}],\"inLanguage\":\"fr-FR\"},{\"@type\":\"Organization\",\"@id\":\"https:\/\/hannacosmetica.com\/#organization\",\"name\":\"Hanna Cosm\u00e9tica\",\"url\":\"https:\/\/hannacosmetica.com\/\",\"logo\":{\"@type\":\"ImageObject\",\"inLanguage\":\"fr-FR\",\"@id\":\"https:\/\/hannacosmetica.com\/#\/schema\/logo\/image\/\",\"url\":\"https:\/\/hannacosmetica.com\/wp-content\/uploads\/2022\/07\/Logo-Joyeria-Femenino-Floral-Negro.png\",\"contentUrl\":\"https:\/\/hannacosmetica.com\/wp-content\/uploads\/2022\/07\/Logo-Joyeria-Femenino-Floral-Negro.png\",\"width\":361,\"height\":126,\"caption\":\"Hanna Cosm\u00e9tica\"},\"image\":{\"@id\":\"https:\/\/hannacosmetica.com\/#\/schema\/logo\/image\/\"}}]}<\/script>\n<!-- \/ Yoast SEO plugin. -->","yoast_head_json":{"title":"Mano de Caucho Flexible de Pr\u00e1ctica para Aprendizaje de Manicura U\u00f1as y Exhibici\u00f3n - Hanna Cosm\u00e9tica","robots":{"index":"index","follow":"follow","max-snippet":"max-snippet:-1","max-image-preview":"max-image-preview:large","max-video-preview":"max-video-preview:-1"},"canonical":"https:\/\/hannacosmetica.com\/fr\/tienda\/manicura\/complementos\/mano-de-caucho-flexible-de-practica-para-aprendizaje-de-manicura-unas-y-exhibicion\/","og_locale":"fr_FR","og_type":"article","og_title":"Mano de Caucho Flexible de Pr\u00e1ctica para Aprendizaje de Manicura U\u00f1as y Exhibici\u00f3n - Hanna Cosm\u00e9tica","og_description":"Alta calidad flex modelo a mano para la pr\u00e1ctica del arte del clavo. Puede utilizarse para la pr\u00e1ctica de acr\u00edlico, gel y&hellip;","og_url":"https:\/\/hannacosmetica.com\/fr\/tienda\/manicura\/complementos\/mano-de-caucho-flexible-de-practica-para-aprendizaje-de-manicura-unas-y-exhibicion\/","og_site_name":"Hanna Cosm\u00e9tica","article_modified_time":"2023-10-25T08:43:18+00:00","og_image":[{"width":522,"height":322,"url":"https:\/\/hannacosmetica.com\/wp-content\/uploads\/2022\/10\/51p99WpJpuL._AC_SX679_-2.jpg","type":"image\/jpeg"}],"twitter_card":"summary_large_image","schema":{"@context":"https:\/\/schema.org","@graph":[{"@type":"WebPage","@id":"https:\/\/hannacosmetica.com\/tienda\/manicura\/complementos\/mano-de-caucho-flexible-de-practica-para-aprendizaje-de-manicura-unas-y-exhibicion\/","url":"https:\/\/hannacosmetica.com\/tienda\/manicura\/complementos\/mano-de-caucho-flexible-de-practica-para-aprendizaje-de-manicura-unas-y-exhibicion\/","name":"Mano de Caucho Flexible de Pr\u00e1ctica para Aprendizaje de Manicura U\u00f1as y Exhibici\u00f3n - Hanna Cosm\u00e9tica","isPartOf":{"@id":"https:\/\/hannacosmetica.com\/#website"},"datePublished":"2022-10-12T08:38:05+00:00","dateModified":"2023-10-25T08:43:18+00:00","breadcrumb":{"@id":"https:\/\/hannacosmetica.com\/tienda\/manicura\/complementos\/mano-de-caucho-flexible-de-practica-para-aprendizaje-de-manicura-unas-y-exhibicion\/#breadcrumb"},"inLanguage":"fr-FR","potentialAction":[{"@type":"ReadAction","target":["https:\/\/hannacosmetica.com\/tienda\/manicura\/complementos\/mano-de-caucho-flexible-de-practica-para-aprendizaje-de-manicura-unas-y-exhibicion\/"]}]},{"@type":"BreadcrumbList","@id":"https:\/\/hannacosmetica.com\/tienda\/manicura\/complementos\/mano-de-caucho-flexible-de-practica-para-aprendizaje-de-manicura-unas-y-exhibicion\/#breadcrumb","itemListElement":[{"@type":"ListItem","position":1,"name":"Portada","item":"https:\/\/hannacosmetica.com\/"},{"@type":"ListItem","position":2,"name":"Tienda","item":"https:\/\/hannacosmetica.com\/shop\/"},{"@type":"ListItem","position":3,"name":"Mano de Caucho Flexible de Pr\u00e1ctica para Aprendizaje de Manicura U\u00f1as y Exhibici\u00f3n"}]},{"@type":"WebSite","@id":"https:\/\/hannacosmetica.com\/#website","url":"https:\/\/hannacosmetica.com\/","name":"Hanna Cosm\u00e9tica","description":"Tienda de productos u\u00f1as, bellezas y peluquer\u00edas","publisher":{"@id":"https:\/\/hannacosmetica.com\/#organization"},"potentialAction":[{"@type":"SearchAction","target":{"@type":"EntryPoint","urlTemplate":"https:\/\/hannacosmetica.com\/?s={search_term_string}"},"query-input":"required name=search_term_string"}],"inLanguage":"fr-FR"},{"@type":"Organization","@id":"https:\/\/hannacosmetica.com\/#organization","name":"Hanna Cosm\u00e9tica","url":"https:\/\/hannacosmetica.com\/","logo":{"@type":"ImageObject","inLanguage":"fr-FR","@id":"https:\/\/hannacosmetica.com\/#\/schema\/logo\/image\/","url":"https:\/\/hannacosmetica.com\/wp-content\/uploads\/2022\/07\/Logo-Joyeria-Femenino-Floral-Negro.png","contentUrl":"https:\/\/hannacosmetica.com\/wp-content\/uploads\/2022\/07\/Logo-Joyeria-Femenino-Floral-Negro.png","width":361,"height":126,"caption":"Hanna Cosm\u00e9tica"},"image":{"@id":"https:\/\/hannacosmetica.com\/#\/schema\/logo\/image\/"}}]}},"_links":{"self":[{"href":"https:\/\/hannacosmetica.com\/fr\/wp-json\/wp\/v2\/product\/8158"}],"collection":[{"href":"https:\/\/hannacosmetica.com\/fr\/wp-json\/wp\/v2\/product"}],"about":[{"href":"https:\/\/hannacosmetica.com\/fr\/wp-json\/wp\/v2\/types\/product"}],"replies":[{"embeddable":true,"href":"https:\/\/hannacosmetica.com\/fr\/wp-json\/wp\/v2\/comments?post=8158"}],"version-history":[{"count":1,"href":"https:\/\/hannacosmetica.com\/fr\/wp-json\/wp\/v2\/product\/8158\/revisions"}],"predecessor-version":[{"id":8164,"href":"https:\/\/hannacosmetica.com\/fr\/wp-json\/wp\/v2\/product\/8158\/revisions\/8164"}],"wp:featuredmedia":[{"embeddable":true,"href":"https:\/\/hannacosmetica.com\/fr\/wp-json\/wp\/v2\/media\/8159"}],"wp:attachment":[{"href":"https:\/\/hannacosmetica.com\/fr\/wp-json\/wp\/v2\/media?parent=8158"}],"wp:term":[{"taxonomy":"product_cat","embeddable":true,"href":"https:\/\/hannacosmetica.com\/fr\/wp-json\/wp\/v2\/product_cat?post=8158"},{"taxonomy":"product_tag","embeddable":true,"href":"https:\/\/hannacosmetica.com\/fr\/wp-json\/wp\/v2\/product_tag?post=8158"}],"curies":[{"name":"wp","href":"https:\/\/api.w.org\/{rel}","templated":true}]}}