{"id":8135,"date":"2022-10-12T08:28:29","date_gmt":"2022-10-12T08:28:29","guid":{"rendered":"https:\/\/hannacosmetica.com\/?post_type=product&#038;p=8135"},"modified":"2023-10-25T08:43:48","modified_gmt":"2023-10-25T08:43:48","slug":"practica-dedo-dedos3-piezas-flexible-dedo-de-practica-dedos-100-piezas-de-puntas-de-unas-reemplazables-dedo-de-entrenamiento-con-base-practica-dedo-falso-para-acrilico-para-manicura-marron","status":"publish","type":"product","link":"https:\/\/hannacosmetica.com\/fr\/tienda\/manicura\/complementos\/practica-dedo-dedos3-piezas-flexible-dedo-de-practica-dedos-100-piezas-de-puntas-de-unas-reemplazables-dedo-de-entrenamiento-con-base-practica-dedo-falso-para-acrilico-para-manicura-marron\/","title":{"rendered":"Dedos para Practica,3 Piezas flexible y 100 Piezas de Puntas de u\u00f1as Reemplazables, Dedo Falso con base para practica de acrilico  Marr\u00f3n"},"content":{"rendered":"<ul class=\"a-unordered-list a-vertical a-spacing-mini\">\n<li><span class=\"a-list-item\">Materiales de alta calidad:el material ABS se selecciona para los dedos de pr\u00e1ctica de u\u00f1as,las yemas de los dedos est\u00e1n hechas de silicona,la punta de la u\u00f1a no es f\u00e1cil de caer, no es f\u00e1cil de da\u00f1ar durante el desmontaje.<\/span><\/li>\n<li><span class=\"a-list-item\">Flexible:este dedo de pr\u00e1ctica de u\u00f1as acr\u00edlicas puede doblar cualquier articulaci\u00f3n del dedo,es eficiente y flexible,y simula f\u00e1cilmente los diversos movimientos de las articulaciones de los dedos humanos.<\/span><\/li>\n<li><span class=\"a-list-item\">Reutilizable:este modelo de pr\u00e1ctica de dedos de la mano de la u\u00f1a se puede usar repetidamente,lo cual es muy adecuado para la pr\u00e1ctica de las u\u00f1as.El dedo se puede desmontar con las puntas de las u\u00f1as de repuesto de reemplazo de 100 piezas,las puntas de las u\u00f1as postizas se pueden insertar firmemente en los dedos, los dedos pueden ser insertado en la base,luego puede dise\u00f1ar y pintar patrones de arte de u\u00f1as en ellos.<\/span><\/li>\n<li><span class=\"a-list-item\">Amplias aplicaciones:practicar los dedos de la mano para u\u00f1as acr\u00edlicas facilita la pr\u00e1ctica del dise\u00f1o de u\u00f1as.Se puede usar para acr\u00edlico,pr\u00e1ctica de u\u00f1as y ejercicios de envoltura.Es muy adecuado para principiantes,productos de u\u00f1as acr\u00edlicas y amantes de las u\u00f1as para dise\u00f1ar u\u00f1as.en casa o en salones.<\/span><\/li>\n<li><span class=\"a-list-item\">Embalaje y servicio:3 pr\u00e1cticas de entrenamiento con los dedos para las u\u00f1as y una base y 100 puntas de repuesto para u\u00f1as de repuesto.Estamos comprometidos con los m\u00e1s altos est\u00e1ndares de calidad.Su satisfacci\u00f3n es nuestra principal prioridad; cualquier problema de calidad,no dude en contactarnos,lo haremos nuestro mejor esfuerzo para satisfacer su satisfacci\u00f3n<\/span><\/li>\n<\/ul>","protected":false},"excerpt":{"rendered":"<p>Materiales de alta calidad:el material ABS se selecciona para los dedos de pr\u00e1ctica de u\u00f1as,las yemas de los dedos est\u00e1n hechas de&hellip;<\/p>","protected":false},"featured_media":8136,"comment_status":"open","ping_status":"closed","template":"","meta":[],"product_cat":[82,101],"product_tag":[],"yoast_head":"<!-- This site is optimized with the Yoast SEO plugin v19.9 - https:\/\/yoast.com\/wordpress\/plugins\/seo\/ -->\n<title>Dedos para Practica,3 Piezas flexible y 100 Piezas de Puntas de u\u00f1as Reemplazables, Dedo Falso con base para practica de acrilico Marr\u00f3n - Hanna Cosm\u00e9tica<\/title>\n<meta name=\"robots\" content=\"index, follow, max-snippet:-1, max-image-preview:large, max-video-preview:-1\" \/>\n<link rel=\"canonical\" href=\"https:\/\/hannacosmetica.com\/fr\/tienda\/manicura\/complementos\/practica-dedo-dedos3-piezas-flexible-dedo-de-practica-dedos-100-piezas-de-puntas-de-unas-reemplazables-dedo-de-entrenamiento-con-base-practica-dedo-falso-para-acrilico-para-manicura-marron\/\" \/>\n<meta property=\"og:locale\" content=\"fr_FR\" \/>\n<meta property=\"og:type\" content=\"article\" \/>\n<meta property=\"og:title\" content=\"Dedos para Practica,3 Piezas flexible y 100 Piezas de Puntas de u\u00f1as Reemplazables, Dedo Falso con base para practica de acrilico Marr\u00f3n - Hanna Cosm\u00e9tica\" \/>\n<meta property=\"og:description\" content=\"Materiales de alta calidad:el material ABS se selecciona para los dedos de pr\u00e1ctica de u\u00f1as,las yemas de los dedos est\u00e1n hechas de&hellip;\" \/>\n<meta property=\"og:url\" content=\"https:\/\/hannacosmetica.com\/fr\/tienda\/manicura\/complementos\/practica-dedo-dedos3-piezas-flexible-dedo-de-practica-dedos-100-piezas-de-puntas-de-unas-reemplazables-dedo-de-entrenamiento-con-base-practica-dedo-falso-para-acrilico-para-manicura-marron\/\" \/>\n<meta property=\"og:site_name\" content=\"Hanna Cosm\u00e9tica\" \/>\n<meta property=\"article:modified_time\" content=\"2023-10-25T08:43:48+00:00\" \/>\n<meta property=\"og:image\" content=\"https:\/\/hannacosmetica.com\/wp-content\/uploads\/2022\/10\/61Gzwc0Qd3L._AC_SX679_.jpg\" \/>\n\t<meta property=\"og:image:width\" content=\"679\" \/>\n\t<meta property=\"og:image:height\" content=\"681\" \/>\n\t<meta property=\"og:image:type\" content=\"image\/jpeg\" \/>\n<meta name=\"twitter:card\" content=\"summary_large_image\" \/>\n<script type=\"application\/ld+json\" class=\"yoast-schema-graph\">{\"@context\":\"https:\/\/schema.org\",\"@graph\":[{\"@type\":\"WebPage\",\"@id\":\"https:\/\/hannacosmetica.com\/tienda\/manicura\/complementos\/practica-dedo-dedos3-piezas-flexible-dedo-de-practica-dedos-100-piezas-de-puntas-de-unas-reemplazables-dedo-de-entrenamiento-con-base-practica-dedo-falso-para-acrilico-para-manicura-marron\/\",\"url\":\"https:\/\/hannacosmetica.com\/tienda\/manicura\/complementos\/practica-dedo-dedos3-piezas-flexible-dedo-de-practica-dedos-100-piezas-de-puntas-de-unas-reemplazables-dedo-de-entrenamiento-con-base-practica-dedo-falso-para-acrilico-para-manicura-marron\/\",\"name\":\"Dedos para Practica,3 Piezas flexible y 100 Piezas de Puntas de u\u00f1as Reemplazables, Dedo Falso con base para practica de acrilico Marr\u00f3n - Hanna Cosm\u00e9tica\",\"isPartOf\":{\"@id\":\"https:\/\/hannacosmetica.com\/#website\"},\"datePublished\":\"2022-10-12T08:28:29+00:00\",\"dateModified\":\"2023-10-25T08:43:48+00:00\",\"breadcrumb\":{\"@id\":\"https:\/\/hannacosmetica.com\/tienda\/manicura\/complementos\/practica-dedo-dedos3-piezas-flexible-dedo-de-practica-dedos-100-piezas-de-puntas-de-unas-reemplazables-dedo-de-entrenamiento-con-base-practica-dedo-falso-para-acrilico-para-manicura-marron\/#breadcrumb\"},\"inLanguage\":\"fr-FR\",\"potentialAction\":[{\"@type\":\"ReadAction\",\"target\":[\"https:\/\/hannacosmetica.com\/tienda\/manicura\/complementos\/practica-dedo-dedos3-piezas-flexible-dedo-de-practica-dedos-100-piezas-de-puntas-de-unas-reemplazables-dedo-de-entrenamiento-con-base-practica-dedo-falso-para-acrilico-para-manicura-marron\/\"]}]},{\"@type\":\"BreadcrumbList\",\"@id\":\"https:\/\/hannacosmetica.com\/tienda\/manicura\/complementos\/practica-dedo-dedos3-piezas-flexible-dedo-de-practica-dedos-100-piezas-de-puntas-de-unas-reemplazables-dedo-de-entrenamiento-con-base-practica-dedo-falso-para-acrilico-para-manicura-marron\/#breadcrumb\",\"itemListElement\":[{\"@type\":\"ListItem\",\"position\":1,\"name\":\"Portada\",\"item\":\"https:\/\/hannacosmetica.com\/\"},{\"@type\":\"ListItem\",\"position\":2,\"name\":\"Tienda\",\"item\":\"https:\/\/hannacosmetica.com\/shop\/\"},{\"@type\":\"ListItem\",\"position\":3,\"name\":\"Dedos para Practica,3 Piezas flexible y 100 Piezas de Puntas de u\u00f1as Reemplazables, Dedo Falso con base para practica de acrilico Marr\u00f3n\"}]},{\"@type\":\"WebSite\",\"@id\":\"https:\/\/hannacosmetica.com\/#website\",\"url\":\"https:\/\/hannacosmetica.com\/\",\"name\":\"Hanna Cosm\u00e9tica\",\"description\":\"Tienda de productos u\u00f1as, bellezas y peluquer\u00edas\",\"publisher\":{\"@id\":\"https:\/\/hannacosmetica.com\/#organization\"},\"potentialAction\":[{\"@type\":\"SearchAction\",\"target\":{\"@type\":\"EntryPoint\",\"urlTemplate\":\"https:\/\/hannacosmetica.com\/?s={search_term_string}\"},\"query-input\":\"required name=search_term_string\"}],\"inLanguage\":\"fr-FR\"},{\"@type\":\"Organization\",\"@id\":\"https:\/\/hannacosmetica.com\/#organization\",\"name\":\"Hanna Cosm\u00e9tica\",\"url\":\"https:\/\/hannacosmetica.com\/\",\"logo\":{\"@type\":\"ImageObject\",\"inLanguage\":\"fr-FR\",\"@id\":\"https:\/\/hannacosmetica.com\/#\/schema\/logo\/image\/\",\"url\":\"https:\/\/hannacosmetica.com\/wp-content\/uploads\/2022\/07\/Logo-Joyeria-Femenino-Floral-Negro.png\",\"contentUrl\":\"https:\/\/hannacosmetica.com\/wp-content\/uploads\/2022\/07\/Logo-Joyeria-Femenino-Floral-Negro.png\",\"width\":361,\"height\":126,\"caption\":\"Hanna Cosm\u00e9tica\"},\"image\":{\"@id\":\"https:\/\/hannacosmetica.com\/#\/schema\/logo\/image\/\"}}]}<\/script>\n<!-- \/ Yoast SEO plugin. -->","yoast_head_json":{"title":"Dedos para Practica,3 Piezas flexible y 100 Piezas de Puntas de u\u00f1as Reemplazables, Dedo Falso con base para practica de acrilico Marr\u00f3n - Hanna Cosm\u00e9tica","robots":{"index":"index","follow":"follow","max-snippet":"max-snippet:-1","max-image-preview":"max-image-preview:large","max-video-preview":"max-video-preview:-1"},"canonical":"https:\/\/hannacosmetica.com\/fr\/tienda\/manicura\/complementos\/practica-dedo-dedos3-piezas-flexible-dedo-de-practica-dedos-100-piezas-de-puntas-de-unas-reemplazables-dedo-de-entrenamiento-con-base-practica-dedo-falso-para-acrilico-para-manicura-marron\/","og_locale":"fr_FR","og_type":"article","og_title":"Dedos para Practica,3 Piezas flexible y 100 Piezas de Puntas de u\u00f1as Reemplazables, Dedo Falso con base para practica de acrilico Marr\u00f3n - Hanna Cosm\u00e9tica","og_description":"Materiales de alta calidad:el material ABS se selecciona para los dedos de pr\u00e1ctica de u\u00f1as,las yemas de los dedos est\u00e1n hechas de&hellip;","og_url":"https:\/\/hannacosmetica.com\/fr\/tienda\/manicura\/complementos\/practica-dedo-dedos3-piezas-flexible-dedo-de-practica-dedos-100-piezas-de-puntas-de-unas-reemplazables-dedo-de-entrenamiento-con-base-practica-dedo-falso-para-acrilico-para-manicura-marron\/","og_site_name":"Hanna Cosm\u00e9tica","article_modified_time":"2023-10-25T08:43:48+00:00","og_image":[{"width":679,"height":681,"url":"https:\/\/hannacosmetica.com\/wp-content\/uploads\/2022\/10\/61Gzwc0Qd3L._AC_SX679_.jpg","type":"image\/jpeg"}],"twitter_card":"summary_large_image","schema":{"@context":"https:\/\/schema.org","@graph":[{"@type":"WebPage","@id":"https:\/\/hannacosmetica.com\/tienda\/manicura\/complementos\/practica-dedo-dedos3-piezas-flexible-dedo-de-practica-dedos-100-piezas-de-puntas-de-unas-reemplazables-dedo-de-entrenamiento-con-base-practica-dedo-falso-para-acrilico-para-manicura-marron\/","url":"https:\/\/hannacosmetica.com\/tienda\/manicura\/complementos\/practica-dedo-dedos3-piezas-flexible-dedo-de-practica-dedos-100-piezas-de-puntas-de-unas-reemplazables-dedo-de-entrenamiento-con-base-practica-dedo-falso-para-acrilico-para-manicura-marron\/","name":"Dedos para Practica,3 Piezas flexible y 100 Piezas de Puntas de u\u00f1as Reemplazables, Dedo Falso con base para practica de acrilico Marr\u00f3n - Hanna Cosm\u00e9tica","isPartOf":{"@id":"https:\/\/hannacosmetica.com\/#website"},"datePublished":"2022-10-12T08:28:29+00:00","dateModified":"2023-10-25T08:43:48+00:00","breadcrumb":{"@id":"https:\/\/hannacosmetica.com\/tienda\/manicura\/complementos\/practica-dedo-dedos3-piezas-flexible-dedo-de-practica-dedos-100-piezas-de-puntas-de-unas-reemplazables-dedo-de-entrenamiento-con-base-practica-dedo-falso-para-acrilico-para-manicura-marron\/#breadcrumb"},"inLanguage":"fr-FR","potentialAction":[{"@type":"ReadAction","target":["https:\/\/hannacosmetica.com\/tienda\/manicura\/complementos\/practica-dedo-dedos3-piezas-flexible-dedo-de-practica-dedos-100-piezas-de-puntas-de-unas-reemplazables-dedo-de-entrenamiento-con-base-practica-dedo-falso-para-acrilico-para-manicura-marron\/"]}]},{"@type":"BreadcrumbList","@id":"https:\/\/hannacosmetica.com\/tienda\/manicura\/complementos\/practica-dedo-dedos3-piezas-flexible-dedo-de-practica-dedos-100-piezas-de-puntas-de-unas-reemplazables-dedo-de-entrenamiento-con-base-practica-dedo-falso-para-acrilico-para-manicura-marron\/#breadcrumb","itemListElement":[{"@type":"ListItem","position":1,"name":"Portada","item":"https:\/\/hannacosmetica.com\/"},{"@type":"ListItem","position":2,"name":"Tienda","item":"https:\/\/hannacosmetica.com\/shop\/"},{"@type":"ListItem","position":3,"name":"Dedos para Practica,3 Piezas flexible y 100 Piezas de Puntas de u\u00f1as Reemplazables, Dedo Falso con base para practica de acrilico Marr\u00f3n"}]},{"@type":"WebSite","@id":"https:\/\/hannacosmetica.com\/#website","url":"https:\/\/hannacosmetica.com\/","name":"Hanna Cosm\u00e9tica","description":"Tienda de productos u\u00f1as, bellezas y peluquer\u00edas","publisher":{"@id":"https:\/\/hannacosmetica.com\/#organization"},"potentialAction":[{"@type":"SearchAction","target":{"@type":"EntryPoint","urlTemplate":"https:\/\/hannacosmetica.com\/?s={search_term_string}"},"query-input":"required name=search_term_string"}],"inLanguage":"fr-FR"},{"@type":"Organization","@id":"https:\/\/hannacosmetica.com\/#organization","name":"Hanna Cosm\u00e9tica","url":"https:\/\/hannacosmetica.com\/","logo":{"@type":"ImageObject","inLanguage":"fr-FR","@id":"https:\/\/hannacosmetica.com\/#\/schema\/logo\/image\/","url":"https:\/\/hannacosmetica.com\/wp-content\/uploads\/2022\/07\/Logo-Joyeria-Femenino-Floral-Negro.png","contentUrl":"https:\/\/hannacosmetica.com\/wp-content\/uploads\/2022\/07\/Logo-Joyeria-Femenino-Floral-Negro.png","width":361,"height":126,"caption":"Hanna Cosm\u00e9tica"},"image":{"@id":"https:\/\/hannacosmetica.com\/#\/schema\/logo\/image\/"}}]}},"_links":{"self":[{"href":"https:\/\/hannacosmetica.com\/fr\/wp-json\/wp\/v2\/product\/8135"}],"collection":[{"href":"https:\/\/hannacosmetica.com\/fr\/wp-json\/wp\/v2\/product"}],"about":[{"href":"https:\/\/hannacosmetica.com\/fr\/wp-json\/wp\/v2\/types\/product"}],"replies":[{"embeddable":true,"href":"https:\/\/hannacosmetica.com\/fr\/wp-json\/wp\/v2\/comments?post=8135"}],"version-history":[{"count":3,"href":"https:\/\/hannacosmetica.com\/fr\/wp-json\/wp\/v2\/product\/8135\/revisions"}],"predecessor-version":[{"id":8757,"href":"https:\/\/hannacosmetica.com\/fr\/wp-json\/wp\/v2\/product\/8135\/revisions\/8757"}],"wp:featuredmedia":[{"embeddable":true,"href":"https:\/\/hannacosmetica.com\/fr\/wp-json\/wp\/v2\/media\/8136"}],"wp:attachment":[{"href":"https:\/\/hannacosmetica.com\/fr\/wp-json\/wp\/v2\/media?parent=8135"}],"wp:term":[{"taxonomy":"product_cat","embeddable":true,"href":"https:\/\/hannacosmetica.com\/fr\/wp-json\/wp\/v2\/product_cat?post=8135"},{"taxonomy":"product_tag","embeddable":true,"href":"https:\/\/hannacosmetica.com\/fr\/wp-json\/wp\/v2\/product_tag?post=8135"}],"curies":[{"name":"wp","href":"https:\/\/api.w.org\/{rel}","templated":true}]}}