{"id":7725,"date":"2022-10-08T11:38:24","date_gmt":"2022-10-08T11:38:24","guid":{"rendered":"https:\/\/hannacosmetica.com\/?post_type=product&#038;p=7725"},"modified":"2025-07-31T16:42:38","modified_gmt":"2025-07-31T16:42:38","slug":"torno-para-unas-30000rpm-de-manicura-y-pedicura","status":"publish","type":"product","link":"https:\/\/hannacosmetica.com\/fr\/tienda\/maquinaria\/tornos-para-unas\/torno-para-unas-30000rpm-de-manicura-y-pedicura\/","title":{"rendered":"Torno para U\u00f1as 30000RPM De Manicura Y Pedicura"},"content":{"rendered":"<ul class=\"a-unordered-list a-vertical a-spacing-mini\">\n<li><span class=\"a-list-item\">\ud83d\udc9e \u3010Dise\u00f1o \u00fanico\u3011: molinillo de u\u00f1as profesional, es silencioso y suave, dise\u00f1o de muy baja vibraci\u00f3n, agarre c\u00f3modo. El bajo ruido y la vibraci\u00f3n garantizan un funcionamiento suave y a largo plazo. Velocidad ajustable, velocidad de hasta 30 000 rpm.<\/span><\/li>\n<li><span class=\"a-list-item\">\ud83d\udc95 \u3010Alta Calidad\u3011: Se adapta a diferentes ambientes de trabajo con un dise\u00f1o elegante y ergon\u00f3mico. Adopta una estructura resistente tipo broche, conveniente y segura para cargar y descargar. Interruptor de direcci\u00f3n de avance\/retroceso adecuado para operaci\u00f3n con la mano izquierda o derecha. F\u00e1cil de usar.<\/span><\/li>\n<li><span class=\"a-list-item\">\ud83d\udc9b \u3010Componentes del corta\u00fa\u00f1as el\u00e9ctrico de alta calidad\u3011: El sistema tradicional tiene una estructura de doble amortiguador, r\u00e1pida disipaci\u00f3n de calor y bajo nivel de ruido. El mango tiene un disipador de calor \u00fanico que no causa sobrecalentamiento cuando se usa durante mucho tiempo, lo que puede extender efectivamente la vida \u00fatil de la pieza de mano.<\/span><\/li>\n<li><span class=\"a-list-item\">\ud83d\udc9c \u3010Aplicaci\u00f3n multifuncional\u3011: el taladro de u\u00f1as es adecuado para manicura, pedicura, exfoliaci\u00f3n, pulido, alisado, cuidado, u\u00f1as naturales, lo ayuda a obtener una manicura y pedicura de calidad profesional en el hogar.<\/span><\/li>\n<li><span class=\"a-list-item\">\ud83d\udc99 \u00c1mbito de aplicaci\u00f3n\u3011: f\u00e1cil de usar, se puede usar en salones de belleza, spas o pedicura, u\u00f1as, etc. Atenci\u00f3n: mantenga el material seco.<\/span><\/li>\n<\/ul>","protected":false},"excerpt":{"rendered":"<p>\ud83d\udc9e \u3010Dise\u00f1o \u00fanico\u3011: molinillo de u\u00f1as profesional, es silencioso y suave, dise\u00f1o de muy baja vibraci\u00f3n, agarre c\u00f3modo. El bajo ruido y&hellip;<\/p>","protected":false},"featured_media":7729,"comment_status":"open","ping_status":"closed","template":"","meta":[],"product_cat":[86,118],"product_tag":[],"yoast_head":"<!-- This site is optimized with the Yoast SEO plugin v19.9 - https:\/\/yoast.com\/wordpress\/plugins\/seo\/ -->\n<title>Torno para U\u00f1as 30000RPM De Manicura Y Pedicura - Hanna Cosm\u00e9tica<\/title>\n<meta name=\"robots\" content=\"index, follow, max-snippet:-1, max-image-preview:large, max-video-preview:-1\" \/>\n<link rel=\"canonical\" href=\"https:\/\/hannacosmetica.com\/fr\/tienda\/maquinaria\/tornos-para-unas\/torno-para-unas-30000rpm-de-manicura-y-pedicura\/\" \/>\n<meta property=\"og:locale\" content=\"fr_FR\" \/>\n<meta property=\"og:type\" content=\"article\" \/>\n<meta property=\"og:title\" content=\"Torno para U\u00f1as 30000RPM De Manicura Y Pedicura - Hanna Cosm\u00e9tica\" \/>\n<meta property=\"og:description\" content=\"\ud83d\udc9e \u3010Dise\u00f1o \u00fanico\u3011: molinillo de u\u00f1as profesional, es silencioso y suave, dise\u00f1o de muy baja vibraci\u00f3n, agarre c\u00f3modo. El bajo ruido y&hellip;\" \/>\n<meta property=\"og:url\" content=\"https:\/\/hannacosmetica.com\/fr\/tienda\/maquinaria\/tornos-para-unas\/torno-para-unas-30000rpm-de-manicura-y-pedicura\/\" \/>\n<meta property=\"og:site_name\" content=\"Hanna Cosm\u00e9tica\" \/>\n<meta property=\"article:modified_time\" content=\"2025-07-31T16:42:38+00:00\" \/>\n<meta property=\"og:image\" content=\"https:\/\/hannacosmetica.com\/wp-content\/uploads\/2022\/10\/\u6253\u78e8\u673a\u62f3\u5934\u7c891.jpg\" \/>\n\t<meta property=\"og:image:width\" content=\"400\" \/>\n\t<meta property=\"og:image:height\" content=\"400\" \/>\n\t<meta property=\"og:image:type\" content=\"image\/jpeg\" \/>\n<meta name=\"twitter:card\" content=\"summary_large_image\" \/>\n<script type=\"application\/ld+json\" class=\"yoast-schema-graph\">{\"@context\":\"https:\/\/schema.org\",\"@graph\":[{\"@type\":\"WebPage\",\"@id\":\"https:\/\/hannacosmetica.com\/tienda\/maquinaria\/tornos-para-unas\/torno-para-unas-30000rpm-de-manicura-y-pedicura\/\",\"url\":\"https:\/\/hannacosmetica.com\/tienda\/maquinaria\/tornos-para-unas\/torno-para-unas-30000rpm-de-manicura-y-pedicura\/\",\"name\":\"Torno para U\u00f1as 30000RPM De Manicura Y Pedicura - Hanna Cosm\u00e9tica\",\"isPartOf\":{\"@id\":\"https:\/\/hannacosmetica.com\/#website\"},\"datePublished\":\"2022-10-08T11:38:24+00:00\",\"dateModified\":\"2025-07-31T16:42:38+00:00\",\"breadcrumb\":{\"@id\":\"https:\/\/hannacosmetica.com\/tienda\/maquinaria\/tornos-para-unas\/torno-para-unas-30000rpm-de-manicura-y-pedicura\/#breadcrumb\"},\"inLanguage\":\"fr-FR\",\"potentialAction\":[{\"@type\":\"ReadAction\",\"target\":[\"https:\/\/hannacosmetica.com\/tienda\/maquinaria\/tornos-para-unas\/torno-para-unas-30000rpm-de-manicura-y-pedicura\/\"]}]},{\"@type\":\"BreadcrumbList\",\"@id\":\"https:\/\/hannacosmetica.com\/tienda\/maquinaria\/tornos-para-unas\/torno-para-unas-30000rpm-de-manicura-y-pedicura\/#breadcrumb\",\"itemListElement\":[{\"@type\":\"ListItem\",\"position\":1,\"name\":\"Portada\",\"item\":\"https:\/\/hannacosmetica.com\/\"},{\"@type\":\"ListItem\",\"position\":2,\"name\":\"Tienda\",\"item\":\"https:\/\/hannacosmetica.com\/shop\/\"},{\"@type\":\"ListItem\",\"position\":3,\"name\":\"Torno para U\u00f1as 30000RPM De Manicura Y Pedicura\"}]},{\"@type\":\"WebSite\",\"@id\":\"https:\/\/hannacosmetica.com\/#website\",\"url\":\"https:\/\/hannacosmetica.com\/\",\"name\":\"Hanna Cosm\u00e9tica\",\"description\":\"Tienda de productos u\u00f1as, bellezas y peluquer\u00edas\",\"publisher\":{\"@id\":\"https:\/\/hannacosmetica.com\/#organization\"},\"potentialAction\":[{\"@type\":\"SearchAction\",\"target\":{\"@type\":\"EntryPoint\",\"urlTemplate\":\"https:\/\/hannacosmetica.com\/?s={search_term_string}\"},\"query-input\":\"required name=search_term_string\"}],\"inLanguage\":\"fr-FR\"},{\"@type\":\"Organization\",\"@id\":\"https:\/\/hannacosmetica.com\/#organization\",\"name\":\"Hanna Cosm\u00e9tica\",\"url\":\"https:\/\/hannacosmetica.com\/\",\"logo\":{\"@type\":\"ImageObject\",\"inLanguage\":\"fr-FR\",\"@id\":\"https:\/\/hannacosmetica.com\/#\/schema\/logo\/image\/\",\"url\":\"https:\/\/hannacosmetica.com\/wp-content\/uploads\/2022\/07\/Logo-Joyeria-Femenino-Floral-Negro.png\",\"contentUrl\":\"https:\/\/hannacosmetica.com\/wp-content\/uploads\/2022\/07\/Logo-Joyeria-Femenino-Floral-Negro.png\",\"width\":361,\"height\":126,\"caption\":\"Hanna Cosm\u00e9tica\"},\"image\":{\"@id\":\"https:\/\/hannacosmetica.com\/#\/schema\/logo\/image\/\"}}]}<\/script>\n<!-- \/ Yoast SEO plugin. -->","yoast_head_json":{"title":"Torno para U\u00f1as 30000RPM De Manicura Y Pedicura - Hanna Cosm\u00e9tica","robots":{"index":"index","follow":"follow","max-snippet":"max-snippet:-1","max-image-preview":"max-image-preview:large","max-video-preview":"max-video-preview:-1"},"canonical":"https:\/\/hannacosmetica.com\/fr\/tienda\/maquinaria\/tornos-para-unas\/torno-para-unas-30000rpm-de-manicura-y-pedicura\/","og_locale":"fr_FR","og_type":"article","og_title":"Torno para U\u00f1as 30000RPM De Manicura Y Pedicura - Hanna Cosm\u00e9tica","og_description":"\ud83d\udc9e \u3010Dise\u00f1o \u00fanico\u3011: molinillo de u\u00f1as profesional, es silencioso y suave, dise\u00f1o de muy baja vibraci\u00f3n, agarre c\u00f3modo. El bajo ruido y&hellip;","og_url":"https:\/\/hannacosmetica.com\/fr\/tienda\/maquinaria\/tornos-para-unas\/torno-para-unas-30000rpm-de-manicura-y-pedicura\/","og_site_name":"Hanna Cosm\u00e9tica","article_modified_time":"2025-07-31T16:42:38+00:00","og_image":[{"width":400,"height":400,"url":"https:\/\/hannacosmetica.com\/wp-content\/uploads\/2022\/10\/\u6253\u78e8\u673a\u62f3\u5934\u7c891.jpg","type":"image\/jpeg"}],"twitter_card":"summary_large_image","schema":{"@context":"https:\/\/schema.org","@graph":[{"@type":"WebPage","@id":"https:\/\/hannacosmetica.com\/tienda\/maquinaria\/tornos-para-unas\/torno-para-unas-30000rpm-de-manicura-y-pedicura\/","url":"https:\/\/hannacosmetica.com\/tienda\/maquinaria\/tornos-para-unas\/torno-para-unas-30000rpm-de-manicura-y-pedicura\/","name":"Torno para U\u00f1as 30000RPM De Manicura Y Pedicura - Hanna Cosm\u00e9tica","isPartOf":{"@id":"https:\/\/hannacosmetica.com\/#website"},"datePublished":"2022-10-08T11:38:24+00:00","dateModified":"2025-07-31T16:42:38+00:00","breadcrumb":{"@id":"https:\/\/hannacosmetica.com\/tienda\/maquinaria\/tornos-para-unas\/torno-para-unas-30000rpm-de-manicura-y-pedicura\/#breadcrumb"},"inLanguage":"fr-FR","potentialAction":[{"@type":"ReadAction","target":["https:\/\/hannacosmetica.com\/tienda\/maquinaria\/tornos-para-unas\/torno-para-unas-30000rpm-de-manicura-y-pedicura\/"]}]},{"@type":"BreadcrumbList","@id":"https:\/\/hannacosmetica.com\/tienda\/maquinaria\/tornos-para-unas\/torno-para-unas-30000rpm-de-manicura-y-pedicura\/#breadcrumb","itemListElement":[{"@type":"ListItem","position":1,"name":"Portada","item":"https:\/\/hannacosmetica.com\/"},{"@type":"ListItem","position":2,"name":"Tienda","item":"https:\/\/hannacosmetica.com\/shop\/"},{"@type":"ListItem","position":3,"name":"Torno para U\u00f1as 30000RPM De Manicura Y Pedicura"}]},{"@type":"WebSite","@id":"https:\/\/hannacosmetica.com\/#website","url":"https:\/\/hannacosmetica.com\/","name":"Hanna Cosm\u00e9tica","description":"Tienda de productos u\u00f1as, bellezas y peluquer\u00edas","publisher":{"@id":"https:\/\/hannacosmetica.com\/#organization"},"potentialAction":[{"@type":"SearchAction","target":{"@type":"EntryPoint","urlTemplate":"https:\/\/hannacosmetica.com\/?s={search_term_string}"},"query-input":"required name=search_term_string"}],"inLanguage":"fr-FR"},{"@type":"Organization","@id":"https:\/\/hannacosmetica.com\/#organization","name":"Hanna Cosm\u00e9tica","url":"https:\/\/hannacosmetica.com\/","logo":{"@type":"ImageObject","inLanguage":"fr-FR","@id":"https:\/\/hannacosmetica.com\/#\/schema\/logo\/image\/","url":"https:\/\/hannacosmetica.com\/wp-content\/uploads\/2022\/07\/Logo-Joyeria-Femenino-Floral-Negro.png","contentUrl":"https:\/\/hannacosmetica.com\/wp-content\/uploads\/2022\/07\/Logo-Joyeria-Femenino-Floral-Negro.png","width":361,"height":126,"caption":"Hanna Cosm\u00e9tica"},"image":{"@id":"https:\/\/hannacosmetica.com\/#\/schema\/logo\/image\/"}}]}},"_links":{"self":[{"href":"https:\/\/hannacosmetica.com\/fr\/wp-json\/wp\/v2\/product\/7725"}],"collection":[{"href":"https:\/\/hannacosmetica.com\/fr\/wp-json\/wp\/v2\/product"}],"about":[{"href":"https:\/\/hannacosmetica.com\/fr\/wp-json\/wp\/v2\/types\/product"}],"replies":[{"embeddable":true,"href":"https:\/\/hannacosmetica.com\/fr\/wp-json\/wp\/v2\/comments?post=7725"}],"version-history":[{"count":1,"href":"https:\/\/hannacosmetica.com\/fr\/wp-json\/wp\/v2\/product\/7725\/revisions"}],"predecessor-version":[{"id":7732,"href":"https:\/\/hannacosmetica.com\/fr\/wp-json\/wp\/v2\/product\/7725\/revisions\/7732"}],"wp:featuredmedia":[{"embeddable":true,"href":"https:\/\/hannacosmetica.com\/fr\/wp-json\/wp\/v2\/media\/7729"}],"wp:attachment":[{"href":"https:\/\/hannacosmetica.com\/fr\/wp-json\/wp\/v2\/media?parent=7725"}],"wp:term":[{"taxonomy":"product_cat","embeddable":true,"href":"https:\/\/hannacosmetica.com\/fr\/wp-json\/wp\/v2\/product_cat?post=7725"},{"taxonomy":"product_tag","embeddable":true,"href":"https:\/\/hannacosmetica.com\/fr\/wp-json\/wp\/v2\/product_tag?post=7725"}],"curies":[{"name":"wp","href":"https:\/\/api.w.org\/{rel}","templated":true}]}}