{"id":7122,"date":"2022-09-30T15:07:13","date_gmt":"2022-09-30T15:07:13","guid":{"rendered":"https:\/\/hannacosmetica.com\/?post_type=product&#038;p=7122"},"modified":"2023-10-25T13:13:29","modified_gmt":"2023-10-25T13:13:29","slug":"mostrador-exhibidor-unas-muestrario-de-visualizacion-de-unas-herramienta-de-exhibicion-de-barra-de-unas-falsa-unas-muestras-mostrador-display-practica-palo-en-forma-de-abanico-muestras-unas","status":"publish","type":"product","link":"https:\/\/hannacosmetica.com\/fr\/tienda\/manicura\/complementos\/mostrador-exhibidor-unas-muestrario-de-visualizacion-de-unas-herramienta-de-exhibicion-de-barra-de-unas-falsa-unas-muestras-mostrador-display-practica-palo-en-forma-de-abanico-muestras-unas\/","title":{"rendered":"Mostrador Exhibidor U\u00f1as, Muestrario de Visualizaci\u00f3n de U\u00f1as Mostrador Display Pr\u00e1ctica Palo en Forma de Abanico Muestras U\u00f1as"},"content":{"rendered":"<ul>\n<li>U\u00f1as Falsa Muestras,Hecho de pl\u00e1stico, liviano, impermeable y duradero<\/li>\n<li>Se puede utilizar como tabla de pr\u00e1ctica y paleta de esmalte de u\u00f1as.<\/li>\n<li>\u00a0Ideal para uso profesional, pr\u00e1ctica en el hogar o visualizaci\u00f3n de ventanas, etc.<\/li>\n<li>50 piezas de esmalte de u\u00f1as se pueden pintar para que los hu\u00e9spedes puedan elegir<\/li>\n<\/ul>","protected":false},"excerpt":{"rendered":"<p>U\u00f1as Falsa Muestras,Hecho de pl\u00e1stico, liviano, impermeable y duradero Se puede utilizar como tabla de pr\u00e1ctica y paleta de esmalte de u\u00f1as.&hellip;<\/p>","protected":false},"featured_media":7123,"comment_status":"open","ping_status":"closed","template":"","meta":[],"product_cat":[82,101],"product_tag":[],"yoast_head":"<!-- This site is optimized with the Yoast SEO plugin v19.9 - https:\/\/yoast.com\/wordpress\/plugins\/seo\/ -->\n<title>Mostrador Exhibidor U\u00f1as, Muestrario de Visualizaci\u00f3n de U\u00f1as Mostrador Display Pr\u00e1ctica Palo en Forma de Abanico Muestras U\u00f1as - Hanna Cosm\u00e9tica<\/title>\n<meta name=\"robots\" content=\"index, follow, max-snippet:-1, max-image-preview:large, max-video-preview:-1\" \/>\n<link rel=\"canonical\" href=\"https:\/\/hannacosmetica.com\/fr\/tienda\/manicura\/complementos\/mostrador-exhibidor-unas-muestrario-de-visualizacion-de-unas-herramienta-de-exhibicion-de-barra-de-unas-falsa-unas-muestras-mostrador-display-practica-palo-en-forma-de-abanico-muestras-unas\/\" \/>\n<meta property=\"og:locale\" content=\"fr_FR\" \/>\n<meta property=\"og:type\" content=\"article\" \/>\n<meta property=\"og:title\" content=\"Mostrador Exhibidor U\u00f1as, Muestrario de Visualizaci\u00f3n de U\u00f1as Mostrador Display Pr\u00e1ctica Palo en Forma de Abanico Muestras U\u00f1as - Hanna Cosm\u00e9tica\" \/>\n<meta property=\"og:description\" content=\"U\u00f1as Falsa Muestras,Hecho de pl\u00e1stico, liviano, impermeable y duradero Se puede utilizar como tabla de pr\u00e1ctica y paleta de esmalte de u\u00f1as.&hellip;\" \/>\n<meta property=\"og:url\" content=\"https:\/\/hannacosmetica.com\/fr\/tienda\/manicura\/complementos\/mostrador-exhibidor-unas-muestrario-de-visualizacion-de-unas-herramienta-de-exhibicion-de-barra-de-unas-falsa-unas-muestras-mostrador-display-practica-palo-en-forma-de-abanico-muestras-unas\/\" \/>\n<meta property=\"og:site_name\" content=\"Hanna Cosm\u00e9tica\" \/>\n<meta property=\"article:modified_time\" content=\"2023-10-25T13:13:29+00:00\" \/>\n<meta property=\"og:image\" content=\"https:\/\/hannacosmetica.com\/wp-content\/uploads\/2022\/09\/1-1-2.jpg\" \/>\n\t<meta property=\"og:image:width\" content=\"2048\" \/>\n\t<meta property=\"og:image:height\" content=\"2048\" \/>\n\t<meta property=\"og:image:type\" content=\"image\/jpeg\" \/>\n<meta name=\"twitter:card\" content=\"summary_large_image\" \/>\n<script type=\"application\/ld+json\" class=\"yoast-schema-graph\">{\"@context\":\"https:\/\/schema.org\",\"@graph\":[{\"@type\":\"WebPage\",\"@id\":\"https:\/\/hannacosmetica.com\/tienda\/manicura\/complementos\/mostrador-exhibidor-unas-muestrario-de-visualizacion-de-unas-herramienta-de-exhibicion-de-barra-de-unas-falsa-unas-muestras-mostrador-display-practica-palo-en-forma-de-abanico-muestras-unas\/\",\"url\":\"https:\/\/hannacosmetica.com\/tienda\/manicura\/complementos\/mostrador-exhibidor-unas-muestrario-de-visualizacion-de-unas-herramienta-de-exhibicion-de-barra-de-unas-falsa-unas-muestras-mostrador-display-practica-palo-en-forma-de-abanico-muestras-unas\/\",\"name\":\"Mostrador Exhibidor U\u00f1as, Muestrario de Visualizaci\u00f3n de U\u00f1as Mostrador Display Pr\u00e1ctica Palo en Forma de Abanico Muestras U\u00f1as - Hanna Cosm\u00e9tica\",\"isPartOf\":{\"@id\":\"https:\/\/hannacosmetica.com\/#website\"},\"datePublished\":\"2022-09-30T15:07:13+00:00\",\"dateModified\":\"2023-10-25T13:13:29+00:00\",\"breadcrumb\":{\"@id\":\"https:\/\/hannacosmetica.com\/tienda\/manicura\/complementos\/mostrador-exhibidor-unas-muestrario-de-visualizacion-de-unas-herramienta-de-exhibicion-de-barra-de-unas-falsa-unas-muestras-mostrador-display-practica-palo-en-forma-de-abanico-muestras-unas\/#breadcrumb\"},\"inLanguage\":\"fr-FR\",\"potentialAction\":[{\"@type\":\"ReadAction\",\"target\":[\"https:\/\/hannacosmetica.com\/tienda\/manicura\/complementos\/mostrador-exhibidor-unas-muestrario-de-visualizacion-de-unas-herramienta-de-exhibicion-de-barra-de-unas-falsa-unas-muestras-mostrador-display-practica-palo-en-forma-de-abanico-muestras-unas\/\"]}]},{\"@type\":\"BreadcrumbList\",\"@id\":\"https:\/\/hannacosmetica.com\/tienda\/manicura\/complementos\/mostrador-exhibidor-unas-muestrario-de-visualizacion-de-unas-herramienta-de-exhibicion-de-barra-de-unas-falsa-unas-muestras-mostrador-display-practica-palo-en-forma-de-abanico-muestras-unas\/#breadcrumb\",\"itemListElement\":[{\"@type\":\"ListItem\",\"position\":1,\"name\":\"Portada\",\"item\":\"https:\/\/hannacosmetica.com\/\"},{\"@type\":\"ListItem\",\"position\":2,\"name\":\"Tienda\",\"item\":\"https:\/\/hannacosmetica.com\/shop\/\"},{\"@type\":\"ListItem\",\"position\":3,\"name\":\"Mostrador Exhibidor U\u00f1as, Muestrario de Visualizaci\u00f3n de U\u00f1as Mostrador Display Pr\u00e1ctica Palo en Forma de Abanico Muestras U\u00f1as\"}]},{\"@type\":\"WebSite\",\"@id\":\"https:\/\/hannacosmetica.com\/#website\",\"url\":\"https:\/\/hannacosmetica.com\/\",\"name\":\"Hanna Cosm\u00e9tica\",\"description\":\"Tienda de productos u\u00f1as, bellezas y peluquer\u00edas\",\"publisher\":{\"@id\":\"https:\/\/hannacosmetica.com\/#organization\"},\"potentialAction\":[{\"@type\":\"SearchAction\",\"target\":{\"@type\":\"EntryPoint\",\"urlTemplate\":\"https:\/\/hannacosmetica.com\/?s={search_term_string}\"},\"query-input\":\"required name=search_term_string\"}],\"inLanguage\":\"fr-FR\"},{\"@type\":\"Organization\",\"@id\":\"https:\/\/hannacosmetica.com\/#organization\",\"name\":\"Hanna Cosm\u00e9tica\",\"url\":\"https:\/\/hannacosmetica.com\/\",\"logo\":{\"@type\":\"ImageObject\",\"inLanguage\":\"fr-FR\",\"@id\":\"https:\/\/hannacosmetica.com\/#\/schema\/logo\/image\/\",\"url\":\"https:\/\/hannacosmetica.com\/wp-content\/uploads\/2022\/07\/Logo-Joyeria-Femenino-Floral-Negro.png\",\"contentUrl\":\"https:\/\/hannacosmetica.com\/wp-content\/uploads\/2022\/07\/Logo-Joyeria-Femenino-Floral-Negro.png\",\"width\":361,\"height\":126,\"caption\":\"Hanna Cosm\u00e9tica\"},\"image\":{\"@id\":\"https:\/\/hannacosmetica.com\/#\/schema\/logo\/image\/\"}}]}<\/script>\n<!-- \/ Yoast SEO plugin. -->","yoast_head_json":{"title":"Mostrador Exhibidor U\u00f1as, Muestrario de Visualizaci\u00f3n de U\u00f1as Mostrador Display Pr\u00e1ctica Palo en Forma de Abanico Muestras U\u00f1as - Hanna Cosm\u00e9tica","robots":{"index":"index","follow":"follow","max-snippet":"max-snippet:-1","max-image-preview":"max-image-preview:large","max-video-preview":"max-video-preview:-1"},"canonical":"https:\/\/hannacosmetica.com\/fr\/tienda\/manicura\/complementos\/mostrador-exhibidor-unas-muestrario-de-visualizacion-de-unas-herramienta-de-exhibicion-de-barra-de-unas-falsa-unas-muestras-mostrador-display-practica-palo-en-forma-de-abanico-muestras-unas\/","og_locale":"fr_FR","og_type":"article","og_title":"Mostrador Exhibidor U\u00f1as, Muestrario de Visualizaci\u00f3n de U\u00f1as Mostrador Display Pr\u00e1ctica Palo en Forma de Abanico Muestras U\u00f1as - Hanna Cosm\u00e9tica","og_description":"U\u00f1as Falsa Muestras,Hecho de pl\u00e1stico, liviano, impermeable y duradero Se puede utilizar como tabla de pr\u00e1ctica y paleta de esmalte de u\u00f1as.&hellip;","og_url":"https:\/\/hannacosmetica.com\/fr\/tienda\/manicura\/complementos\/mostrador-exhibidor-unas-muestrario-de-visualizacion-de-unas-herramienta-de-exhibicion-de-barra-de-unas-falsa-unas-muestras-mostrador-display-practica-palo-en-forma-de-abanico-muestras-unas\/","og_site_name":"Hanna Cosm\u00e9tica","article_modified_time":"2023-10-25T13:13:29+00:00","og_image":[{"width":2048,"height":2048,"url":"https:\/\/hannacosmetica.com\/wp-content\/uploads\/2022\/09\/1-1-2.jpg","type":"image\/jpeg"}],"twitter_card":"summary_large_image","schema":{"@context":"https:\/\/schema.org","@graph":[{"@type":"WebPage","@id":"https:\/\/hannacosmetica.com\/tienda\/manicura\/complementos\/mostrador-exhibidor-unas-muestrario-de-visualizacion-de-unas-herramienta-de-exhibicion-de-barra-de-unas-falsa-unas-muestras-mostrador-display-practica-palo-en-forma-de-abanico-muestras-unas\/","url":"https:\/\/hannacosmetica.com\/tienda\/manicura\/complementos\/mostrador-exhibidor-unas-muestrario-de-visualizacion-de-unas-herramienta-de-exhibicion-de-barra-de-unas-falsa-unas-muestras-mostrador-display-practica-palo-en-forma-de-abanico-muestras-unas\/","name":"Mostrador Exhibidor U\u00f1as, Muestrario de Visualizaci\u00f3n de U\u00f1as Mostrador Display Pr\u00e1ctica Palo en Forma de Abanico Muestras U\u00f1as - Hanna Cosm\u00e9tica","isPartOf":{"@id":"https:\/\/hannacosmetica.com\/#website"},"datePublished":"2022-09-30T15:07:13+00:00","dateModified":"2023-10-25T13:13:29+00:00","breadcrumb":{"@id":"https:\/\/hannacosmetica.com\/tienda\/manicura\/complementos\/mostrador-exhibidor-unas-muestrario-de-visualizacion-de-unas-herramienta-de-exhibicion-de-barra-de-unas-falsa-unas-muestras-mostrador-display-practica-palo-en-forma-de-abanico-muestras-unas\/#breadcrumb"},"inLanguage":"fr-FR","potentialAction":[{"@type":"ReadAction","target":["https:\/\/hannacosmetica.com\/tienda\/manicura\/complementos\/mostrador-exhibidor-unas-muestrario-de-visualizacion-de-unas-herramienta-de-exhibicion-de-barra-de-unas-falsa-unas-muestras-mostrador-display-practica-palo-en-forma-de-abanico-muestras-unas\/"]}]},{"@type":"BreadcrumbList","@id":"https:\/\/hannacosmetica.com\/tienda\/manicura\/complementos\/mostrador-exhibidor-unas-muestrario-de-visualizacion-de-unas-herramienta-de-exhibicion-de-barra-de-unas-falsa-unas-muestras-mostrador-display-practica-palo-en-forma-de-abanico-muestras-unas\/#breadcrumb","itemListElement":[{"@type":"ListItem","position":1,"name":"Portada","item":"https:\/\/hannacosmetica.com\/"},{"@type":"ListItem","position":2,"name":"Tienda","item":"https:\/\/hannacosmetica.com\/shop\/"},{"@type":"ListItem","position":3,"name":"Mostrador Exhibidor U\u00f1as, Muestrario de Visualizaci\u00f3n de U\u00f1as Mostrador Display Pr\u00e1ctica Palo en Forma de Abanico Muestras U\u00f1as"}]},{"@type":"WebSite","@id":"https:\/\/hannacosmetica.com\/#website","url":"https:\/\/hannacosmetica.com\/","name":"Hanna Cosm\u00e9tica","description":"Tienda de productos u\u00f1as, bellezas y peluquer\u00edas","publisher":{"@id":"https:\/\/hannacosmetica.com\/#organization"},"potentialAction":[{"@type":"SearchAction","target":{"@type":"EntryPoint","urlTemplate":"https:\/\/hannacosmetica.com\/?s={search_term_string}"},"query-input":"required name=search_term_string"}],"inLanguage":"fr-FR"},{"@type":"Organization","@id":"https:\/\/hannacosmetica.com\/#organization","name":"Hanna Cosm\u00e9tica","url":"https:\/\/hannacosmetica.com\/","logo":{"@type":"ImageObject","inLanguage":"fr-FR","@id":"https:\/\/hannacosmetica.com\/#\/schema\/logo\/image\/","url":"https:\/\/hannacosmetica.com\/wp-content\/uploads\/2022\/07\/Logo-Joyeria-Femenino-Floral-Negro.png","contentUrl":"https:\/\/hannacosmetica.com\/wp-content\/uploads\/2022\/07\/Logo-Joyeria-Femenino-Floral-Negro.png","width":361,"height":126,"caption":"Hanna Cosm\u00e9tica"},"image":{"@id":"https:\/\/hannacosmetica.com\/#\/schema\/logo\/image\/"}}]}},"_links":{"self":[{"href":"https:\/\/hannacosmetica.com\/fr\/wp-json\/wp\/v2\/product\/7122"}],"collection":[{"href":"https:\/\/hannacosmetica.com\/fr\/wp-json\/wp\/v2\/product"}],"about":[{"href":"https:\/\/hannacosmetica.com\/fr\/wp-json\/wp\/v2\/types\/product"}],"replies":[{"embeddable":true,"href":"https:\/\/hannacosmetica.com\/fr\/wp-json\/wp\/v2\/comments?post=7122"}],"version-history":[{"count":2,"href":"https:\/\/hannacosmetica.com\/fr\/wp-json\/wp\/v2\/product\/7122\/revisions"}],"predecessor-version":[{"id":8760,"href":"https:\/\/hannacosmetica.com\/fr\/wp-json\/wp\/v2\/product\/7122\/revisions\/8760"}],"wp:featuredmedia":[{"embeddable":true,"href":"https:\/\/hannacosmetica.com\/fr\/wp-json\/wp\/v2\/media\/7123"}],"wp:attachment":[{"href":"https:\/\/hannacosmetica.com\/fr\/wp-json\/wp\/v2\/media?parent=7122"}],"wp:term":[{"taxonomy":"product_cat","embeddable":true,"href":"https:\/\/hannacosmetica.com\/fr\/wp-json\/wp\/v2\/product_cat?post=7122"},{"taxonomy":"product_tag","embeddable":true,"href":"https:\/\/hannacosmetica.com\/fr\/wp-json\/wp\/v2\/product_tag?post=7122"}],"curies":[{"name":"wp","href":"https:\/\/api.w.org\/{rel}","templated":true}]}}