{"id":7109,"date":"2022-09-30T14:51:23","date_gmt":"2022-09-30T14:51:23","guid":{"rendered":"https:\/\/hannacosmetica.com\/?post_type=product&#038;p=7109"},"modified":"2023-10-25T13:15:25","modified_gmt":"2023-10-25T13:15:25","slug":"maletin-para-maquillajeunaspeluqueria-maleta-neceser-cosmetica-profesioal-maletin-multiusos-maletin-365x24x29cm-3-niveles-negro3","status":"publish","type":"product","link":"https:\/\/hannacosmetica.com\/fr\/tienda\/manicura\/maletin\/maletin-para-maquillajeunaspeluqueria-maleta-neceser-cosmetica-profesioal-maletin-multiusos-maletin-365x24x29cm-3-niveles-negro3\/","title":{"rendered":"Malet\u00edn Para Maquillaje,U\u00f1as,Peluqueria\/ Maleta Neceser Cosm\u00e9tica Profesioal\/Maletin Multiusos Malet\u00edn 36&#8217;5x24x29cm 3 Niveles. Negro3"},"content":{"rendered":"<ul class=\"a-unordered-list a-vertical a-spacing-mini\">\n<li><span class=\"a-list-item\">PORT\u00c1TIL Y SEGURO: Este estuche de dise\u00f1o port\u00e1til cuenta con un mango de agarre para facilitar su transporte. Tambi\u00e9n se puede cerrar con 2 llaves para mayor privacidad y seguridad, ideal para llevar tus cosm\u00e9ticos cuando viajes<\/span><\/li>\n<li><span class=\"a-list-item\">GRAN ALMACENAJE: Los divisores en los cajones se deslizan, se pueden ajustar en tama\u00f1o seg\u00fan las necesidades de almacenamiento, como maquillaje, peque\u00f1os accesorios, juguetes, herramientas, cosm\u00e9ticos, etc.<\/span><\/li>\n<li><span class=\"a-list-item\">RESISTENTE Y DURADERO: Este estuche de maquillaje est\u00e1 hecho con un marco de aleaci\u00f3n de aluminio reforzado y tablero de MDF para mayor durabilidad y resistencia<\/span><\/li>\n<li><span class=\"a-list-item\">FELPA SUAVE EN EL INTERIOR: El interior est\u00e1 tapizado en felpa suave para ayudar a amortiguar el impacto de los art\u00edculos sueltos y reducir su deslizamiento al agregar textura a las superficies<\/span><\/li>\n<li><span class=\"a-list-item\">MEDIDAS TOTALES: 36,5x24x29 cm (LxANxAL). Medidas de la caja superior: 32,5x9x2,5 cm (LxANxAL). Medidas de la caja inferior: 34,5x22x13 cm (LxANxAL)<\/span><\/li>\n<li>COLOR: Negro -marco plata<\/li>\n<\/ul>","protected":false},"excerpt":{"rendered":"<p>PORT\u00c1TIL Y SEGURO: Este estuche de dise\u00f1o port\u00e1til cuenta con un mango de agarre para facilitar su transporte. Tambi\u00e9n se puede cerrar&hellip;<\/p>","protected":false},"featured_media":7111,"comment_status":"open","ping_status":"closed","template":"","meta":[],"product_cat":[154,82],"product_tag":[],"yoast_head":"<!-- This site is optimized with the Yoast SEO plugin v19.9 - https:\/\/yoast.com\/wordpress\/plugins\/seo\/ -->\n<title>Malet\u00edn Para Maquillaje,U\u00f1as,Peluqueria\/ Maleta Neceser Cosm\u00e9tica Profesioal\/Maletin Multiusos Malet\u00edn 36&#039;5x24x29cm 3 Niveles. Negro3 - Hanna Cosm\u00e9tica<\/title>\n<meta name=\"robots\" content=\"index, follow, max-snippet:-1, max-image-preview:large, max-video-preview:-1\" \/>\n<link rel=\"canonical\" href=\"https:\/\/hannacosmetica.com\/fr\/tienda\/manicura\/maletin\/maletin-para-maquillajeunaspeluqueria-maleta-neceser-cosmetica-profesioal-maletin-multiusos-maletin-365x24x29cm-3-niveles-negro3\/\" \/>\n<meta property=\"og:locale\" content=\"fr_FR\" \/>\n<meta property=\"og:type\" content=\"article\" \/>\n<meta property=\"og:title\" content=\"Malet\u00edn Para Maquillaje,U\u00f1as,Peluqueria\/ Maleta Neceser Cosm\u00e9tica Profesioal\/Maletin Multiusos Malet\u00edn 36&#039;5x24x29cm 3 Niveles. Negro3 - Hanna Cosm\u00e9tica\" \/>\n<meta property=\"og:description\" content=\"PORT\u00c1TIL Y SEGURO: Este estuche de dise\u00f1o port\u00e1til cuenta con un mango de agarre para facilitar su transporte. Tambi\u00e9n se puede cerrar&hellip;\" \/>\n<meta property=\"og:url\" content=\"https:\/\/hannacosmetica.com\/fr\/tienda\/manicura\/maletin\/maletin-para-maquillajeunaspeluqueria-maleta-neceser-cosmetica-profesioal-maletin-multiusos-maletin-365x24x29cm-3-niveles-negro3\/\" \/>\n<meta property=\"og:site_name\" content=\"Hanna Cosm\u00e9tica\" \/>\n<meta property=\"article:modified_time\" content=\"2023-10-25T13:15:25+00:00\" \/>\n<meta property=\"og:image\" content=\"https:\/\/hannacosmetica.com\/wp-content\/uploads\/2022\/09\/12-1.jpg\" \/>\n\t<meta property=\"og:image:width\" content=\"2048\" \/>\n\t<meta property=\"og:image:height\" content=\"2048\" \/>\n\t<meta property=\"og:image:type\" content=\"image\/jpeg\" \/>\n<meta name=\"twitter:card\" content=\"summary_large_image\" \/>\n<script type=\"application\/ld+json\" class=\"yoast-schema-graph\">{\"@context\":\"https:\/\/schema.org\",\"@graph\":[{\"@type\":\"WebPage\",\"@id\":\"https:\/\/hannacosmetica.com\/tienda\/manicura\/maletin\/maletin-para-maquillajeunaspeluqueria-maleta-neceser-cosmetica-profesioal-maletin-multiusos-maletin-365x24x29cm-3-niveles-negro3\/\",\"url\":\"https:\/\/hannacosmetica.com\/tienda\/manicura\/maletin\/maletin-para-maquillajeunaspeluqueria-maleta-neceser-cosmetica-profesioal-maletin-multiusos-maletin-365x24x29cm-3-niveles-negro3\/\",\"name\":\"Malet\u00edn Para Maquillaje,U\u00f1as,Peluqueria\/ Maleta Neceser Cosm\u00e9tica Profesioal\/Maletin Multiusos Malet\u00edn 36'5x24x29cm 3 Niveles. Negro3 - Hanna Cosm\u00e9tica\",\"isPartOf\":{\"@id\":\"https:\/\/hannacosmetica.com\/#website\"},\"datePublished\":\"2022-09-30T14:51:23+00:00\",\"dateModified\":\"2023-10-25T13:15:25+00:00\",\"breadcrumb\":{\"@id\":\"https:\/\/hannacosmetica.com\/tienda\/manicura\/maletin\/maletin-para-maquillajeunaspeluqueria-maleta-neceser-cosmetica-profesioal-maletin-multiusos-maletin-365x24x29cm-3-niveles-negro3\/#breadcrumb\"},\"inLanguage\":\"fr-FR\",\"potentialAction\":[{\"@type\":\"ReadAction\",\"target\":[\"https:\/\/hannacosmetica.com\/tienda\/manicura\/maletin\/maletin-para-maquillajeunaspeluqueria-maleta-neceser-cosmetica-profesioal-maletin-multiusos-maletin-365x24x29cm-3-niveles-negro3\/\"]}]},{\"@type\":\"BreadcrumbList\",\"@id\":\"https:\/\/hannacosmetica.com\/tienda\/manicura\/maletin\/maletin-para-maquillajeunaspeluqueria-maleta-neceser-cosmetica-profesioal-maletin-multiusos-maletin-365x24x29cm-3-niveles-negro3\/#breadcrumb\",\"itemListElement\":[{\"@type\":\"ListItem\",\"position\":1,\"name\":\"Portada\",\"item\":\"https:\/\/hannacosmetica.com\/\"},{\"@type\":\"ListItem\",\"position\":2,\"name\":\"Tienda\",\"item\":\"https:\/\/hannacosmetica.com\/shop\/\"},{\"@type\":\"ListItem\",\"position\":3,\"name\":\"Malet\u00edn Para Maquillaje,U\u00f1as,Peluqueria\/ Maleta Neceser Cosm\u00e9tica Profesioal\/Maletin Multiusos Malet\u00edn 36&#8217;5x24x29cm 3 Niveles. Negro3\"}]},{\"@type\":\"WebSite\",\"@id\":\"https:\/\/hannacosmetica.com\/#website\",\"url\":\"https:\/\/hannacosmetica.com\/\",\"name\":\"Hanna Cosm\u00e9tica\",\"description\":\"Tienda de productos u\u00f1as, bellezas y peluquer\u00edas\",\"publisher\":{\"@id\":\"https:\/\/hannacosmetica.com\/#organization\"},\"potentialAction\":[{\"@type\":\"SearchAction\",\"target\":{\"@type\":\"EntryPoint\",\"urlTemplate\":\"https:\/\/hannacosmetica.com\/?s={search_term_string}\"},\"query-input\":\"required name=search_term_string\"}],\"inLanguage\":\"fr-FR\"},{\"@type\":\"Organization\",\"@id\":\"https:\/\/hannacosmetica.com\/#organization\",\"name\":\"Hanna Cosm\u00e9tica\",\"url\":\"https:\/\/hannacosmetica.com\/\",\"logo\":{\"@type\":\"ImageObject\",\"inLanguage\":\"fr-FR\",\"@id\":\"https:\/\/hannacosmetica.com\/#\/schema\/logo\/image\/\",\"url\":\"https:\/\/hannacosmetica.com\/wp-content\/uploads\/2022\/07\/Logo-Joyeria-Femenino-Floral-Negro.png\",\"contentUrl\":\"https:\/\/hannacosmetica.com\/wp-content\/uploads\/2022\/07\/Logo-Joyeria-Femenino-Floral-Negro.png\",\"width\":361,\"height\":126,\"caption\":\"Hanna Cosm\u00e9tica\"},\"image\":{\"@id\":\"https:\/\/hannacosmetica.com\/#\/schema\/logo\/image\/\"}}]}<\/script>\n<!-- \/ Yoast SEO plugin. -->","yoast_head_json":{"title":"Malet\u00edn Para Maquillaje,U\u00f1as,Peluqueria\/ Maleta Neceser Cosm\u00e9tica Profesioal\/Maletin Multiusos Malet\u00edn 36'5x24x29cm 3 Niveles. Negro3 - Hanna Cosm\u00e9tica","robots":{"index":"index","follow":"follow","max-snippet":"max-snippet:-1","max-image-preview":"max-image-preview:large","max-video-preview":"max-video-preview:-1"},"canonical":"https:\/\/hannacosmetica.com\/fr\/tienda\/manicura\/maletin\/maletin-para-maquillajeunaspeluqueria-maleta-neceser-cosmetica-profesioal-maletin-multiusos-maletin-365x24x29cm-3-niveles-negro3\/","og_locale":"fr_FR","og_type":"article","og_title":"Malet\u00edn Para Maquillaje,U\u00f1as,Peluqueria\/ Maleta Neceser Cosm\u00e9tica Profesioal\/Maletin Multiusos Malet\u00edn 36'5x24x29cm 3 Niveles. Negro3 - Hanna Cosm\u00e9tica","og_description":"PORT\u00c1TIL Y SEGURO: Este estuche de dise\u00f1o port\u00e1til cuenta con un mango de agarre para facilitar su transporte. Tambi\u00e9n se puede cerrar&hellip;","og_url":"https:\/\/hannacosmetica.com\/fr\/tienda\/manicura\/maletin\/maletin-para-maquillajeunaspeluqueria-maleta-neceser-cosmetica-profesioal-maletin-multiusos-maletin-365x24x29cm-3-niveles-negro3\/","og_site_name":"Hanna Cosm\u00e9tica","article_modified_time":"2023-10-25T13:15:25+00:00","og_image":[{"width":2048,"height":2048,"url":"https:\/\/hannacosmetica.com\/wp-content\/uploads\/2022\/09\/12-1.jpg","type":"image\/jpeg"}],"twitter_card":"summary_large_image","schema":{"@context":"https:\/\/schema.org","@graph":[{"@type":"WebPage","@id":"https:\/\/hannacosmetica.com\/tienda\/manicura\/maletin\/maletin-para-maquillajeunaspeluqueria-maleta-neceser-cosmetica-profesioal-maletin-multiusos-maletin-365x24x29cm-3-niveles-negro3\/","url":"https:\/\/hannacosmetica.com\/tienda\/manicura\/maletin\/maletin-para-maquillajeunaspeluqueria-maleta-neceser-cosmetica-profesioal-maletin-multiusos-maletin-365x24x29cm-3-niveles-negro3\/","name":"Malet\u00edn Para Maquillaje,U\u00f1as,Peluqueria\/ Maleta Neceser Cosm\u00e9tica Profesioal\/Maletin Multiusos Malet\u00edn 36'5x24x29cm 3 Niveles. Negro3 - Hanna Cosm\u00e9tica","isPartOf":{"@id":"https:\/\/hannacosmetica.com\/#website"},"datePublished":"2022-09-30T14:51:23+00:00","dateModified":"2023-10-25T13:15:25+00:00","breadcrumb":{"@id":"https:\/\/hannacosmetica.com\/tienda\/manicura\/maletin\/maletin-para-maquillajeunaspeluqueria-maleta-neceser-cosmetica-profesioal-maletin-multiusos-maletin-365x24x29cm-3-niveles-negro3\/#breadcrumb"},"inLanguage":"fr-FR","potentialAction":[{"@type":"ReadAction","target":["https:\/\/hannacosmetica.com\/tienda\/manicura\/maletin\/maletin-para-maquillajeunaspeluqueria-maleta-neceser-cosmetica-profesioal-maletin-multiusos-maletin-365x24x29cm-3-niveles-negro3\/"]}]},{"@type":"BreadcrumbList","@id":"https:\/\/hannacosmetica.com\/tienda\/manicura\/maletin\/maletin-para-maquillajeunaspeluqueria-maleta-neceser-cosmetica-profesioal-maletin-multiusos-maletin-365x24x29cm-3-niveles-negro3\/#breadcrumb","itemListElement":[{"@type":"ListItem","position":1,"name":"Portada","item":"https:\/\/hannacosmetica.com\/"},{"@type":"ListItem","position":2,"name":"Tienda","item":"https:\/\/hannacosmetica.com\/shop\/"},{"@type":"ListItem","position":3,"name":"Malet\u00edn Para Maquillaje,U\u00f1as,Peluqueria\/ Maleta Neceser Cosm\u00e9tica Profesioal\/Maletin Multiusos Malet\u00edn 36&#8217;5x24x29cm 3 Niveles. Negro3"}]},{"@type":"WebSite","@id":"https:\/\/hannacosmetica.com\/#website","url":"https:\/\/hannacosmetica.com\/","name":"Hanna Cosm\u00e9tica","description":"Tienda de productos u\u00f1as, bellezas y peluquer\u00edas","publisher":{"@id":"https:\/\/hannacosmetica.com\/#organization"},"potentialAction":[{"@type":"SearchAction","target":{"@type":"EntryPoint","urlTemplate":"https:\/\/hannacosmetica.com\/?s={search_term_string}"},"query-input":"required name=search_term_string"}],"inLanguage":"fr-FR"},{"@type":"Organization","@id":"https:\/\/hannacosmetica.com\/#organization","name":"Hanna Cosm\u00e9tica","url":"https:\/\/hannacosmetica.com\/","logo":{"@type":"ImageObject","inLanguage":"fr-FR","@id":"https:\/\/hannacosmetica.com\/#\/schema\/logo\/image\/","url":"https:\/\/hannacosmetica.com\/wp-content\/uploads\/2022\/07\/Logo-Joyeria-Femenino-Floral-Negro.png","contentUrl":"https:\/\/hannacosmetica.com\/wp-content\/uploads\/2022\/07\/Logo-Joyeria-Femenino-Floral-Negro.png","width":361,"height":126,"caption":"Hanna Cosm\u00e9tica"},"image":{"@id":"https:\/\/hannacosmetica.com\/#\/schema\/logo\/image\/"}}]}},"_links":{"self":[{"href":"https:\/\/hannacosmetica.com\/fr\/wp-json\/wp\/v2\/product\/7109"}],"collection":[{"href":"https:\/\/hannacosmetica.com\/fr\/wp-json\/wp\/v2\/product"}],"about":[{"href":"https:\/\/hannacosmetica.com\/fr\/wp-json\/wp\/v2\/types\/product"}],"replies":[{"embeddable":true,"href":"https:\/\/hannacosmetica.com\/fr\/wp-json\/wp\/v2\/comments?post=7109"}],"version-history":[{"count":1,"href":"https:\/\/hannacosmetica.com\/fr\/wp-json\/wp\/v2\/product\/7109\/revisions"}],"predecessor-version":[{"id":7115,"href":"https:\/\/hannacosmetica.com\/fr\/wp-json\/wp\/v2\/product\/7109\/revisions\/7115"}],"wp:featuredmedia":[{"embeddable":true,"href":"https:\/\/hannacosmetica.com\/fr\/wp-json\/wp\/v2\/media\/7111"}],"wp:attachment":[{"href":"https:\/\/hannacosmetica.com\/fr\/wp-json\/wp\/v2\/media?parent=7109"}],"wp:term":[{"taxonomy":"product_cat","embeddable":true,"href":"https:\/\/hannacosmetica.com\/fr\/wp-json\/wp\/v2\/product_cat?post=7109"},{"taxonomy":"product_tag","embeddable":true,"href":"https:\/\/hannacosmetica.com\/fr\/wp-json\/wp\/v2\/product_tag?post=7109"}],"curies":[{"name":"wp","href":"https:\/\/api.w.org\/{rel}","templated":true}]}}