{"id":6940,"date":"2022-09-29T16:04:37","date_gmt":"2022-09-29T16:04:37","guid":{"rendered":"https:\/\/hannacosmetica.com\/?post_type=product&#038;p=6940"},"modified":"2025-07-28T10:52:21","modified_gmt":"2025-07-28T10:52:21","slug":"lampara-de-unas-semipermanente-86w","status":"publish","type":"product","link":"https:\/\/hannacosmetica.com\/fr\/tienda\/maquinaria\/lamparas-de-secado-de-unas\/lampara-de-unas-semipermanente-86w\/","title":{"rendered":"Lampara De U\u00f1as Semipermanente 86w"},"content":{"rendered":"<ul class=\"a-unordered-list a-vertical a-spacing-mini\">\n<li><span class=\"a-list-item\">\u3010Secado R\u00e1pido\u3011El l\u00e1mpara de u\u00f1as UV cuenta con 39 cuentas LED de alta calidad y una fuente de alimentaci\u00f3n dual de 86w, lo que permite una polimerizaci\u00f3n m\u00e1s r\u00e1pida y un secado m\u00e1s eficiente de las u\u00f1as de gel. S\u00f3lo toma el 50% del tiempo de la l\u00e1mpara de u\u00f1as tradicional. Ideal para DIY o Sal\u00f3n de u\u00f1as.<\/span><\/li>\n<li><span class=\"a-list-item\">\u3010Dise\u00f1o \u00danico y Gran Espacio\u3011 dise\u00f1o de forma de diamante, con efecto de galvanoplastia, esta secadora de u\u00f1as puede brillar incluso en la oscuridad. El dise\u00f1o de la esfera tambi\u00e9n permite un mayor espacio y evita fugas de luz.<\/span><\/li>\n<li><span class=\"a-list-item\">\u3010Cura Todos Tipos de Gel\u3011 Los rayos ultravioletas pueden curar pintau\u00f1as semipermanentes\/permanentes, poly nail gel led\/uv, top coat, base coat, etc. No es adecuado para esmalte de u\u00f1as ordinario. \u00a1Esta secadora de u\u00f1as tambi\u00e9n es regalo ideal para mujeres.<\/span><\/li>\n<li><span class=\"a-list-item\">\u3010Sensor Autom\u00e1tico y 4 Temporizadores\u3011 Esta lampara u\u00f1as semipermanentes profesional tiene 4 temporizadores de 10 s, 30 s, 60 s, 99 s, usted puede pre &#8211; establecer el tiempo de curado de acuerdo al tipo de gel. Tambi\u00e9n tiene un sensor infrarrojo inteligente que funciona autom\u00e1ticamente cuando pones la mano en \u00e9l, sin necesidad de un temporizador. La l\u00e1mpara de u\u00f1as tiene una funci\u00f3n de protecci\u00f3n contra la sobretemperatura y puede prevenir que la piel se oscurezca.<\/span><\/li>\n<li><span class=\"a-list-item\">\u3010F\u00e1cil de Limpiar con Base Extra\u00edble\u3011 La base de esta l\u00e1mpara de u\u00f1as es desmontable. Usted puede tratar sus u\u00f1as o u\u00f1as de los pies con o sin esta base. La base extra\u00edble facilita la limpieza de la secadora de u\u00f1as. Limpie este producto con un pa\u00f1o de cocina o un pa\u00f1o de cocina. Si tiene alguna pregunta, por favor p\u00f3ngase en contacto con nosotros.<\/span><\/li>\n<\/ul>","protected":false},"excerpt":{"rendered":"<p>\u3010Secado R\u00e1pido\u3011El l\u00e1mpara de u\u00f1as UV cuenta con 39 cuentas LED de alta calidad y una fuente de alimentaci\u00f3n dual de 86w,&hellip;<\/p>","protected":false},"featured_media":8051,"comment_status":"open","ping_status":"closed","template":"","meta":[],"product_cat":[86,119],"product_tag":[],"yoast_head":"<!-- This site is optimized with the Yoast SEO plugin v19.9 - https:\/\/yoast.com\/wordpress\/plugins\/seo\/ -->\n<title>Lampara De U\u00f1as Semipermanente 86w - Hanna Cosm\u00e9tica<\/title>\n<meta name=\"robots\" content=\"index, follow, max-snippet:-1, max-image-preview:large, max-video-preview:-1\" \/>\n<link rel=\"canonical\" href=\"https:\/\/hannacosmetica.com\/fr\/tienda\/maquinaria\/lamparas-de-secado-de-unas\/lampara-de-unas-semipermanente-86w\/\" \/>\n<meta property=\"og:locale\" content=\"fr_FR\" \/>\n<meta property=\"og:type\" content=\"article\" \/>\n<meta property=\"og:title\" content=\"Lampara De U\u00f1as Semipermanente 86w - Hanna Cosm\u00e9tica\" \/>\n<meta property=\"og:description\" content=\"\u3010Secado R\u00e1pido\u3011El l\u00e1mpara de u\u00f1as UV cuenta con 39 cuentas LED de alta calidad y una fuente de alimentaci\u00f3n dual de 86w,&hellip;\" \/>\n<meta property=\"og:url\" content=\"https:\/\/hannacosmetica.com\/fr\/tienda\/maquinaria\/lamparas-de-secado-de-unas\/lampara-de-unas-semipermanente-86w\/\" \/>\n<meta property=\"og:site_name\" content=\"Hanna Cosm\u00e9tica\" \/>\n<meta property=\"article:modified_time\" content=\"2025-07-28T10:52:21+00:00\" \/>\n<meta property=\"og:image\" content=\"https:\/\/hannacosmetica.com\/wp-content\/uploads\/2022\/09\/\u672a\u547d\u540d\u7684\u8bbe\u8ba1-59-1520x1520.png\" \/>\n\t<meta property=\"og:image:width\" content=\"1520\" \/>\n\t<meta property=\"og:image:height\" content=\"1520\" \/>\n\t<meta property=\"og:image:type\" content=\"image\/png\" \/>\n<meta name=\"twitter:card\" content=\"summary_large_image\" \/>\n<script type=\"application\/ld+json\" class=\"yoast-schema-graph\">{\"@context\":\"https:\/\/schema.org\",\"@graph\":[{\"@type\":\"WebPage\",\"@id\":\"https:\/\/hannacosmetica.com\/tienda\/maquinaria\/lamparas-de-secado-de-unas\/lampara-de-unas-semipermanente-86w\/\",\"url\":\"https:\/\/hannacosmetica.com\/tienda\/maquinaria\/lamparas-de-secado-de-unas\/lampara-de-unas-semipermanente-86w\/\",\"name\":\"Lampara De U\u00f1as Semipermanente 86w - Hanna Cosm\u00e9tica\",\"isPartOf\":{\"@id\":\"https:\/\/hannacosmetica.com\/#website\"},\"datePublished\":\"2022-09-29T16:04:37+00:00\",\"dateModified\":\"2025-07-28T10:52:21+00:00\",\"breadcrumb\":{\"@id\":\"https:\/\/hannacosmetica.com\/tienda\/maquinaria\/lamparas-de-secado-de-unas\/lampara-de-unas-semipermanente-86w\/#breadcrumb\"},\"inLanguage\":\"fr-FR\",\"potentialAction\":[{\"@type\":\"ReadAction\",\"target\":[\"https:\/\/hannacosmetica.com\/tienda\/maquinaria\/lamparas-de-secado-de-unas\/lampara-de-unas-semipermanente-86w\/\"]}]},{\"@type\":\"BreadcrumbList\",\"@id\":\"https:\/\/hannacosmetica.com\/tienda\/maquinaria\/lamparas-de-secado-de-unas\/lampara-de-unas-semipermanente-86w\/#breadcrumb\",\"itemListElement\":[{\"@type\":\"ListItem\",\"position\":1,\"name\":\"Portada\",\"item\":\"https:\/\/hannacosmetica.com\/\"},{\"@type\":\"ListItem\",\"position\":2,\"name\":\"Tienda\",\"item\":\"https:\/\/hannacosmetica.com\/shop\/\"},{\"@type\":\"ListItem\",\"position\":3,\"name\":\"Lampara De U\u00f1as Semipermanente 86w\"}]},{\"@type\":\"WebSite\",\"@id\":\"https:\/\/hannacosmetica.com\/#website\",\"url\":\"https:\/\/hannacosmetica.com\/\",\"name\":\"Hanna Cosm\u00e9tica\",\"description\":\"Tienda de productos u\u00f1as, bellezas y peluquer\u00edas\",\"publisher\":{\"@id\":\"https:\/\/hannacosmetica.com\/#organization\"},\"potentialAction\":[{\"@type\":\"SearchAction\",\"target\":{\"@type\":\"EntryPoint\",\"urlTemplate\":\"https:\/\/hannacosmetica.com\/?s={search_term_string}\"},\"query-input\":\"required name=search_term_string\"}],\"inLanguage\":\"fr-FR\"},{\"@type\":\"Organization\",\"@id\":\"https:\/\/hannacosmetica.com\/#organization\",\"name\":\"Hanna Cosm\u00e9tica\",\"url\":\"https:\/\/hannacosmetica.com\/\",\"logo\":{\"@type\":\"ImageObject\",\"inLanguage\":\"fr-FR\",\"@id\":\"https:\/\/hannacosmetica.com\/#\/schema\/logo\/image\/\",\"url\":\"https:\/\/hannacosmetica.com\/wp-content\/uploads\/2022\/07\/Logo-Joyeria-Femenino-Floral-Negro.png\",\"contentUrl\":\"https:\/\/hannacosmetica.com\/wp-content\/uploads\/2022\/07\/Logo-Joyeria-Femenino-Floral-Negro.png\",\"width\":361,\"height\":126,\"caption\":\"Hanna Cosm\u00e9tica\"},\"image\":{\"@id\":\"https:\/\/hannacosmetica.com\/#\/schema\/logo\/image\/\"}}]}<\/script>\n<!-- \/ Yoast SEO plugin. -->","yoast_head_json":{"title":"Lampara De U\u00f1as Semipermanente 86w - Hanna Cosm\u00e9tica","robots":{"index":"index","follow":"follow","max-snippet":"max-snippet:-1","max-image-preview":"max-image-preview:large","max-video-preview":"max-video-preview:-1"},"canonical":"https:\/\/hannacosmetica.com\/fr\/tienda\/maquinaria\/lamparas-de-secado-de-unas\/lampara-de-unas-semipermanente-86w\/","og_locale":"fr_FR","og_type":"article","og_title":"Lampara De U\u00f1as Semipermanente 86w - Hanna Cosm\u00e9tica","og_description":"\u3010Secado R\u00e1pido\u3011El l\u00e1mpara de u\u00f1as UV cuenta con 39 cuentas LED de alta calidad y una fuente de alimentaci\u00f3n dual de 86w,&hellip;","og_url":"https:\/\/hannacosmetica.com\/fr\/tienda\/maquinaria\/lamparas-de-secado-de-unas\/lampara-de-unas-semipermanente-86w\/","og_site_name":"Hanna Cosm\u00e9tica","article_modified_time":"2025-07-28T10:52:21+00:00","og_image":[{"width":1520,"height":1520,"url":"https:\/\/hannacosmetica.com\/wp-content\/uploads\/2022\/09\/\u672a\u547d\u540d\u7684\u8bbe\u8ba1-59-1520x1520.png","type":"image\/png"}],"twitter_card":"summary_large_image","schema":{"@context":"https:\/\/schema.org","@graph":[{"@type":"WebPage","@id":"https:\/\/hannacosmetica.com\/tienda\/maquinaria\/lamparas-de-secado-de-unas\/lampara-de-unas-semipermanente-86w\/","url":"https:\/\/hannacosmetica.com\/tienda\/maquinaria\/lamparas-de-secado-de-unas\/lampara-de-unas-semipermanente-86w\/","name":"Lampara De U\u00f1as Semipermanente 86w - Hanna Cosm\u00e9tica","isPartOf":{"@id":"https:\/\/hannacosmetica.com\/#website"},"datePublished":"2022-09-29T16:04:37+00:00","dateModified":"2025-07-28T10:52:21+00:00","breadcrumb":{"@id":"https:\/\/hannacosmetica.com\/tienda\/maquinaria\/lamparas-de-secado-de-unas\/lampara-de-unas-semipermanente-86w\/#breadcrumb"},"inLanguage":"fr-FR","potentialAction":[{"@type":"ReadAction","target":["https:\/\/hannacosmetica.com\/tienda\/maquinaria\/lamparas-de-secado-de-unas\/lampara-de-unas-semipermanente-86w\/"]}]},{"@type":"BreadcrumbList","@id":"https:\/\/hannacosmetica.com\/tienda\/maquinaria\/lamparas-de-secado-de-unas\/lampara-de-unas-semipermanente-86w\/#breadcrumb","itemListElement":[{"@type":"ListItem","position":1,"name":"Portada","item":"https:\/\/hannacosmetica.com\/"},{"@type":"ListItem","position":2,"name":"Tienda","item":"https:\/\/hannacosmetica.com\/shop\/"},{"@type":"ListItem","position":3,"name":"Lampara De U\u00f1as Semipermanente 86w"}]},{"@type":"WebSite","@id":"https:\/\/hannacosmetica.com\/#website","url":"https:\/\/hannacosmetica.com\/","name":"Hanna Cosm\u00e9tica","description":"Tienda de productos u\u00f1as, bellezas y peluquer\u00edas","publisher":{"@id":"https:\/\/hannacosmetica.com\/#organization"},"potentialAction":[{"@type":"SearchAction","target":{"@type":"EntryPoint","urlTemplate":"https:\/\/hannacosmetica.com\/?s={search_term_string}"},"query-input":"required name=search_term_string"}],"inLanguage":"fr-FR"},{"@type":"Organization","@id":"https:\/\/hannacosmetica.com\/#organization","name":"Hanna Cosm\u00e9tica","url":"https:\/\/hannacosmetica.com\/","logo":{"@type":"ImageObject","inLanguage":"fr-FR","@id":"https:\/\/hannacosmetica.com\/#\/schema\/logo\/image\/","url":"https:\/\/hannacosmetica.com\/wp-content\/uploads\/2022\/07\/Logo-Joyeria-Femenino-Floral-Negro.png","contentUrl":"https:\/\/hannacosmetica.com\/wp-content\/uploads\/2022\/07\/Logo-Joyeria-Femenino-Floral-Negro.png","width":361,"height":126,"caption":"Hanna Cosm\u00e9tica"},"image":{"@id":"https:\/\/hannacosmetica.com\/#\/schema\/logo\/image\/"}}]}},"_links":{"self":[{"href":"https:\/\/hannacosmetica.com\/fr\/wp-json\/wp\/v2\/product\/6940"}],"collection":[{"href":"https:\/\/hannacosmetica.com\/fr\/wp-json\/wp\/v2\/product"}],"about":[{"href":"https:\/\/hannacosmetica.com\/fr\/wp-json\/wp\/v2\/types\/product"}],"replies":[{"embeddable":true,"href":"https:\/\/hannacosmetica.com\/fr\/wp-json\/wp\/v2\/comments?post=6940"}],"version-history":[{"count":2,"href":"https:\/\/hannacosmetica.com\/fr\/wp-json\/wp\/v2\/product\/6940\/revisions"}],"predecessor-version":[{"id":6956,"href":"https:\/\/hannacosmetica.com\/fr\/wp-json\/wp\/v2\/product\/6940\/revisions\/6956"}],"wp:featuredmedia":[{"embeddable":true,"href":"https:\/\/hannacosmetica.com\/fr\/wp-json\/wp\/v2\/media\/8051"}],"wp:attachment":[{"href":"https:\/\/hannacosmetica.com\/fr\/wp-json\/wp\/v2\/media?parent=6940"}],"wp:term":[{"taxonomy":"product_cat","embeddable":true,"href":"https:\/\/hannacosmetica.com\/fr\/wp-json\/wp\/v2\/product_cat?post=6940"},{"taxonomy":"product_tag","embeddable":true,"href":"https:\/\/hannacosmetica.com\/fr\/wp-json\/wp\/v2\/product_tag?post=6940"}],"curies":[{"name":"wp","href":"https:\/\/api.w.org\/{rel}","templated":true}]}}