{"id":6918,"date":"2022-09-29T15:01:14","date_gmt":"2022-09-29T15:01:14","guid":{"rendered":"https:\/\/hannacosmetica.com\/?post_type=product&#038;p=6918"},"modified":"2023-10-25T14:31:11","modified_gmt":"2023-10-25T14:31:11","slug":"papel-molde-de-guia-para-unas-pegatina-para-extension-de-unas-acrilicas-gel-uv-500-moldes-para-extension-de-unas-ovalada-3","status":"publish","type":"product","link":"https:\/\/hannacosmetica.com\/fr\/tienda\/manicura\/moldes\/papel-molde-de-guia-para-unas-pegatina-para-extension-de-unas-acrilicas-gel-uv-500-moldes-para-extension-de-unas-ovalada-3\/","title":{"rendered":"Papel Molde de Gu\u00eda Para U\u00f1as, Pegatina Para Extensi\u00f3n de U\u00f1as Acr\u00edlicas, Gel UV\/500 Moldes Para Extensi\u00f3n de u\u00f1as Ovalada"},"content":{"rendered":"<ul class=\"a-unordered-list a-vertical a-spacing-mini\">\n<li><span class=\"a-list-item\">Pegatina de apoyo para la extensi\u00f3n de u\u00f1as, el papel gu\u00eda se utiliza para extender la longitud de las u\u00f1as y cambiar sus formas, grandes ayudantes para el cuidado de u\u00f1as para extensi\u00f3n de u\u00f1as acr\u00edlicas, extensi\u00f3n de u\u00f1as de gel UV y m\u00e1s<\/span><\/li>\n<li><span class=\"a-list-item\">500 piezas Todos est\u00e1n perfectamente dispuestos en un rollo, asegurando un f\u00e1cil almacenamiento y un uso c\u00f3modo<\/span><\/li>\n<li><span class=\"a-list-item\">Marcado y perforado: los n\u00fameros est\u00e1n marcados en cada pegatina de forma de u\u00f1a, seguro que proporcionar\u00e1 una gu\u00eda precisa para hacer tus u\u00f1as bonitas. El dise\u00f1o de cola perforado es para una f\u00e1cil separaci\u00f3n, por lo que es flexible para ajustar para dedos anchos<\/span><\/li>\n<li><span class=\"a-list-item\">Papel autoadhesivo de calidad: hecho de material de papel de calidad, el papel de soporte extendido para u\u00f1as es resistente para el uso diario y no t\u00f3xico para contacto con la piel. La caracter\u00edstica autoadhesiva proporciona comodidad para pegar y quitar<\/span><\/li>\n<li>FORMA OVALADA<\/li>\n<\/ul>","protected":false},"excerpt":{"rendered":"<p>Pegatina de apoyo para la extensi\u00f3n de u\u00f1as, el papel gu\u00eda se utiliza para extender la longitud de las u\u00f1as y cambiar&hellip;<\/p>","protected":false},"featured_media":8105,"comment_status":"open","ping_status":"closed","template":"","meta":[],"product_cat":[82,93],"product_tag":[],"yoast_head":"<!-- This site is optimized with the Yoast SEO plugin v19.9 - https:\/\/yoast.com\/wordpress\/plugins\/seo\/ -->\n<title>Papel Molde de Gu\u00eda Para U\u00f1as, Pegatina Para Extensi\u00f3n de U\u00f1as Acr\u00edlicas, Gel UV\/500 Moldes Para Extensi\u00f3n de u\u00f1as Ovalada - Hanna Cosm\u00e9tica<\/title>\n<meta name=\"robots\" content=\"index, follow, max-snippet:-1, max-image-preview:large, max-video-preview:-1\" \/>\n<link rel=\"canonical\" href=\"https:\/\/hannacosmetica.com\/fr\/tienda\/manicura\/moldes\/papel-molde-de-guia-para-unas-pegatina-para-extension-de-unas-acrilicas-gel-uv-500-moldes-para-extension-de-unas-ovalada-3\/\" \/>\n<meta property=\"og:locale\" content=\"fr_FR\" \/>\n<meta property=\"og:type\" content=\"article\" \/>\n<meta property=\"og:title\" content=\"Papel Molde de Gu\u00eda Para U\u00f1as, Pegatina Para Extensi\u00f3n de U\u00f1as Acr\u00edlicas, Gel UV\/500 Moldes Para Extensi\u00f3n de u\u00f1as Ovalada - Hanna Cosm\u00e9tica\" \/>\n<meta property=\"og:description\" content=\"Pegatina de apoyo para la extensi\u00f3n de u\u00f1as, el papel gu\u00eda se utiliza para extender la longitud de las u\u00f1as y cambiar&hellip;\" \/>\n<meta property=\"og:url\" content=\"https:\/\/hannacosmetica.com\/fr\/tienda\/manicura\/moldes\/papel-molde-de-guia-para-unas-pegatina-para-extension-de-unas-acrilicas-gel-uv-500-moldes-para-extension-de-unas-ovalada-3\/\" \/>\n<meta property=\"og:site_name\" content=\"Hanna Cosm\u00e9tica\" \/>\n<meta property=\"article:modified_time\" content=\"2023-10-25T14:31:11+00:00\" \/>\n<meta property=\"og:image\" content=\"https:\/\/hannacosmetica.com\/wp-content\/uploads\/2022\/09\/\u672a\u547d\u540d\u7684\u8bbe\u8ba1-2022-10-10T183103.731-1520x1520.png\" \/>\n\t<meta property=\"og:image:width\" content=\"1520\" \/>\n\t<meta property=\"og:image:height\" content=\"1520\" \/>\n\t<meta property=\"og:image:type\" content=\"image\/png\" \/>\n<meta name=\"twitter:card\" content=\"summary_large_image\" \/>\n<script type=\"application\/ld+json\" class=\"yoast-schema-graph\">{\"@context\":\"https:\/\/schema.org\",\"@graph\":[{\"@type\":\"WebPage\",\"@id\":\"https:\/\/hannacosmetica.com\/tienda\/manicura\/moldes\/papel-molde-de-guia-para-unas-pegatina-para-extension-de-unas-acrilicas-gel-uv-500-moldes-para-extension-de-unas-ovalada-3\/\",\"url\":\"https:\/\/hannacosmetica.com\/tienda\/manicura\/moldes\/papel-molde-de-guia-para-unas-pegatina-para-extension-de-unas-acrilicas-gel-uv-500-moldes-para-extension-de-unas-ovalada-3\/\",\"name\":\"Papel Molde de Gu\u00eda Para U\u00f1as, Pegatina Para Extensi\u00f3n de U\u00f1as Acr\u00edlicas, Gel UV\/500 Moldes Para Extensi\u00f3n de u\u00f1as Ovalada - Hanna Cosm\u00e9tica\",\"isPartOf\":{\"@id\":\"https:\/\/hannacosmetica.com\/#website\"},\"datePublished\":\"2022-09-29T15:01:14+00:00\",\"dateModified\":\"2023-10-25T14:31:11+00:00\",\"breadcrumb\":{\"@id\":\"https:\/\/hannacosmetica.com\/tienda\/manicura\/moldes\/papel-molde-de-guia-para-unas-pegatina-para-extension-de-unas-acrilicas-gel-uv-500-moldes-para-extension-de-unas-ovalada-3\/#breadcrumb\"},\"inLanguage\":\"fr-FR\",\"potentialAction\":[{\"@type\":\"ReadAction\",\"target\":[\"https:\/\/hannacosmetica.com\/tienda\/manicura\/moldes\/papel-molde-de-guia-para-unas-pegatina-para-extension-de-unas-acrilicas-gel-uv-500-moldes-para-extension-de-unas-ovalada-3\/\"]}]},{\"@type\":\"BreadcrumbList\",\"@id\":\"https:\/\/hannacosmetica.com\/tienda\/manicura\/moldes\/papel-molde-de-guia-para-unas-pegatina-para-extension-de-unas-acrilicas-gel-uv-500-moldes-para-extension-de-unas-ovalada-3\/#breadcrumb\",\"itemListElement\":[{\"@type\":\"ListItem\",\"position\":1,\"name\":\"Portada\",\"item\":\"https:\/\/hannacosmetica.com\/\"},{\"@type\":\"ListItem\",\"position\":2,\"name\":\"Tienda\",\"item\":\"https:\/\/hannacosmetica.com\/shop\/\"},{\"@type\":\"ListItem\",\"position\":3,\"name\":\"Papel Molde de Gu\u00eda Para U\u00f1as, Pegatina Para Extensi\u00f3n de U\u00f1as Acr\u00edlicas, Gel UV\/500 Moldes Para Extensi\u00f3n de u\u00f1as Ovalada\"}]},{\"@type\":\"WebSite\",\"@id\":\"https:\/\/hannacosmetica.com\/#website\",\"url\":\"https:\/\/hannacosmetica.com\/\",\"name\":\"Hanna Cosm\u00e9tica\",\"description\":\"Tienda de productos u\u00f1as, bellezas y peluquer\u00edas\",\"publisher\":{\"@id\":\"https:\/\/hannacosmetica.com\/#organization\"},\"potentialAction\":[{\"@type\":\"SearchAction\",\"target\":{\"@type\":\"EntryPoint\",\"urlTemplate\":\"https:\/\/hannacosmetica.com\/?s={search_term_string}\"},\"query-input\":\"required name=search_term_string\"}],\"inLanguage\":\"fr-FR\"},{\"@type\":\"Organization\",\"@id\":\"https:\/\/hannacosmetica.com\/#organization\",\"name\":\"Hanna Cosm\u00e9tica\",\"url\":\"https:\/\/hannacosmetica.com\/\",\"logo\":{\"@type\":\"ImageObject\",\"inLanguage\":\"fr-FR\",\"@id\":\"https:\/\/hannacosmetica.com\/#\/schema\/logo\/image\/\",\"url\":\"https:\/\/hannacosmetica.com\/wp-content\/uploads\/2022\/07\/Logo-Joyeria-Femenino-Floral-Negro.png\",\"contentUrl\":\"https:\/\/hannacosmetica.com\/wp-content\/uploads\/2022\/07\/Logo-Joyeria-Femenino-Floral-Negro.png\",\"width\":361,\"height\":126,\"caption\":\"Hanna Cosm\u00e9tica\"},\"image\":{\"@id\":\"https:\/\/hannacosmetica.com\/#\/schema\/logo\/image\/\"}}]}<\/script>\n<!-- \/ Yoast SEO plugin. -->","yoast_head_json":{"title":"Papel Molde de Gu\u00eda Para U\u00f1as, Pegatina Para Extensi\u00f3n de U\u00f1as Acr\u00edlicas, Gel UV\/500 Moldes Para Extensi\u00f3n de u\u00f1as Ovalada - Hanna Cosm\u00e9tica","robots":{"index":"index","follow":"follow","max-snippet":"max-snippet:-1","max-image-preview":"max-image-preview:large","max-video-preview":"max-video-preview:-1"},"canonical":"https:\/\/hannacosmetica.com\/fr\/tienda\/manicura\/moldes\/papel-molde-de-guia-para-unas-pegatina-para-extension-de-unas-acrilicas-gel-uv-500-moldes-para-extension-de-unas-ovalada-3\/","og_locale":"fr_FR","og_type":"article","og_title":"Papel Molde de Gu\u00eda Para U\u00f1as, Pegatina Para Extensi\u00f3n de U\u00f1as Acr\u00edlicas, Gel UV\/500 Moldes Para Extensi\u00f3n de u\u00f1as Ovalada - Hanna Cosm\u00e9tica","og_description":"Pegatina de apoyo para la extensi\u00f3n de u\u00f1as, el papel gu\u00eda se utiliza para extender la longitud de las u\u00f1as y cambiar&hellip;","og_url":"https:\/\/hannacosmetica.com\/fr\/tienda\/manicura\/moldes\/papel-molde-de-guia-para-unas-pegatina-para-extension-de-unas-acrilicas-gel-uv-500-moldes-para-extension-de-unas-ovalada-3\/","og_site_name":"Hanna Cosm\u00e9tica","article_modified_time":"2023-10-25T14:31:11+00:00","og_image":[{"width":1520,"height":1520,"url":"https:\/\/hannacosmetica.com\/wp-content\/uploads\/2022\/09\/\u672a\u547d\u540d\u7684\u8bbe\u8ba1-2022-10-10T183103.731-1520x1520.png","type":"image\/png"}],"twitter_card":"summary_large_image","schema":{"@context":"https:\/\/schema.org","@graph":[{"@type":"WebPage","@id":"https:\/\/hannacosmetica.com\/tienda\/manicura\/moldes\/papel-molde-de-guia-para-unas-pegatina-para-extension-de-unas-acrilicas-gel-uv-500-moldes-para-extension-de-unas-ovalada-3\/","url":"https:\/\/hannacosmetica.com\/tienda\/manicura\/moldes\/papel-molde-de-guia-para-unas-pegatina-para-extension-de-unas-acrilicas-gel-uv-500-moldes-para-extension-de-unas-ovalada-3\/","name":"Papel Molde de Gu\u00eda Para U\u00f1as, Pegatina Para Extensi\u00f3n de U\u00f1as Acr\u00edlicas, Gel UV\/500 Moldes Para Extensi\u00f3n de u\u00f1as Ovalada - Hanna Cosm\u00e9tica","isPartOf":{"@id":"https:\/\/hannacosmetica.com\/#website"},"datePublished":"2022-09-29T15:01:14+00:00","dateModified":"2023-10-25T14:31:11+00:00","breadcrumb":{"@id":"https:\/\/hannacosmetica.com\/tienda\/manicura\/moldes\/papel-molde-de-guia-para-unas-pegatina-para-extension-de-unas-acrilicas-gel-uv-500-moldes-para-extension-de-unas-ovalada-3\/#breadcrumb"},"inLanguage":"fr-FR","potentialAction":[{"@type":"ReadAction","target":["https:\/\/hannacosmetica.com\/tienda\/manicura\/moldes\/papel-molde-de-guia-para-unas-pegatina-para-extension-de-unas-acrilicas-gel-uv-500-moldes-para-extension-de-unas-ovalada-3\/"]}]},{"@type":"BreadcrumbList","@id":"https:\/\/hannacosmetica.com\/tienda\/manicura\/moldes\/papel-molde-de-guia-para-unas-pegatina-para-extension-de-unas-acrilicas-gel-uv-500-moldes-para-extension-de-unas-ovalada-3\/#breadcrumb","itemListElement":[{"@type":"ListItem","position":1,"name":"Portada","item":"https:\/\/hannacosmetica.com\/"},{"@type":"ListItem","position":2,"name":"Tienda","item":"https:\/\/hannacosmetica.com\/shop\/"},{"@type":"ListItem","position":3,"name":"Papel Molde de Gu\u00eda Para U\u00f1as, Pegatina Para Extensi\u00f3n de U\u00f1as Acr\u00edlicas, Gel UV\/500 Moldes Para Extensi\u00f3n de u\u00f1as Ovalada"}]},{"@type":"WebSite","@id":"https:\/\/hannacosmetica.com\/#website","url":"https:\/\/hannacosmetica.com\/","name":"Hanna Cosm\u00e9tica","description":"Tienda de productos u\u00f1as, bellezas y peluquer\u00edas","publisher":{"@id":"https:\/\/hannacosmetica.com\/#organization"},"potentialAction":[{"@type":"SearchAction","target":{"@type":"EntryPoint","urlTemplate":"https:\/\/hannacosmetica.com\/?s={search_term_string}"},"query-input":"required name=search_term_string"}],"inLanguage":"fr-FR"},{"@type":"Organization","@id":"https:\/\/hannacosmetica.com\/#organization","name":"Hanna Cosm\u00e9tica","url":"https:\/\/hannacosmetica.com\/","logo":{"@type":"ImageObject","inLanguage":"fr-FR","@id":"https:\/\/hannacosmetica.com\/#\/schema\/logo\/image\/","url":"https:\/\/hannacosmetica.com\/wp-content\/uploads\/2022\/07\/Logo-Joyeria-Femenino-Floral-Negro.png","contentUrl":"https:\/\/hannacosmetica.com\/wp-content\/uploads\/2022\/07\/Logo-Joyeria-Femenino-Floral-Negro.png","width":361,"height":126,"caption":"Hanna Cosm\u00e9tica"},"image":{"@id":"https:\/\/hannacosmetica.com\/#\/schema\/logo\/image\/"}}]}},"_links":{"self":[{"href":"https:\/\/hannacosmetica.com\/fr\/wp-json\/wp\/v2\/product\/6918"}],"collection":[{"href":"https:\/\/hannacosmetica.com\/fr\/wp-json\/wp\/v2\/product"}],"about":[{"href":"https:\/\/hannacosmetica.com\/fr\/wp-json\/wp\/v2\/types\/product"}],"replies":[{"embeddable":true,"href":"https:\/\/hannacosmetica.com\/fr\/wp-json\/wp\/v2\/comments?post=6918"}],"version-history":[{"count":1,"href":"https:\/\/hannacosmetica.com\/fr\/wp-json\/wp\/v2\/product\/6918\/revisions"}],"predecessor-version":[{"id":6920,"href":"https:\/\/hannacosmetica.com\/fr\/wp-json\/wp\/v2\/product\/6918\/revisions\/6920"}],"wp:featuredmedia":[{"embeddable":true,"href":"https:\/\/hannacosmetica.com\/fr\/wp-json\/wp\/v2\/media\/8105"}],"wp:attachment":[{"href":"https:\/\/hannacosmetica.com\/fr\/wp-json\/wp\/v2\/media?parent=6918"}],"wp:term":[{"taxonomy":"product_cat","embeddable":true,"href":"https:\/\/hannacosmetica.com\/fr\/wp-json\/wp\/v2\/product_cat?post=6918"},{"taxonomy":"product_tag","embeddable":true,"href":"https:\/\/hannacosmetica.com\/fr\/wp-json\/wp\/v2\/product_tag?post=6918"}],"curies":[{"name":"wp","href":"https:\/\/api.w.org\/{rel}","templated":true}]}}