{"id":6797,"date":"2022-09-29T10:57:50","date_gmt":"2022-09-29T10:57:50","guid":{"rendered":"https:\/\/hannacosmetica.com\/?post_type=product&#038;p=6797"},"modified":"2023-10-25T15:24:12","modified_gmt":"2023-10-25T15:24:12","slug":"polvo-de-purpurinas-lentejuelas-holograficas-polvo-con-glitter-y-papel-de-oro-para-decoracion-de-unas47","status":"publish","type":"product","link":"https:\/\/hannacosmetica.com\/fr\/tienda\/manicura\/decoracion\/polvo-de-purpurinas-lentejuelas-holograficas-polvo-con-glitter-y-papel-de-oro-para-decoracion-de-unas47\/","title":{"rendered":"Polvo De Purpurinas, Lentejuelas Holograficas\/ Polvo con Glitter  y Papel de Oro Para Decoraci\u00f3n De U\u00f1as47"},"content":{"rendered":"<ul class=\"a-unordered-list a-vertical a-spacing-mini\">\n<li><span class=\"a-list-item\">Buenos materiales: las lentejuelas de u\u00f1as est\u00e1n hechas de materiales de alta calidad, seguras para usar en la piel. Se puede usar con gel para el cabello o prebase de brillo para mantener los destellos por m\u00e1s tiempo.<\/span><\/li>\n<li><span class=\"a-list-item\">Diferentes colores: las escamas de brillo de u\u00f1as tienen 6 colores diferentes, cada color viene con una peque\u00f1a caja de pl\u00e1stico que lo protege de derrames. Suficiente polvo de brillo puede satisfacer las necesidades de sus artes de u\u00f1as de bricolaje.<\/span><\/li>\n<\/ul>","protected":false},"excerpt":{"rendered":"<p>Buenos materiales: las lentejuelas de u\u00f1as est\u00e1n hechas de materiales de alta calidad, seguras para usar en la piel. Se puede usar&hellip;<\/p>","protected":false},"featured_media":6798,"comment_status":"open","ping_status":"closed","template":"","meta":[],"product_cat":[82,98],"product_tag":[],"yoast_head":"<!-- This site is optimized with the Yoast SEO plugin v19.9 - https:\/\/yoast.com\/wordpress\/plugins\/seo\/ -->\n<title>Polvo De Purpurinas, Lentejuelas Holograficas\/ Polvo con Glitter y Papel de Oro Para Decoraci\u00f3n De U\u00f1as47 - Hanna Cosm\u00e9tica<\/title>\n<meta name=\"robots\" content=\"index, follow, max-snippet:-1, max-image-preview:large, max-video-preview:-1\" \/>\n<link rel=\"canonical\" href=\"https:\/\/hannacosmetica.com\/fr\/tienda\/manicura\/decoracion\/polvo-de-purpurinas-lentejuelas-holograficas-polvo-con-glitter-y-papel-de-oro-para-decoracion-de-unas47\/\" \/>\n<meta property=\"og:locale\" content=\"fr_FR\" \/>\n<meta property=\"og:type\" content=\"article\" \/>\n<meta property=\"og:title\" content=\"Polvo De Purpurinas, Lentejuelas Holograficas\/ Polvo con Glitter y Papel de Oro Para Decoraci\u00f3n De U\u00f1as47 - Hanna Cosm\u00e9tica\" \/>\n<meta property=\"og:description\" content=\"Buenos materiales: las lentejuelas de u\u00f1as est\u00e1n hechas de materiales de alta calidad, seguras para usar en la piel. Se puede usar&hellip;\" \/>\n<meta property=\"og:url\" content=\"https:\/\/hannacosmetica.com\/fr\/tienda\/manicura\/decoracion\/polvo-de-purpurinas-lentejuelas-holograficas-polvo-con-glitter-y-papel-de-oro-para-decoracion-de-unas47\/\" \/>\n<meta property=\"og:site_name\" content=\"Hanna Cosm\u00e9tica\" \/>\n<meta property=\"article:modified_time\" content=\"2023-10-25T15:24:12+00:00\" \/>\n<meta property=\"og:image\" content=\"https:\/\/hannacosmetica.com\/wp-content\/uploads\/2022\/09\/dd79a8b6-54b1-4425-891f-066942afdce5.jpg\" \/>\n\t<meta property=\"og:image:width\" content=\"2048\" \/>\n\t<meta property=\"og:image:height\" content=\"2048\" \/>\n\t<meta property=\"og:image:type\" content=\"image\/jpeg\" \/>\n<meta name=\"twitter:card\" content=\"summary_large_image\" \/>\n<script type=\"application\/ld+json\" class=\"yoast-schema-graph\">{\"@context\":\"https:\/\/schema.org\",\"@graph\":[{\"@type\":\"WebPage\",\"@id\":\"https:\/\/hannacosmetica.com\/tienda\/manicura\/decoracion\/polvo-de-purpurinas-lentejuelas-holograficas-polvo-con-glitter-y-papel-de-oro-para-decoracion-de-unas47\/\",\"url\":\"https:\/\/hannacosmetica.com\/tienda\/manicura\/decoracion\/polvo-de-purpurinas-lentejuelas-holograficas-polvo-con-glitter-y-papel-de-oro-para-decoracion-de-unas47\/\",\"name\":\"Polvo De Purpurinas, Lentejuelas Holograficas\/ Polvo con Glitter y Papel de Oro Para Decoraci\u00f3n De U\u00f1as47 - Hanna Cosm\u00e9tica\",\"isPartOf\":{\"@id\":\"https:\/\/hannacosmetica.com\/#website\"},\"datePublished\":\"2022-09-29T10:57:50+00:00\",\"dateModified\":\"2023-10-25T15:24:12+00:00\",\"breadcrumb\":{\"@id\":\"https:\/\/hannacosmetica.com\/tienda\/manicura\/decoracion\/polvo-de-purpurinas-lentejuelas-holograficas-polvo-con-glitter-y-papel-de-oro-para-decoracion-de-unas47\/#breadcrumb\"},\"inLanguage\":\"fr-FR\",\"potentialAction\":[{\"@type\":\"ReadAction\",\"target\":[\"https:\/\/hannacosmetica.com\/tienda\/manicura\/decoracion\/polvo-de-purpurinas-lentejuelas-holograficas-polvo-con-glitter-y-papel-de-oro-para-decoracion-de-unas47\/\"]}]},{\"@type\":\"BreadcrumbList\",\"@id\":\"https:\/\/hannacosmetica.com\/tienda\/manicura\/decoracion\/polvo-de-purpurinas-lentejuelas-holograficas-polvo-con-glitter-y-papel-de-oro-para-decoracion-de-unas47\/#breadcrumb\",\"itemListElement\":[{\"@type\":\"ListItem\",\"position\":1,\"name\":\"Portada\",\"item\":\"https:\/\/hannacosmetica.com\/\"},{\"@type\":\"ListItem\",\"position\":2,\"name\":\"Tienda\",\"item\":\"https:\/\/hannacosmetica.com\/shop\/\"},{\"@type\":\"ListItem\",\"position\":3,\"name\":\"Polvo De Purpurinas, Lentejuelas Holograficas\/ Polvo con Glitter y Papel de Oro Para Decoraci\u00f3n De U\u00f1as47\"}]},{\"@type\":\"WebSite\",\"@id\":\"https:\/\/hannacosmetica.com\/#website\",\"url\":\"https:\/\/hannacosmetica.com\/\",\"name\":\"Hanna Cosm\u00e9tica\",\"description\":\"Tienda de productos u\u00f1as, bellezas y peluquer\u00edas\",\"publisher\":{\"@id\":\"https:\/\/hannacosmetica.com\/#organization\"},\"potentialAction\":[{\"@type\":\"SearchAction\",\"target\":{\"@type\":\"EntryPoint\",\"urlTemplate\":\"https:\/\/hannacosmetica.com\/?s={search_term_string}\"},\"query-input\":\"required name=search_term_string\"}],\"inLanguage\":\"fr-FR\"},{\"@type\":\"Organization\",\"@id\":\"https:\/\/hannacosmetica.com\/#organization\",\"name\":\"Hanna Cosm\u00e9tica\",\"url\":\"https:\/\/hannacosmetica.com\/\",\"logo\":{\"@type\":\"ImageObject\",\"inLanguage\":\"fr-FR\",\"@id\":\"https:\/\/hannacosmetica.com\/#\/schema\/logo\/image\/\",\"url\":\"https:\/\/hannacosmetica.com\/wp-content\/uploads\/2022\/07\/Logo-Joyeria-Femenino-Floral-Negro.png\",\"contentUrl\":\"https:\/\/hannacosmetica.com\/wp-content\/uploads\/2022\/07\/Logo-Joyeria-Femenino-Floral-Negro.png\",\"width\":361,\"height\":126,\"caption\":\"Hanna Cosm\u00e9tica\"},\"image\":{\"@id\":\"https:\/\/hannacosmetica.com\/#\/schema\/logo\/image\/\"}}]}<\/script>\n<!-- \/ Yoast SEO plugin. -->","yoast_head_json":{"title":"Polvo De Purpurinas, Lentejuelas Holograficas\/ Polvo con Glitter y Papel de Oro Para Decoraci\u00f3n De U\u00f1as47 - Hanna Cosm\u00e9tica","robots":{"index":"index","follow":"follow","max-snippet":"max-snippet:-1","max-image-preview":"max-image-preview:large","max-video-preview":"max-video-preview:-1"},"canonical":"https:\/\/hannacosmetica.com\/fr\/tienda\/manicura\/decoracion\/polvo-de-purpurinas-lentejuelas-holograficas-polvo-con-glitter-y-papel-de-oro-para-decoracion-de-unas47\/","og_locale":"fr_FR","og_type":"article","og_title":"Polvo De Purpurinas, Lentejuelas Holograficas\/ Polvo con Glitter y Papel de Oro Para Decoraci\u00f3n De U\u00f1as47 - Hanna Cosm\u00e9tica","og_description":"Buenos materiales: las lentejuelas de u\u00f1as est\u00e1n hechas de materiales de alta calidad, seguras para usar en la piel. Se puede usar&hellip;","og_url":"https:\/\/hannacosmetica.com\/fr\/tienda\/manicura\/decoracion\/polvo-de-purpurinas-lentejuelas-holograficas-polvo-con-glitter-y-papel-de-oro-para-decoracion-de-unas47\/","og_site_name":"Hanna Cosm\u00e9tica","article_modified_time":"2023-10-25T15:24:12+00:00","og_image":[{"width":2048,"height":2048,"url":"https:\/\/hannacosmetica.com\/wp-content\/uploads\/2022\/09\/dd79a8b6-54b1-4425-891f-066942afdce5.jpg","type":"image\/jpeg"}],"twitter_card":"summary_large_image","schema":{"@context":"https:\/\/schema.org","@graph":[{"@type":"WebPage","@id":"https:\/\/hannacosmetica.com\/tienda\/manicura\/decoracion\/polvo-de-purpurinas-lentejuelas-holograficas-polvo-con-glitter-y-papel-de-oro-para-decoracion-de-unas47\/","url":"https:\/\/hannacosmetica.com\/tienda\/manicura\/decoracion\/polvo-de-purpurinas-lentejuelas-holograficas-polvo-con-glitter-y-papel-de-oro-para-decoracion-de-unas47\/","name":"Polvo De Purpurinas, Lentejuelas Holograficas\/ Polvo con Glitter y Papel de Oro Para Decoraci\u00f3n De U\u00f1as47 - Hanna Cosm\u00e9tica","isPartOf":{"@id":"https:\/\/hannacosmetica.com\/#website"},"datePublished":"2022-09-29T10:57:50+00:00","dateModified":"2023-10-25T15:24:12+00:00","breadcrumb":{"@id":"https:\/\/hannacosmetica.com\/tienda\/manicura\/decoracion\/polvo-de-purpurinas-lentejuelas-holograficas-polvo-con-glitter-y-papel-de-oro-para-decoracion-de-unas47\/#breadcrumb"},"inLanguage":"fr-FR","potentialAction":[{"@type":"ReadAction","target":["https:\/\/hannacosmetica.com\/tienda\/manicura\/decoracion\/polvo-de-purpurinas-lentejuelas-holograficas-polvo-con-glitter-y-papel-de-oro-para-decoracion-de-unas47\/"]}]},{"@type":"BreadcrumbList","@id":"https:\/\/hannacosmetica.com\/tienda\/manicura\/decoracion\/polvo-de-purpurinas-lentejuelas-holograficas-polvo-con-glitter-y-papel-de-oro-para-decoracion-de-unas47\/#breadcrumb","itemListElement":[{"@type":"ListItem","position":1,"name":"Portada","item":"https:\/\/hannacosmetica.com\/"},{"@type":"ListItem","position":2,"name":"Tienda","item":"https:\/\/hannacosmetica.com\/shop\/"},{"@type":"ListItem","position":3,"name":"Polvo De Purpurinas, Lentejuelas Holograficas\/ Polvo con Glitter y Papel de Oro Para Decoraci\u00f3n De U\u00f1as47"}]},{"@type":"WebSite","@id":"https:\/\/hannacosmetica.com\/#website","url":"https:\/\/hannacosmetica.com\/","name":"Hanna Cosm\u00e9tica","description":"Tienda de productos u\u00f1as, bellezas y peluquer\u00edas","publisher":{"@id":"https:\/\/hannacosmetica.com\/#organization"},"potentialAction":[{"@type":"SearchAction","target":{"@type":"EntryPoint","urlTemplate":"https:\/\/hannacosmetica.com\/?s={search_term_string}"},"query-input":"required name=search_term_string"}],"inLanguage":"fr-FR"},{"@type":"Organization","@id":"https:\/\/hannacosmetica.com\/#organization","name":"Hanna Cosm\u00e9tica","url":"https:\/\/hannacosmetica.com\/","logo":{"@type":"ImageObject","inLanguage":"fr-FR","@id":"https:\/\/hannacosmetica.com\/#\/schema\/logo\/image\/","url":"https:\/\/hannacosmetica.com\/wp-content\/uploads\/2022\/07\/Logo-Joyeria-Femenino-Floral-Negro.png","contentUrl":"https:\/\/hannacosmetica.com\/wp-content\/uploads\/2022\/07\/Logo-Joyeria-Femenino-Floral-Negro.png","width":361,"height":126,"caption":"Hanna Cosm\u00e9tica"},"image":{"@id":"https:\/\/hannacosmetica.com\/#\/schema\/logo\/image\/"}}]}},"_links":{"self":[{"href":"https:\/\/hannacosmetica.com\/fr\/wp-json\/wp\/v2\/product\/6797"}],"collection":[{"href":"https:\/\/hannacosmetica.com\/fr\/wp-json\/wp\/v2\/product"}],"about":[{"href":"https:\/\/hannacosmetica.com\/fr\/wp-json\/wp\/v2\/types\/product"}],"replies":[{"embeddable":true,"href":"https:\/\/hannacosmetica.com\/fr\/wp-json\/wp\/v2\/comments?post=6797"}],"version-history":[{"count":1,"href":"https:\/\/hannacosmetica.com\/fr\/wp-json\/wp\/v2\/product\/6797\/revisions"}],"predecessor-version":[{"id":6799,"href":"https:\/\/hannacosmetica.com\/fr\/wp-json\/wp\/v2\/product\/6797\/revisions\/6799"}],"wp:featuredmedia":[{"embeddable":true,"href":"https:\/\/hannacosmetica.com\/fr\/wp-json\/wp\/v2\/media\/6798"}],"wp:attachment":[{"href":"https:\/\/hannacosmetica.com\/fr\/wp-json\/wp\/v2\/media?parent=6797"}],"wp:term":[{"taxonomy":"product_cat","embeddable":true,"href":"https:\/\/hannacosmetica.com\/fr\/wp-json\/wp\/v2\/product_cat?post=6797"},{"taxonomy":"product_tag","embeddable":true,"href":"https:\/\/hannacosmetica.com\/fr\/wp-json\/wp\/v2\/product_tag?post=6797"}],"curies":[{"name":"wp","href":"https:\/\/api.w.org\/{rel}","templated":true}]}}