{"id":6551,"date":"2022-09-28T14:32:46","date_gmt":"2022-09-28T14:32:46","guid":{"rendered":"https:\/\/hannacosmetica.com\/?post_type=product&#038;p=6551"},"modified":"2023-10-26T09:20:36","modified_gmt":"2023-10-26T09:20:36","slug":"shampoo-bandido-argan-350ml","status":"publish","type":"product","link":"https:\/\/hannacosmetica.com\/fr\/tienda\/peluqueria\/barberia-caballero\/shampoo-bandido-argan-350ml\/","title":{"rendered":"Shampoo Bandido Argan 350ml"},"content":{"rendered":"<p>Nuestro champ\u00fa de aceite de arg\u00e1n fue creado para suavizar y reparar desde la ra\u00edz hasta las puntas para un cabello hermoso. Limpia profundamente el cabello con extractos nutritivos de aceite de arg\u00e1n. Repare el cabello da\u00f1ado experimentando el poder positivo de la naturaleza, cada f\u00f3rmula innovadora de calidad est\u00e1 hecha con ingredientes de moda para ayudar a que el cabello brille, se mueva, se encrespe, se mantenga apretado, lo que sea que libere su personalidad. En el mundo del cuidado del cabello, ninguna otra marca tiene cabello que se vea, huela y se sienta as\u00ed<\/p>","protected":false},"excerpt":{"rendered":"<p>Nuestro champ\u00fa de aceite de arg\u00e1n fue creado para suavizar y reparar desde la ra\u00edz hasta las puntas para un cabello hermoso.&hellip;<\/p>","protected":false},"featured_media":7766,"comment_status":"open","ping_status":"closed","template":"","meta":[],"product_cat":[83,112],"product_tag":[],"yoast_head":"<!-- This site is optimized with the Yoast SEO plugin v19.9 - https:\/\/yoast.com\/wordpress\/plugins\/seo\/ -->\n<title>Shampoo Bandido Argan 350ml - Hanna Cosm\u00e9tica<\/title>\n<meta name=\"robots\" content=\"index, follow, max-snippet:-1, max-image-preview:large, max-video-preview:-1\" \/>\n<link rel=\"canonical\" href=\"https:\/\/hannacosmetica.com\/fr\/tienda\/peluqueria\/barberia-caballero\/shampoo-bandido-argan-350ml\/\" \/>\n<meta property=\"og:locale\" content=\"fr_FR\" \/>\n<meta property=\"og:type\" content=\"article\" \/>\n<meta property=\"og:title\" content=\"Shampoo Bandido Argan 350ml - Hanna Cosm\u00e9tica\" \/>\n<meta property=\"og:description\" content=\"Nuestro champ\u00fa de aceite de arg\u00e1n fue creado para suavizar y reparar desde la ra\u00edz hasta las puntas para un cabello hermoso.&hellip;\" \/>\n<meta property=\"og:url\" content=\"https:\/\/hannacosmetica.com\/fr\/tienda\/peluqueria\/barberia-caballero\/shampoo-bandido-argan-350ml\/\" \/>\n<meta property=\"og:site_name\" content=\"Hanna Cosm\u00e9tica\" \/>\n<meta property=\"article:modified_time\" content=\"2023-10-26T09:20:36+00:00\" \/>\n<meta property=\"og:image\" content=\"https:\/\/hannacosmetica.com\/wp-content\/uploads\/2022\/09\/\u672a\u547d\u540d\u7684\u8bbe\u8ba1-40-1520x1520.png\" \/>\n\t<meta property=\"og:image:width\" content=\"1520\" \/>\n\t<meta property=\"og:image:height\" content=\"1520\" \/>\n\t<meta property=\"og:image:type\" content=\"image\/png\" \/>\n<meta name=\"twitter:card\" content=\"summary_large_image\" \/>\n<script type=\"application\/ld+json\" class=\"yoast-schema-graph\">{\"@context\":\"https:\/\/schema.org\",\"@graph\":[{\"@type\":\"WebPage\",\"@id\":\"https:\/\/hannacosmetica.com\/tienda\/peluqueria\/barberia-caballero\/shampoo-bandido-argan-350ml\/\",\"url\":\"https:\/\/hannacosmetica.com\/tienda\/peluqueria\/barberia-caballero\/shampoo-bandido-argan-350ml\/\",\"name\":\"Shampoo Bandido Argan 350ml - Hanna Cosm\u00e9tica\",\"isPartOf\":{\"@id\":\"https:\/\/hannacosmetica.com\/#website\"},\"datePublished\":\"2022-09-28T14:32:46+00:00\",\"dateModified\":\"2023-10-26T09:20:36+00:00\",\"breadcrumb\":{\"@id\":\"https:\/\/hannacosmetica.com\/tienda\/peluqueria\/barberia-caballero\/shampoo-bandido-argan-350ml\/#breadcrumb\"},\"inLanguage\":\"fr-FR\",\"potentialAction\":[{\"@type\":\"ReadAction\",\"target\":[\"https:\/\/hannacosmetica.com\/tienda\/peluqueria\/barberia-caballero\/shampoo-bandido-argan-350ml\/\"]}]},{\"@type\":\"BreadcrumbList\",\"@id\":\"https:\/\/hannacosmetica.com\/tienda\/peluqueria\/barberia-caballero\/shampoo-bandido-argan-350ml\/#breadcrumb\",\"itemListElement\":[{\"@type\":\"ListItem\",\"position\":1,\"name\":\"Portada\",\"item\":\"https:\/\/hannacosmetica.com\/\"},{\"@type\":\"ListItem\",\"position\":2,\"name\":\"Tienda\",\"item\":\"https:\/\/hannacosmetica.com\/shop\/\"},{\"@type\":\"ListItem\",\"position\":3,\"name\":\"Shampoo Bandido Argan 350ml\"}]},{\"@type\":\"WebSite\",\"@id\":\"https:\/\/hannacosmetica.com\/#website\",\"url\":\"https:\/\/hannacosmetica.com\/\",\"name\":\"Hanna Cosm\u00e9tica\",\"description\":\"Tienda de productos u\u00f1as, bellezas y peluquer\u00edas\",\"publisher\":{\"@id\":\"https:\/\/hannacosmetica.com\/#organization\"},\"potentialAction\":[{\"@type\":\"SearchAction\",\"target\":{\"@type\":\"EntryPoint\",\"urlTemplate\":\"https:\/\/hannacosmetica.com\/?s={search_term_string}\"},\"query-input\":\"required name=search_term_string\"}],\"inLanguage\":\"fr-FR\"},{\"@type\":\"Organization\",\"@id\":\"https:\/\/hannacosmetica.com\/#organization\",\"name\":\"Hanna Cosm\u00e9tica\",\"url\":\"https:\/\/hannacosmetica.com\/\",\"logo\":{\"@type\":\"ImageObject\",\"inLanguage\":\"fr-FR\",\"@id\":\"https:\/\/hannacosmetica.com\/#\/schema\/logo\/image\/\",\"url\":\"https:\/\/hannacosmetica.com\/wp-content\/uploads\/2022\/07\/Logo-Joyeria-Femenino-Floral-Negro.png\",\"contentUrl\":\"https:\/\/hannacosmetica.com\/wp-content\/uploads\/2022\/07\/Logo-Joyeria-Femenino-Floral-Negro.png\",\"width\":361,\"height\":126,\"caption\":\"Hanna Cosm\u00e9tica\"},\"image\":{\"@id\":\"https:\/\/hannacosmetica.com\/#\/schema\/logo\/image\/\"}}]}<\/script>\n<!-- \/ Yoast SEO plugin. -->","yoast_head_json":{"title":"Shampoo Bandido Argan 350ml - Hanna Cosm\u00e9tica","robots":{"index":"index","follow":"follow","max-snippet":"max-snippet:-1","max-image-preview":"max-image-preview:large","max-video-preview":"max-video-preview:-1"},"canonical":"https:\/\/hannacosmetica.com\/fr\/tienda\/peluqueria\/barberia-caballero\/shampoo-bandido-argan-350ml\/","og_locale":"fr_FR","og_type":"article","og_title":"Shampoo Bandido Argan 350ml - Hanna Cosm\u00e9tica","og_description":"Nuestro champ\u00fa de aceite de arg\u00e1n fue creado para suavizar y reparar desde la ra\u00edz hasta las puntas para un cabello hermoso.&hellip;","og_url":"https:\/\/hannacosmetica.com\/fr\/tienda\/peluqueria\/barberia-caballero\/shampoo-bandido-argan-350ml\/","og_site_name":"Hanna Cosm\u00e9tica","article_modified_time":"2023-10-26T09:20:36+00:00","og_image":[{"width":1520,"height":1520,"url":"https:\/\/hannacosmetica.com\/wp-content\/uploads\/2022\/09\/\u672a\u547d\u540d\u7684\u8bbe\u8ba1-40-1520x1520.png","type":"image\/png"}],"twitter_card":"summary_large_image","schema":{"@context":"https:\/\/schema.org","@graph":[{"@type":"WebPage","@id":"https:\/\/hannacosmetica.com\/tienda\/peluqueria\/barberia-caballero\/shampoo-bandido-argan-350ml\/","url":"https:\/\/hannacosmetica.com\/tienda\/peluqueria\/barberia-caballero\/shampoo-bandido-argan-350ml\/","name":"Shampoo Bandido Argan 350ml - Hanna Cosm\u00e9tica","isPartOf":{"@id":"https:\/\/hannacosmetica.com\/#website"},"datePublished":"2022-09-28T14:32:46+00:00","dateModified":"2023-10-26T09:20:36+00:00","breadcrumb":{"@id":"https:\/\/hannacosmetica.com\/tienda\/peluqueria\/barberia-caballero\/shampoo-bandido-argan-350ml\/#breadcrumb"},"inLanguage":"fr-FR","potentialAction":[{"@type":"ReadAction","target":["https:\/\/hannacosmetica.com\/tienda\/peluqueria\/barberia-caballero\/shampoo-bandido-argan-350ml\/"]}]},{"@type":"BreadcrumbList","@id":"https:\/\/hannacosmetica.com\/tienda\/peluqueria\/barberia-caballero\/shampoo-bandido-argan-350ml\/#breadcrumb","itemListElement":[{"@type":"ListItem","position":1,"name":"Portada","item":"https:\/\/hannacosmetica.com\/"},{"@type":"ListItem","position":2,"name":"Tienda","item":"https:\/\/hannacosmetica.com\/shop\/"},{"@type":"ListItem","position":3,"name":"Shampoo Bandido Argan 350ml"}]},{"@type":"WebSite","@id":"https:\/\/hannacosmetica.com\/#website","url":"https:\/\/hannacosmetica.com\/","name":"Hanna Cosm\u00e9tica","description":"Tienda de productos u\u00f1as, bellezas y peluquer\u00edas","publisher":{"@id":"https:\/\/hannacosmetica.com\/#organization"},"potentialAction":[{"@type":"SearchAction","target":{"@type":"EntryPoint","urlTemplate":"https:\/\/hannacosmetica.com\/?s={search_term_string}"},"query-input":"required name=search_term_string"}],"inLanguage":"fr-FR"},{"@type":"Organization","@id":"https:\/\/hannacosmetica.com\/#organization","name":"Hanna Cosm\u00e9tica","url":"https:\/\/hannacosmetica.com\/","logo":{"@type":"ImageObject","inLanguage":"fr-FR","@id":"https:\/\/hannacosmetica.com\/#\/schema\/logo\/image\/","url":"https:\/\/hannacosmetica.com\/wp-content\/uploads\/2022\/07\/Logo-Joyeria-Femenino-Floral-Negro.png","contentUrl":"https:\/\/hannacosmetica.com\/wp-content\/uploads\/2022\/07\/Logo-Joyeria-Femenino-Floral-Negro.png","width":361,"height":126,"caption":"Hanna Cosm\u00e9tica"},"image":{"@id":"https:\/\/hannacosmetica.com\/#\/schema\/logo\/image\/"}}]}},"_links":{"self":[{"href":"https:\/\/hannacosmetica.com\/fr\/wp-json\/wp\/v2\/product\/6551"}],"collection":[{"href":"https:\/\/hannacosmetica.com\/fr\/wp-json\/wp\/v2\/product"}],"about":[{"href":"https:\/\/hannacosmetica.com\/fr\/wp-json\/wp\/v2\/types\/product"}],"replies":[{"embeddable":true,"href":"https:\/\/hannacosmetica.com\/fr\/wp-json\/wp\/v2\/comments?post=6551"}],"version-history":[{"count":1,"href":"https:\/\/hannacosmetica.com\/fr\/wp-json\/wp\/v2\/product\/6551\/revisions"}],"predecessor-version":[{"id":6553,"href":"https:\/\/hannacosmetica.com\/fr\/wp-json\/wp\/v2\/product\/6551\/revisions\/6553"}],"wp:featuredmedia":[{"embeddable":true,"href":"https:\/\/hannacosmetica.com\/fr\/wp-json\/wp\/v2\/media\/7766"}],"wp:attachment":[{"href":"https:\/\/hannacosmetica.com\/fr\/wp-json\/wp\/v2\/media?parent=6551"}],"wp:term":[{"taxonomy":"product_cat","embeddable":true,"href":"https:\/\/hannacosmetica.com\/fr\/wp-json\/wp\/v2\/product_cat?post=6551"},{"taxonomy":"product_tag","embeddable":true,"href":"https:\/\/hannacosmetica.com\/fr\/wp-json\/wp\/v2\/product_tag?post=6551"}],"curies":[{"name":"wp","href":"https:\/\/api.w.org\/{rel}","templated":true}]}}