{"id":6532,"date":"2022-09-28T13:39:50","date_gmt":"2022-09-28T13:39:50","guid":{"rendered":"https:\/\/hannacosmetica.com\/?post_type=product&#038;p=6532"},"modified":"2023-10-26T09:21:51","modified_gmt":"2023-10-26T09:21:51","slug":"cera-bandido-6-aqua-wax-medium-125ml","status":"publish","type":"product","link":"https:\/\/hannacosmetica.com\/fr\/tienda\/peluqueria\/barberia-caballero\/cera-bandido-6-aqua-wax-medium-125ml\/","title":{"rendered":"Cera Bandido 6 aqua wax medium 125ml"},"content":{"rendered":"<p><strong>Bandido Wax<\/strong>\u00a0<strong>Hair<\/strong>\u00a0es una l\u00ednea completa de ceras de 1 a 9 niveles de fijaci\u00f3n, adem\u00e1s cada una tiene un color distinto para identificarla (por supuesto, no ti\u00f1e), y fragancias \u00fanicas dependiendo del nivel de fijaci\u00f3n, todas ellas fragancias masculinas.<\/p>","protected":false},"excerpt":{"rendered":"<p>Bandido Wax\u00a0Hair\u00a0es una l\u00ednea completa de ceras de 1 a 9 niveles de fijaci\u00f3n, adem\u00e1s cada una tiene un color distinto para&hellip;<\/p>","protected":false},"featured_media":7777,"comment_status":"open","ping_status":"closed","template":"","meta":[],"product_cat":[83,112],"product_tag":[],"yoast_head":"<!-- This site is optimized with the Yoast SEO plugin v19.9 - https:\/\/yoast.com\/wordpress\/plugins\/seo\/ -->\n<title>Cera Bandido 6 aqua wax medium 125ml - Hanna Cosm\u00e9tica<\/title>\n<meta name=\"robots\" content=\"index, follow, max-snippet:-1, max-image-preview:large, max-video-preview:-1\" \/>\n<link rel=\"canonical\" href=\"https:\/\/hannacosmetica.com\/fr\/tienda\/peluqueria\/barberia-caballero\/cera-bandido-6-aqua-wax-medium-125ml\/\" \/>\n<meta property=\"og:locale\" content=\"fr_FR\" \/>\n<meta property=\"og:type\" content=\"article\" \/>\n<meta property=\"og:title\" content=\"Cera Bandido 6 aqua wax medium 125ml - Hanna Cosm\u00e9tica\" \/>\n<meta property=\"og:description\" content=\"Bandido Wax\u00a0Hair\u00a0es una l\u00ednea completa de ceras de 1 a 9 niveles de fijaci\u00f3n, adem\u00e1s cada una tiene un color distinto para&hellip;\" \/>\n<meta property=\"og:url\" content=\"https:\/\/hannacosmetica.com\/fr\/tienda\/peluqueria\/barberia-caballero\/cera-bandido-6-aqua-wax-medium-125ml\/\" \/>\n<meta property=\"og:site_name\" content=\"Hanna Cosm\u00e9tica\" \/>\n<meta property=\"article:modified_time\" content=\"2023-10-26T09:21:51+00:00\" \/>\n<meta property=\"og:image\" content=\"https:\/\/hannacosmetica.com\/wp-content\/uploads\/2022\/09\/BANDIDOAquaHairStylingWax_No.6_-Violetta_MediumHold_480x.webp\" \/>\n\t<meta property=\"og:image:width\" content=\"480\" \/>\n\t<meta property=\"og:image:height\" content=\"480\" \/>\n\t<meta property=\"og:image:type\" content=\"image\/webp\" \/>\n<meta name=\"twitter:card\" content=\"summary_large_image\" \/>\n<script type=\"application\/ld+json\" class=\"yoast-schema-graph\">{\"@context\":\"https:\/\/schema.org\",\"@graph\":[{\"@type\":\"WebPage\",\"@id\":\"https:\/\/hannacosmetica.com\/tienda\/peluqueria\/barberia-caballero\/cera-bandido-6-aqua-wax-medium-125ml\/\",\"url\":\"https:\/\/hannacosmetica.com\/tienda\/peluqueria\/barberia-caballero\/cera-bandido-6-aqua-wax-medium-125ml\/\",\"name\":\"Cera Bandido 6 aqua wax medium 125ml - Hanna Cosm\u00e9tica\",\"isPartOf\":{\"@id\":\"https:\/\/hannacosmetica.com\/#website\"},\"datePublished\":\"2022-09-28T13:39:50+00:00\",\"dateModified\":\"2023-10-26T09:21:51+00:00\",\"breadcrumb\":{\"@id\":\"https:\/\/hannacosmetica.com\/tienda\/peluqueria\/barberia-caballero\/cera-bandido-6-aqua-wax-medium-125ml\/#breadcrumb\"},\"inLanguage\":\"fr-FR\",\"potentialAction\":[{\"@type\":\"ReadAction\",\"target\":[\"https:\/\/hannacosmetica.com\/tienda\/peluqueria\/barberia-caballero\/cera-bandido-6-aqua-wax-medium-125ml\/\"]}]},{\"@type\":\"BreadcrumbList\",\"@id\":\"https:\/\/hannacosmetica.com\/tienda\/peluqueria\/barberia-caballero\/cera-bandido-6-aqua-wax-medium-125ml\/#breadcrumb\",\"itemListElement\":[{\"@type\":\"ListItem\",\"position\":1,\"name\":\"Portada\",\"item\":\"https:\/\/hannacosmetica.com\/\"},{\"@type\":\"ListItem\",\"position\":2,\"name\":\"Tienda\",\"item\":\"https:\/\/hannacosmetica.com\/shop\/\"},{\"@type\":\"ListItem\",\"position\":3,\"name\":\"Cera Bandido 6 aqua wax medium 125ml\"}]},{\"@type\":\"WebSite\",\"@id\":\"https:\/\/hannacosmetica.com\/#website\",\"url\":\"https:\/\/hannacosmetica.com\/\",\"name\":\"Hanna Cosm\u00e9tica\",\"description\":\"Tienda de productos u\u00f1as, bellezas y peluquer\u00edas\",\"publisher\":{\"@id\":\"https:\/\/hannacosmetica.com\/#organization\"},\"potentialAction\":[{\"@type\":\"SearchAction\",\"target\":{\"@type\":\"EntryPoint\",\"urlTemplate\":\"https:\/\/hannacosmetica.com\/?s={search_term_string}\"},\"query-input\":\"required name=search_term_string\"}],\"inLanguage\":\"fr-FR\"},{\"@type\":\"Organization\",\"@id\":\"https:\/\/hannacosmetica.com\/#organization\",\"name\":\"Hanna Cosm\u00e9tica\",\"url\":\"https:\/\/hannacosmetica.com\/\",\"logo\":{\"@type\":\"ImageObject\",\"inLanguage\":\"fr-FR\",\"@id\":\"https:\/\/hannacosmetica.com\/#\/schema\/logo\/image\/\",\"url\":\"https:\/\/hannacosmetica.com\/wp-content\/uploads\/2022\/07\/Logo-Joyeria-Femenino-Floral-Negro.png\",\"contentUrl\":\"https:\/\/hannacosmetica.com\/wp-content\/uploads\/2022\/07\/Logo-Joyeria-Femenino-Floral-Negro.png\",\"width\":361,\"height\":126,\"caption\":\"Hanna Cosm\u00e9tica\"},\"image\":{\"@id\":\"https:\/\/hannacosmetica.com\/#\/schema\/logo\/image\/\"}}]}<\/script>\n<!-- \/ Yoast SEO plugin. -->","yoast_head_json":{"title":"Cera Bandido 6 aqua wax medium 125ml - Hanna Cosm\u00e9tica","robots":{"index":"index","follow":"follow","max-snippet":"max-snippet:-1","max-image-preview":"max-image-preview:large","max-video-preview":"max-video-preview:-1"},"canonical":"https:\/\/hannacosmetica.com\/fr\/tienda\/peluqueria\/barberia-caballero\/cera-bandido-6-aqua-wax-medium-125ml\/","og_locale":"fr_FR","og_type":"article","og_title":"Cera Bandido 6 aqua wax medium 125ml - Hanna Cosm\u00e9tica","og_description":"Bandido Wax\u00a0Hair\u00a0es una l\u00ednea completa de ceras de 1 a 9 niveles de fijaci\u00f3n, adem\u00e1s cada una tiene un color distinto para&hellip;","og_url":"https:\/\/hannacosmetica.com\/fr\/tienda\/peluqueria\/barberia-caballero\/cera-bandido-6-aqua-wax-medium-125ml\/","og_site_name":"Hanna Cosm\u00e9tica","article_modified_time":"2023-10-26T09:21:51+00:00","og_image":[{"width":480,"height":480,"url":"https:\/\/hannacosmetica.com\/wp-content\/uploads\/2022\/09\/BANDIDOAquaHairStylingWax_No.6_-Violetta_MediumHold_480x.webp","type":"image\/webp"}],"twitter_card":"summary_large_image","schema":{"@context":"https:\/\/schema.org","@graph":[{"@type":"WebPage","@id":"https:\/\/hannacosmetica.com\/tienda\/peluqueria\/barberia-caballero\/cera-bandido-6-aqua-wax-medium-125ml\/","url":"https:\/\/hannacosmetica.com\/tienda\/peluqueria\/barberia-caballero\/cera-bandido-6-aqua-wax-medium-125ml\/","name":"Cera Bandido 6 aqua wax medium 125ml - Hanna Cosm\u00e9tica","isPartOf":{"@id":"https:\/\/hannacosmetica.com\/#website"},"datePublished":"2022-09-28T13:39:50+00:00","dateModified":"2023-10-26T09:21:51+00:00","breadcrumb":{"@id":"https:\/\/hannacosmetica.com\/tienda\/peluqueria\/barberia-caballero\/cera-bandido-6-aqua-wax-medium-125ml\/#breadcrumb"},"inLanguage":"fr-FR","potentialAction":[{"@type":"ReadAction","target":["https:\/\/hannacosmetica.com\/tienda\/peluqueria\/barberia-caballero\/cera-bandido-6-aqua-wax-medium-125ml\/"]}]},{"@type":"BreadcrumbList","@id":"https:\/\/hannacosmetica.com\/tienda\/peluqueria\/barberia-caballero\/cera-bandido-6-aqua-wax-medium-125ml\/#breadcrumb","itemListElement":[{"@type":"ListItem","position":1,"name":"Portada","item":"https:\/\/hannacosmetica.com\/"},{"@type":"ListItem","position":2,"name":"Tienda","item":"https:\/\/hannacosmetica.com\/shop\/"},{"@type":"ListItem","position":3,"name":"Cera Bandido 6 aqua wax medium 125ml"}]},{"@type":"WebSite","@id":"https:\/\/hannacosmetica.com\/#website","url":"https:\/\/hannacosmetica.com\/","name":"Hanna Cosm\u00e9tica","description":"Tienda de productos u\u00f1as, bellezas y peluquer\u00edas","publisher":{"@id":"https:\/\/hannacosmetica.com\/#organization"},"potentialAction":[{"@type":"SearchAction","target":{"@type":"EntryPoint","urlTemplate":"https:\/\/hannacosmetica.com\/?s={search_term_string}"},"query-input":"required name=search_term_string"}],"inLanguage":"fr-FR"},{"@type":"Organization","@id":"https:\/\/hannacosmetica.com\/#organization","name":"Hanna Cosm\u00e9tica","url":"https:\/\/hannacosmetica.com\/","logo":{"@type":"ImageObject","inLanguage":"fr-FR","@id":"https:\/\/hannacosmetica.com\/#\/schema\/logo\/image\/","url":"https:\/\/hannacosmetica.com\/wp-content\/uploads\/2022\/07\/Logo-Joyeria-Femenino-Floral-Negro.png","contentUrl":"https:\/\/hannacosmetica.com\/wp-content\/uploads\/2022\/07\/Logo-Joyeria-Femenino-Floral-Negro.png","width":361,"height":126,"caption":"Hanna Cosm\u00e9tica"},"image":{"@id":"https:\/\/hannacosmetica.com\/#\/schema\/logo\/image\/"}}]}},"_links":{"self":[{"href":"https:\/\/hannacosmetica.com\/fr\/wp-json\/wp\/v2\/product\/6532"}],"collection":[{"href":"https:\/\/hannacosmetica.com\/fr\/wp-json\/wp\/v2\/product"}],"about":[{"href":"https:\/\/hannacosmetica.com\/fr\/wp-json\/wp\/v2\/types\/product"}],"replies":[{"embeddable":true,"href":"https:\/\/hannacosmetica.com\/fr\/wp-json\/wp\/v2\/comments?post=6532"}],"version-history":[{"count":2,"href":"https:\/\/hannacosmetica.com\/fr\/wp-json\/wp\/v2\/product\/6532\/revisions"}],"predecessor-version":[{"id":7779,"href":"https:\/\/hannacosmetica.com\/fr\/wp-json\/wp\/v2\/product\/6532\/revisions\/7779"}],"wp:featuredmedia":[{"embeddable":true,"href":"https:\/\/hannacosmetica.com\/fr\/wp-json\/wp\/v2\/media\/7777"}],"wp:attachment":[{"href":"https:\/\/hannacosmetica.com\/fr\/wp-json\/wp\/v2\/media?parent=6532"}],"wp:term":[{"taxonomy":"product_cat","embeddable":true,"href":"https:\/\/hannacosmetica.com\/fr\/wp-json\/wp\/v2\/product_cat?post=6532"},{"taxonomy":"product_tag","embeddable":true,"href":"https:\/\/hannacosmetica.com\/fr\/wp-json\/wp\/v2\/product_tag?post=6532"}],"curies":[{"name":"wp","href":"https:\/\/api.w.org\/{rel}","templated":true}]}}