{"id":6233,"date":"2022-09-26T14:38:04","date_gmt":"2022-09-26T14:38:04","guid":{"rendered":"https:\/\/hannacosmetica.com\/?post_type=product&#038;p=6233"},"modified":"2023-10-26T09:42:51","modified_gmt":"2023-10-26T09:42:51","slug":"pincel-para-decoracion-de-unas-nail-art","status":"publish","type":"product","link":"https:\/\/hannacosmetica.com\/fr\/tienda\/manicura\/pinceles\/pincel-para-decoracion-de-unas-nail-art\/","title":{"rendered":"Pincel Para Decoraci\u00f3n de U\u00f1as \/ Nail Art"},"content":{"rendered":"<ul class=\"a-unordered-list a-vertical a-spacing-mini\">\n<li><span class=\"a-list-item\">Este juego cuenta con 5 piezas de diferentes cepillos para u\u00f1as, cada uno de ellos tiene su propia funci\u00f3n para el dise\u00f1o de nail art, para que pueda tener el cepillo adecuado para crear sus dise\u00f1os perfectos<\/span><\/li>\n<li><span class=\"a-list-item\">Adecuado tanto para salones de u\u00f1as profesionales como para entusiastas del bricolaje<\/span><\/li>\n<li><span class=\"a-list-item\">F\u00e1cil de usar y limpiar:\u00danico y elegante, uso a largo plazo, f\u00e1cil de administrar y usar.<\/span><\/li>\n<li><span class=\"a-list-item\">Este conjunto de herramientas ayuda a que el arte de las u\u00f1as sea atractivo y tiene un dise\u00f1o resistente para una mayor durabilidad.<\/span><\/li>\n<\/ul>","protected":false},"excerpt":{"rendered":"<p>Este juego cuenta con 5 piezas de diferentes cepillos para u\u00f1as, cada uno de ellos tiene su propia funci\u00f3n para el dise\u00f1o&hellip;<\/p>","protected":false},"featured_media":6234,"comment_status":"open","ping_status":"closed","template":"","meta":[],"product_cat":[82,97],"product_tag":[],"yoast_head":"<!-- This site is optimized with the Yoast SEO plugin v19.9 - https:\/\/yoast.com\/wordpress\/plugins\/seo\/ -->\n<title>Pincel Para Decoraci\u00f3n de U\u00f1as \/ Nail Art - Hanna Cosm\u00e9tica<\/title>\n<meta name=\"robots\" content=\"index, follow, max-snippet:-1, max-image-preview:large, max-video-preview:-1\" \/>\n<link rel=\"canonical\" href=\"https:\/\/hannacosmetica.com\/fr\/tienda\/manicura\/pinceles\/pincel-para-decoracion-de-unas-nail-art\/\" \/>\n<meta property=\"og:locale\" content=\"fr_FR\" \/>\n<meta property=\"og:type\" content=\"article\" \/>\n<meta property=\"og:title\" content=\"Pincel Para Decoraci\u00f3n de U\u00f1as \/ Nail Art - Hanna Cosm\u00e9tica\" \/>\n<meta property=\"og:description\" content=\"Este juego cuenta con 5 piezas de diferentes cepillos para u\u00f1as, cada uno de ellos tiene su propia funci\u00f3n para el dise\u00f1o&hellip;\" \/>\n<meta property=\"og:url\" content=\"https:\/\/hannacosmetica.com\/fr\/tienda\/manicura\/pinceles\/pincel-para-decoracion-de-unas-nail-art\/\" \/>\n<meta property=\"og:site_name\" content=\"Hanna Cosm\u00e9tica\" \/>\n<meta property=\"article:modified_time\" content=\"2023-10-26T09:42:51+00:00\" \/>\n<meta property=\"og:image\" content=\"https:\/\/hannacosmetica.com\/wp-content\/uploads\/2022\/09\/pincel-5unid-1.jpg\" \/>\n\t<meta property=\"og:image:width\" content=\"1600\" \/>\n\t<meta property=\"og:image:height\" content=\"1600\" \/>\n\t<meta property=\"og:image:type\" content=\"image\/jpeg\" \/>\n<meta name=\"twitter:card\" content=\"summary_large_image\" \/>\n<script type=\"application\/ld+json\" class=\"yoast-schema-graph\">{\"@context\":\"https:\/\/schema.org\",\"@graph\":[{\"@type\":\"WebPage\",\"@id\":\"https:\/\/hannacosmetica.com\/tienda\/manicura\/pinceles\/pincel-para-decoracion-de-unas-nail-art\/\",\"url\":\"https:\/\/hannacosmetica.com\/tienda\/manicura\/pinceles\/pincel-para-decoracion-de-unas-nail-art\/\",\"name\":\"Pincel Para Decoraci\u00f3n de U\u00f1as \/ Nail Art - Hanna Cosm\u00e9tica\",\"isPartOf\":{\"@id\":\"https:\/\/hannacosmetica.com\/#website\"},\"datePublished\":\"2022-09-26T14:38:04+00:00\",\"dateModified\":\"2023-10-26T09:42:51+00:00\",\"breadcrumb\":{\"@id\":\"https:\/\/hannacosmetica.com\/tienda\/manicura\/pinceles\/pincel-para-decoracion-de-unas-nail-art\/#breadcrumb\"},\"inLanguage\":\"fr-FR\",\"potentialAction\":[{\"@type\":\"ReadAction\",\"target\":[\"https:\/\/hannacosmetica.com\/tienda\/manicura\/pinceles\/pincel-para-decoracion-de-unas-nail-art\/\"]}]},{\"@type\":\"BreadcrumbList\",\"@id\":\"https:\/\/hannacosmetica.com\/tienda\/manicura\/pinceles\/pincel-para-decoracion-de-unas-nail-art\/#breadcrumb\",\"itemListElement\":[{\"@type\":\"ListItem\",\"position\":1,\"name\":\"Portada\",\"item\":\"https:\/\/hannacosmetica.com\/\"},{\"@type\":\"ListItem\",\"position\":2,\"name\":\"Tienda\",\"item\":\"https:\/\/hannacosmetica.com\/shop\/\"},{\"@type\":\"ListItem\",\"position\":3,\"name\":\"Pincel Para Decoraci\u00f3n de U\u00f1as \/ Nail Art\"}]},{\"@type\":\"WebSite\",\"@id\":\"https:\/\/hannacosmetica.com\/#website\",\"url\":\"https:\/\/hannacosmetica.com\/\",\"name\":\"Hanna Cosm\u00e9tica\",\"description\":\"Tienda de productos u\u00f1as, bellezas y peluquer\u00edas\",\"publisher\":{\"@id\":\"https:\/\/hannacosmetica.com\/#organization\"},\"potentialAction\":[{\"@type\":\"SearchAction\",\"target\":{\"@type\":\"EntryPoint\",\"urlTemplate\":\"https:\/\/hannacosmetica.com\/?s={search_term_string}\"},\"query-input\":\"required name=search_term_string\"}],\"inLanguage\":\"fr-FR\"},{\"@type\":\"Organization\",\"@id\":\"https:\/\/hannacosmetica.com\/#organization\",\"name\":\"Hanna Cosm\u00e9tica\",\"url\":\"https:\/\/hannacosmetica.com\/\",\"logo\":{\"@type\":\"ImageObject\",\"inLanguage\":\"fr-FR\",\"@id\":\"https:\/\/hannacosmetica.com\/#\/schema\/logo\/image\/\",\"url\":\"https:\/\/hannacosmetica.com\/wp-content\/uploads\/2022\/07\/Logo-Joyeria-Femenino-Floral-Negro.png\",\"contentUrl\":\"https:\/\/hannacosmetica.com\/wp-content\/uploads\/2022\/07\/Logo-Joyeria-Femenino-Floral-Negro.png\",\"width\":361,\"height\":126,\"caption\":\"Hanna Cosm\u00e9tica\"},\"image\":{\"@id\":\"https:\/\/hannacosmetica.com\/#\/schema\/logo\/image\/\"}}]}<\/script>\n<!-- \/ Yoast SEO plugin. -->","yoast_head_json":{"title":"Pincel Para Decoraci\u00f3n de U\u00f1as \/ Nail Art - Hanna Cosm\u00e9tica","robots":{"index":"index","follow":"follow","max-snippet":"max-snippet:-1","max-image-preview":"max-image-preview:large","max-video-preview":"max-video-preview:-1"},"canonical":"https:\/\/hannacosmetica.com\/fr\/tienda\/manicura\/pinceles\/pincel-para-decoracion-de-unas-nail-art\/","og_locale":"fr_FR","og_type":"article","og_title":"Pincel Para Decoraci\u00f3n de U\u00f1as \/ Nail Art - Hanna Cosm\u00e9tica","og_description":"Este juego cuenta con 5 piezas de diferentes cepillos para u\u00f1as, cada uno de ellos tiene su propia funci\u00f3n para el dise\u00f1o&hellip;","og_url":"https:\/\/hannacosmetica.com\/fr\/tienda\/manicura\/pinceles\/pincel-para-decoracion-de-unas-nail-art\/","og_site_name":"Hanna Cosm\u00e9tica","article_modified_time":"2023-10-26T09:42:51+00:00","og_image":[{"width":1600,"height":1600,"url":"https:\/\/hannacosmetica.com\/wp-content\/uploads\/2022\/09\/pincel-5unid-1.jpg","type":"image\/jpeg"}],"twitter_card":"summary_large_image","schema":{"@context":"https:\/\/schema.org","@graph":[{"@type":"WebPage","@id":"https:\/\/hannacosmetica.com\/tienda\/manicura\/pinceles\/pincel-para-decoracion-de-unas-nail-art\/","url":"https:\/\/hannacosmetica.com\/tienda\/manicura\/pinceles\/pincel-para-decoracion-de-unas-nail-art\/","name":"Pincel Para Decoraci\u00f3n de U\u00f1as \/ Nail Art - Hanna Cosm\u00e9tica","isPartOf":{"@id":"https:\/\/hannacosmetica.com\/#website"},"datePublished":"2022-09-26T14:38:04+00:00","dateModified":"2023-10-26T09:42:51+00:00","breadcrumb":{"@id":"https:\/\/hannacosmetica.com\/tienda\/manicura\/pinceles\/pincel-para-decoracion-de-unas-nail-art\/#breadcrumb"},"inLanguage":"fr-FR","potentialAction":[{"@type":"ReadAction","target":["https:\/\/hannacosmetica.com\/tienda\/manicura\/pinceles\/pincel-para-decoracion-de-unas-nail-art\/"]}]},{"@type":"BreadcrumbList","@id":"https:\/\/hannacosmetica.com\/tienda\/manicura\/pinceles\/pincel-para-decoracion-de-unas-nail-art\/#breadcrumb","itemListElement":[{"@type":"ListItem","position":1,"name":"Portada","item":"https:\/\/hannacosmetica.com\/"},{"@type":"ListItem","position":2,"name":"Tienda","item":"https:\/\/hannacosmetica.com\/shop\/"},{"@type":"ListItem","position":3,"name":"Pincel Para Decoraci\u00f3n de U\u00f1as \/ Nail Art"}]},{"@type":"WebSite","@id":"https:\/\/hannacosmetica.com\/#website","url":"https:\/\/hannacosmetica.com\/","name":"Hanna Cosm\u00e9tica","description":"Tienda de productos u\u00f1as, bellezas y peluquer\u00edas","publisher":{"@id":"https:\/\/hannacosmetica.com\/#organization"},"potentialAction":[{"@type":"SearchAction","target":{"@type":"EntryPoint","urlTemplate":"https:\/\/hannacosmetica.com\/?s={search_term_string}"},"query-input":"required name=search_term_string"}],"inLanguage":"fr-FR"},{"@type":"Organization","@id":"https:\/\/hannacosmetica.com\/#organization","name":"Hanna Cosm\u00e9tica","url":"https:\/\/hannacosmetica.com\/","logo":{"@type":"ImageObject","inLanguage":"fr-FR","@id":"https:\/\/hannacosmetica.com\/#\/schema\/logo\/image\/","url":"https:\/\/hannacosmetica.com\/wp-content\/uploads\/2022\/07\/Logo-Joyeria-Femenino-Floral-Negro.png","contentUrl":"https:\/\/hannacosmetica.com\/wp-content\/uploads\/2022\/07\/Logo-Joyeria-Femenino-Floral-Negro.png","width":361,"height":126,"caption":"Hanna Cosm\u00e9tica"},"image":{"@id":"https:\/\/hannacosmetica.com\/#\/schema\/logo\/image\/"}}]}},"_links":{"self":[{"href":"https:\/\/hannacosmetica.com\/fr\/wp-json\/wp\/v2\/product\/6233"}],"collection":[{"href":"https:\/\/hannacosmetica.com\/fr\/wp-json\/wp\/v2\/product"}],"about":[{"href":"https:\/\/hannacosmetica.com\/fr\/wp-json\/wp\/v2\/types\/product"}],"replies":[{"embeddable":true,"href":"https:\/\/hannacosmetica.com\/fr\/wp-json\/wp\/v2\/comments?post=6233"}],"version-history":[{"count":1,"href":"https:\/\/hannacosmetica.com\/fr\/wp-json\/wp\/v2\/product\/6233\/revisions"}],"predecessor-version":[{"id":6236,"href":"https:\/\/hannacosmetica.com\/fr\/wp-json\/wp\/v2\/product\/6233\/revisions\/6236"}],"wp:featuredmedia":[{"embeddable":true,"href":"https:\/\/hannacosmetica.com\/fr\/wp-json\/wp\/v2\/media\/6234"}],"wp:attachment":[{"href":"https:\/\/hannacosmetica.com\/fr\/wp-json\/wp\/v2\/media?parent=6233"}],"wp:term":[{"taxonomy":"product_cat","embeddable":true,"href":"https:\/\/hannacosmetica.com\/fr\/wp-json\/wp\/v2\/product_cat?post=6233"},{"taxonomy":"product_tag","embeddable":true,"href":"https:\/\/hannacosmetica.com\/fr\/wp-json\/wp\/v2\/product_tag?post=6233"}],"curies":[{"name":"wp","href":"https:\/\/api.w.org\/{rel}","templated":true}]}}