{"id":5658,"date":"2022-09-16T15:17:07","date_gmt":"2022-09-16T15:17:07","guid":{"rendered":"https:\/\/hannacosmetica.com\/?post_type=product&#038;p=5658"},"modified":"2023-10-26T10:20:21","modified_gmt":"2023-10-26T10:20:21","slug":"cepillo-eurostil-00326-de-fuelle-madera-cerdas-de-jabali","status":"publish","type":"product","link":"https:\/\/hannacosmetica.com\/fr\/tienda\/peluqueria\/complementos-peluqueria\/cepillo-eurostil-00326-de-fuelle-madera-cerdas-de-jabali\/","title":{"rendered":"Cepillo Eurostil 00326 De fuelle Madera Cerdas De  Jabal\u00ed"},"content":{"rendered":"<p>Si quieres mejorar tu imagen y realzar la belleza de tu cabello,\u00a0<b>Cepillo Eurostil 00326 De fuelle Madera<\/b>\u00a0te ser\u00e1 de gran ayuda para lograr tus objetivos! Disfruta de los beneficios y las ventajas de los\u00a0<b>productos Eurostil<\/b>\u00a0y otros\u00a0<b data-spm-anchor-id=\"a2g0o.detail.1000023.i1.48836dda9tSa1Y\">productos de peluquer\u00eda<\/b>\u00a0de\u00a0<b>marcas 100 % originales<\/b>.<\/p>\n<ul>\n<li>Tipo: De fuelle<\/li>\n<li>Material: Madera<\/li>\n<li>Cerdas: 100% Jabal\u00ed<\/li>\n<\/ul>","protected":false},"excerpt":{"rendered":"<p>Si quieres mejorar tu imagen y realzar la belleza de tu cabello,\u00a0Cepillo Eurostil 00326 De fuelle Madera\u00a0te ser\u00e1 de gran ayuda para&hellip;<\/p>","protected":false},"featured_media":5656,"comment_status":"open","ping_status":"closed","template":"","meta":[],"product_cat":[152,83],"product_tag":[],"yoast_head":"<!-- This site is optimized with the Yoast SEO plugin v19.9 - https:\/\/yoast.com\/wordpress\/plugins\/seo\/ -->\n<title>Cepillo Eurostil 00326 De fuelle Madera Cerdas De Jabal\u00ed - Hanna Cosm\u00e9tica<\/title>\n<meta name=\"robots\" content=\"index, follow, max-snippet:-1, max-image-preview:large, max-video-preview:-1\" \/>\n<link rel=\"canonical\" href=\"https:\/\/hannacosmetica.com\/fr\/tienda\/peluqueria\/complementos-peluqueria\/cepillo-eurostil-00326-de-fuelle-madera-cerdas-de-jabali\/\" \/>\n<meta property=\"og:locale\" content=\"fr_FR\" \/>\n<meta property=\"og:type\" content=\"article\" \/>\n<meta property=\"og:title\" content=\"Cepillo Eurostil 00326 De fuelle Madera Cerdas De Jabal\u00ed - Hanna Cosm\u00e9tica\" \/>\n<meta property=\"og:description\" content=\"Si quieres mejorar tu imagen y realzar la belleza de tu cabello,\u00a0Cepillo Eurostil 00326 De fuelle Madera\u00a0te ser\u00e1 de gran ayuda para&hellip;\" \/>\n<meta property=\"og:url\" content=\"https:\/\/hannacosmetica.com\/fr\/tienda\/peluqueria\/complementos-peluqueria\/cepillo-eurostil-00326-de-fuelle-madera-cerdas-de-jabali\/\" \/>\n<meta property=\"og:site_name\" content=\"Hanna Cosm\u00e9tica\" \/>\n<meta property=\"article:modified_time\" content=\"2023-10-26T10:20:21+00:00\" \/>\n<meta property=\"og:image\" content=\"https:\/\/hannacosmetica.com\/wp-content\/uploads\/2022\/09\/cepillo-00326-1.jpg\" \/>\n\t<meta property=\"og:image:width\" content=\"2048\" \/>\n\t<meta property=\"og:image:height\" content=\"2048\" \/>\n\t<meta property=\"og:image:type\" content=\"image\/jpeg\" \/>\n<meta name=\"twitter:card\" content=\"summary_large_image\" \/>\n<script type=\"application\/ld+json\" class=\"yoast-schema-graph\">{\"@context\":\"https:\/\/schema.org\",\"@graph\":[{\"@type\":\"WebPage\",\"@id\":\"https:\/\/hannacosmetica.com\/tienda\/peluqueria\/complementos-peluqueria\/cepillo-eurostil-00326-de-fuelle-madera-cerdas-de-jabali\/\",\"url\":\"https:\/\/hannacosmetica.com\/tienda\/peluqueria\/complementos-peluqueria\/cepillo-eurostil-00326-de-fuelle-madera-cerdas-de-jabali\/\",\"name\":\"Cepillo Eurostil 00326 De fuelle Madera Cerdas De Jabal\u00ed - Hanna Cosm\u00e9tica\",\"isPartOf\":{\"@id\":\"https:\/\/hannacosmetica.com\/#website\"},\"datePublished\":\"2022-09-16T15:17:07+00:00\",\"dateModified\":\"2023-10-26T10:20:21+00:00\",\"breadcrumb\":{\"@id\":\"https:\/\/hannacosmetica.com\/tienda\/peluqueria\/complementos-peluqueria\/cepillo-eurostil-00326-de-fuelle-madera-cerdas-de-jabali\/#breadcrumb\"},\"inLanguage\":\"fr-FR\",\"potentialAction\":[{\"@type\":\"ReadAction\",\"target\":[\"https:\/\/hannacosmetica.com\/tienda\/peluqueria\/complementos-peluqueria\/cepillo-eurostil-00326-de-fuelle-madera-cerdas-de-jabali\/\"]}]},{\"@type\":\"BreadcrumbList\",\"@id\":\"https:\/\/hannacosmetica.com\/tienda\/peluqueria\/complementos-peluqueria\/cepillo-eurostil-00326-de-fuelle-madera-cerdas-de-jabali\/#breadcrumb\",\"itemListElement\":[{\"@type\":\"ListItem\",\"position\":1,\"name\":\"Portada\",\"item\":\"https:\/\/hannacosmetica.com\/\"},{\"@type\":\"ListItem\",\"position\":2,\"name\":\"Tienda\",\"item\":\"https:\/\/hannacosmetica.com\/shop\/\"},{\"@type\":\"ListItem\",\"position\":3,\"name\":\"Cepillo Eurostil 00326 De fuelle Madera Cerdas De Jabal\u00ed\"}]},{\"@type\":\"WebSite\",\"@id\":\"https:\/\/hannacosmetica.com\/#website\",\"url\":\"https:\/\/hannacosmetica.com\/\",\"name\":\"Hanna Cosm\u00e9tica\",\"description\":\"Tienda de productos u\u00f1as, bellezas y peluquer\u00edas\",\"publisher\":{\"@id\":\"https:\/\/hannacosmetica.com\/#organization\"},\"potentialAction\":[{\"@type\":\"SearchAction\",\"target\":{\"@type\":\"EntryPoint\",\"urlTemplate\":\"https:\/\/hannacosmetica.com\/?s={search_term_string}\"},\"query-input\":\"required name=search_term_string\"}],\"inLanguage\":\"fr-FR\"},{\"@type\":\"Organization\",\"@id\":\"https:\/\/hannacosmetica.com\/#organization\",\"name\":\"Hanna Cosm\u00e9tica\",\"url\":\"https:\/\/hannacosmetica.com\/\",\"logo\":{\"@type\":\"ImageObject\",\"inLanguage\":\"fr-FR\",\"@id\":\"https:\/\/hannacosmetica.com\/#\/schema\/logo\/image\/\",\"url\":\"https:\/\/hannacosmetica.com\/wp-content\/uploads\/2022\/07\/Logo-Joyeria-Femenino-Floral-Negro.png\",\"contentUrl\":\"https:\/\/hannacosmetica.com\/wp-content\/uploads\/2022\/07\/Logo-Joyeria-Femenino-Floral-Negro.png\",\"width\":361,\"height\":126,\"caption\":\"Hanna Cosm\u00e9tica\"},\"image\":{\"@id\":\"https:\/\/hannacosmetica.com\/#\/schema\/logo\/image\/\"}}]}<\/script>\n<!-- \/ Yoast SEO plugin. -->","yoast_head_json":{"title":"Cepillo Eurostil 00326 De fuelle Madera Cerdas De Jabal\u00ed - Hanna Cosm\u00e9tica","robots":{"index":"index","follow":"follow","max-snippet":"max-snippet:-1","max-image-preview":"max-image-preview:large","max-video-preview":"max-video-preview:-1"},"canonical":"https:\/\/hannacosmetica.com\/fr\/tienda\/peluqueria\/complementos-peluqueria\/cepillo-eurostil-00326-de-fuelle-madera-cerdas-de-jabali\/","og_locale":"fr_FR","og_type":"article","og_title":"Cepillo Eurostil 00326 De fuelle Madera Cerdas De Jabal\u00ed - Hanna Cosm\u00e9tica","og_description":"Si quieres mejorar tu imagen y realzar la belleza de tu cabello,\u00a0Cepillo Eurostil 00326 De fuelle Madera\u00a0te ser\u00e1 de gran ayuda para&hellip;","og_url":"https:\/\/hannacosmetica.com\/fr\/tienda\/peluqueria\/complementos-peluqueria\/cepillo-eurostil-00326-de-fuelle-madera-cerdas-de-jabali\/","og_site_name":"Hanna Cosm\u00e9tica","article_modified_time":"2023-10-26T10:20:21+00:00","og_image":[{"width":2048,"height":2048,"url":"https:\/\/hannacosmetica.com\/wp-content\/uploads\/2022\/09\/cepillo-00326-1.jpg","type":"image\/jpeg"}],"twitter_card":"summary_large_image","schema":{"@context":"https:\/\/schema.org","@graph":[{"@type":"WebPage","@id":"https:\/\/hannacosmetica.com\/tienda\/peluqueria\/complementos-peluqueria\/cepillo-eurostil-00326-de-fuelle-madera-cerdas-de-jabali\/","url":"https:\/\/hannacosmetica.com\/tienda\/peluqueria\/complementos-peluqueria\/cepillo-eurostil-00326-de-fuelle-madera-cerdas-de-jabali\/","name":"Cepillo Eurostil 00326 De fuelle Madera Cerdas De Jabal\u00ed - Hanna Cosm\u00e9tica","isPartOf":{"@id":"https:\/\/hannacosmetica.com\/#website"},"datePublished":"2022-09-16T15:17:07+00:00","dateModified":"2023-10-26T10:20:21+00:00","breadcrumb":{"@id":"https:\/\/hannacosmetica.com\/tienda\/peluqueria\/complementos-peluqueria\/cepillo-eurostil-00326-de-fuelle-madera-cerdas-de-jabali\/#breadcrumb"},"inLanguage":"fr-FR","potentialAction":[{"@type":"ReadAction","target":["https:\/\/hannacosmetica.com\/tienda\/peluqueria\/complementos-peluqueria\/cepillo-eurostil-00326-de-fuelle-madera-cerdas-de-jabali\/"]}]},{"@type":"BreadcrumbList","@id":"https:\/\/hannacosmetica.com\/tienda\/peluqueria\/complementos-peluqueria\/cepillo-eurostil-00326-de-fuelle-madera-cerdas-de-jabali\/#breadcrumb","itemListElement":[{"@type":"ListItem","position":1,"name":"Portada","item":"https:\/\/hannacosmetica.com\/"},{"@type":"ListItem","position":2,"name":"Tienda","item":"https:\/\/hannacosmetica.com\/shop\/"},{"@type":"ListItem","position":3,"name":"Cepillo Eurostil 00326 De fuelle Madera Cerdas De Jabal\u00ed"}]},{"@type":"WebSite","@id":"https:\/\/hannacosmetica.com\/#website","url":"https:\/\/hannacosmetica.com\/","name":"Hanna Cosm\u00e9tica","description":"Tienda de productos u\u00f1as, bellezas y peluquer\u00edas","publisher":{"@id":"https:\/\/hannacosmetica.com\/#organization"},"potentialAction":[{"@type":"SearchAction","target":{"@type":"EntryPoint","urlTemplate":"https:\/\/hannacosmetica.com\/?s={search_term_string}"},"query-input":"required name=search_term_string"}],"inLanguage":"fr-FR"},{"@type":"Organization","@id":"https:\/\/hannacosmetica.com\/#organization","name":"Hanna Cosm\u00e9tica","url":"https:\/\/hannacosmetica.com\/","logo":{"@type":"ImageObject","inLanguage":"fr-FR","@id":"https:\/\/hannacosmetica.com\/#\/schema\/logo\/image\/","url":"https:\/\/hannacosmetica.com\/wp-content\/uploads\/2022\/07\/Logo-Joyeria-Femenino-Floral-Negro.png","contentUrl":"https:\/\/hannacosmetica.com\/wp-content\/uploads\/2022\/07\/Logo-Joyeria-Femenino-Floral-Negro.png","width":361,"height":126,"caption":"Hanna Cosm\u00e9tica"},"image":{"@id":"https:\/\/hannacosmetica.com\/#\/schema\/logo\/image\/"}}]}},"_links":{"self":[{"href":"https:\/\/hannacosmetica.com\/fr\/wp-json\/wp\/v2\/product\/5658"}],"collection":[{"href":"https:\/\/hannacosmetica.com\/fr\/wp-json\/wp\/v2\/product"}],"about":[{"href":"https:\/\/hannacosmetica.com\/fr\/wp-json\/wp\/v2\/types\/product"}],"replies":[{"embeddable":true,"href":"https:\/\/hannacosmetica.com\/fr\/wp-json\/wp\/v2\/comments?post=5658"}],"version-history":[{"count":1,"href":"https:\/\/hannacosmetica.com\/fr\/wp-json\/wp\/v2\/product\/5658\/revisions"}],"predecessor-version":[{"id":5659,"href":"https:\/\/hannacosmetica.com\/fr\/wp-json\/wp\/v2\/product\/5658\/revisions\/5659"}],"wp:featuredmedia":[{"embeddable":true,"href":"https:\/\/hannacosmetica.com\/fr\/wp-json\/wp\/v2\/media\/5656"}],"wp:attachment":[{"href":"https:\/\/hannacosmetica.com\/fr\/wp-json\/wp\/v2\/media?parent=5658"}],"wp:term":[{"taxonomy":"product_cat","embeddable":true,"href":"https:\/\/hannacosmetica.com\/fr\/wp-json\/wp\/v2\/product_cat?post=5658"},{"taxonomy":"product_tag","embeddable":true,"href":"https:\/\/hannacosmetica.com\/fr\/wp-json\/wp\/v2\/product_tag?post=5658"}],"curies":[{"name":"wp","href":"https:\/\/api.w.org\/{rel}","templated":true}]}}