{"id":5580,"date":"2022-09-15T13:50:33","date_gmt":"2022-09-15T13:50:33","guid":{"rendered":"https:\/\/hannacosmetica.com\/?post_type=product&#038;p=5580"},"modified":"2023-10-26T10:28:39","modified_gmt":"2023-10-26T10:28:39","slug":"tassel-colour-cleaner-limpiador-quitamanchas-de-tinte-con-aloe-vera-200ml","status":"publish","type":"product","link":"https:\/\/hannacosmetica.com\/fr\/tienda\/peluqueria\/complementos-peluqueria\/tassel-colour-cleaner-limpiador-quitamanchas-de-tinte-con-aloe-vera-200ml\/","title":{"rendered":"TASSEL COLOUR CLEANER \u2013 LIMPIADOR QUITAMANCHAS DE TINTE CON ALOE VERA 200ML"},"content":{"rendered":"<p>Gracias a este nuevo producto de Tassel, consigue eliminar todas aquellas manchas de coloraci\u00f3n producidas por el tinte sobre tu piel. Limpia tu rostro\u00a0en tan solo un par de minutos utilizando el colour cleaner de Tassel. Adem\u00e1s, cuida tu piel al mismo tiempo que eliminas todas esas manchas indeseadas gracias a las propiedades de su ingrediente principal, el Aloe Vera. Haz que la hora del tinte no te cause m\u00e1s molestias y conf\u00eda en Tassel. Deja tu piel impecable, limpia y con un aspecto totalmente reconfortante.<\/p>\n<p><strong>Caracter\u00edsticas:<\/strong><\/p>\n<p>\u2013 Para todo tipo de pieles<br \/>\n\u2013 Contiene Aloe Vera<br \/>\n\u2013 Limpia y cuida tu piel<br \/>\n\u2013 Perfecta para despu\u00e9s de la coloraci\u00f3n<\/p>\n<p><strong>Modo de empleo:<\/strong><\/p>\n<p>Aplica la loci\u00f3n limpiadora Colour Cleaner sobre las manchas producidas por el tinte con la ayuda de un algod\u00f3n y frota suavemente sobre ellas. Posteriormente aclara el producto con agua.<\/p>","protected":false},"excerpt":{"rendered":"<p>Gracias a este nuevo producto de Tassel, consigue eliminar todas aquellas manchas de coloraci\u00f3n producidas por el tinte sobre tu piel. Limpia&hellip;<\/p>","protected":false},"featured_media":5581,"comment_status":"open","ping_status":"closed","template":"","meta":[],"product_cat":[152,83],"product_tag":[],"yoast_head":"<!-- This site is optimized with the Yoast SEO plugin v19.9 - https:\/\/yoast.com\/wordpress\/plugins\/seo\/ -->\n<title>TASSEL COLOUR CLEANER \u2013 LIMPIADOR QUITAMANCHAS DE TINTE CON ALOE VERA 200ML - Hanna Cosm\u00e9tica<\/title>\n<meta name=\"robots\" content=\"index, follow, max-snippet:-1, max-image-preview:large, max-video-preview:-1\" \/>\n<link rel=\"canonical\" href=\"https:\/\/hannacosmetica.com\/fr\/tienda\/peluqueria\/complementos-peluqueria\/tassel-colour-cleaner-limpiador-quitamanchas-de-tinte-con-aloe-vera-200ml\/\" \/>\n<meta property=\"og:locale\" content=\"fr_FR\" \/>\n<meta property=\"og:type\" content=\"article\" \/>\n<meta property=\"og:title\" content=\"TASSEL COLOUR CLEANER \u2013 LIMPIADOR QUITAMANCHAS DE TINTE CON ALOE VERA 200ML - Hanna Cosm\u00e9tica\" \/>\n<meta property=\"og:description\" content=\"Gracias a este nuevo producto de Tassel, consigue eliminar todas aquellas manchas de coloraci\u00f3n producidas por el tinte sobre tu piel. Limpia&hellip;\" \/>\n<meta property=\"og:url\" content=\"https:\/\/hannacosmetica.com\/fr\/tienda\/peluqueria\/complementos-peluqueria\/tassel-colour-cleaner-limpiador-quitamanchas-de-tinte-con-aloe-vera-200ml\/\" \/>\n<meta property=\"og:site_name\" content=\"Hanna Cosm\u00e9tica\" \/>\n<meta property=\"article:modified_time\" content=\"2023-10-26T10:28:39+00:00\" \/>\n<meta property=\"og:image\" content=\"https:\/\/hannacosmetica.com\/wp-content\/uploads\/2022\/09\/limpiadora-de-las-manchas-de-coloracion.jpg\" \/>\n\t<meta property=\"og:image:width\" content=\"2048\" \/>\n\t<meta property=\"og:image:height\" content=\"2048\" \/>\n\t<meta property=\"og:image:type\" content=\"image\/jpeg\" \/>\n<meta name=\"twitter:card\" content=\"summary_large_image\" \/>\n<script type=\"application\/ld+json\" class=\"yoast-schema-graph\">{\"@context\":\"https:\/\/schema.org\",\"@graph\":[{\"@type\":\"WebPage\",\"@id\":\"https:\/\/hannacosmetica.com\/tienda\/peluqueria\/complementos-peluqueria\/tassel-colour-cleaner-limpiador-quitamanchas-de-tinte-con-aloe-vera-200ml\/\",\"url\":\"https:\/\/hannacosmetica.com\/tienda\/peluqueria\/complementos-peluqueria\/tassel-colour-cleaner-limpiador-quitamanchas-de-tinte-con-aloe-vera-200ml\/\",\"name\":\"TASSEL COLOUR CLEANER \u2013 LIMPIADOR QUITAMANCHAS DE TINTE CON ALOE VERA 200ML - Hanna Cosm\u00e9tica\",\"isPartOf\":{\"@id\":\"https:\/\/hannacosmetica.com\/#website\"},\"datePublished\":\"2022-09-15T13:50:33+00:00\",\"dateModified\":\"2023-10-26T10:28:39+00:00\",\"breadcrumb\":{\"@id\":\"https:\/\/hannacosmetica.com\/tienda\/peluqueria\/complementos-peluqueria\/tassel-colour-cleaner-limpiador-quitamanchas-de-tinte-con-aloe-vera-200ml\/#breadcrumb\"},\"inLanguage\":\"fr-FR\",\"potentialAction\":[{\"@type\":\"ReadAction\",\"target\":[\"https:\/\/hannacosmetica.com\/tienda\/peluqueria\/complementos-peluqueria\/tassel-colour-cleaner-limpiador-quitamanchas-de-tinte-con-aloe-vera-200ml\/\"]}]},{\"@type\":\"BreadcrumbList\",\"@id\":\"https:\/\/hannacosmetica.com\/tienda\/peluqueria\/complementos-peluqueria\/tassel-colour-cleaner-limpiador-quitamanchas-de-tinte-con-aloe-vera-200ml\/#breadcrumb\",\"itemListElement\":[{\"@type\":\"ListItem\",\"position\":1,\"name\":\"Portada\",\"item\":\"https:\/\/hannacosmetica.com\/\"},{\"@type\":\"ListItem\",\"position\":2,\"name\":\"Tienda\",\"item\":\"https:\/\/hannacosmetica.com\/shop\/\"},{\"@type\":\"ListItem\",\"position\":3,\"name\":\"TASSEL COLOUR CLEANER \u2013 LIMPIADOR QUITAMANCHAS DE TINTE CON ALOE VERA 200ML\"}]},{\"@type\":\"WebSite\",\"@id\":\"https:\/\/hannacosmetica.com\/#website\",\"url\":\"https:\/\/hannacosmetica.com\/\",\"name\":\"Hanna Cosm\u00e9tica\",\"description\":\"Tienda de productos u\u00f1as, bellezas y peluquer\u00edas\",\"publisher\":{\"@id\":\"https:\/\/hannacosmetica.com\/#organization\"},\"potentialAction\":[{\"@type\":\"SearchAction\",\"target\":{\"@type\":\"EntryPoint\",\"urlTemplate\":\"https:\/\/hannacosmetica.com\/?s={search_term_string}\"},\"query-input\":\"required name=search_term_string\"}],\"inLanguage\":\"fr-FR\"},{\"@type\":\"Organization\",\"@id\":\"https:\/\/hannacosmetica.com\/#organization\",\"name\":\"Hanna Cosm\u00e9tica\",\"url\":\"https:\/\/hannacosmetica.com\/\",\"logo\":{\"@type\":\"ImageObject\",\"inLanguage\":\"fr-FR\",\"@id\":\"https:\/\/hannacosmetica.com\/#\/schema\/logo\/image\/\",\"url\":\"https:\/\/hannacosmetica.com\/wp-content\/uploads\/2022\/07\/Logo-Joyeria-Femenino-Floral-Negro.png\",\"contentUrl\":\"https:\/\/hannacosmetica.com\/wp-content\/uploads\/2022\/07\/Logo-Joyeria-Femenino-Floral-Negro.png\",\"width\":361,\"height\":126,\"caption\":\"Hanna Cosm\u00e9tica\"},\"image\":{\"@id\":\"https:\/\/hannacosmetica.com\/#\/schema\/logo\/image\/\"}}]}<\/script>\n<!-- \/ Yoast SEO plugin. -->","yoast_head_json":{"title":"TASSEL COLOUR CLEANER \u2013 LIMPIADOR QUITAMANCHAS DE TINTE CON ALOE VERA 200ML - Hanna Cosm\u00e9tica","robots":{"index":"index","follow":"follow","max-snippet":"max-snippet:-1","max-image-preview":"max-image-preview:large","max-video-preview":"max-video-preview:-1"},"canonical":"https:\/\/hannacosmetica.com\/fr\/tienda\/peluqueria\/complementos-peluqueria\/tassel-colour-cleaner-limpiador-quitamanchas-de-tinte-con-aloe-vera-200ml\/","og_locale":"fr_FR","og_type":"article","og_title":"TASSEL COLOUR CLEANER \u2013 LIMPIADOR QUITAMANCHAS DE TINTE CON ALOE VERA 200ML - Hanna Cosm\u00e9tica","og_description":"Gracias a este nuevo producto de Tassel, consigue eliminar todas aquellas manchas de coloraci\u00f3n producidas por el tinte sobre tu piel. Limpia&hellip;","og_url":"https:\/\/hannacosmetica.com\/fr\/tienda\/peluqueria\/complementos-peluqueria\/tassel-colour-cleaner-limpiador-quitamanchas-de-tinte-con-aloe-vera-200ml\/","og_site_name":"Hanna Cosm\u00e9tica","article_modified_time":"2023-10-26T10:28:39+00:00","og_image":[{"width":2048,"height":2048,"url":"https:\/\/hannacosmetica.com\/wp-content\/uploads\/2022\/09\/limpiadora-de-las-manchas-de-coloracion.jpg","type":"image\/jpeg"}],"twitter_card":"summary_large_image","schema":{"@context":"https:\/\/schema.org","@graph":[{"@type":"WebPage","@id":"https:\/\/hannacosmetica.com\/tienda\/peluqueria\/complementos-peluqueria\/tassel-colour-cleaner-limpiador-quitamanchas-de-tinte-con-aloe-vera-200ml\/","url":"https:\/\/hannacosmetica.com\/tienda\/peluqueria\/complementos-peluqueria\/tassel-colour-cleaner-limpiador-quitamanchas-de-tinte-con-aloe-vera-200ml\/","name":"TASSEL COLOUR CLEANER \u2013 LIMPIADOR QUITAMANCHAS DE TINTE CON ALOE VERA 200ML - Hanna Cosm\u00e9tica","isPartOf":{"@id":"https:\/\/hannacosmetica.com\/#website"},"datePublished":"2022-09-15T13:50:33+00:00","dateModified":"2023-10-26T10:28:39+00:00","breadcrumb":{"@id":"https:\/\/hannacosmetica.com\/tienda\/peluqueria\/complementos-peluqueria\/tassel-colour-cleaner-limpiador-quitamanchas-de-tinte-con-aloe-vera-200ml\/#breadcrumb"},"inLanguage":"fr-FR","potentialAction":[{"@type":"ReadAction","target":["https:\/\/hannacosmetica.com\/tienda\/peluqueria\/complementos-peluqueria\/tassel-colour-cleaner-limpiador-quitamanchas-de-tinte-con-aloe-vera-200ml\/"]}]},{"@type":"BreadcrumbList","@id":"https:\/\/hannacosmetica.com\/tienda\/peluqueria\/complementos-peluqueria\/tassel-colour-cleaner-limpiador-quitamanchas-de-tinte-con-aloe-vera-200ml\/#breadcrumb","itemListElement":[{"@type":"ListItem","position":1,"name":"Portada","item":"https:\/\/hannacosmetica.com\/"},{"@type":"ListItem","position":2,"name":"Tienda","item":"https:\/\/hannacosmetica.com\/shop\/"},{"@type":"ListItem","position":3,"name":"TASSEL COLOUR CLEANER \u2013 LIMPIADOR QUITAMANCHAS DE TINTE CON ALOE VERA 200ML"}]},{"@type":"WebSite","@id":"https:\/\/hannacosmetica.com\/#website","url":"https:\/\/hannacosmetica.com\/","name":"Hanna Cosm\u00e9tica","description":"Tienda de productos u\u00f1as, bellezas y peluquer\u00edas","publisher":{"@id":"https:\/\/hannacosmetica.com\/#organization"},"potentialAction":[{"@type":"SearchAction","target":{"@type":"EntryPoint","urlTemplate":"https:\/\/hannacosmetica.com\/?s={search_term_string}"},"query-input":"required name=search_term_string"}],"inLanguage":"fr-FR"},{"@type":"Organization","@id":"https:\/\/hannacosmetica.com\/#organization","name":"Hanna Cosm\u00e9tica","url":"https:\/\/hannacosmetica.com\/","logo":{"@type":"ImageObject","inLanguage":"fr-FR","@id":"https:\/\/hannacosmetica.com\/#\/schema\/logo\/image\/","url":"https:\/\/hannacosmetica.com\/wp-content\/uploads\/2022\/07\/Logo-Joyeria-Femenino-Floral-Negro.png","contentUrl":"https:\/\/hannacosmetica.com\/wp-content\/uploads\/2022\/07\/Logo-Joyeria-Femenino-Floral-Negro.png","width":361,"height":126,"caption":"Hanna Cosm\u00e9tica"},"image":{"@id":"https:\/\/hannacosmetica.com\/#\/schema\/logo\/image\/"}}]}},"_links":{"self":[{"href":"https:\/\/hannacosmetica.com\/fr\/wp-json\/wp\/v2\/product\/5580"}],"collection":[{"href":"https:\/\/hannacosmetica.com\/fr\/wp-json\/wp\/v2\/product"}],"about":[{"href":"https:\/\/hannacosmetica.com\/fr\/wp-json\/wp\/v2\/types\/product"}],"replies":[{"embeddable":true,"href":"https:\/\/hannacosmetica.com\/fr\/wp-json\/wp\/v2\/comments?post=5580"}],"version-history":[{"count":1,"href":"https:\/\/hannacosmetica.com\/fr\/wp-json\/wp\/v2\/product\/5580\/revisions"}],"predecessor-version":[{"id":5582,"href":"https:\/\/hannacosmetica.com\/fr\/wp-json\/wp\/v2\/product\/5580\/revisions\/5582"}],"wp:featuredmedia":[{"embeddable":true,"href":"https:\/\/hannacosmetica.com\/fr\/wp-json\/wp\/v2\/media\/5581"}],"wp:attachment":[{"href":"https:\/\/hannacosmetica.com\/fr\/wp-json\/wp\/v2\/media?parent=5580"}],"wp:term":[{"taxonomy":"product_cat","embeddable":true,"href":"https:\/\/hannacosmetica.com\/fr\/wp-json\/wp\/v2\/product_cat?post=5580"},{"taxonomy":"product_tag","embeddable":true,"href":"https:\/\/hannacosmetica.com\/fr\/wp-json\/wp\/v2\/product_tag?post=5580"}],"curies":[{"name":"wp","href":"https:\/\/api.w.org\/{rel}","templated":true}]}}