{"id":5570,"date":"2022-09-15T13:33:19","date_gmt":"2022-09-15T13:33:19","guid":{"rendered":"https:\/\/hannacosmetica.com\/?post_type=product&#038;p=5570"},"modified":"2023-10-26T10:35:05","modified_gmt":"2023-10-26T10:35:05","slug":"decoloracion-deco-nature-pro-0-sin-amoniaco-con-keratina-y-argan-2k","status":"publish","type":"product","link":"https:\/\/hannacosmetica.com\/fr\/tienda\/peluqueria\/tintes\/decoloracion-deco-nature-pro-0-sin-amoniaco-con-keratina-y-argan-2k\/","title":{"rendered":"Decoloraci\u00f3n Deco Nature Pro 0% sin Amoniaco con Keratina y Arg\u00e1n 2K"},"content":{"rendered":"<ul class=\"a-unordered-list a-vertical a-spacing-mini\">\n<li><span class=\"a-list-item\">Polvo decolorante sin amoniaco\u00a0<\/span><\/li>\n<li>Marca : DECO NATURE<\/li>\n<li><span class=\"a-list-item\">F\u00f3rmula enriquecida con arg\u00e1n (antioxidante que protege y da elasticidad al cabello), y keratina (que por sus propiedades reestructurantes permite reforzar el cabello)<\/span><\/li>\n<li><span class=\"a-list-item\">Decoloraci\u00f3n con m\u00e1s poder de aclaraci\u00f3n, compacta y no da\u00f1ina para las v\u00edas respiratorias por no ser vol\u00e1til<\/span><\/li>\n<li><span class=\"a-list-item\">Multi techniques: f\u00f3rmula perfectamente adaptada a todas las t\u00e9cnicas de decoloraci\u00f3n<\/span><\/li>\n<li>4 bolsas de 500g\u00a0 equivalente a\u00a0 2k<\/li>\n<\/ul>","protected":false},"excerpt":{"rendered":"<p>Polvo decolorante sin amoniaco\u00a0 Marca : DECO NATURE F\u00f3rmula enriquecida con arg\u00e1n (antioxidante que protege y da elasticidad al cabello), y keratina&hellip;<\/p>","protected":false},"featured_media":8130,"comment_status":"open","ping_status":"closed","template":"","meta":[],"product_cat":[83,109],"product_tag":[],"yoast_head":"<!-- This site is optimized with the Yoast SEO plugin v19.9 - https:\/\/yoast.com\/wordpress\/plugins\/seo\/ -->\n<title>Decoloraci\u00f3n Deco Nature Pro 0% sin Amoniaco con Keratina y Arg\u00e1n 2K - Hanna Cosm\u00e9tica<\/title>\n<meta name=\"robots\" content=\"index, follow, max-snippet:-1, max-image-preview:large, max-video-preview:-1\" \/>\n<link rel=\"canonical\" href=\"https:\/\/hannacosmetica.com\/fr\/tienda\/peluqueria\/tintes\/decoloracion-deco-nature-pro-0-sin-amoniaco-con-keratina-y-argan-2k\/\" \/>\n<meta property=\"og:locale\" content=\"fr_FR\" \/>\n<meta property=\"og:type\" content=\"article\" \/>\n<meta property=\"og:title\" content=\"Decoloraci\u00f3n Deco Nature Pro 0% sin Amoniaco con Keratina y Arg\u00e1n 2K - Hanna Cosm\u00e9tica\" \/>\n<meta property=\"og:description\" content=\"Polvo decolorante sin amoniaco\u00a0 Marca : DECO NATURE F\u00f3rmula enriquecida con arg\u00e1n (antioxidante que protege y da elasticidad al cabello), y keratina&hellip;\" \/>\n<meta property=\"og:url\" content=\"https:\/\/hannacosmetica.com\/fr\/tienda\/peluqueria\/tintes\/decoloracion-deco-nature-pro-0-sin-amoniaco-con-keratina-y-argan-2k\/\" \/>\n<meta property=\"og:site_name\" content=\"Hanna Cosm\u00e9tica\" \/>\n<meta property=\"article:modified_time\" content=\"2023-10-26T10:35:05+00:00\" \/>\n<meta property=\"og:image\" content=\"https:\/\/hannacosmetica.com\/wp-content\/uploads\/2022\/09\/\u672a\u547d\u540d\u7684\u8bbe\u8ba1-2022-10-11T133557.617.png\" \/>\n\t<meta property=\"og:image:width\" content=\"1600\" \/>\n\t<meta property=\"og:image:height\" content=\"1600\" \/>\n\t<meta property=\"og:image:type\" content=\"image\/png\" \/>\n<meta name=\"twitter:card\" content=\"summary_large_image\" \/>\n<script type=\"application\/ld+json\" class=\"yoast-schema-graph\">{\"@context\":\"https:\/\/schema.org\",\"@graph\":[{\"@type\":\"WebPage\",\"@id\":\"https:\/\/hannacosmetica.com\/tienda\/peluqueria\/tintes\/decoloracion-deco-nature-pro-0-sin-amoniaco-con-keratina-y-argan-2k\/\",\"url\":\"https:\/\/hannacosmetica.com\/tienda\/peluqueria\/tintes\/decoloracion-deco-nature-pro-0-sin-amoniaco-con-keratina-y-argan-2k\/\",\"name\":\"Decoloraci\u00f3n Deco Nature Pro 0% sin Amoniaco con Keratina y Arg\u00e1n 2K - Hanna Cosm\u00e9tica\",\"isPartOf\":{\"@id\":\"https:\/\/hannacosmetica.com\/#website\"},\"datePublished\":\"2022-09-15T13:33:19+00:00\",\"dateModified\":\"2023-10-26T10:35:05+00:00\",\"breadcrumb\":{\"@id\":\"https:\/\/hannacosmetica.com\/tienda\/peluqueria\/tintes\/decoloracion-deco-nature-pro-0-sin-amoniaco-con-keratina-y-argan-2k\/#breadcrumb\"},\"inLanguage\":\"fr-FR\",\"potentialAction\":[{\"@type\":\"ReadAction\",\"target\":[\"https:\/\/hannacosmetica.com\/tienda\/peluqueria\/tintes\/decoloracion-deco-nature-pro-0-sin-amoniaco-con-keratina-y-argan-2k\/\"]}]},{\"@type\":\"BreadcrumbList\",\"@id\":\"https:\/\/hannacosmetica.com\/tienda\/peluqueria\/tintes\/decoloracion-deco-nature-pro-0-sin-amoniaco-con-keratina-y-argan-2k\/#breadcrumb\",\"itemListElement\":[{\"@type\":\"ListItem\",\"position\":1,\"name\":\"Portada\",\"item\":\"https:\/\/hannacosmetica.com\/\"},{\"@type\":\"ListItem\",\"position\":2,\"name\":\"Tienda\",\"item\":\"https:\/\/hannacosmetica.com\/shop\/\"},{\"@type\":\"ListItem\",\"position\":3,\"name\":\"Decoloraci\u00f3n Deco Nature Pro 0% sin Amoniaco con Keratina y Arg\u00e1n 2K\"}]},{\"@type\":\"WebSite\",\"@id\":\"https:\/\/hannacosmetica.com\/#website\",\"url\":\"https:\/\/hannacosmetica.com\/\",\"name\":\"Hanna Cosm\u00e9tica\",\"description\":\"Tienda de productos u\u00f1as, bellezas y peluquer\u00edas\",\"publisher\":{\"@id\":\"https:\/\/hannacosmetica.com\/#organization\"},\"potentialAction\":[{\"@type\":\"SearchAction\",\"target\":{\"@type\":\"EntryPoint\",\"urlTemplate\":\"https:\/\/hannacosmetica.com\/?s={search_term_string}\"},\"query-input\":\"required name=search_term_string\"}],\"inLanguage\":\"fr-FR\"},{\"@type\":\"Organization\",\"@id\":\"https:\/\/hannacosmetica.com\/#organization\",\"name\":\"Hanna Cosm\u00e9tica\",\"url\":\"https:\/\/hannacosmetica.com\/\",\"logo\":{\"@type\":\"ImageObject\",\"inLanguage\":\"fr-FR\",\"@id\":\"https:\/\/hannacosmetica.com\/#\/schema\/logo\/image\/\",\"url\":\"https:\/\/hannacosmetica.com\/wp-content\/uploads\/2022\/07\/Logo-Joyeria-Femenino-Floral-Negro.png\",\"contentUrl\":\"https:\/\/hannacosmetica.com\/wp-content\/uploads\/2022\/07\/Logo-Joyeria-Femenino-Floral-Negro.png\",\"width\":361,\"height\":126,\"caption\":\"Hanna Cosm\u00e9tica\"},\"image\":{\"@id\":\"https:\/\/hannacosmetica.com\/#\/schema\/logo\/image\/\"}}]}<\/script>\n<!-- \/ Yoast SEO plugin. -->","yoast_head_json":{"title":"Decoloraci\u00f3n Deco Nature Pro 0% sin Amoniaco con Keratina y Arg\u00e1n 2K - Hanna Cosm\u00e9tica","robots":{"index":"index","follow":"follow","max-snippet":"max-snippet:-1","max-image-preview":"max-image-preview:large","max-video-preview":"max-video-preview:-1"},"canonical":"https:\/\/hannacosmetica.com\/fr\/tienda\/peluqueria\/tintes\/decoloracion-deco-nature-pro-0-sin-amoniaco-con-keratina-y-argan-2k\/","og_locale":"fr_FR","og_type":"article","og_title":"Decoloraci\u00f3n Deco Nature Pro 0% sin Amoniaco con Keratina y Arg\u00e1n 2K - Hanna Cosm\u00e9tica","og_description":"Polvo decolorante sin amoniaco\u00a0 Marca : DECO NATURE F\u00f3rmula enriquecida con arg\u00e1n (antioxidante que protege y da elasticidad al cabello), y keratina&hellip;","og_url":"https:\/\/hannacosmetica.com\/fr\/tienda\/peluqueria\/tintes\/decoloracion-deco-nature-pro-0-sin-amoniaco-con-keratina-y-argan-2k\/","og_site_name":"Hanna Cosm\u00e9tica","article_modified_time":"2023-10-26T10:35:05+00:00","og_image":[{"width":1600,"height":1600,"url":"https:\/\/hannacosmetica.com\/wp-content\/uploads\/2022\/09\/\u672a\u547d\u540d\u7684\u8bbe\u8ba1-2022-10-11T133557.617.png","type":"image\/png"}],"twitter_card":"summary_large_image","schema":{"@context":"https:\/\/schema.org","@graph":[{"@type":"WebPage","@id":"https:\/\/hannacosmetica.com\/tienda\/peluqueria\/tintes\/decoloracion-deco-nature-pro-0-sin-amoniaco-con-keratina-y-argan-2k\/","url":"https:\/\/hannacosmetica.com\/tienda\/peluqueria\/tintes\/decoloracion-deco-nature-pro-0-sin-amoniaco-con-keratina-y-argan-2k\/","name":"Decoloraci\u00f3n Deco Nature Pro 0% sin Amoniaco con Keratina y Arg\u00e1n 2K - Hanna Cosm\u00e9tica","isPartOf":{"@id":"https:\/\/hannacosmetica.com\/#website"},"datePublished":"2022-09-15T13:33:19+00:00","dateModified":"2023-10-26T10:35:05+00:00","breadcrumb":{"@id":"https:\/\/hannacosmetica.com\/tienda\/peluqueria\/tintes\/decoloracion-deco-nature-pro-0-sin-amoniaco-con-keratina-y-argan-2k\/#breadcrumb"},"inLanguage":"fr-FR","potentialAction":[{"@type":"ReadAction","target":["https:\/\/hannacosmetica.com\/tienda\/peluqueria\/tintes\/decoloracion-deco-nature-pro-0-sin-amoniaco-con-keratina-y-argan-2k\/"]}]},{"@type":"BreadcrumbList","@id":"https:\/\/hannacosmetica.com\/tienda\/peluqueria\/tintes\/decoloracion-deco-nature-pro-0-sin-amoniaco-con-keratina-y-argan-2k\/#breadcrumb","itemListElement":[{"@type":"ListItem","position":1,"name":"Portada","item":"https:\/\/hannacosmetica.com\/"},{"@type":"ListItem","position":2,"name":"Tienda","item":"https:\/\/hannacosmetica.com\/shop\/"},{"@type":"ListItem","position":3,"name":"Decoloraci\u00f3n Deco Nature Pro 0% sin Amoniaco con Keratina y Arg\u00e1n 2K"}]},{"@type":"WebSite","@id":"https:\/\/hannacosmetica.com\/#website","url":"https:\/\/hannacosmetica.com\/","name":"Hanna Cosm\u00e9tica","description":"Tienda de productos u\u00f1as, bellezas y peluquer\u00edas","publisher":{"@id":"https:\/\/hannacosmetica.com\/#organization"},"potentialAction":[{"@type":"SearchAction","target":{"@type":"EntryPoint","urlTemplate":"https:\/\/hannacosmetica.com\/?s={search_term_string}"},"query-input":"required name=search_term_string"}],"inLanguage":"fr-FR"},{"@type":"Organization","@id":"https:\/\/hannacosmetica.com\/#organization","name":"Hanna Cosm\u00e9tica","url":"https:\/\/hannacosmetica.com\/","logo":{"@type":"ImageObject","inLanguage":"fr-FR","@id":"https:\/\/hannacosmetica.com\/#\/schema\/logo\/image\/","url":"https:\/\/hannacosmetica.com\/wp-content\/uploads\/2022\/07\/Logo-Joyeria-Femenino-Floral-Negro.png","contentUrl":"https:\/\/hannacosmetica.com\/wp-content\/uploads\/2022\/07\/Logo-Joyeria-Femenino-Floral-Negro.png","width":361,"height":126,"caption":"Hanna Cosm\u00e9tica"},"image":{"@id":"https:\/\/hannacosmetica.com\/#\/schema\/logo\/image\/"}}]}},"_links":{"self":[{"href":"https:\/\/hannacosmetica.com\/fr\/wp-json\/wp\/v2\/product\/5570"}],"collection":[{"href":"https:\/\/hannacosmetica.com\/fr\/wp-json\/wp\/v2\/product"}],"about":[{"href":"https:\/\/hannacosmetica.com\/fr\/wp-json\/wp\/v2\/types\/product"}],"replies":[{"embeddable":true,"href":"https:\/\/hannacosmetica.com\/fr\/wp-json\/wp\/v2\/comments?post=5570"}],"version-history":[{"count":1,"href":"https:\/\/hannacosmetica.com\/fr\/wp-json\/wp\/v2\/product\/5570\/revisions"}],"predecessor-version":[{"id":5573,"href":"https:\/\/hannacosmetica.com\/fr\/wp-json\/wp\/v2\/product\/5570\/revisions\/5573"}],"wp:featuredmedia":[{"embeddable":true,"href":"https:\/\/hannacosmetica.com\/fr\/wp-json\/wp\/v2\/media\/8130"}],"wp:attachment":[{"href":"https:\/\/hannacosmetica.com\/fr\/wp-json\/wp\/v2\/media?parent=5570"}],"wp:term":[{"taxonomy":"product_cat","embeddable":true,"href":"https:\/\/hannacosmetica.com\/fr\/wp-json\/wp\/v2\/product_cat?post=5570"},{"taxonomy":"product_tag","embeddable":true,"href":"https:\/\/hannacosmetica.com\/fr\/wp-json\/wp\/v2\/product_tag?post=5570"}],"curies":[{"name":"wp","href":"https:\/\/api.w.org\/{rel}","templated":true}]}}