{"id":5535,"date":"2022-09-15T12:10:41","date_gmt":"2022-09-15T12:10:41","guid":{"rendered":"https:\/\/hannacosmetica.com\/?post_type=product&#038;p=5535"},"modified":"2023-10-26T11:01:04","modified_gmt":"2023-10-26T11:01:04","slug":"botella-de-spray-de-barbero-500-ml-de-spray-de-peluqueria-vintage-pulverizador-de-botella-de-agua-vacia-herramientas-de-peluqueria","status":"publish","type":"product","link":"https:\/\/hannacosmetica.com\/fr\/tienda\/peluqueria\/barberia-caballero\/botella-de-spray-de-barbero-500-ml-de-spray-de-peluqueria-vintage-pulverizador-de-botella-de-agua-vacia-herramientas-de-peluqueria\/","title":{"rendered":"Botella de Spray de Barbero, 500 ml de Spray de Peluquer\u00eda Vintage, Pulverizador de Botella de Agua Vac\u00eda, Herramientas de Peluquer\u00eda"},"content":{"rendered":"<ul class=\"a-unordered-list a-vertical a-spacing-mini\">\n<li><span class=\"a-list-item\">Buen material: esta botella de spray para peluquer\u00eda est\u00e1 hecha de material ABS, que es respetuoso con el medio ambiente. Estilo retro, 500 ml de capacidad<\/span><\/li>\n<li><span class=\"a-list-item\">Dise\u00f1o \u00fanico: cabezal de gatillo de pulverizaci\u00f3n de dise\u00f1o exclusivo, agarre c\u00f3modo, f\u00e1cil de proporcionar r\u00e1pidamente la niebla m\u00e1s fina<\/span><\/li>\n<li><span class=\"a-list-item\">Boquilla ultrafina: una boquilla de precisi\u00f3n con un di\u00e1metro de 0,3 mm pulveriza una niebla fina, que es muy conveniente de operar<\/span><\/li>\n<li><span class=\"a-list-item\">Prop\u00f3sito: esta botella de spray de peluquer\u00eda es adecuada para uso dom\u00e9stico y peluquer\u00edas profesionales<\/span><\/li>\n<li><span class=\"a-list-item\">Hermoso: el dise\u00f1o corporal \u00fanico de esta botella de spray para peluquer\u00eda lo hace m\u00e1s hermoso<\/span><\/li>\n<\/ul>","protected":false},"excerpt":{"rendered":"<p>Buen material: esta botella de spray para peluquer\u00eda est\u00e1 hecha de material ABS, que es respetuoso con el medio ambiente. Estilo retro,&hellip;<\/p>","protected":false},"featured_media":5536,"comment_status":"open","ping_status":"closed","template":"","meta":[],"product_cat":[83,112],"product_tag":[],"yoast_head":"<!-- This site is optimized with the Yoast SEO plugin v19.9 - https:\/\/yoast.com\/wordpress\/plugins\/seo\/ -->\n<title>Botella de Spray de Barbero, 500 ml de Spray de Peluquer\u00eda Vintage, Pulverizador de Botella de Agua Vac\u00eda, Herramientas de Peluquer\u00eda - Hanna Cosm\u00e9tica<\/title>\n<meta name=\"robots\" content=\"index, follow, max-snippet:-1, max-image-preview:large, max-video-preview:-1\" \/>\n<link rel=\"canonical\" href=\"https:\/\/hannacosmetica.com\/fr\/tienda\/peluqueria\/barberia-caballero\/botella-de-spray-de-barbero-500-ml-de-spray-de-peluqueria-vintage-pulverizador-de-botella-de-agua-vacia-herramientas-de-peluqueria\/\" \/>\n<meta property=\"og:locale\" content=\"fr_FR\" \/>\n<meta property=\"og:type\" content=\"article\" \/>\n<meta property=\"og:title\" content=\"Botella de Spray de Barbero, 500 ml de Spray de Peluquer\u00eda Vintage, Pulverizador de Botella de Agua Vac\u00eda, Herramientas de Peluquer\u00eda - Hanna Cosm\u00e9tica\" \/>\n<meta property=\"og:description\" content=\"Buen material: esta botella de spray para peluquer\u00eda est\u00e1 hecha de material ABS, que es respetuoso con el medio ambiente. Estilo retro,&hellip;\" \/>\n<meta property=\"og:url\" content=\"https:\/\/hannacosmetica.com\/fr\/tienda\/peluqueria\/barberia-caballero\/botella-de-spray-de-barbero-500-ml-de-spray-de-peluqueria-vintage-pulverizador-de-botella-de-agua-vacia-herramientas-de-peluqueria\/\" \/>\n<meta property=\"og:site_name\" content=\"Hanna Cosm\u00e9tica\" \/>\n<meta property=\"article:modified_time\" content=\"2023-10-26T11:01:04+00:00\" \/>\n<meta property=\"og:image\" content=\"https:\/\/hannacosmetica.com\/wp-content\/uploads\/2022\/09\/bote-ragnar-500ml.jpg\" \/>\n\t<meta property=\"og:image:width\" content=\"2048\" \/>\n\t<meta property=\"og:image:height\" content=\"2048\" \/>\n\t<meta property=\"og:image:type\" content=\"image\/jpeg\" \/>\n<meta name=\"twitter:card\" content=\"summary_large_image\" \/>\n<script type=\"application\/ld+json\" class=\"yoast-schema-graph\">{\"@context\":\"https:\/\/schema.org\",\"@graph\":[{\"@type\":\"WebPage\",\"@id\":\"https:\/\/hannacosmetica.com\/tienda\/peluqueria\/barberia-caballero\/botella-de-spray-de-barbero-500-ml-de-spray-de-peluqueria-vintage-pulverizador-de-botella-de-agua-vacia-herramientas-de-peluqueria\/\",\"url\":\"https:\/\/hannacosmetica.com\/tienda\/peluqueria\/barberia-caballero\/botella-de-spray-de-barbero-500-ml-de-spray-de-peluqueria-vintage-pulverizador-de-botella-de-agua-vacia-herramientas-de-peluqueria\/\",\"name\":\"Botella de Spray de Barbero, 500 ml de Spray de Peluquer\u00eda Vintage, Pulverizador de Botella de Agua Vac\u00eda, Herramientas de Peluquer\u00eda - Hanna Cosm\u00e9tica\",\"isPartOf\":{\"@id\":\"https:\/\/hannacosmetica.com\/#website\"},\"datePublished\":\"2022-09-15T12:10:41+00:00\",\"dateModified\":\"2023-10-26T11:01:04+00:00\",\"breadcrumb\":{\"@id\":\"https:\/\/hannacosmetica.com\/tienda\/peluqueria\/barberia-caballero\/botella-de-spray-de-barbero-500-ml-de-spray-de-peluqueria-vintage-pulverizador-de-botella-de-agua-vacia-herramientas-de-peluqueria\/#breadcrumb\"},\"inLanguage\":\"fr-FR\",\"potentialAction\":[{\"@type\":\"ReadAction\",\"target\":[\"https:\/\/hannacosmetica.com\/tienda\/peluqueria\/barberia-caballero\/botella-de-spray-de-barbero-500-ml-de-spray-de-peluqueria-vintage-pulverizador-de-botella-de-agua-vacia-herramientas-de-peluqueria\/\"]}]},{\"@type\":\"BreadcrumbList\",\"@id\":\"https:\/\/hannacosmetica.com\/tienda\/peluqueria\/barberia-caballero\/botella-de-spray-de-barbero-500-ml-de-spray-de-peluqueria-vintage-pulverizador-de-botella-de-agua-vacia-herramientas-de-peluqueria\/#breadcrumb\",\"itemListElement\":[{\"@type\":\"ListItem\",\"position\":1,\"name\":\"Portada\",\"item\":\"https:\/\/hannacosmetica.com\/\"},{\"@type\":\"ListItem\",\"position\":2,\"name\":\"Tienda\",\"item\":\"https:\/\/hannacosmetica.com\/shop\/\"},{\"@type\":\"ListItem\",\"position\":3,\"name\":\"Botella de Spray de Barbero, 500 ml de Spray de Peluquer\u00eda Vintage, Pulverizador de Botella de Agua Vac\u00eda, Herramientas de Peluquer\u00eda\"}]},{\"@type\":\"WebSite\",\"@id\":\"https:\/\/hannacosmetica.com\/#website\",\"url\":\"https:\/\/hannacosmetica.com\/\",\"name\":\"Hanna Cosm\u00e9tica\",\"description\":\"Tienda de productos u\u00f1as, bellezas y peluquer\u00edas\",\"publisher\":{\"@id\":\"https:\/\/hannacosmetica.com\/#organization\"},\"potentialAction\":[{\"@type\":\"SearchAction\",\"target\":{\"@type\":\"EntryPoint\",\"urlTemplate\":\"https:\/\/hannacosmetica.com\/?s={search_term_string}\"},\"query-input\":\"required name=search_term_string\"}],\"inLanguage\":\"fr-FR\"},{\"@type\":\"Organization\",\"@id\":\"https:\/\/hannacosmetica.com\/#organization\",\"name\":\"Hanna Cosm\u00e9tica\",\"url\":\"https:\/\/hannacosmetica.com\/\",\"logo\":{\"@type\":\"ImageObject\",\"inLanguage\":\"fr-FR\",\"@id\":\"https:\/\/hannacosmetica.com\/#\/schema\/logo\/image\/\",\"url\":\"https:\/\/hannacosmetica.com\/wp-content\/uploads\/2022\/07\/Logo-Joyeria-Femenino-Floral-Negro.png\",\"contentUrl\":\"https:\/\/hannacosmetica.com\/wp-content\/uploads\/2022\/07\/Logo-Joyeria-Femenino-Floral-Negro.png\",\"width\":361,\"height\":126,\"caption\":\"Hanna Cosm\u00e9tica\"},\"image\":{\"@id\":\"https:\/\/hannacosmetica.com\/#\/schema\/logo\/image\/\"}}]}<\/script>\n<!-- \/ Yoast SEO plugin. -->","yoast_head_json":{"title":"Botella de Spray de Barbero, 500 ml de Spray de Peluquer\u00eda Vintage, Pulverizador de Botella de Agua Vac\u00eda, Herramientas de Peluquer\u00eda - Hanna Cosm\u00e9tica","robots":{"index":"index","follow":"follow","max-snippet":"max-snippet:-1","max-image-preview":"max-image-preview:large","max-video-preview":"max-video-preview:-1"},"canonical":"https:\/\/hannacosmetica.com\/fr\/tienda\/peluqueria\/barberia-caballero\/botella-de-spray-de-barbero-500-ml-de-spray-de-peluqueria-vintage-pulverizador-de-botella-de-agua-vacia-herramientas-de-peluqueria\/","og_locale":"fr_FR","og_type":"article","og_title":"Botella de Spray de Barbero, 500 ml de Spray de Peluquer\u00eda Vintage, Pulverizador de Botella de Agua Vac\u00eda, Herramientas de Peluquer\u00eda - Hanna Cosm\u00e9tica","og_description":"Buen material: esta botella de spray para peluquer\u00eda est\u00e1 hecha de material ABS, que es respetuoso con el medio ambiente. Estilo retro,&hellip;","og_url":"https:\/\/hannacosmetica.com\/fr\/tienda\/peluqueria\/barberia-caballero\/botella-de-spray-de-barbero-500-ml-de-spray-de-peluqueria-vintage-pulverizador-de-botella-de-agua-vacia-herramientas-de-peluqueria\/","og_site_name":"Hanna Cosm\u00e9tica","article_modified_time":"2023-10-26T11:01:04+00:00","og_image":[{"width":2048,"height":2048,"url":"https:\/\/hannacosmetica.com\/wp-content\/uploads\/2022\/09\/bote-ragnar-500ml.jpg","type":"image\/jpeg"}],"twitter_card":"summary_large_image","schema":{"@context":"https:\/\/schema.org","@graph":[{"@type":"WebPage","@id":"https:\/\/hannacosmetica.com\/tienda\/peluqueria\/barberia-caballero\/botella-de-spray-de-barbero-500-ml-de-spray-de-peluqueria-vintage-pulverizador-de-botella-de-agua-vacia-herramientas-de-peluqueria\/","url":"https:\/\/hannacosmetica.com\/tienda\/peluqueria\/barberia-caballero\/botella-de-spray-de-barbero-500-ml-de-spray-de-peluqueria-vintage-pulverizador-de-botella-de-agua-vacia-herramientas-de-peluqueria\/","name":"Botella de Spray de Barbero, 500 ml de Spray de Peluquer\u00eda Vintage, Pulverizador de Botella de Agua Vac\u00eda, Herramientas de Peluquer\u00eda - Hanna Cosm\u00e9tica","isPartOf":{"@id":"https:\/\/hannacosmetica.com\/#website"},"datePublished":"2022-09-15T12:10:41+00:00","dateModified":"2023-10-26T11:01:04+00:00","breadcrumb":{"@id":"https:\/\/hannacosmetica.com\/tienda\/peluqueria\/barberia-caballero\/botella-de-spray-de-barbero-500-ml-de-spray-de-peluqueria-vintage-pulverizador-de-botella-de-agua-vacia-herramientas-de-peluqueria\/#breadcrumb"},"inLanguage":"fr-FR","potentialAction":[{"@type":"ReadAction","target":["https:\/\/hannacosmetica.com\/tienda\/peluqueria\/barberia-caballero\/botella-de-spray-de-barbero-500-ml-de-spray-de-peluqueria-vintage-pulverizador-de-botella-de-agua-vacia-herramientas-de-peluqueria\/"]}]},{"@type":"BreadcrumbList","@id":"https:\/\/hannacosmetica.com\/tienda\/peluqueria\/barberia-caballero\/botella-de-spray-de-barbero-500-ml-de-spray-de-peluqueria-vintage-pulverizador-de-botella-de-agua-vacia-herramientas-de-peluqueria\/#breadcrumb","itemListElement":[{"@type":"ListItem","position":1,"name":"Portada","item":"https:\/\/hannacosmetica.com\/"},{"@type":"ListItem","position":2,"name":"Tienda","item":"https:\/\/hannacosmetica.com\/shop\/"},{"@type":"ListItem","position":3,"name":"Botella de Spray de Barbero, 500 ml de Spray de Peluquer\u00eda Vintage, Pulverizador de Botella de Agua Vac\u00eda, Herramientas de Peluquer\u00eda"}]},{"@type":"WebSite","@id":"https:\/\/hannacosmetica.com\/#website","url":"https:\/\/hannacosmetica.com\/","name":"Hanna Cosm\u00e9tica","description":"Tienda de productos u\u00f1as, bellezas y peluquer\u00edas","publisher":{"@id":"https:\/\/hannacosmetica.com\/#organization"},"potentialAction":[{"@type":"SearchAction","target":{"@type":"EntryPoint","urlTemplate":"https:\/\/hannacosmetica.com\/?s={search_term_string}"},"query-input":"required name=search_term_string"}],"inLanguage":"fr-FR"},{"@type":"Organization","@id":"https:\/\/hannacosmetica.com\/#organization","name":"Hanna Cosm\u00e9tica","url":"https:\/\/hannacosmetica.com\/","logo":{"@type":"ImageObject","inLanguage":"fr-FR","@id":"https:\/\/hannacosmetica.com\/#\/schema\/logo\/image\/","url":"https:\/\/hannacosmetica.com\/wp-content\/uploads\/2022\/07\/Logo-Joyeria-Femenino-Floral-Negro.png","contentUrl":"https:\/\/hannacosmetica.com\/wp-content\/uploads\/2022\/07\/Logo-Joyeria-Femenino-Floral-Negro.png","width":361,"height":126,"caption":"Hanna Cosm\u00e9tica"},"image":{"@id":"https:\/\/hannacosmetica.com\/#\/schema\/logo\/image\/"}}]}},"_links":{"self":[{"href":"https:\/\/hannacosmetica.com\/fr\/wp-json\/wp\/v2\/product\/5535"}],"collection":[{"href":"https:\/\/hannacosmetica.com\/fr\/wp-json\/wp\/v2\/product"}],"about":[{"href":"https:\/\/hannacosmetica.com\/fr\/wp-json\/wp\/v2\/types\/product"}],"replies":[{"embeddable":true,"href":"https:\/\/hannacosmetica.com\/fr\/wp-json\/wp\/v2\/comments?post=5535"}],"version-history":[{"count":1,"href":"https:\/\/hannacosmetica.com\/fr\/wp-json\/wp\/v2\/product\/5535\/revisions"}],"predecessor-version":[{"id":5538,"href":"https:\/\/hannacosmetica.com\/fr\/wp-json\/wp\/v2\/product\/5535\/revisions\/5538"}],"wp:featuredmedia":[{"embeddable":true,"href":"https:\/\/hannacosmetica.com\/fr\/wp-json\/wp\/v2\/media\/5536"}],"wp:attachment":[{"href":"https:\/\/hannacosmetica.com\/fr\/wp-json\/wp\/v2\/media?parent=5535"}],"wp:term":[{"taxonomy":"product_cat","embeddable":true,"href":"https:\/\/hannacosmetica.com\/fr\/wp-json\/wp\/v2\/product_cat?post=5535"},{"taxonomy":"product_tag","embeddable":true,"href":"https:\/\/hannacosmetica.com\/fr\/wp-json\/wp\/v2\/product_tag?post=5535"}],"curies":[{"name":"wp","href":"https:\/\/api.w.org\/{rel}","templated":true}]}}