{"id":5495,"date":"2022-09-15T09:45:26","date_gmt":"2022-09-15T09:45:26","guid":{"rendered":"https:\/\/hannacosmetica.com\/?post_type=product&#038;p=5495"},"modified":"2023-10-26T11:08:17","modified_gmt":"2023-10-26T11:08:17","slug":"microesferas-de-cuarzo-bolitas-de-cuarzo-para-esterilizador-con-perlas-de-cuarzo-400-gr","status":"publish","type":"product","link":"https:\/\/hannacosmetica.com\/fr\/tienda\/peluqueria\/complementos-peluqueria\/microesferas-de-cuarzo-bolitas-de-cuarzo-para-esterilizador-con-perlas-de-cuarzo-400-gr\/","title":{"rendered":"Microesferas de Cuarzo\/ Bolitas De Cuarzo &#8211; Para Esterilizador Con Perlas De Cuarzo &#8211; 400 gr"},"content":{"rendered":"<ul class=\"a-unordered-list a-vertical a-spacing-mini\">\n<li><span class=\"a-list-item\">Cantidad: 400 g.<\/span><\/li>\n<li><span class=\"a-list-item\">Tipo de cuarzo: microesferas.<\/span><\/li>\n<li><span class=\"a-list-item\">Adecuado para: esterilizador de cuarzo.<\/span><\/li>\n<li><span class=\"a-list-item\">Tipo de paquete: tarro de pl\u00e1stico<\/span><\/li>\n<\/ul>","protected":false},"excerpt":{"rendered":"<p>Cantidad: 400 g. Tipo de cuarzo: microesferas. Adecuado para: esterilizador de cuarzo. Tipo de paquete: tarro de pl\u00e1stico<\/p>","protected":false},"featured_media":5497,"comment_status":"open","ping_status":"closed","template":"","meta":[],"product_cat":[152,83],"product_tag":[],"yoast_head":"<!-- This site is optimized with the Yoast SEO plugin v19.9 - https:\/\/yoast.com\/wordpress\/plugins\/seo\/ -->\n<title>Microesferas de Cuarzo\/ Bolitas De Cuarzo - Para Esterilizador Con Perlas De Cuarzo - 400 gr - Hanna Cosm\u00e9tica<\/title>\n<meta name=\"robots\" content=\"index, follow, max-snippet:-1, max-image-preview:large, max-video-preview:-1\" \/>\n<link rel=\"canonical\" href=\"https:\/\/hannacosmetica.com\/fr\/tienda\/peluqueria\/complementos-peluqueria\/microesferas-de-cuarzo-bolitas-de-cuarzo-para-esterilizador-con-perlas-de-cuarzo-400-gr\/\" \/>\n<meta property=\"og:locale\" content=\"fr_FR\" \/>\n<meta property=\"og:type\" content=\"article\" \/>\n<meta property=\"og:title\" content=\"Microesferas de Cuarzo\/ Bolitas De Cuarzo - Para Esterilizador Con Perlas De Cuarzo - 400 gr - Hanna Cosm\u00e9tica\" \/>\n<meta property=\"og:description\" content=\"Cantidad: 400 g. Tipo de cuarzo: microesferas. Adecuado para: esterilizador de cuarzo. Tipo de paquete: tarro de pl\u00e1stico\" \/>\n<meta property=\"og:url\" content=\"https:\/\/hannacosmetica.com\/fr\/tienda\/peluqueria\/complementos-peluqueria\/microesferas-de-cuarzo-bolitas-de-cuarzo-para-esterilizador-con-perlas-de-cuarzo-400-gr\/\" \/>\n<meta property=\"og:site_name\" content=\"Hanna Cosm\u00e9tica\" \/>\n<meta property=\"article:modified_time\" content=\"2023-10-26T11:08:17+00:00\" \/>\n<meta property=\"og:image\" content=\"https:\/\/hannacosmetica.com\/wp-content\/uploads\/2022\/09\/bolitas-esterilizador-2.jpg\" \/>\n\t<meta property=\"og:image:width\" content=\"903\" \/>\n\t<meta property=\"og:image:height\" content=\"658\" \/>\n\t<meta property=\"og:image:type\" content=\"image\/jpeg\" \/>\n<meta name=\"twitter:card\" content=\"summary_large_image\" \/>\n<script type=\"application\/ld+json\" class=\"yoast-schema-graph\">{\"@context\":\"https:\/\/schema.org\",\"@graph\":[{\"@type\":\"WebPage\",\"@id\":\"https:\/\/hannacosmetica.com\/tienda\/peluqueria\/complementos-peluqueria\/microesferas-de-cuarzo-bolitas-de-cuarzo-para-esterilizador-con-perlas-de-cuarzo-400-gr\/\",\"url\":\"https:\/\/hannacosmetica.com\/tienda\/peluqueria\/complementos-peluqueria\/microesferas-de-cuarzo-bolitas-de-cuarzo-para-esterilizador-con-perlas-de-cuarzo-400-gr\/\",\"name\":\"Microesferas de Cuarzo\/ Bolitas De Cuarzo - Para Esterilizador Con Perlas De Cuarzo - 400 gr - Hanna Cosm\u00e9tica\",\"isPartOf\":{\"@id\":\"https:\/\/hannacosmetica.com\/#website\"},\"datePublished\":\"2022-09-15T09:45:26+00:00\",\"dateModified\":\"2023-10-26T11:08:17+00:00\",\"breadcrumb\":{\"@id\":\"https:\/\/hannacosmetica.com\/tienda\/peluqueria\/complementos-peluqueria\/microesferas-de-cuarzo-bolitas-de-cuarzo-para-esterilizador-con-perlas-de-cuarzo-400-gr\/#breadcrumb\"},\"inLanguage\":\"fr-FR\",\"potentialAction\":[{\"@type\":\"ReadAction\",\"target\":[\"https:\/\/hannacosmetica.com\/tienda\/peluqueria\/complementos-peluqueria\/microesferas-de-cuarzo-bolitas-de-cuarzo-para-esterilizador-con-perlas-de-cuarzo-400-gr\/\"]}]},{\"@type\":\"BreadcrumbList\",\"@id\":\"https:\/\/hannacosmetica.com\/tienda\/peluqueria\/complementos-peluqueria\/microesferas-de-cuarzo-bolitas-de-cuarzo-para-esterilizador-con-perlas-de-cuarzo-400-gr\/#breadcrumb\",\"itemListElement\":[{\"@type\":\"ListItem\",\"position\":1,\"name\":\"Portada\",\"item\":\"https:\/\/hannacosmetica.com\/\"},{\"@type\":\"ListItem\",\"position\":2,\"name\":\"Tienda\",\"item\":\"https:\/\/hannacosmetica.com\/shop\/\"},{\"@type\":\"ListItem\",\"position\":3,\"name\":\"Microesferas de Cuarzo\/ Bolitas De Cuarzo &#8211; Para Esterilizador Con Perlas De Cuarzo &#8211; 400 gr\"}]},{\"@type\":\"WebSite\",\"@id\":\"https:\/\/hannacosmetica.com\/#website\",\"url\":\"https:\/\/hannacosmetica.com\/\",\"name\":\"Hanna Cosm\u00e9tica\",\"description\":\"Tienda de productos u\u00f1as, bellezas y peluquer\u00edas\",\"publisher\":{\"@id\":\"https:\/\/hannacosmetica.com\/#organization\"},\"potentialAction\":[{\"@type\":\"SearchAction\",\"target\":{\"@type\":\"EntryPoint\",\"urlTemplate\":\"https:\/\/hannacosmetica.com\/?s={search_term_string}\"},\"query-input\":\"required name=search_term_string\"}],\"inLanguage\":\"fr-FR\"},{\"@type\":\"Organization\",\"@id\":\"https:\/\/hannacosmetica.com\/#organization\",\"name\":\"Hanna Cosm\u00e9tica\",\"url\":\"https:\/\/hannacosmetica.com\/\",\"logo\":{\"@type\":\"ImageObject\",\"inLanguage\":\"fr-FR\",\"@id\":\"https:\/\/hannacosmetica.com\/#\/schema\/logo\/image\/\",\"url\":\"https:\/\/hannacosmetica.com\/wp-content\/uploads\/2022\/07\/Logo-Joyeria-Femenino-Floral-Negro.png\",\"contentUrl\":\"https:\/\/hannacosmetica.com\/wp-content\/uploads\/2022\/07\/Logo-Joyeria-Femenino-Floral-Negro.png\",\"width\":361,\"height\":126,\"caption\":\"Hanna Cosm\u00e9tica\"},\"image\":{\"@id\":\"https:\/\/hannacosmetica.com\/#\/schema\/logo\/image\/\"}}]}<\/script>\n<!-- \/ Yoast SEO plugin. -->","yoast_head_json":{"title":"Microesferas de Cuarzo\/ Bolitas De Cuarzo - Para Esterilizador Con Perlas De Cuarzo - 400 gr - Hanna Cosm\u00e9tica","robots":{"index":"index","follow":"follow","max-snippet":"max-snippet:-1","max-image-preview":"max-image-preview:large","max-video-preview":"max-video-preview:-1"},"canonical":"https:\/\/hannacosmetica.com\/fr\/tienda\/peluqueria\/complementos-peluqueria\/microesferas-de-cuarzo-bolitas-de-cuarzo-para-esterilizador-con-perlas-de-cuarzo-400-gr\/","og_locale":"fr_FR","og_type":"article","og_title":"Microesferas de Cuarzo\/ Bolitas De Cuarzo - Para Esterilizador Con Perlas De Cuarzo - 400 gr - Hanna Cosm\u00e9tica","og_description":"Cantidad: 400 g. Tipo de cuarzo: microesferas. Adecuado para: esterilizador de cuarzo. Tipo de paquete: tarro de pl\u00e1stico","og_url":"https:\/\/hannacosmetica.com\/fr\/tienda\/peluqueria\/complementos-peluqueria\/microesferas-de-cuarzo-bolitas-de-cuarzo-para-esterilizador-con-perlas-de-cuarzo-400-gr\/","og_site_name":"Hanna Cosm\u00e9tica","article_modified_time":"2023-10-26T11:08:17+00:00","og_image":[{"width":903,"height":658,"url":"https:\/\/hannacosmetica.com\/wp-content\/uploads\/2022\/09\/bolitas-esterilizador-2.jpg","type":"image\/jpeg"}],"twitter_card":"summary_large_image","schema":{"@context":"https:\/\/schema.org","@graph":[{"@type":"WebPage","@id":"https:\/\/hannacosmetica.com\/tienda\/peluqueria\/complementos-peluqueria\/microesferas-de-cuarzo-bolitas-de-cuarzo-para-esterilizador-con-perlas-de-cuarzo-400-gr\/","url":"https:\/\/hannacosmetica.com\/tienda\/peluqueria\/complementos-peluqueria\/microesferas-de-cuarzo-bolitas-de-cuarzo-para-esterilizador-con-perlas-de-cuarzo-400-gr\/","name":"Microesferas de Cuarzo\/ Bolitas De Cuarzo - Para Esterilizador Con Perlas De Cuarzo - 400 gr - Hanna Cosm\u00e9tica","isPartOf":{"@id":"https:\/\/hannacosmetica.com\/#website"},"datePublished":"2022-09-15T09:45:26+00:00","dateModified":"2023-10-26T11:08:17+00:00","breadcrumb":{"@id":"https:\/\/hannacosmetica.com\/tienda\/peluqueria\/complementos-peluqueria\/microesferas-de-cuarzo-bolitas-de-cuarzo-para-esterilizador-con-perlas-de-cuarzo-400-gr\/#breadcrumb"},"inLanguage":"fr-FR","potentialAction":[{"@type":"ReadAction","target":["https:\/\/hannacosmetica.com\/tienda\/peluqueria\/complementos-peluqueria\/microesferas-de-cuarzo-bolitas-de-cuarzo-para-esterilizador-con-perlas-de-cuarzo-400-gr\/"]}]},{"@type":"BreadcrumbList","@id":"https:\/\/hannacosmetica.com\/tienda\/peluqueria\/complementos-peluqueria\/microesferas-de-cuarzo-bolitas-de-cuarzo-para-esterilizador-con-perlas-de-cuarzo-400-gr\/#breadcrumb","itemListElement":[{"@type":"ListItem","position":1,"name":"Portada","item":"https:\/\/hannacosmetica.com\/"},{"@type":"ListItem","position":2,"name":"Tienda","item":"https:\/\/hannacosmetica.com\/shop\/"},{"@type":"ListItem","position":3,"name":"Microesferas de Cuarzo\/ Bolitas De Cuarzo &#8211; Para Esterilizador Con Perlas De Cuarzo &#8211; 400 gr"}]},{"@type":"WebSite","@id":"https:\/\/hannacosmetica.com\/#website","url":"https:\/\/hannacosmetica.com\/","name":"Hanna Cosm\u00e9tica","description":"Tienda de productos u\u00f1as, bellezas y peluquer\u00edas","publisher":{"@id":"https:\/\/hannacosmetica.com\/#organization"},"potentialAction":[{"@type":"SearchAction","target":{"@type":"EntryPoint","urlTemplate":"https:\/\/hannacosmetica.com\/?s={search_term_string}"},"query-input":"required name=search_term_string"}],"inLanguage":"fr-FR"},{"@type":"Organization","@id":"https:\/\/hannacosmetica.com\/#organization","name":"Hanna Cosm\u00e9tica","url":"https:\/\/hannacosmetica.com\/","logo":{"@type":"ImageObject","inLanguage":"fr-FR","@id":"https:\/\/hannacosmetica.com\/#\/schema\/logo\/image\/","url":"https:\/\/hannacosmetica.com\/wp-content\/uploads\/2022\/07\/Logo-Joyeria-Femenino-Floral-Negro.png","contentUrl":"https:\/\/hannacosmetica.com\/wp-content\/uploads\/2022\/07\/Logo-Joyeria-Femenino-Floral-Negro.png","width":361,"height":126,"caption":"Hanna Cosm\u00e9tica"},"image":{"@id":"https:\/\/hannacosmetica.com\/#\/schema\/logo\/image\/"}}]}},"_links":{"self":[{"href":"https:\/\/hannacosmetica.com\/fr\/wp-json\/wp\/v2\/product\/5495"}],"collection":[{"href":"https:\/\/hannacosmetica.com\/fr\/wp-json\/wp\/v2\/product"}],"about":[{"href":"https:\/\/hannacosmetica.com\/fr\/wp-json\/wp\/v2\/types\/product"}],"replies":[{"embeddable":true,"href":"https:\/\/hannacosmetica.com\/fr\/wp-json\/wp\/v2\/comments?post=5495"}],"version-history":[{"count":1,"href":"https:\/\/hannacosmetica.com\/fr\/wp-json\/wp\/v2\/product\/5495\/revisions"}],"predecessor-version":[{"id":5500,"href":"https:\/\/hannacosmetica.com\/fr\/wp-json\/wp\/v2\/product\/5495\/revisions\/5500"}],"wp:featuredmedia":[{"embeddable":true,"href":"https:\/\/hannacosmetica.com\/fr\/wp-json\/wp\/v2\/media\/5497"}],"wp:attachment":[{"href":"https:\/\/hannacosmetica.com\/fr\/wp-json\/wp\/v2\/media?parent=5495"}],"wp:term":[{"taxonomy":"product_cat","embeddable":true,"href":"https:\/\/hannacosmetica.com\/fr\/wp-json\/wp\/v2\/product_cat?post=5495"},{"taxonomy":"product_tag","embeddable":true,"href":"https:\/\/hannacosmetica.com\/fr\/wp-json\/wp\/v2\/product_tag?post=5495"}],"curies":[{"name":"wp","href":"https:\/\/api.w.org\/{rel}","templated":true}]}}