{"id":5465,"date":"2022-09-14T15:58:45","date_gmt":"2022-09-14T15:58:45","guid":{"rendered":"https:\/\/hannacosmetica.com\/?post_type=product&#038;p=5465"},"modified":"2023-10-26T10:53:52","modified_gmt":"2023-10-26T10:53:52","slug":"pestana-postiza-de-racimo-de-3pelos-c-007-8mm","status":"publish","type":"product","link":"https:\/\/hannacosmetica.com\/fr\/tienda\/pestanas\/extensiones-de-pestanas\/pestana-postiza-de-racimo-de-3pelos-c-007-8mm\/","title":{"rendered":"Pesta\u00f1a  Postiza De Racimo De 3Pelos C 0,07 8mm"},"content":{"rendered":"<ul class=\"a-unordered-list a-vertical a-spacing-mini\">\n<li><span class=\"a-list-item\">Ahorre tiempo: simplemente tire de las extensiones de pesta\u00f1as necesarias hacia la derecha y empuje hacia atr\u00e1s, obtendr\u00e1 pesta\u00f1as de volumen. Ahorrando la mitad del tiempo de injerto<\/span><\/li>\n<li><span class=\"a-list-item\">Ra\u00edz perfecta: las pesta\u00f1as rusas tienen una curvatura estable. La ra\u00edz de las pesta\u00f1as rusas est\u00e1 hecha por un proceso de fusi\u00f3n en caliente, las ra\u00edces se adelgazan, el ancho de la tira inferior es moderada, sin pegamento residual.<\/span><\/li>\n<li><span class=\"a-list-item\">Profesional: 2 semanas si utiliza pegamento de extensi\u00f3n de pesta\u00f1as de buena calidad. T\u00e9cnica prefabricada, hecha a mano por trabajadores de la profesi\u00f3n con materiales seleccionados 0.10-PBT respetuosos con el medio ambiente<\/span><\/li>\n<\/ul>","protected":false},"excerpt":{"rendered":"<p>Ahorre tiempo: simplemente tire de las extensiones de pesta\u00f1as necesarias hacia la derecha y empuje hacia atr\u00e1s, obtendr\u00e1 pesta\u00f1as de volumen. Ahorrando&hellip;<\/p>","protected":false},"featured_media":5466,"comment_status":"open","ping_status":"closed","template":"","meta":[],"product_cat":[85,116],"product_tag":[],"yoast_head":"<!-- This site is optimized with the Yoast SEO plugin v19.9 - https:\/\/yoast.com\/wordpress\/plugins\/seo\/ -->\n<title>Pesta\u00f1a Postiza De Racimo De 3Pelos C 0,07 8mm - Hanna Cosm\u00e9tica<\/title>\n<meta name=\"robots\" content=\"index, follow, max-snippet:-1, max-image-preview:large, max-video-preview:-1\" \/>\n<link rel=\"canonical\" href=\"https:\/\/hannacosmetica.com\/fr\/tienda\/pestanas\/extensiones-de-pestanas\/pestana-postiza-de-racimo-de-3pelos-c-007-8mm\/\" \/>\n<meta property=\"og:locale\" content=\"fr_FR\" \/>\n<meta property=\"og:type\" content=\"article\" \/>\n<meta property=\"og:title\" content=\"Pesta\u00f1a Postiza De Racimo De 3Pelos C 0,07 8mm - Hanna Cosm\u00e9tica\" \/>\n<meta property=\"og:description\" content=\"Ahorre tiempo: simplemente tire de las extensiones de pesta\u00f1as necesarias hacia la derecha y empuje hacia atr\u00e1s, obtendr\u00e1 pesta\u00f1as de volumen. Ahorrando&hellip;\" \/>\n<meta property=\"og:url\" content=\"https:\/\/hannacosmetica.com\/fr\/tienda\/pestanas\/extensiones-de-pestanas\/pestana-postiza-de-racimo-de-3pelos-c-007-8mm\/\" \/>\n<meta property=\"og:site_name\" content=\"Hanna Cosm\u00e9tica\" \/>\n<meta property=\"article:modified_time\" content=\"2023-10-26T10:53:52+00:00\" \/>\n<meta property=\"og:image\" content=\"https:\/\/hannacosmetica.com\/wp-content\/uploads\/2022\/09\/pestana-caroline-c-0.07-8mm-3pelo.jpg\" \/>\n\t<meta property=\"og:image:width\" content=\"2048\" \/>\n\t<meta property=\"og:image:height\" content=\"2048\" \/>\n\t<meta property=\"og:image:type\" content=\"image\/jpeg\" \/>\n<meta name=\"twitter:card\" content=\"summary_large_image\" \/>\n<script type=\"application\/ld+json\" class=\"yoast-schema-graph\">{\"@context\":\"https:\/\/schema.org\",\"@graph\":[{\"@type\":\"WebPage\",\"@id\":\"https:\/\/hannacosmetica.com\/tienda\/pestanas\/extensiones-de-pestanas\/pestana-postiza-de-racimo-de-3pelos-c-007-8mm\/\",\"url\":\"https:\/\/hannacosmetica.com\/tienda\/pestanas\/extensiones-de-pestanas\/pestana-postiza-de-racimo-de-3pelos-c-007-8mm\/\",\"name\":\"Pesta\u00f1a Postiza De Racimo De 3Pelos C 0,07 8mm - Hanna Cosm\u00e9tica\",\"isPartOf\":{\"@id\":\"https:\/\/hannacosmetica.com\/#website\"},\"datePublished\":\"2022-09-14T15:58:45+00:00\",\"dateModified\":\"2023-10-26T10:53:52+00:00\",\"breadcrumb\":{\"@id\":\"https:\/\/hannacosmetica.com\/tienda\/pestanas\/extensiones-de-pestanas\/pestana-postiza-de-racimo-de-3pelos-c-007-8mm\/#breadcrumb\"},\"inLanguage\":\"fr-FR\",\"potentialAction\":[{\"@type\":\"ReadAction\",\"target\":[\"https:\/\/hannacosmetica.com\/tienda\/pestanas\/extensiones-de-pestanas\/pestana-postiza-de-racimo-de-3pelos-c-007-8mm\/\"]}]},{\"@type\":\"BreadcrumbList\",\"@id\":\"https:\/\/hannacosmetica.com\/tienda\/pestanas\/extensiones-de-pestanas\/pestana-postiza-de-racimo-de-3pelos-c-007-8mm\/#breadcrumb\",\"itemListElement\":[{\"@type\":\"ListItem\",\"position\":1,\"name\":\"Portada\",\"item\":\"https:\/\/hannacosmetica.com\/\"},{\"@type\":\"ListItem\",\"position\":2,\"name\":\"Tienda\",\"item\":\"https:\/\/hannacosmetica.com\/shop\/\"},{\"@type\":\"ListItem\",\"position\":3,\"name\":\"Pesta\u00f1a Postiza De Racimo De 3Pelos C 0,07 8mm\"}]},{\"@type\":\"WebSite\",\"@id\":\"https:\/\/hannacosmetica.com\/#website\",\"url\":\"https:\/\/hannacosmetica.com\/\",\"name\":\"Hanna Cosm\u00e9tica\",\"description\":\"Tienda de productos u\u00f1as, bellezas y peluquer\u00edas\",\"publisher\":{\"@id\":\"https:\/\/hannacosmetica.com\/#organization\"},\"potentialAction\":[{\"@type\":\"SearchAction\",\"target\":{\"@type\":\"EntryPoint\",\"urlTemplate\":\"https:\/\/hannacosmetica.com\/?s={search_term_string}\"},\"query-input\":\"required name=search_term_string\"}],\"inLanguage\":\"fr-FR\"},{\"@type\":\"Organization\",\"@id\":\"https:\/\/hannacosmetica.com\/#organization\",\"name\":\"Hanna Cosm\u00e9tica\",\"url\":\"https:\/\/hannacosmetica.com\/\",\"logo\":{\"@type\":\"ImageObject\",\"inLanguage\":\"fr-FR\",\"@id\":\"https:\/\/hannacosmetica.com\/#\/schema\/logo\/image\/\",\"url\":\"https:\/\/hannacosmetica.com\/wp-content\/uploads\/2022\/07\/Logo-Joyeria-Femenino-Floral-Negro.png\",\"contentUrl\":\"https:\/\/hannacosmetica.com\/wp-content\/uploads\/2022\/07\/Logo-Joyeria-Femenino-Floral-Negro.png\",\"width\":361,\"height\":126,\"caption\":\"Hanna Cosm\u00e9tica\"},\"image\":{\"@id\":\"https:\/\/hannacosmetica.com\/#\/schema\/logo\/image\/\"}}]}<\/script>\n<!-- \/ Yoast SEO plugin. -->","yoast_head_json":{"title":"Pesta\u00f1a Postiza De Racimo De 3Pelos C 0,07 8mm - Hanna Cosm\u00e9tica","robots":{"index":"index","follow":"follow","max-snippet":"max-snippet:-1","max-image-preview":"max-image-preview:large","max-video-preview":"max-video-preview:-1"},"canonical":"https:\/\/hannacosmetica.com\/fr\/tienda\/pestanas\/extensiones-de-pestanas\/pestana-postiza-de-racimo-de-3pelos-c-007-8mm\/","og_locale":"fr_FR","og_type":"article","og_title":"Pesta\u00f1a Postiza De Racimo De 3Pelos C 0,07 8mm - Hanna Cosm\u00e9tica","og_description":"Ahorre tiempo: simplemente tire de las extensiones de pesta\u00f1as necesarias hacia la derecha y empuje hacia atr\u00e1s, obtendr\u00e1 pesta\u00f1as de volumen. Ahorrando&hellip;","og_url":"https:\/\/hannacosmetica.com\/fr\/tienda\/pestanas\/extensiones-de-pestanas\/pestana-postiza-de-racimo-de-3pelos-c-007-8mm\/","og_site_name":"Hanna Cosm\u00e9tica","article_modified_time":"2023-10-26T10:53:52+00:00","og_image":[{"width":2048,"height":2048,"url":"https:\/\/hannacosmetica.com\/wp-content\/uploads\/2022\/09\/pestana-caroline-c-0.07-8mm-3pelo.jpg","type":"image\/jpeg"}],"twitter_card":"summary_large_image","schema":{"@context":"https:\/\/schema.org","@graph":[{"@type":"WebPage","@id":"https:\/\/hannacosmetica.com\/tienda\/pestanas\/extensiones-de-pestanas\/pestana-postiza-de-racimo-de-3pelos-c-007-8mm\/","url":"https:\/\/hannacosmetica.com\/tienda\/pestanas\/extensiones-de-pestanas\/pestana-postiza-de-racimo-de-3pelos-c-007-8mm\/","name":"Pesta\u00f1a Postiza De Racimo De 3Pelos C 0,07 8mm - Hanna Cosm\u00e9tica","isPartOf":{"@id":"https:\/\/hannacosmetica.com\/#website"},"datePublished":"2022-09-14T15:58:45+00:00","dateModified":"2023-10-26T10:53:52+00:00","breadcrumb":{"@id":"https:\/\/hannacosmetica.com\/tienda\/pestanas\/extensiones-de-pestanas\/pestana-postiza-de-racimo-de-3pelos-c-007-8mm\/#breadcrumb"},"inLanguage":"fr-FR","potentialAction":[{"@type":"ReadAction","target":["https:\/\/hannacosmetica.com\/tienda\/pestanas\/extensiones-de-pestanas\/pestana-postiza-de-racimo-de-3pelos-c-007-8mm\/"]}]},{"@type":"BreadcrumbList","@id":"https:\/\/hannacosmetica.com\/tienda\/pestanas\/extensiones-de-pestanas\/pestana-postiza-de-racimo-de-3pelos-c-007-8mm\/#breadcrumb","itemListElement":[{"@type":"ListItem","position":1,"name":"Portada","item":"https:\/\/hannacosmetica.com\/"},{"@type":"ListItem","position":2,"name":"Tienda","item":"https:\/\/hannacosmetica.com\/shop\/"},{"@type":"ListItem","position":3,"name":"Pesta\u00f1a Postiza De Racimo De 3Pelos C 0,07 8mm"}]},{"@type":"WebSite","@id":"https:\/\/hannacosmetica.com\/#website","url":"https:\/\/hannacosmetica.com\/","name":"Hanna Cosm\u00e9tica","description":"Tienda de productos u\u00f1as, bellezas y peluquer\u00edas","publisher":{"@id":"https:\/\/hannacosmetica.com\/#organization"},"potentialAction":[{"@type":"SearchAction","target":{"@type":"EntryPoint","urlTemplate":"https:\/\/hannacosmetica.com\/?s={search_term_string}"},"query-input":"required name=search_term_string"}],"inLanguage":"fr-FR"},{"@type":"Organization","@id":"https:\/\/hannacosmetica.com\/#organization","name":"Hanna Cosm\u00e9tica","url":"https:\/\/hannacosmetica.com\/","logo":{"@type":"ImageObject","inLanguage":"fr-FR","@id":"https:\/\/hannacosmetica.com\/#\/schema\/logo\/image\/","url":"https:\/\/hannacosmetica.com\/wp-content\/uploads\/2022\/07\/Logo-Joyeria-Femenino-Floral-Negro.png","contentUrl":"https:\/\/hannacosmetica.com\/wp-content\/uploads\/2022\/07\/Logo-Joyeria-Femenino-Floral-Negro.png","width":361,"height":126,"caption":"Hanna Cosm\u00e9tica"},"image":{"@id":"https:\/\/hannacosmetica.com\/#\/schema\/logo\/image\/"}}]}},"_links":{"self":[{"href":"https:\/\/hannacosmetica.com\/fr\/wp-json\/wp\/v2\/product\/5465"}],"collection":[{"href":"https:\/\/hannacosmetica.com\/fr\/wp-json\/wp\/v2\/product"}],"about":[{"href":"https:\/\/hannacosmetica.com\/fr\/wp-json\/wp\/v2\/types\/product"}],"replies":[{"embeddable":true,"href":"https:\/\/hannacosmetica.com\/fr\/wp-json\/wp\/v2\/comments?post=5465"}],"version-history":[{"count":1,"href":"https:\/\/hannacosmetica.com\/fr\/wp-json\/wp\/v2\/product\/5465\/revisions"}],"predecessor-version":[{"id":5467,"href":"https:\/\/hannacosmetica.com\/fr\/wp-json\/wp\/v2\/product\/5465\/revisions\/5467"}],"wp:featuredmedia":[{"embeddable":true,"href":"https:\/\/hannacosmetica.com\/fr\/wp-json\/wp\/v2\/media\/5466"}],"wp:attachment":[{"href":"https:\/\/hannacosmetica.com\/fr\/wp-json\/wp\/v2\/media?parent=5465"}],"wp:term":[{"taxonomy":"product_cat","embeddable":true,"href":"https:\/\/hannacosmetica.com\/fr\/wp-json\/wp\/v2\/product_cat?post=5465"},{"taxonomy":"product_tag","embeddable":true,"href":"https:\/\/hannacosmetica.com\/fr\/wp-json\/wp\/v2\/product_tag?post=5465"}],"curies":[{"name":"wp","href":"https:\/\/api.w.org\/{rel}","templated":true}]}}