{"id":5405,"date":"2022-09-14T14:06:11","date_gmt":"2022-09-14T14:06:11","guid":{"rendered":"https:\/\/hannacosmetica.com\/?post_type=product&#038;p=5405"},"modified":"2023-10-26T10:42:36","modified_gmt":"2023-10-26T10:42:36","slug":"extenciones-de-pestana-de-seda-pelo-a-pelo-c-curl-0-07-8mm","status":"publish","type":"product","link":"https:\/\/hannacosmetica.com\/fr\/tienda\/pestanas\/extensiones-de-pestanas\/extenciones-de-pestana-de-seda-pelo-a-pelo-c-curl-0-07-8mm\/","title":{"rendered":"Extenciones De Pesta\u00f1a De Seda Pelo a  Pelo C Curl 0.07 8mm"},"content":{"rendered":"<ul class=\"a-unordered-list a-vertical a-spacing-mini\">\n<li><span class=\"a-list-item\">[PAQUETE] 8mm pesta\u00f1as de seda B Curl 0.07 14 filas<\/span><\/li>\n<li><span class=\"a-list-item\">[CANTIDAD Y TAMA\u00d1O] &#8211; 14 tiras de pesta\u00f1as por bandeja\u00a0 C 0.07 curl\u00a0 8mm\u00a0<\/span><\/li>\n<li><span class=\"a-list-item\"> individuales de seda semipermanentes negras<\/span><\/li>\n<li><span class=\"a-list-item\">[DISE\u00d1O ESPECIAL] &#8211; Pesta\u00f1as volumen de seda con puntas c\u00f3nicas, dise\u00f1o especial para un aspecto flexible.<\/span><\/li>\n<li><span class=\"a-list-item\">[MATERIAL] &#8211; 100% vis\u00f3n sint\u00e9tico premium, pesta\u00f1as hechas a mano de fibra PBT de alta calidad. Color: Negro<\/span><\/li>\n<li><span class=\"a-list-item\">[F\u00c1CIL DE USAR] &#8211; las pesta\u00f1as individuales se pueden quitar f\u00e1cilmente de las tiras, luego use las pinzas para pesta\u00f1as para recoger la pesta\u00f1a individual para la extensi\u00f3n de pesta\u00f1as individuales.<\/span><\/li>\n<\/ul>\n","protected":false},"excerpt":{"rendered":"<p>[PAQUETE] 8mm pesta\u00f1as de seda B Curl 0.07 14 filas [CANTIDAD Y TAMA\u00d1O] &#8211; 14 tiras de pesta\u00f1as por bandeja\u00a0 C 0.07&hellip;<\/p>\n","protected":false},"featured_media":5406,"comment_status":"open","ping_status":"closed","template":"","meta":[],"product_cat":[85,116],"product_tag":[],"yoast_head":"<!-- This site is optimized with the Yoast SEO plugin v19.9 - https:\/\/yoast.com\/wordpress\/plugins\/seo\/ -->\n<title>Extenciones De Pesta\u00f1a De Seda Pelo a Pelo C Curl 0.07 8mm - Hanna Cosm\u00e9tica<\/title>\n<meta name=\"robots\" content=\"index, follow, max-snippet:-1, max-image-preview:large, max-video-preview:-1\" \/>\n<link rel=\"canonical\" href=\"https:\/\/hannacosmetica.com\/fr\/tienda\/pestanas\/extensiones-de-pestanas\/extenciones-de-pestana-de-seda-pelo-a-pelo-c-curl-0-07-8mm\/\" \/>\n<meta property=\"og:locale\" content=\"fr_FR\" \/>\n<meta property=\"og:type\" content=\"article\" \/>\n<meta property=\"og:title\" content=\"Extenciones De Pesta\u00f1a De Seda Pelo a Pelo C Curl 0.07 8mm - Hanna Cosm\u00e9tica\" \/>\n<meta property=\"og:description\" content=\"[PAQUETE] 8mm pesta\u00f1as de seda B Curl 0.07 14 filas [CANTIDAD Y TAMA\u00d1O] &#8211; 14 tiras de pesta\u00f1as por bandeja\u00a0 C 0.07&hellip;\" \/>\n<meta property=\"og:url\" content=\"https:\/\/hannacosmetica.com\/fr\/tienda\/pestanas\/extensiones-de-pestanas\/extenciones-de-pestana-de-seda-pelo-a-pelo-c-curl-0-07-8mm\/\" \/>\n<meta property=\"og:site_name\" content=\"Hanna Cosm\u00e9tica\" \/>\n<meta property=\"article:modified_time\" content=\"2023-10-26T10:42:36+00:00\" \/>\n<meta property=\"og:image\" content=\"https:\/\/hannacosmetica.com\/wp-content\/uploads\/2022\/09\/pestana-c-0.07-8m.jpg\" \/>\n\t<meta property=\"og:image:width\" content=\"2048\" \/>\n\t<meta property=\"og:image:height\" content=\"2048\" \/>\n\t<meta property=\"og:image:type\" content=\"image\/jpeg\" \/>\n<meta name=\"twitter:card\" content=\"summary_large_image\" \/>\n<script type=\"application\/ld+json\" class=\"yoast-schema-graph\">{\"@context\":\"https:\/\/schema.org\",\"@graph\":[{\"@type\":\"WebPage\",\"@id\":\"https:\/\/hannacosmetica.com\/tienda\/pestanas\/extensiones-de-pestanas\/extenciones-de-pestana-de-seda-pelo-a-pelo-c-curl-0-07-8mm\/\",\"url\":\"https:\/\/hannacosmetica.com\/tienda\/pestanas\/extensiones-de-pestanas\/extenciones-de-pestana-de-seda-pelo-a-pelo-c-curl-0-07-8mm\/\",\"name\":\"Extenciones De Pesta\u00f1a De Seda Pelo a Pelo C Curl 0.07 8mm - Hanna Cosm\u00e9tica\",\"isPartOf\":{\"@id\":\"https:\/\/hannacosmetica.com\/#website\"},\"datePublished\":\"2022-09-14T14:06:11+00:00\",\"dateModified\":\"2023-10-26T10:42:36+00:00\",\"breadcrumb\":{\"@id\":\"https:\/\/hannacosmetica.com\/tienda\/pestanas\/extensiones-de-pestanas\/extenciones-de-pestana-de-seda-pelo-a-pelo-c-curl-0-07-8mm\/#breadcrumb\"},\"inLanguage\":\"fr-FR\",\"potentialAction\":[{\"@type\":\"ReadAction\",\"target\":[\"https:\/\/hannacosmetica.com\/tienda\/pestanas\/extensiones-de-pestanas\/extenciones-de-pestana-de-seda-pelo-a-pelo-c-curl-0-07-8mm\/\"]}]},{\"@type\":\"BreadcrumbList\",\"@id\":\"https:\/\/hannacosmetica.com\/tienda\/pestanas\/extensiones-de-pestanas\/extenciones-de-pestana-de-seda-pelo-a-pelo-c-curl-0-07-8mm\/#breadcrumb\",\"itemListElement\":[{\"@type\":\"ListItem\",\"position\":1,\"name\":\"Portada\",\"item\":\"https:\/\/hannacosmetica.com\/\"},{\"@type\":\"ListItem\",\"position\":2,\"name\":\"Tienda\",\"item\":\"https:\/\/hannacosmetica.com\/shop\/\"},{\"@type\":\"ListItem\",\"position\":3,\"name\":\"Extenciones De Pesta\u00f1a De Seda Pelo a Pelo C Curl 0.07 8mm\"}]},{\"@type\":\"WebSite\",\"@id\":\"https:\/\/hannacosmetica.com\/#website\",\"url\":\"https:\/\/hannacosmetica.com\/\",\"name\":\"Hanna Cosm\u00e9tica\",\"description\":\"Tienda de productos u\u00f1as, bellezas y peluquer\u00edas\",\"publisher\":{\"@id\":\"https:\/\/hannacosmetica.com\/#organization\"},\"potentialAction\":[{\"@type\":\"SearchAction\",\"target\":{\"@type\":\"EntryPoint\",\"urlTemplate\":\"https:\/\/hannacosmetica.com\/?s={search_term_string}\"},\"query-input\":\"required name=search_term_string\"}],\"inLanguage\":\"fr-FR\"},{\"@type\":\"Organization\",\"@id\":\"https:\/\/hannacosmetica.com\/#organization\",\"name\":\"Hanna Cosm\u00e9tica\",\"url\":\"https:\/\/hannacosmetica.com\/\",\"logo\":{\"@type\":\"ImageObject\",\"inLanguage\":\"fr-FR\",\"@id\":\"https:\/\/hannacosmetica.com\/#\/schema\/logo\/image\/\",\"url\":\"https:\/\/hannacosmetica.com\/wp-content\/uploads\/2022\/07\/Logo-Joyeria-Femenino-Floral-Negro.png\",\"contentUrl\":\"https:\/\/hannacosmetica.com\/wp-content\/uploads\/2022\/07\/Logo-Joyeria-Femenino-Floral-Negro.png\",\"width\":361,\"height\":126,\"caption\":\"Hanna Cosm\u00e9tica\"},\"image\":{\"@id\":\"https:\/\/hannacosmetica.com\/#\/schema\/logo\/image\/\"}}]}<\/script>\n<!-- \/ Yoast SEO plugin. -->","yoast_head_json":{"title":"Extenciones De Pesta\u00f1a De Seda Pelo a Pelo C Curl 0.07 8mm - Hanna Cosm\u00e9tica","robots":{"index":"index","follow":"follow","max-snippet":"max-snippet:-1","max-image-preview":"max-image-preview:large","max-video-preview":"max-video-preview:-1"},"canonical":"https:\/\/hannacosmetica.com\/fr\/tienda\/pestanas\/extensiones-de-pestanas\/extenciones-de-pestana-de-seda-pelo-a-pelo-c-curl-0-07-8mm\/","og_locale":"fr_FR","og_type":"article","og_title":"Extenciones De Pesta\u00f1a De Seda Pelo a Pelo C Curl 0.07 8mm - Hanna Cosm\u00e9tica","og_description":"[PAQUETE] 8mm pesta\u00f1as de seda B Curl 0.07 14 filas [CANTIDAD Y TAMA\u00d1O] &#8211; 14 tiras de pesta\u00f1as por bandeja\u00a0 C 0.07&hellip;","og_url":"https:\/\/hannacosmetica.com\/fr\/tienda\/pestanas\/extensiones-de-pestanas\/extenciones-de-pestana-de-seda-pelo-a-pelo-c-curl-0-07-8mm\/","og_site_name":"Hanna Cosm\u00e9tica","article_modified_time":"2023-10-26T10:42:36+00:00","og_image":[{"width":2048,"height":2048,"url":"https:\/\/hannacosmetica.com\/wp-content\/uploads\/2022\/09\/pestana-c-0.07-8m.jpg","type":"image\/jpeg"}],"twitter_card":"summary_large_image","schema":{"@context":"https:\/\/schema.org","@graph":[{"@type":"WebPage","@id":"https:\/\/hannacosmetica.com\/tienda\/pestanas\/extensiones-de-pestanas\/extenciones-de-pestana-de-seda-pelo-a-pelo-c-curl-0-07-8mm\/","url":"https:\/\/hannacosmetica.com\/tienda\/pestanas\/extensiones-de-pestanas\/extenciones-de-pestana-de-seda-pelo-a-pelo-c-curl-0-07-8mm\/","name":"Extenciones De Pesta\u00f1a De Seda Pelo a Pelo C Curl 0.07 8mm - Hanna Cosm\u00e9tica","isPartOf":{"@id":"https:\/\/hannacosmetica.com\/#website"},"datePublished":"2022-09-14T14:06:11+00:00","dateModified":"2023-10-26T10:42:36+00:00","breadcrumb":{"@id":"https:\/\/hannacosmetica.com\/tienda\/pestanas\/extensiones-de-pestanas\/extenciones-de-pestana-de-seda-pelo-a-pelo-c-curl-0-07-8mm\/#breadcrumb"},"inLanguage":"fr-FR","potentialAction":[{"@type":"ReadAction","target":["https:\/\/hannacosmetica.com\/tienda\/pestanas\/extensiones-de-pestanas\/extenciones-de-pestana-de-seda-pelo-a-pelo-c-curl-0-07-8mm\/"]}]},{"@type":"BreadcrumbList","@id":"https:\/\/hannacosmetica.com\/tienda\/pestanas\/extensiones-de-pestanas\/extenciones-de-pestana-de-seda-pelo-a-pelo-c-curl-0-07-8mm\/#breadcrumb","itemListElement":[{"@type":"ListItem","position":1,"name":"Portada","item":"https:\/\/hannacosmetica.com\/"},{"@type":"ListItem","position":2,"name":"Tienda","item":"https:\/\/hannacosmetica.com\/shop\/"},{"@type":"ListItem","position":3,"name":"Extenciones De Pesta\u00f1a De Seda Pelo a Pelo C Curl 0.07 8mm"}]},{"@type":"WebSite","@id":"https:\/\/hannacosmetica.com\/#website","url":"https:\/\/hannacosmetica.com\/","name":"Hanna Cosm\u00e9tica","description":"Tienda de productos u\u00f1as, bellezas y peluquer\u00edas","publisher":{"@id":"https:\/\/hannacosmetica.com\/#organization"},"potentialAction":[{"@type":"SearchAction","target":{"@type":"EntryPoint","urlTemplate":"https:\/\/hannacosmetica.com\/?s={search_term_string}"},"query-input":"required name=search_term_string"}],"inLanguage":"fr-FR"},{"@type":"Organization","@id":"https:\/\/hannacosmetica.com\/#organization","name":"Hanna Cosm\u00e9tica","url":"https:\/\/hannacosmetica.com\/","logo":{"@type":"ImageObject","inLanguage":"fr-FR","@id":"https:\/\/hannacosmetica.com\/#\/schema\/logo\/image\/","url":"https:\/\/hannacosmetica.com\/wp-content\/uploads\/2022\/07\/Logo-Joyeria-Femenino-Floral-Negro.png","contentUrl":"https:\/\/hannacosmetica.com\/wp-content\/uploads\/2022\/07\/Logo-Joyeria-Femenino-Floral-Negro.png","width":361,"height":126,"caption":"Hanna Cosm\u00e9tica"},"image":{"@id":"https:\/\/hannacosmetica.com\/#\/schema\/logo\/image\/"}}]}},"_links":{"self":[{"href":"https:\/\/hannacosmetica.com\/fr\/wp-json\/wp\/v2\/product\/5405"}],"collection":[{"href":"https:\/\/hannacosmetica.com\/fr\/wp-json\/wp\/v2\/product"}],"about":[{"href":"https:\/\/hannacosmetica.com\/fr\/wp-json\/wp\/v2\/types\/product"}],"replies":[{"embeddable":true,"href":"https:\/\/hannacosmetica.com\/fr\/wp-json\/wp\/v2\/comments?post=5405"}],"version-history":[{"count":1,"href":"https:\/\/hannacosmetica.com\/fr\/wp-json\/wp\/v2\/product\/5405\/revisions"}],"predecessor-version":[{"id":5407,"href":"https:\/\/hannacosmetica.com\/fr\/wp-json\/wp\/v2\/product\/5405\/revisions\/5407"}],"wp:featuredmedia":[{"embeddable":true,"href":"https:\/\/hannacosmetica.com\/fr\/wp-json\/wp\/v2\/media\/5406"}],"wp:attachment":[{"href":"https:\/\/hannacosmetica.com\/fr\/wp-json\/wp\/v2\/media?parent=5405"}],"wp:term":[{"taxonomy":"product_cat","embeddable":true,"href":"https:\/\/hannacosmetica.com\/fr\/wp-json\/wp\/v2\/product_cat?post=5405"},{"taxonomy":"product_tag","embeddable":true,"href":"https:\/\/hannacosmetica.com\/fr\/wp-json\/wp\/v2\/product_tag?post=5405"}],"curies":[{"name":"wp","href":"https:\/\/api.w.org\/{rel}","templated":true}]}}