{"id":5377,"date":"2022-09-14T13:10:38","date_gmt":"2022-09-14T13:10:38","guid":{"rendered":"https:\/\/hannacosmetica.com\/?post_type=product&#038;p=5377"},"modified":"2023-10-26T10:44:18","modified_gmt":"2023-10-26T10:44:18","slug":"extenciones-de-pestanas-pelo-a-pelo-larga-duracion-c0-07-12m","status":"publish","type":"product","link":"https:\/\/hannacosmetica.com\/fr\/tienda\/pestanas\/extensiones-de-pestanas\/extenciones-de-pestanas-pelo-a-pelo-larga-duracion-c0-07-12m\/","title":{"rendered":"Extenciones De Pesta\u00f1as Pelo a Pelo Larga Duraci\u00f3n C0.07 12m"},"content":{"rendered":"<div id=\"centerCol\" class=\"centerColAlign centerColAlign-bbcxoverride\">\n<div id=\"featurebullets_feature_div\" class=\"celwidget\" data-feature-name=\"featurebullets\" data-csa-c-id=\"bvfq9v-nrxor4-5hkjx5-k8rr36\" data-cel-widget=\"featurebullets_feature_div\">\n<div id=\"feature-bullets\" class=\"a-section a-spacing-medium a-spacing-top-small\">\n<ul class=\"a-unordered-list a-vertical a-spacing-mini\">\n<li><span class=\"a-list-item\">[PAQUETE] &#8211; 0.12 mm pesta\u00f1as de seda C Curl 14 filas<\/span><\/li>\n<li><span class=\"a-list-item\">[CANTIDAD Y TAMA\u00d1O] &#8211; 14 tiras de pesta\u00f1as por bandeja\u00a0 C 0.07 curl 0.12mm\u00a0<\/span><\/li>\n<li><span class=\"a-list-item\"> individuales de seda semipermanentes negras<\/span><\/li>\n<li><span class=\"a-list-item\">[DISE\u00d1O ESPECIAL] &#8211; Pesta\u00f1as volumen de seda con puntas c\u00f3nicas, dise\u00f1o especial para un aspecto brillante y flexible.<\/span><\/li>\n<li><span class=\"a-list-item\">[MATERIAL] &#8211; 100% vis\u00f3n sint\u00e9tico premium, pesta\u00f1as hechas a mano de fibra PBT de alta calidad. Color: Negro<\/span><\/li>\n<li><span class=\"a-list-item\">[F\u00c1CIL DE USAR] &#8211; las pesta\u00f1as individuales se pueden quitar f\u00e1cilmente de las tiras, luego use las pinzas para pesta\u00f1as para recoger la pesta\u00f1a individual para la extensi\u00f3n de pesta\u00f1as individuales.<\/span><\/li>\n<\/ul>\n<\/div>\n<\/div>\n<div id=\"provenanceCertifications_feature_div\" class=\"celwidget\" data-feature-name=\"provenanceCertifications\" data-csa-c-id=\"ef36j7-et2lb7-2w9l9i-urstcz\" data-cel-widget=\"provenanceCertifications_feature_div\"><\/div>\n<div id=\"globalStoreInfoBullets_feature_div\" class=\"celwidget\" data-feature-name=\"globalStoreInfoBullets\" data-csa-c-id=\"u1q9ld-yn42ym-uycdfl-u7utq8\" data-cel-widget=\"globalStoreInfoBullets_feature_div\"><\/div>\n<div id=\"addOnItem_feature_div\" class=\"celwidget\" data-feature-name=\"addOnItem\" data-csa-c-id=\"u3l42n-dbdk9j-5gz0rk-t8tiuj\" data-cel-widget=\"addOnItem_feature_div\"><\/div>\n<div id=\"andonCord_feature_div\" class=\"celwidget\" data-feature-name=\"andonCord\" data-csa-c-id=\"2ba6n0-cdzh5p-rwztz6-as6r4t\" data-cel-widget=\"andonCord_feature_div\"><\/div>\n<div id=\"newerVersion_feature_div\" class=\"celwidget\" data-feature-name=\"newerVersion\" data-csa-c-id=\"qrtqd9-mrxql2-7l5ktr-sqzpup\" data-cel-widget=\"newerVersion_feature_div\"><\/div>\n<div id=\"whiteGloveMessage_feature_div\" class=\"celwidget\" data-feature-name=\"whiteGloveMessage\" data-csa-c-id=\"z6n6rf-g58rwo-1eemwu-vzdvo8\" data-cel-widget=\"whiteGloveMessage_feature_div\"><\/div>\n<div id=\"productAlert_feature_div\" class=\"celwidget\" data-feature-name=\"productAlert\" data-csa-c-id=\"ozrlbc-7tnjit-27z49v-47pq9h\" data-cel-widget=\"productAlert_feature_div\"><\/div>\n<div id=\"edpIngress_feature_div\" class=\"celwidget\" data-feature-name=\"edpIngress\" data-csa-c-id=\"ytgfsk-1ag4x9-sept8h-uxtg4n\" data-cel-widget=\"edpIngress_feature_div\"><\/div>\n<div id=\"vendorPoweredCoupon_feature_div\" class=\"celwidget\" data-feature-name=\"vendorPoweredCoupon\" data-csa-c-id=\"hk4v3h-pfoaga-z4yll9-kkhb6m\" data-cel-widget=\"vendorPoweredCoupon_feature_div\"><\/div>\n<div id=\"legalEUAtf_feature_div\" class=\"celwidget\" data-feature-name=\"legalEUAtf\" data-csa-c-id=\"3p9si4-6dfjqd-4b8r15-cwlwmp\" data-cel-widget=\"legalEUAtf_feature_div\"><\/div>\n<\/div>\n<div id=\"hqpWrapper\" class=\"centerColAlign centerColAlign-bbcxoverride\">\n<div id=\"heroQuickPromo_feature_div\" class=\"celwidget\" data-feature-name=\"heroQuickPromo\" data-csa-c-id=\"ycgvcn-edj64s-nkjd8n-fliz41\" data-cel-widget=\"heroQuickPromo_feature_div\">\n<div id=\"hero-quick-promo-grid_feature_div\">\n<div id=\"hero-quick-promo\" class=\"a-row a-spacing-medium\">\n<hr class=\"a-spacing-medium a-divider-normal\" \/>\n<\/div>\n<\/div>\n<\/div>\n<\/div>\n","protected":false},"excerpt":{"rendered":"<p>[PAQUETE] &#8211; 0.12 mm pesta\u00f1as de seda C Curl 14 filas [CANTIDAD Y TAMA\u00d1O] &#8211; 14 tiras de pesta\u00f1as por bandeja\u00a0 C&hellip;<\/p>\n","protected":false},"featured_media":5378,"comment_status":"open","ping_status":"closed","template":"","meta":[],"product_cat":[85,116],"product_tag":[],"yoast_head":"<!-- This site is optimized with the Yoast SEO plugin v19.9 - https:\/\/yoast.com\/wordpress\/plugins\/seo\/ -->\n<title>Extenciones De Pesta\u00f1as Pelo a Pelo Larga Duraci\u00f3n C0.07 12m - Hanna Cosm\u00e9tica<\/title>\n<meta name=\"robots\" content=\"index, follow, max-snippet:-1, max-image-preview:large, max-video-preview:-1\" \/>\n<link rel=\"canonical\" href=\"https:\/\/hannacosmetica.com\/fr\/tienda\/pestanas\/extensiones-de-pestanas\/extenciones-de-pestanas-pelo-a-pelo-larga-duracion-c0-07-12m\/\" \/>\n<meta property=\"og:locale\" content=\"fr_FR\" \/>\n<meta property=\"og:type\" content=\"article\" \/>\n<meta property=\"og:title\" content=\"Extenciones De Pesta\u00f1as Pelo a Pelo Larga Duraci\u00f3n C0.07 12m - Hanna Cosm\u00e9tica\" \/>\n<meta property=\"og:description\" content=\"[PAQUETE] &#8211; 0.12 mm pesta\u00f1as de seda C Curl 14 filas [CANTIDAD Y TAMA\u00d1O] &#8211; 14 tiras de pesta\u00f1as por bandeja\u00a0 C&hellip;\" \/>\n<meta property=\"og:url\" content=\"https:\/\/hannacosmetica.com\/fr\/tienda\/pestanas\/extensiones-de-pestanas\/extenciones-de-pestanas-pelo-a-pelo-larga-duracion-c0-07-12m\/\" \/>\n<meta property=\"og:site_name\" content=\"Hanna Cosm\u00e9tica\" \/>\n<meta property=\"article:modified_time\" content=\"2023-10-26T10:44:18+00:00\" \/>\n<meta property=\"og:image\" content=\"https:\/\/hannacosmetica.com\/wp-content\/uploads\/2022\/09\/pestama-c-0.07-12m.jpg\" \/>\n\t<meta property=\"og:image:width\" content=\"2048\" \/>\n\t<meta property=\"og:image:height\" content=\"2048\" \/>\n\t<meta property=\"og:image:type\" content=\"image\/jpeg\" \/>\n<meta name=\"twitter:card\" content=\"summary_large_image\" \/>\n<script type=\"application\/ld+json\" class=\"yoast-schema-graph\">{\"@context\":\"https:\/\/schema.org\",\"@graph\":[{\"@type\":\"WebPage\",\"@id\":\"https:\/\/hannacosmetica.com\/tienda\/pestanas\/extensiones-de-pestanas\/extenciones-de-pestanas-pelo-a-pelo-larga-duracion-c0-07-12m\/\",\"url\":\"https:\/\/hannacosmetica.com\/tienda\/pestanas\/extensiones-de-pestanas\/extenciones-de-pestanas-pelo-a-pelo-larga-duracion-c0-07-12m\/\",\"name\":\"Extenciones De Pesta\u00f1as Pelo a Pelo Larga Duraci\u00f3n C0.07 12m - Hanna Cosm\u00e9tica\",\"isPartOf\":{\"@id\":\"https:\/\/hannacosmetica.com\/#website\"},\"datePublished\":\"2022-09-14T13:10:38+00:00\",\"dateModified\":\"2023-10-26T10:44:18+00:00\",\"breadcrumb\":{\"@id\":\"https:\/\/hannacosmetica.com\/tienda\/pestanas\/extensiones-de-pestanas\/extenciones-de-pestanas-pelo-a-pelo-larga-duracion-c0-07-12m\/#breadcrumb\"},\"inLanguage\":\"fr-FR\",\"potentialAction\":[{\"@type\":\"ReadAction\",\"target\":[\"https:\/\/hannacosmetica.com\/tienda\/pestanas\/extensiones-de-pestanas\/extenciones-de-pestanas-pelo-a-pelo-larga-duracion-c0-07-12m\/\"]}]},{\"@type\":\"BreadcrumbList\",\"@id\":\"https:\/\/hannacosmetica.com\/tienda\/pestanas\/extensiones-de-pestanas\/extenciones-de-pestanas-pelo-a-pelo-larga-duracion-c0-07-12m\/#breadcrumb\",\"itemListElement\":[{\"@type\":\"ListItem\",\"position\":1,\"name\":\"Portada\",\"item\":\"https:\/\/hannacosmetica.com\/\"},{\"@type\":\"ListItem\",\"position\":2,\"name\":\"Tienda\",\"item\":\"https:\/\/hannacosmetica.com\/shop\/\"},{\"@type\":\"ListItem\",\"position\":3,\"name\":\"Extenciones De Pesta\u00f1as Pelo a Pelo Larga Duraci\u00f3n C0.07 12m\"}]},{\"@type\":\"WebSite\",\"@id\":\"https:\/\/hannacosmetica.com\/#website\",\"url\":\"https:\/\/hannacosmetica.com\/\",\"name\":\"Hanna Cosm\u00e9tica\",\"description\":\"Tienda de productos u\u00f1as, bellezas y peluquer\u00edas\",\"publisher\":{\"@id\":\"https:\/\/hannacosmetica.com\/#organization\"},\"potentialAction\":[{\"@type\":\"SearchAction\",\"target\":{\"@type\":\"EntryPoint\",\"urlTemplate\":\"https:\/\/hannacosmetica.com\/?s={search_term_string}\"},\"query-input\":\"required name=search_term_string\"}],\"inLanguage\":\"fr-FR\"},{\"@type\":\"Organization\",\"@id\":\"https:\/\/hannacosmetica.com\/#organization\",\"name\":\"Hanna Cosm\u00e9tica\",\"url\":\"https:\/\/hannacosmetica.com\/\",\"logo\":{\"@type\":\"ImageObject\",\"inLanguage\":\"fr-FR\",\"@id\":\"https:\/\/hannacosmetica.com\/#\/schema\/logo\/image\/\",\"url\":\"https:\/\/hannacosmetica.com\/wp-content\/uploads\/2022\/07\/Logo-Joyeria-Femenino-Floral-Negro.png\",\"contentUrl\":\"https:\/\/hannacosmetica.com\/wp-content\/uploads\/2022\/07\/Logo-Joyeria-Femenino-Floral-Negro.png\",\"width\":361,\"height\":126,\"caption\":\"Hanna Cosm\u00e9tica\"},\"image\":{\"@id\":\"https:\/\/hannacosmetica.com\/#\/schema\/logo\/image\/\"}}]}<\/script>\n<!-- \/ Yoast SEO plugin. -->","yoast_head_json":{"title":"Extenciones De Pesta\u00f1as Pelo a Pelo Larga Duraci\u00f3n C0.07 12m - Hanna Cosm\u00e9tica","robots":{"index":"index","follow":"follow","max-snippet":"max-snippet:-1","max-image-preview":"max-image-preview:large","max-video-preview":"max-video-preview:-1"},"canonical":"https:\/\/hannacosmetica.com\/fr\/tienda\/pestanas\/extensiones-de-pestanas\/extenciones-de-pestanas-pelo-a-pelo-larga-duracion-c0-07-12m\/","og_locale":"fr_FR","og_type":"article","og_title":"Extenciones De Pesta\u00f1as Pelo a Pelo Larga Duraci\u00f3n C0.07 12m - Hanna Cosm\u00e9tica","og_description":"[PAQUETE] &#8211; 0.12 mm pesta\u00f1as de seda C Curl 14 filas [CANTIDAD Y TAMA\u00d1O] &#8211; 14 tiras de pesta\u00f1as por bandeja\u00a0 C&hellip;","og_url":"https:\/\/hannacosmetica.com\/fr\/tienda\/pestanas\/extensiones-de-pestanas\/extenciones-de-pestanas-pelo-a-pelo-larga-duracion-c0-07-12m\/","og_site_name":"Hanna Cosm\u00e9tica","article_modified_time":"2023-10-26T10:44:18+00:00","og_image":[{"width":2048,"height":2048,"url":"https:\/\/hannacosmetica.com\/wp-content\/uploads\/2022\/09\/pestama-c-0.07-12m.jpg","type":"image\/jpeg"}],"twitter_card":"summary_large_image","schema":{"@context":"https:\/\/schema.org","@graph":[{"@type":"WebPage","@id":"https:\/\/hannacosmetica.com\/tienda\/pestanas\/extensiones-de-pestanas\/extenciones-de-pestanas-pelo-a-pelo-larga-duracion-c0-07-12m\/","url":"https:\/\/hannacosmetica.com\/tienda\/pestanas\/extensiones-de-pestanas\/extenciones-de-pestanas-pelo-a-pelo-larga-duracion-c0-07-12m\/","name":"Extenciones De Pesta\u00f1as Pelo a Pelo Larga Duraci\u00f3n C0.07 12m - Hanna Cosm\u00e9tica","isPartOf":{"@id":"https:\/\/hannacosmetica.com\/#website"},"datePublished":"2022-09-14T13:10:38+00:00","dateModified":"2023-10-26T10:44:18+00:00","breadcrumb":{"@id":"https:\/\/hannacosmetica.com\/tienda\/pestanas\/extensiones-de-pestanas\/extenciones-de-pestanas-pelo-a-pelo-larga-duracion-c0-07-12m\/#breadcrumb"},"inLanguage":"fr-FR","potentialAction":[{"@type":"ReadAction","target":["https:\/\/hannacosmetica.com\/tienda\/pestanas\/extensiones-de-pestanas\/extenciones-de-pestanas-pelo-a-pelo-larga-duracion-c0-07-12m\/"]}]},{"@type":"BreadcrumbList","@id":"https:\/\/hannacosmetica.com\/tienda\/pestanas\/extensiones-de-pestanas\/extenciones-de-pestanas-pelo-a-pelo-larga-duracion-c0-07-12m\/#breadcrumb","itemListElement":[{"@type":"ListItem","position":1,"name":"Portada","item":"https:\/\/hannacosmetica.com\/"},{"@type":"ListItem","position":2,"name":"Tienda","item":"https:\/\/hannacosmetica.com\/shop\/"},{"@type":"ListItem","position":3,"name":"Extenciones De Pesta\u00f1as Pelo a Pelo Larga Duraci\u00f3n C0.07 12m"}]},{"@type":"WebSite","@id":"https:\/\/hannacosmetica.com\/#website","url":"https:\/\/hannacosmetica.com\/","name":"Hanna Cosm\u00e9tica","description":"Tienda de productos u\u00f1as, bellezas y peluquer\u00edas","publisher":{"@id":"https:\/\/hannacosmetica.com\/#organization"},"potentialAction":[{"@type":"SearchAction","target":{"@type":"EntryPoint","urlTemplate":"https:\/\/hannacosmetica.com\/?s={search_term_string}"},"query-input":"required name=search_term_string"}],"inLanguage":"fr-FR"},{"@type":"Organization","@id":"https:\/\/hannacosmetica.com\/#organization","name":"Hanna Cosm\u00e9tica","url":"https:\/\/hannacosmetica.com\/","logo":{"@type":"ImageObject","inLanguage":"fr-FR","@id":"https:\/\/hannacosmetica.com\/#\/schema\/logo\/image\/","url":"https:\/\/hannacosmetica.com\/wp-content\/uploads\/2022\/07\/Logo-Joyeria-Femenino-Floral-Negro.png","contentUrl":"https:\/\/hannacosmetica.com\/wp-content\/uploads\/2022\/07\/Logo-Joyeria-Femenino-Floral-Negro.png","width":361,"height":126,"caption":"Hanna Cosm\u00e9tica"},"image":{"@id":"https:\/\/hannacosmetica.com\/#\/schema\/logo\/image\/"}}]}},"_links":{"self":[{"href":"https:\/\/hannacosmetica.com\/fr\/wp-json\/wp\/v2\/product\/5377"}],"collection":[{"href":"https:\/\/hannacosmetica.com\/fr\/wp-json\/wp\/v2\/product"}],"about":[{"href":"https:\/\/hannacosmetica.com\/fr\/wp-json\/wp\/v2\/types\/product"}],"replies":[{"embeddable":true,"href":"https:\/\/hannacosmetica.com\/fr\/wp-json\/wp\/v2\/comments?post=5377"}],"version-history":[{"count":1,"href":"https:\/\/hannacosmetica.com\/fr\/wp-json\/wp\/v2\/product\/5377\/revisions"}],"predecessor-version":[{"id":5380,"href":"https:\/\/hannacosmetica.com\/fr\/wp-json\/wp\/v2\/product\/5377\/revisions\/5380"}],"wp:featuredmedia":[{"embeddable":true,"href":"https:\/\/hannacosmetica.com\/fr\/wp-json\/wp\/v2\/media\/5378"}],"wp:attachment":[{"href":"https:\/\/hannacosmetica.com\/fr\/wp-json\/wp\/v2\/media?parent=5377"}],"wp:term":[{"taxonomy":"product_cat","embeddable":true,"href":"https:\/\/hannacosmetica.com\/fr\/wp-json\/wp\/v2\/product_cat?post=5377"},{"taxonomy":"product_tag","embeddable":true,"href":"https:\/\/hannacosmetica.com\/fr\/wp-json\/wp\/v2\/product_tag?post=5377"}],"curies":[{"name":"wp","href":"https:\/\/api.w.org\/{rel}","templated":true}]}}