{"id":5366,"date":"2022-09-14T10:35:18","date_gmt":"2022-09-14T10:35:18","guid":{"rendered":"https:\/\/hannacosmetica.com\/?post_type=product&#038;p=5366"},"modified":"2023-12-21T15:46:08","modified_gmt":"2023-12-21T15:46:08","slug":"parches-de-extension-para-pestanas-almohadilla-de-hidrogel-para-parches-de-gel-para-extension-de-pestanas-colageno-mascarilla-para-ojos-extensiones-ojos-de-belleza-2","status":"publish","type":"product","link":"https:\/\/hannacosmetica.com\/fr\/tienda\/pestanas\/complementos-pestanas\/parches-de-extension-para-pestanas-almohadilla-de-hidrogel-para-parches-de-gel-para-extension-de-pestanas-colageno-mascarilla-para-ojos-extensiones-ojos-de-belleza-2\/","title":{"rendered":"Parches de extensi\u00f3n para pesta\u00f1as \u2013 Almohadilla de hidrogel para parches de gel para extensi\u00f3n de pesta\u00f1as Col\u00e1geno Mascarilla para ojos Extensiones Ojos de belleza"},"content":{"rendered":"<ul class=\"a-unordered-list a-vertical a-spacing-mini\">\n<li><span class=\"a-list-item\">Amplia gama de personas utilizadas: proveedores t\u00e9cnicos profesionales, adecuados para salones de belleza, salones de belleza, maquilladores, uso profesional y uso personal.<\/span><\/li>\n<li><span class=\"a-list-item\">La extensi\u00f3n de pesta\u00f1as es ampliamente utilizada: cuidado facial, onda de pesta\u00f1as, te\u00f1ido de pesta\u00f1as, alargamiento de pesta\u00f1as, etc.<\/span><\/li>\n<li><span class=\"a-list-item\">Seguridad de los ingredientes: Hydro-gel, col\u00e1geno, proporciona una experiencia c\u00f3moda y natural para la piel, mientras que es seguro y no irritante.<\/span><\/li>\n<li><span class=\"a-list-item\">El dise\u00f1o ergon\u00f3mico brinda al cliente una experiencia agradable: las almohadillas de gel sin pelusa est\u00e1n especialmente dise\u00f1adas con un frente suave y sin pelusas. Puede evitar que las pesta\u00f1as se peguen a la almohadilla ocular y proporciona al cliente protecci\u00f3n ocular durante la extensi\u00f3n de las pesta\u00f1as.<\/span><\/li>\n<li><span class=\"a-list-item\">Empaque higi\u00e9nico y seguro: cada bolsa sellada se empaqueta individualmente y contiene 2 parches de gel que no son para los ojos, f\u00e1ciles de almacenar, higi\u00e9nicos y f\u00e1ciles de usar. 100% nuevo, de alta calidad.<\/span><\/li>\n<li>10 pares<\/li>\n<\/ul>","protected":false},"excerpt":{"rendered":"<p>Amplia gama de personas utilizadas: proveedores t\u00e9cnicos profesionales, adecuados para salones de belleza, salones de belleza, maquilladores, uso profesional y uso personal.&hellip;<\/p>","protected":false},"featured_media":5367,"comment_status":"open","ping_status":"closed","template":"","meta":[],"product_cat":[85,117],"product_tag":[],"yoast_head":"<!-- This site is optimized with the Yoast SEO plugin v19.9 - https:\/\/yoast.com\/wordpress\/plugins\/seo\/ -->\n<title>Parches de extensi\u00f3n para pesta\u00f1as \u2013 Almohadilla de hidrogel para parches de gel para extensi\u00f3n de pesta\u00f1as Col\u00e1geno Mascarilla para ojos Extensiones Ojos de belleza - Hanna Cosm\u00e9tica<\/title>\n<meta name=\"robots\" content=\"index, follow, max-snippet:-1, max-image-preview:large, max-video-preview:-1\" \/>\n<link rel=\"canonical\" href=\"https:\/\/hannacosmetica.com\/fr\/tienda\/pestanas\/complementos-pestanas\/parches-de-extension-para-pestanas-almohadilla-de-hidrogel-para-parches-de-gel-para-extension-de-pestanas-colageno-mascarilla-para-ojos-extensiones-ojos-de-belleza-2\/\" \/>\n<meta property=\"og:locale\" content=\"fr_FR\" \/>\n<meta property=\"og:type\" content=\"article\" \/>\n<meta property=\"og:title\" content=\"Parches de extensi\u00f3n para pesta\u00f1as \u2013 Almohadilla de hidrogel para parches de gel para extensi\u00f3n de pesta\u00f1as Col\u00e1geno Mascarilla para ojos Extensiones Ojos de belleza - Hanna Cosm\u00e9tica\" \/>\n<meta property=\"og:description\" content=\"Amplia gama de personas utilizadas: proveedores t\u00e9cnicos profesionales, adecuados para salones de belleza, salones de belleza, maquilladores, uso profesional y uso personal.&hellip;\" \/>\n<meta property=\"og:url\" content=\"https:\/\/hannacosmetica.com\/fr\/tienda\/pestanas\/complementos-pestanas\/parches-de-extension-para-pestanas-almohadilla-de-hidrogel-para-parches-de-gel-para-extension-de-pestanas-colageno-mascarilla-para-ojos-extensiones-ojos-de-belleza-2\/\" \/>\n<meta property=\"og:site_name\" content=\"Hanna Cosm\u00e9tica\" \/>\n<meta property=\"article:modified_time\" content=\"2023-12-21T15:46:08+00:00\" \/>\n<meta property=\"og:image\" content=\"https:\/\/hannacosmetica.com\/wp-content\/uploads\/2022\/09\/parchez-de-pestana-dorado.jpg\" \/>\n\t<meta property=\"og:image:width\" content=\"2048\" \/>\n\t<meta property=\"og:image:height\" content=\"2048\" \/>\n\t<meta property=\"og:image:type\" content=\"image\/jpeg\" \/>\n<meta name=\"twitter:card\" content=\"summary_large_image\" \/>\n<script type=\"application\/ld+json\" class=\"yoast-schema-graph\">{\"@context\":\"https:\/\/schema.org\",\"@graph\":[{\"@type\":\"WebPage\",\"@id\":\"https:\/\/hannacosmetica.com\/tienda\/pestanas\/complementos-pestanas\/parches-de-extension-para-pestanas-almohadilla-de-hidrogel-para-parches-de-gel-para-extension-de-pestanas-colageno-mascarilla-para-ojos-extensiones-ojos-de-belleza-2\/\",\"url\":\"https:\/\/hannacosmetica.com\/tienda\/pestanas\/complementos-pestanas\/parches-de-extension-para-pestanas-almohadilla-de-hidrogel-para-parches-de-gel-para-extension-de-pestanas-colageno-mascarilla-para-ojos-extensiones-ojos-de-belleza-2\/\",\"name\":\"Parches de extensi\u00f3n para pesta\u00f1as \u2013 Almohadilla de hidrogel para parches de gel para extensi\u00f3n de pesta\u00f1as Col\u00e1geno Mascarilla para ojos Extensiones Ojos de belleza - Hanna Cosm\u00e9tica\",\"isPartOf\":{\"@id\":\"https:\/\/hannacosmetica.com\/#website\"},\"datePublished\":\"2022-09-14T10:35:18+00:00\",\"dateModified\":\"2023-12-21T15:46:08+00:00\",\"breadcrumb\":{\"@id\":\"https:\/\/hannacosmetica.com\/tienda\/pestanas\/complementos-pestanas\/parches-de-extension-para-pestanas-almohadilla-de-hidrogel-para-parches-de-gel-para-extension-de-pestanas-colageno-mascarilla-para-ojos-extensiones-ojos-de-belleza-2\/#breadcrumb\"},\"inLanguage\":\"fr-FR\",\"potentialAction\":[{\"@type\":\"ReadAction\",\"target\":[\"https:\/\/hannacosmetica.com\/tienda\/pestanas\/complementos-pestanas\/parches-de-extension-para-pestanas-almohadilla-de-hidrogel-para-parches-de-gel-para-extension-de-pestanas-colageno-mascarilla-para-ojos-extensiones-ojos-de-belleza-2\/\"]}]},{\"@type\":\"BreadcrumbList\",\"@id\":\"https:\/\/hannacosmetica.com\/tienda\/pestanas\/complementos-pestanas\/parches-de-extension-para-pestanas-almohadilla-de-hidrogel-para-parches-de-gel-para-extension-de-pestanas-colageno-mascarilla-para-ojos-extensiones-ojos-de-belleza-2\/#breadcrumb\",\"itemListElement\":[{\"@type\":\"ListItem\",\"position\":1,\"name\":\"Portada\",\"item\":\"https:\/\/hannacosmetica.com\/\"},{\"@type\":\"ListItem\",\"position\":2,\"name\":\"Tienda\",\"item\":\"https:\/\/hannacosmetica.com\/shop\/\"},{\"@type\":\"ListItem\",\"position\":3,\"name\":\"Parches de extensi\u00f3n para pesta\u00f1as \u2013 Almohadilla de hidrogel para parches de gel para extensi\u00f3n de pesta\u00f1as Col\u00e1geno Mascarilla para ojos Extensiones Ojos de belleza\"}]},{\"@type\":\"WebSite\",\"@id\":\"https:\/\/hannacosmetica.com\/#website\",\"url\":\"https:\/\/hannacosmetica.com\/\",\"name\":\"Hanna Cosm\u00e9tica\",\"description\":\"Tienda de productos u\u00f1as, bellezas y peluquer\u00edas\",\"publisher\":{\"@id\":\"https:\/\/hannacosmetica.com\/#organization\"},\"potentialAction\":[{\"@type\":\"SearchAction\",\"target\":{\"@type\":\"EntryPoint\",\"urlTemplate\":\"https:\/\/hannacosmetica.com\/?s={search_term_string}\"},\"query-input\":\"required name=search_term_string\"}],\"inLanguage\":\"fr-FR\"},{\"@type\":\"Organization\",\"@id\":\"https:\/\/hannacosmetica.com\/#organization\",\"name\":\"Hanna Cosm\u00e9tica\",\"url\":\"https:\/\/hannacosmetica.com\/\",\"logo\":{\"@type\":\"ImageObject\",\"inLanguage\":\"fr-FR\",\"@id\":\"https:\/\/hannacosmetica.com\/#\/schema\/logo\/image\/\",\"url\":\"https:\/\/hannacosmetica.com\/wp-content\/uploads\/2022\/07\/Logo-Joyeria-Femenino-Floral-Negro.png\",\"contentUrl\":\"https:\/\/hannacosmetica.com\/wp-content\/uploads\/2022\/07\/Logo-Joyeria-Femenino-Floral-Negro.png\",\"width\":361,\"height\":126,\"caption\":\"Hanna Cosm\u00e9tica\"},\"image\":{\"@id\":\"https:\/\/hannacosmetica.com\/#\/schema\/logo\/image\/\"}}]}<\/script>\n<!-- \/ Yoast SEO plugin. -->","yoast_head_json":{"title":"Parches de extensi\u00f3n para pesta\u00f1as \u2013 Almohadilla de hidrogel para parches de gel para extensi\u00f3n de pesta\u00f1as Col\u00e1geno Mascarilla para ojos Extensiones Ojos de belleza - Hanna Cosm\u00e9tica","robots":{"index":"index","follow":"follow","max-snippet":"max-snippet:-1","max-image-preview":"max-image-preview:large","max-video-preview":"max-video-preview:-1"},"canonical":"https:\/\/hannacosmetica.com\/fr\/tienda\/pestanas\/complementos-pestanas\/parches-de-extension-para-pestanas-almohadilla-de-hidrogel-para-parches-de-gel-para-extension-de-pestanas-colageno-mascarilla-para-ojos-extensiones-ojos-de-belleza-2\/","og_locale":"fr_FR","og_type":"article","og_title":"Parches de extensi\u00f3n para pesta\u00f1as \u2013 Almohadilla de hidrogel para parches de gel para extensi\u00f3n de pesta\u00f1as Col\u00e1geno Mascarilla para ojos Extensiones Ojos de belleza - Hanna Cosm\u00e9tica","og_description":"Amplia gama de personas utilizadas: proveedores t\u00e9cnicos profesionales, adecuados para salones de belleza, salones de belleza, maquilladores, uso profesional y uso personal.&hellip;","og_url":"https:\/\/hannacosmetica.com\/fr\/tienda\/pestanas\/complementos-pestanas\/parches-de-extension-para-pestanas-almohadilla-de-hidrogel-para-parches-de-gel-para-extension-de-pestanas-colageno-mascarilla-para-ojos-extensiones-ojos-de-belleza-2\/","og_site_name":"Hanna Cosm\u00e9tica","article_modified_time":"2023-12-21T15:46:08+00:00","og_image":[{"width":2048,"height":2048,"url":"https:\/\/hannacosmetica.com\/wp-content\/uploads\/2022\/09\/parchez-de-pestana-dorado.jpg","type":"image\/jpeg"}],"twitter_card":"summary_large_image","schema":{"@context":"https:\/\/schema.org","@graph":[{"@type":"WebPage","@id":"https:\/\/hannacosmetica.com\/tienda\/pestanas\/complementos-pestanas\/parches-de-extension-para-pestanas-almohadilla-de-hidrogel-para-parches-de-gel-para-extension-de-pestanas-colageno-mascarilla-para-ojos-extensiones-ojos-de-belleza-2\/","url":"https:\/\/hannacosmetica.com\/tienda\/pestanas\/complementos-pestanas\/parches-de-extension-para-pestanas-almohadilla-de-hidrogel-para-parches-de-gel-para-extension-de-pestanas-colageno-mascarilla-para-ojos-extensiones-ojos-de-belleza-2\/","name":"Parches de extensi\u00f3n para pesta\u00f1as \u2013 Almohadilla de hidrogel para parches de gel para extensi\u00f3n de pesta\u00f1as Col\u00e1geno Mascarilla para ojos Extensiones Ojos de belleza - Hanna Cosm\u00e9tica","isPartOf":{"@id":"https:\/\/hannacosmetica.com\/#website"},"datePublished":"2022-09-14T10:35:18+00:00","dateModified":"2023-12-21T15:46:08+00:00","breadcrumb":{"@id":"https:\/\/hannacosmetica.com\/tienda\/pestanas\/complementos-pestanas\/parches-de-extension-para-pestanas-almohadilla-de-hidrogel-para-parches-de-gel-para-extension-de-pestanas-colageno-mascarilla-para-ojos-extensiones-ojos-de-belleza-2\/#breadcrumb"},"inLanguage":"fr-FR","potentialAction":[{"@type":"ReadAction","target":["https:\/\/hannacosmetica.com\/tienda\/pestanas\/complementos-pestanas\/parches-de-extension-para-pestanas-almohadilla-de-hidrogel-para-parches-de-gel-para-extension-de-pestanas-colageno-mascarilla-para-ojos-extensiones-ojos-de-belleza-2\/"]}]},{"@type":"BreadcrumbList","@id":"https:\/\/hannacosmetica.com\/tienda\/pestanas\/complementos-pestanas\/parches-de-extension-para-pestanas-almohadilla-de-hidrogel-para-parches-de-gel-para-extension-de-pestanas-colageno-mascarilla-para-ojos-extensiones-ojos-de-belleza-2\/#breadcrumb","itemListElement":[{"@type":"ListItem","position":1,"name":"Portada","item":"https:\/\/hannacosmetica.com\/"},{"@type":"ListItem","position":2,"name":"Tienda","item":"https:\/\/hannacosmetica.com\/shop\/"},{"@type":"ListItem","position":3,"name":"Parches de extensi\u00f3n para pesta\u00f1as \u2013 Almohadilla de hidrogel para parches de gel para extensi\u00f3n de pesta\u00f1as Col\u00e1geno Mascarilla para ojos Extensiones Ojos de belleza"}]},{"@type":"WebSite","@id":"https:\/\/hannacosmetica.com\/#website","url":"https:\/\/hannacosmetica.com\/","name":"Hanna Cosm\u00e9tica","description":"Tienda de productos u\u00f1as, bellezas y peluquer\u00edas","publisher":{"@id":"https:\/\/hannacosmetica.com\/#organization"},"potentialAction":[{"@type":"SearchAction","target":{"@type":"EntryPoint","urlTemplate":"https:\/\/hannacosmetica.com\/?s={search_term_string}"},"query-input":"required name=search_term_string"}],"inLanguage":"fr-FR"},{"@type":"Organization","@id":"https:\/\/hannacosmetica.com\/#organization","name":"Hanna Cosm\u00e9tica","url":"https:\/\/hannacosmetica.com\/","logo":{"@type":"ImageObject","inLanguage":"fr-FR","@id":"https:\/\/hannacosmetica.com\/#\/schema\/logo\/image\/","url":"https:\/\/hannacosmetica.com\/wp-content\/uploads\/2022\/07\/Logo-Joyeria-Femenino-Floral-Negro.png","contentUrl":"https:\/\/hannacosmetica.com\/wp-content\/uploads\/2022\/07\/Logo-Joyeria-Femenino-Floral-Negro.png","width":361,"height":126,"caption":"Hanna Cosm\u00e9tica"},"image":{"@id":"https:\/\/hannacosmetica.com\/#\/schema\/logo\/image\/"}}]}},"_links":{"self":[{"href":"https:\/\/hannacosmetica.com\/fr\/wp-json\/wp\/v2\/product\/5366"}],"collection":[{"href":"https:\/\/hannacosmetica.com\/fr\/wp-json\/wp\/v2\/product"}],"about":[{"href":"https:\/\/hannacosmetica.com\/fr\/wp-json\/wp\/v2\/types\/product"}],"replies":[{"embeddable":true,"href":"https:\/\/hannacosmetica.com\/fr\/wp-json\/wp\/v2\/comments?post=5366"}],"version-history":[{"count":1,"href":"https:\/\/hannacosmetica.com\/fr\/wp-json\/wp\/v2\/product\/5366\/revisions"}],"predecessor-version":[{"id":5368,"href":"https:\/\/hannacosmetica.com\/fr\/wp-json\/wp\/v2\/product\/5366\/revisions\/5368"}],"wp:featuredmedia":[{"embeddable":true,"href":"https:\/\/hannacosmetica.com\/fr\/wp-json\/wp\/v2\/media\/5367"}],"wp:attachment":[{"href":"https:\/\/hannacosmetica.com\/fr\/wp-json\/wp\/v2\/media?parent=5366"}],"wp:term":[{"taxonomy":"product_cat","embeddable":true,"href":"https:\/\/hannacosmetica.com\/fr\/wp-json\/wp\/v2\/product_cat?post=5366"},{"taxonomy":"product_tag","embeddable":true,"href":"https:\/\/hannacosmetica.com\/fr\/wp-json\/wp\/v2\/product_tag?post=5366"}],"curies":[{"name":"wp","href":"https:\/\/api.w.org\/{rel}","templated":true}]}}