{"id":5311,"date":"2022-09-08T14:19:34","date_gmt":"2022-09-08T14:19:34","guid":{"rendered":"https:\/\/hannacosmetica.com\/?post_type=product&#038;p=5311"},"modified":"2023-10-26T11:09:50","modified_gmt":"2023-10-26T11:09:50","slug":"500-pegatinas-adhesivas-de-extension-de-unas-en-forma-de-corazon-kare-kind-molde-frances-para-las-unas-para-extensiones-de-unas-acrilicas-gel-uv-polygel-utilizadas-por-manicuristas","status":"publish","type":"product","link":"https:\/\/hannacosmetica.com\/fr\/tienda\/manicura\/moldes\/500-pegatinas-adhesivas-de-extension-de-unas-en-forma-de-corazon-kare-kind-molde-frances-para-las-unas-para-extensiones-de-unas-acrilicas-gel-uv-polygel-utilizadas-por-manicuristas\/","title":{"rendered":"500 Pegatinas Adhesivas de Extensi\u00f3n de U\u00f1as En Forma de Coraz\u00f3n Kare &amp; Kind &#8211; Molde Franc\u00e9s para las U\u00f1as &#8211; Para Extensiones de u\u00f1as Acr\u00edlicas, Gel UV, PolyGel &#8211; Utilizadas por Manicuristas"},"content":{"rendered":"<ul class=\"a-unordered-list a-vertical a-spacing-mini\">\n<li><span class=\"a-list-item\">MOLDES ADHESIVOS CONFIABLES &gt;&gt; Nuestros moldes adhesivos para la extensi\u00f3n de las u\u00f1as le permitir\u00e1n tener extensiones de u\u00f1as perfectamente hechas. Cada pegatina act\u00faa como un patr\u00f3n para lograr la longitud y forma deseada. El rollo tiene 500 pegatinas adhesivas en forma de coraz\u00f3n que usted puede utilizar en m\u00faltiples sesiones de decoraci\u00f3n de u\u00f1as.<\/span><\/li>\n<li><span class=\"a-list-item\">AUTOADHESIVAS &gt;&gt; Estos moldes para decoraci\u00f3n de las u\u00f1as son f\u00e1ciles de aplicar. Son lo suficientemente pegajosos para permanecer en su lugar con un sello resistente que crea la extensi\u00f3n perfecta para las u\u00f1as.<\/span><\/li>\n<li><span class=\"a-list-item\">MATERIAL RESISTENTE &gt;&gt; El papel de alta calidad es lo suficientemente grueso y no se romper\u00e1. Puede ser ajustado seg\u00fan sea necesario y mantendr\u00e1 su forma. Apropiado para varios tama\u00f1os y formas de u\u00f1as.<\/span><\/li>\n<li><span class=\"a-list-item\">PARA USO PROFESIONAL Y DIY &gt;&gt; Este conveniente paquete de pegatinas para la extensi\u00f3n de las u\u00f1as es buenas noticias para todas las profesionales de las u\u00f1as. Perfecto para manicuristas, especialistas y muy recomendado para principiantes.<\/span><\/li>\n<li><span class=\"a-list-item\">PARA U\u00d1AS ACR\u00cdLICAS Y DE GEL &gt;&gt; Estos moldes le permitir\u00e1n elegir el material que prefiera para conseguir las u\u00f1as perfectas. Pueden ser utilizados para extensiones de u\u00f1as acr\u00edlicas, de gel UV y polygel.<\/span><\/li>\n<\/ul>","protected":false},"excerpt":{"rendered":"<p>MOLDES ADHESIVOS CONFIABLES &gt;&gt; Nuestros moldes adhesivos para la extensi\u00f3n de las u\u00f1as le permitir\u00e1n tener extensiones de u\u00f1as perfectamente hechas. Cada&hellip;<\/p>","protected":false},"featured_media":5312,"comment_status":"open","ping_status":"closed","template":"","meta":[],"product_cat":[82,93],"product_tag":[],"yoast_head":"<!-- This site is optimized with the Yoast SEO plugin v19.9 - https:\/\/yoast.com\/wordpress\/plugins\/seo\/ -->\n<title>500 Pegatinas Adhesivas de Extensi\u00f3n de U\u00f1as En Forma de Coraz\u00f3n Kare &amp; Kind - Molde Franc\u00e9s para las U\u00f1as - Para Extensiones de u\u00f1as Acr\u00edlicas, Gel UV, PolyGel - Utilizadas por Manicuristas - Hanna Cosm\u00e9tica<\/title>\n<meta name=\"robots\" content=\"index, follow, max-snippet:-1, max-image-preview:large, max-video-preview:-1\" \/>\n<link rel=\"canonical\" href=\"https:\/\/hannacosmetica.com\/fr\/tienda\/manicura\/moldes\/500-pegatinas-adhesivas-de-extension-de-unas-en-forma-de-corazon-kare-kind-molde-frances-para-las-unas-para-extensiones-de-unas-acrilicas-gel-uv-polygel-utilizadas-por-manicuristas\/\" \/>\n<meta property=\"og:locale\" content=\"fr_FR\" \/>\n<meta property=\"og:type\" content=\"article\" \/>\n<meta property=\"og:title\" content=\"500 Pegatinas Adhesivas de Extensi\u00f3n de U\u00f1as En Forma de Coraz\u00f3n Kare &amp; Kind - Molde Franc\u00e9s para las U\u00f1as - Para Extensiones de u\u00f1as Acr\u00edlicas, Gel UV, PolyGel - Utilizadas por Manicuristas - Hanna Cosm\u00e9tica\" \/>\n<meta property=\"og:description\" content=\"MOLDES ADHESIVOS CONFIABLES &gt;&gt; Nuestros moldes adhesivos para la extensi\u00f3n de las u\u00f1as le permitir\u00e1n tener extensiones de u\u00f1as perfectamente hechas. Cada&hellip;\" \/>\n<meta property=\"og:url\" content=\"https:\/\/hannacosmetica.com\/fr\/tienda\/manicura\/moldes\/500-pegatinas-adhesivas-de-extension-de-unas-en-forma-de-corazon-kare-kind-molde-frances-para-las-unas-para-extensiones-de-unas-acrilicas-gel-uv-polygel-utilizadas-por-manicuristas\/\" \/>\n<meta property=\"og:site_name\" content=\"Hanna Cosm\u00e9tica\" \/>\n<meta property=\"article:modified_time\" content=\"2023-10-26T11:09:50+00:00\" \/>\n<meta property=\"og:image\" content=\"https:\/\/hannacosmetica.com\/wp-content\/uploads\/2022\/09\/MUESTRARIO-2-10.jpg\" \/>\n\t<meta property=\"og:image:width\" content=\"679\" \/>\n\t<meta property=\"og:image:height\" content=\"657\" \/>\n\t<meta property=\"og:image:type\" content=\"image\/jpeg\" \/>\n<meta name=\"twitter:card\" content=\"summary_large_image\" \/>\n<script type=\"application\/ld+json\" class=\"yoast-schema-graph\">{\"@context\":\"https:\/\/schema.org\",\"@graph\":[{\"@type\":\"WebPage\",\"@id\":\"https:\/\/hannacosmetica.com\/tienda\/manicura\/moldes\/500-pegatinas-adhesivas-de-extension-de-unas-en-forma-de-corazon-kare-kind-molde-frances-para-las-unas-para-extensiones-de-unas-acrilicas-gel-uv-polygel-utilizadas-por-manicuristas\/\",\"url\":\"https:\/\/hannacosmetica.com\/tienda\/manicura\/moldes\/500-pegatinas-adhesivas-de-extension-de-unas-en-forma-de-corazon-kare-kind-molde-frances-para-las-unas-para-extensiones-de-unas-acrilicas-gel-uv-polygel-utilizadas-por-manicuristas\/\",\"name\":\"500 Pegatinas Adhesivas de Extensi\u00f3n de U\u00f1as En Forma de Coraz\u00f3n Kare &amp; Kind - Molde Franc\u00e9s para las U\u00f1as - Para Extensiones de u\u00f1as Acr\u00edlicas, Gel UV, PolyGel - Utilizadas por Manicuristas - Hanna Cosm\u00e9tica\",\"isPartOf\":{\"@id\":\"https:\/\/hannacosmetica.com\/#website\"},\"datePublished\":\"2022-09-08T14:19:34+00:00\",\"dateModified\":\"2023-10-26T11:09:50+00:00\",\"breadcrumb\":{\"@id\":\"https:\/\/hannacosmetica.com\/tienda\/manicura\/moldes\/500-pegatinas-adhesivas-de-extension-de-unas-en-forma-de-corazon-kare-kind-molde-frances-para-las-unas-para-extensiones-de-unas-acrilicas-gel-uv-polygel-utilizadas-por-manicuristas\/#breadcrumb\"},\"inLanguage\":\"fr-FR\",\"potentialAction\":[{\"@type\":\"ReadAction\",\"target\":[\"https:\/\/hannacosmetica.com\/tienda\/manicura\/moldes\/500-pegatinas-adhesivas-de-extension-de-unas-en-forma-de-corazon-kare-kind-molde-frances-para-las-unas-para-extensiones-de-unas-acrilicas-gel-uv-polygel-utilizadas-por-manicuristas\/\"]}]},{\"@type\":\"BreadcrumbList\",\"@id\":\"https:\/\/hannacosmetica.com\/tienda\/manicura\/moldes\/500-pegatinas-adhesivas-de-extension-de-unas-en-forma-de-corazon-kare-kind-molde-frances-para-las-unas-para-extensiones-de-unas-acrilicas-gel-uv-polygel-utilizadas-por-manicuristas\/#breadcrumb\",\"itemListElement\":[{\"@type\":\"ListItem\",\"position\":1,\"name\":\"Portada\",\"item\":\"https:\/\/hannacosmetica.com\/\"},{\"@type\":\"ListItem\",\"position\":2,\"name\":\"Tienda\",\"item\":\"https:\/\/hannacosmetica.com\/shop\/\"},{\"@type\":\"ListItem\",\"position\":3,\"name\":\"500 Pegatinas Adhesivas de Extensi\u00f3n de U\u00f1as En Forma de Coraz\u00f3n Kare &amp; Kind &#8211; Molde Franc\u00e9s para las U\u00f1as &#8211; Para Extensiones de u\u00f1as Acr\u00edlicas, Gel UV, PolyGel &#8211; Utilizadas por Manicuristas\"}]},{\"@type\":\"WebSite\",\"@id\":\"https:\/\/hannacosmetica.com\/#website\",\"url\":\"https:\/\/hannacosmetica.com\/\",\"name\":\"Hanna Cosm\u00e9tica\",\"description\":\"Tienda de productos u\u00f1as, bellezas y peluquer\u00edas\",\"publisher\":{\"@id\":\"https:\/\/hannacosmetica.com\/#organization\"},\"potentialAction\":[{\"@type\":\"SearchAction\",\"target\":{\"@type\":\"EntryPoint\",\"urlTemplate\":\"https:\/\/hannacosmetica.com\/?s={search_term_string}\"},\"query-input\":\"required name=search_term_string\"}],\"inLanguage\":\"fr-FR\"},{\"@type\":\"Organization\",\"@id\":\"https:\/\/hannacosmetica.com\/#organization\",\"name\":\"Hanna Cosm\u00e9tica\",\"url\":\"https:\/\/hannacosmetica.com\/\",\"logo\":{\"@type\":\"ImageObject\",\"inLanguage\":\"fr-FR\",\"@id\":\"https:\/\/hannacosmetica.com\/#\/schema\/logo\/image\/\",\"url\":\"https:\/\/hannacosmetica.com\/wp-content\/uploads\/2022\/07\/Logo-Joyeria-Femenino-Floral-Negro.png\",\"contentUrl\":\"https:\/\/hannacosmetica.com\/wp-content\/uploads\/2022\/07\/Logo-Joyeria-Femenino-Floral-Negro.png\",\"width\":361,\"height\":126,\"caption\":\"Hanna Cosm\u00e9tica\"},\"image\":{\"@id\":\"https:\/\/hannacosmetica.com\/#\/schema\/logo\/image\/\"}}]}<\/script>\n<!-- \/ Yoast SEO plugin. -->","yoast_head_json":{"title":"500 Pegatinas Adhesivas de Extensi\u00f3n de U\u00f1as En Forma de Coraz\u00f3n Kare &amp; Kind - Molde Franc\u00e9s para las U\u00f1as - Para Extensiones de u\u00f1as Acr\u00edlicas, Gel UV, PolyGel - Utilizadas por Manicuristas - Hanna Cosm\u00e9tica","robots":{"index":"index","follow":"follow","max-snippet":"max-snippet:-1","max-image-preview":"max-image-preview:large","max-video-preview":"max-video-preview:-1"},"canonical":"https:\/\/hannacosmetica.com\/fr\/tienda\/manicura\/moldes\/500-pegatinas-adhesivas-de-extension-de-unas-en-forma-de-corazon-kare-kind-molde-frances-para-las-unas-para-extensiones-de-unas-acrilicas-gel-uv-polygel-utilizadas-por-manicuristas\/","og_locale":"fr_FR","og_type":"article","og_title":"500 Pegatinas Adhesivas de Extensi\u00f3n de U\u00f1as En Forma de Coraz\u00f3n Kare &amp; Kind - Molde Franc\u00e9s para las U\u00f1as - Para Extensiones de u\u00f1as Acr\u00edlicas, Gel UV, PolyGel - Utilizadas por Manicuristas - Hanna Cosm\u00e9tica","og_description":"MOLDES ADHESIVOS CONFIABLES &gt;&gt; Nuestros moldes adhesivos para la extensi\u00f3n de las u\u00f1as le permitir\u00e1n tener extensiones de u\u00f1as perfectamente hechas. Cada&hellip;","og_url":"https:\/\/hannacosmetica.com\/fr\/tienda\/manicura\/moldes\/500-pegatinas-adhesivas-de-extension-de-unas-en-forma-de-corazon-kare-kind-molde-frances-para-las-unas-para-extensiones-de-unas-acrilicas-gel-uv-polygel-utilizadas-por-manicuristas\/","og_site_name":"Hanna Cosm\u00e9tica","article_modified_time":"2023-10-26T11:09:50+00:00","og_image":[{"width":679,"height":657,"url":"https:\/\/hannacosmetica.com\/wp-content\/uploads\/2022\/09\/MUESTRARIO-2-10.jpg","type":"image\/jpeg"}],"twitter_card":"summary_large_image","schema":{"@context":"https:\/\/schema.org","@graph":[{"@type":"WebPage","@id":"https:\/\/hannacosmetica.com\/tienda\/manicura\/moldes\/500-pegatinas-adhesivas-de-extension-de-unas-en-forma-de-corazon-kare-kind-molde-frances-para-las-unas-para-extensiones-de-unas-acrilicas-gel-uv-polygel-utilizadas-por-manicuristas\/","url":"https:\/\/hannacosmetica.com\/tienda\/manicura\/moldes\/500-pegatinas-adhesivas-de-extension-de-unas-en-forma-de-corazon-kare-kind-molde-frances-para-las-unas-para-extensiones-de-unas-acrilicas-gel-uv-polygel-utilizadas-por-manicuristas\/","name":"500 Pegatinas Adhesivas de Extensi\u00f3n de U\u00f1as En Forma de Coraz\u00f3n Kare &amp; Kind - Molde Franc\u00e9s para las U\u00f1as - Para Extensiones de u\u00f1as Acr\u00edlicas, Gel UV, PolyGel - Utilizadas por Manicuristas - Hanna Cosm\u00e9tica","isPartOf":{"@id":"https:\/\/hannacosmetica.com\/#website"},"datePublished":"2022-09-08T14:19:34+00:00","dateModified":"2023-10-26T11:09:50+00:00","breadcrumb":{"@id":"https:\/\/hannacosmetica.com\/tienda\/manicura\/moldes\/500-pegatinas-adhesivas-de-extension-de-unas-en-forma-de-corazon-kare-kind-molde-frances-para-las-unas-para-extensiones-de-unas-acrilicas-gel-uv-polygel-utilizadas-por-manicuristas\/#breadcrumb"},"inLanguage":"fr-FR","potentialAction":[{"@type":"ReadAction","target":["https:\/\/hannacosmetica.com\/tienda\/manicura\/moldes\/500-pegatinas-adhesivas-de-extension-de-unas-en-forma-de-corazon-kare-kind-molde-frances-para-las-unas-para-extensiones-de-unas-acrilicas-gel-uv-polygel-utilizadas-por-manicuristas\/"]}]},{"@type":"BreadcrumbList","@id":"https:\/\/hannacosmetica.com\/tienda\/manicura\/moldes\/500-pegatinas-adhesivas-de-extension-de-unas-en-forma-de-corazon-kare-kind-molde-frances-para-las-unas-para-extensiones-de-unas-acrilicas-gel-uv-polygel-utilizadas-por-manicuristas\/#breadcrumb","itemListElement":[{"@type":"ListItem","position":1,"name":"Portada","item":"https:\/\/hannacosmetica.com\/"},{"@type":"ListItem","position":2,"name":"Tienda","item":"https:\/\/hannacosmetica.com\/shop\/"},{"@type":"ListItem","position":3,"name":"500 Pegatinas Adhesivas de Extensi\u00f3n de U\u00f1as En Forma de Coraz\u00f3n Kare &amp; Kind &#8211; Molde Franc\u00e9s para las U\u00f1as &#8211; Para Extensiones de u\u00f1as Acr\u00edlicas, Gel UV, PolyGel &#8211; Utilizadas por Manicuristas"}]},{"@type":"WebSite","@id":"https:\/\/hannacosmetica.com\/#website","url":"https:\/\/hannacosmetica.com\/","name":"Hanna Cosm\u00e9tica","description":"Tienda de productos u\u00f1as, bellezas y peluquer\u00edas","publisher":{"@id":"https:\/\/hannacosmetica.com\/#organization"},"potentialAction":[{"@type":"SearchAction","target":{"@type":"EntryPoint","urlTemplate":"https:\/\/hannacosmetica.com\/?s={search_term_string}"},"query-input":"required name=search_term_string"}],"inLanguage":"fr-FR"},{"@type":"Organization","@id":"https:\/\/hannacosmetica.com\/#organization","name":"Hanna Cosm\u00e9tica","url":"https:\/\/hannacosmetica.com\/","logo":{"@type":"ImageObject","inLanguage":"fr-FR","@id":"https:\/\/hannacosmetica.com\/#\/schema\/logo\/image\/","url":"https:\/\/hannacosmetica.com\/wp-content\/uploads\/2022\/07\/Logo-Joyeria-Femenino-Floral-Negro.png","contentUrl":"https:\/\/hannacosmetica.com\/wp-content\/uploads\/2022\/07\/Logo-Joyeria-Femenino-Floral-Negro.png","width":361,"height":126,"caption":"Hanna Cosm\u00e9tica"},"image":{"@id":"https:\/\/hannacosmetica.com\/#\/schema\/logo\/image\/"}}]}},"_links":{"self":[{"href":"https:\/\/hannacosmetica.com\/fr\/wp-json\/wp\/v2\/product\/5311"}],"collection":[{"href":"https:\/\/hannacosmetica.com\/fr\/wp-json\/wp\/v2\/product"}],"about":[{"href":"https:\/\/hannacosmetica.com\/fr\/wp-json\/wp\/v2\/types\/product"}],"replies":[{"embeddable":true,"href":"https:\/\/hannacosmetica.com\/fr\/wp-json\/wp\/v2\/comments?post=5311"}],"version-history":[{"count":3,"href":"https:\/\/hannacosmetica.com\/fr\/wp-json\/wp\/v2\/product\/5311\/revisions"}],"predecessor-version":[{"id":10842,"href":"https:\/\/hannacosmetica.com\/fr\/wp-json\/wp\/v2\/product\/5311\/revisions\/10842"}],"wp:featuredmedia":[{"embeddable":true,"href":"https:\/\/hannacosmetica.com\/fr\/wp-json\/wp\/v2\/media\/5312"}],"wp:attachment":[{"href":"https:\/\/hannacosmetica.com\/fr\/wp-json\/wp\/v2\/media?parent=5311"}],"wp:term":[{"taxonomy":"product_cat","embeddable":true,"href":"https:\/\/hannacosmetica.com\/fr\/wp-json\/wp\/v2\/product_cat?post=5311"},{"taxonomy":"product_tag","embeddable":true,"href":"https:\/\/hannacosmetica.com\/fr\/wp-json\/wp\/v2\/product_tag?post=5311"}],"curies":[{"name":"wp","href":"https:\/\/api.w.org\/{rel}","templated":true}]}}